
{"id":20977,"date":"2023-11-16T10:50:04","date_gmt":"2023-11-16T09:50:04","guid":{"rendered":"https:\/\/salwo.org\/safe-against-lightning-worldwide-organization\/conducta-segura-frente-al-rayo\/"},"modified":"2024-03-25T12:31:07","modified_gmt":"2024-03-25T11:31:07","slug":"comportement-securitaire","status":"publish","type":"page","link":"https:\/\/salwo.org\/fr\/comportement-securitaire\/","title":{"rendered":"Comportement s\u00e9curitaire"},"content":{"rendered":"<p>[vc_row content_width=\u00a0\u00bbgrid\u00a0\u00bb content_aligment=\u00a0\u00bbcenter\u00a0\u00bb css=\u00a0\u00bb.vc_custom_1702458805115{margin-top: 0px !important;margin-bottom: 0px !important;padding-top: 0px !important;padding-bottom: 40px !important;}\u00a0\u00bb][vc_column css=\u00a0\u00bb.vc_custom_1702458813384{margin-top: 0px !important;margin-bottom: 0px !important;padding-top: 0px !important;padding-bottom: 0px !important;}\u00a0\u00bb][vc_column_text css=\u00a0\u00bb.vc_custom_1702458822202{margin-top: 0px !important;margin-bottom: 0px !important;padding-top: 0px !important;padding-bottom: 0px !important;}\u00a0\u00bb]\t\t\t<!-- Flexy Breadcrumb -->\r\n\t\t\t<div class=\"fbc fbc-page\">\r\n\r\n\t\t\t\t<!-- Breadcrumb wrapper -->\r\n\t\t\t\t<div class=\"fbc-wrap\">\r\n\r\n\t\t\t\t\t<!-- Ordered list-->\r\n\t\t\t\t\t<ol class=\"fbc-items\" itemscope itemtype=\"https:\/\/schema.org\/BreadcrumbList\">\r\n\t\t\t\t\t\t            <li itemprop=\"itemListElement\" itemscope itemtype=\"https:\/\/schema.org\/ListItem\">\r\n                <span itemprop=\"name\">\r\n                    <!-- Home Link -->\r\n                    <a itemprop=\"item\" href=\"https:\/\/salwo.org\">\r\n                    \r\n                                                    <i class=\"fa fa-home\" aria-hidden=\"true\"><\/i>Safe Against Lightning Worldwide                    <\/a>\r\n                <\/span>\r\n                <meta itemprop=\"position\" content=\"1\" \/><!-- Meta Position-->\r\n             <\/li><li><span class=\"fbc-separator\">\/<\/span><\/li><li class=\"active\" itemprop=\"itemListElement\" itemscope itemtype=\"https:\/\/schema.org\/ListItem\"><span itemprop=\"name\" title=\"Ultimas noticias\">Ultimas noticias<\/span><meta itemprop=\"position\" content=\"2\" \/><\/li>\t\t\t\t\t<\/ol>\r\n\t\t\t\t\t<div class=\"clearfix\"><\/div>\r\n\t\t\t\t<\/div>\r\n\t\t\t<\/div>\r\n\t\t\t[\/vc_column_text][\/vc_column][\/vc_row][vc_row content_width=\u00a0\u00bbgrid\u00a0\u00bb content_aligment=\u00a0\u00bbcenter\u00a0\u00bb css=\u00a0\u00bb.vc_custom_1701261932768{padding-top: 0px !important;padding-bottom: 0px !important;}\u00a0\u00bb][vc_column][vc_row_inner css_animation=\u00a0\u00bbedgtf-element-from-top\u00a0\u00bb][vc_column_inner][vc_column_text]<\/p>\n<p style=\"text-align: center; font-size: 22px; line-height: 38px; color: #888;\"><strong>La foudre est un \u00e9v\u00e9nement naturel tr\u00e8s complexe aux cons\u00e9quences impr\u00e9visibles,<\/strong> \u00e9tant l\u2019un des ph\u00e9nom\u00e8nes les plus destructeurs de la nature, elle repr\u00e9sente donc un grave danger pour les personnes.<\/p>\n<p>[\/vc_column_text]<div class=\"edgtf-separator-holder clearfix  edgtf-separator-center\">\n\t<div class=\"edgtf-separator\" style=\"border-color: #ffb422;width: 55px;border-bottom-width: 3px;margin-top: 25px;margin-bottom: 60px\"><\/div>\n<\/div>\n[\/vc_column_inner][\/vc_row_inner][\/vc_column][\/vc_row][vc_row content_width=\u00a0\u00bbgrid\u00a0\u00bb][vc_column][vc_row_inner css_animation=\u00a0\u00bbedgtf-element-from-top\u00a0\u00bb][vc_column_inner][vc_column_text]<\/p>\n<p style=\"text-align: center; font-size: 18px; line-height: 30px; color: #888;\">La carte ci-dessous affiche les orages en temps r\u00e9el dans le monde entier.<br \/>\nVous pouvez vous d\u00e9placer sur la carte \u00e0 l&rsquo;aide du curseur et zoomer sur des r\u00e9gions sp\u00e9cifiques.<\/p>\n<p>[\/vc_column_text][vc_empty_space height=\u00a0\u00bb40px\u00a0\u00bb][vc_raw_html]JTNDaWZyYW1lJTIwd2lkdGglM0QlMjIxNTAwJTIyJTIwaGVpZ2h0JTNEJTIyNjUwJTIyJTIwc3JjJTNEJTIyaHR0cHMlM0ElMkYlMkZlbWJlZC53aW5keS5jb20lMkZlbWJlZDIuaHRtbCUzRmxhdCUzRDExLjcyNyUyNmxvbiUzRDYzLjY4OSUyNmRldGFpbExhdCUzRDI4LjgzNSUyNmRldGFpbExvbiUzRC0xOC40MjAlMjZ3aWR0aCUzRDI1MDAlMjZoZWlnaHQlM0Q5NTAlMjZ6b29tJTNEMyUyNmxldmVsJTNEc3VyZmFjZSUyNm92ZXJsYXklM0R0aHVuZGVyJTI2cHJvZHVjdCUzRGVjbXdmJTI2bWVudSUzRCUyNm1lc3NhZ2UlM0R0cnVlJTI2bWFya2VyJTNEJTI2Y2FsZW5kYXIlM0Rub3clMjZwcmVzc3VyZSUzRHRydWUlMjZ0eXBlJTNEbWFwJTI2bG9jYXRpb24lM0Rjb29yZGluYXRlcyUyNmRldGFpbCUzRCUyNm1ldHJpY1dpbmQlM0RkZWZhdWx0JTI2bWV0cmljVGVtcCUzRGRlZmF1bHQlMjZyYWRhclJhbmdlJTNELTElMjIlMjBmcmFtZWJvcmRlciUzRCUyMjAlMjIlM0UlM0MlMkZpZnJhbWUlM0U=[\/vc_raw_html][\/vc_column_inner][\/vc_row_inner][\/vc_column][\/vc_row][vc_row content_width=\u00a0\u00bbgrid\u00a0\u00bb][vc_column][vc_empty_space height=\u00a0\u00bb14px\u00a0\u00bb][vc_row_inner css_animation=\u00a0\u00bbedgtf-element-from-top\u00a0\u00bb][vc_column_inner width=\u00a0\u00bb1\/2&Prime;][vc_column_text css_animation=\u00a0\u00bbnone\u00a0\u00bb]<\/p>\n<p style=\"text-align: center;\">La carte montre clairement qu&rsquo;il existe des zones de la plan\u00e8te qui sont plus expos\u00e9es au danger de la foudre.<\/p>\n<p>[\/vc_column_text][\/vc_column_inner][vc_column_inner width=\u00a0\u00bb1\/2&Prime;][vc_column_text css_animation=\u00a0\u00bbnone\u00a0\u00bb]<\/p>\n<p style=\"text-align: center;\">En g\u00e9n\u00e9ral, la distribution des orages d\u00e9pend de la zone, du climat et de la p\u00e9riode de l&rsquo;ann\u00e9e.<\/p>\n<p>[\/vc_column_text][\/vc_column_inner][\/vc_row_inner][vc_row_inner css_animation=\u00a0\u00bbedgtf-element-from-top\u00a0\u00bb][vc_column_inner]<div class=\"edgtf-separator-holder clearfix  edgtf-separator-left\">\n\t<div class=\"edgtf-separator\" style=\"border-color: #e7e7e7;width: 100%;border-bottom-width: 2px;margin-top: 25px;margin-bottom: 75px\"><\/div>\n<\/div>\n[\/vc_column_inner][\/vc_row_inner][\/vc_column][\/vc_row][vc_row css_animation=\u00a0\u00bbedgtf-element-from-top\u00a0\u00bb css=\u00a0\u00bb.vc_custom_1705655578087{padding-top: 40px !important;padding-bottom: 40px !important;background-color: #f6f4ee !important;background-position: center !important;background-repeat: no-repeat !important;background-size: cover !important;}\u00a0\u00bb][vc_column][vc_row_inner content_width=\u00a0\u00bbgrid\u00a0\u00bb css=\u00a0\u00bb.vc_custom_1701420118120{padding-top: 40px !important;}\u00a0\u00bb][vc_column_inner width=\u00a0\u00bb1\/2&Prime;][vc_column_text css_animation=\u00a0\u00bbnone\u00a0\u00bb]<\/p>\n<h2 style=\"text-align: left;\"><span lang=\"ES-TRAD\">Distribution mondiale des coups de foudre<\/span><\/h2>\n<p>[\/vc_column_text][vc_empty_space height=\u00a0\u00bb14px\u00a0\u00bb][vc_column_text]<\/p>\n<p style=\"font-size: 18px; line-height: 30px; color: #888888; text-align: left;\">La carte montre que la plupart des coups de foudre (environ 70 %) se produisent sous les tropiques, o\u00f9 se produisent la plupart des orages. Les r\u00e9gions les plus expos\u00e9es au risque de foudroiement sont, entre autres, la R\u00e9publique d\u00e9mocratique du Congo, le Venezuela, la Malaisie, l&rsquo;Indon\u00e9sie, la Colombie, le Br\u00e9sil, Cuba et la Floride (aux \u00c9tats-Unis).<\/p>\n<p style=\"font-size: 18px; line-height: 30px; color: #888888; text-align: left;\">Cependant, le risque de foudroiements lorsqu&rsquo;un orage surprend des personnes \u00e0 l&rsquo;ext\u00e9rieur est le m\u00eame, quelle que soit la r\u00e9gion du monde o\u00f9 elles se trouvent.<\/p>\n<p>[\/vc_column_text]<div class=\"edgtf-separator-holder clearfix  edgtf-separator-left\">\n\t<div class=\"edgtf-separator\" style=\"border-color: #ffb422;width: 55px;border-bottom-width: 3px;margin-top: 25px;margin-bottom: 60px\"><\/div>\n<\/div>\n[\/vc_column_inner][vc_column_inner width=\u00a0\u00bb1\/2&Prime;][vc_column_text]<\/p>\n<h4 style=\"font-size: 18px; line-height: 80px; color: #888888; text-align: center;\"><span style=\"color: #000000;\">Pr\u00e8s de<br \/>\n<\/span><\/h4>\n<p>[\/vc_column_text]<div class=\"edgtf-pie-chart-holder\">\n\t<div class=\"edgtf-percentage\" data-size=\"300\" data-percent=\"70\">\n\t\t\t\t\t<span class=\"edgtf-to-counter\" >\n\t\t\t\t70\t\t\t<\/span>\n\t\t\t<\/div>\n\t<div class=\"edgtf-pie-chart-text\" >\n\t\t\t\t\t<h4 class=\"edgtf-pie-title\" >\n\t\t\t\t\t\t\t<\/h4>\n\t\t\t\t<p><\/p>\n\t<\/div>\n<\/div>[vc_column_text css=\u00a0\u00bb.vc_custom_1711037044320{margin-top: -50px !important;}\u00a0\u00bb]<\/p>\n<h4 style=\"font-size: 18px; line-height: 80px; color: #888888; text-align: center;\"><span style=\"color: #000000;\">Dans les tropiques<\/span><\/h4>\n<p>[\/vc_column_text][\/vc_column_inner][\/vc_row_inner][vc_row_inner content_width=\u00a0\u00bbgrid\u00a0\u00bb][vc_column_inner][vc_column_text]<\/p>\n<p style=\"text-align: center; font-size: 18px; line-height: 30px; color: #888;\"><strong>Comprendre le ph\u00e9nom\u00e8ne de la foudre permet de prendre des mesures pr\u00e9ventives individuelles et de se prot\u00e9ger.<\/strong><\/p>\n<p>[\/vc_column_text]<div class=\"edgtf-separator-holder clearfix  edgtf-separator-left\">\n\t<div class=\"edgtf-separator\" style=\"border-color: #e7e7e7;width: 100%;border-bottom-width: 2px;margin-top: 25px;margin-bottom: 40px\"><\/div>\n<\/div>\n[\/vc_column_inner][\/vc_row_inner][\/vc_column][\/vc_row][vc_row css=\u00a0\u00bb.vc_custom_1701261036203{padding-bottom: 80px !important;}\u00a0\u00bb][vc_column][vc_row_inner content_width=\u00a0\u00bbgrid\u00a0\u00bb css=\u00a0\u00bb.vc_custom_1705655911269{padding-top: 40px !important;}\u00a0\u00bb][vc_column_inner width=\u00a0\u00bb1\/2&Prime;]<div class=\"edgtf-elements-holder edgtf-responsive-mode-768\" ><div class=\"edgtf-elements-holder-item \" data-item-class=\"edgtf-elements-holder-custom-102514\" data-1280-1600=\"2% 0% 2% 2%\" data-1024-1280=\"2% 2% 2% 2%\" data-768-1024=\"2% 2% 2% 2%\" data-600-768=\"2% 2% 2% 2%\" data-480-600=\"2% 2% 2% 2%\" data-480=\"2% 2% 2% 2%\" >\n\t\t<div class=\"edgtf-elements-holder-item-inner\">\n\t\t<div class=\"edgtf-elements-holder-item-content edgtf-elements-holder-custom-102514\" style=\"padding: 2% 2% 2% 2%\">\n\t\t\t<h3 class=\"edgtf-title-with-number\" >\n\t<span class=\"edgtf-twn-number\">01<\/span>Se prot\u00e9ger de la foudre<\/h3>[vc_empty_space height=\u00a0\u00bb20px\u00a0\u00bb][vc_single_image image=\u00a0\u00bb18684&Prime; img_size=\u00a0\u00bbfull\u00a0\u00bb][vc_empty_space height=\u00a0\u00bb10px\u00a0\u00bb]<a itemprop=\"url\" href=\"\/fr\/comportement-securitaire\/proteger-de-la-foudre\/\" target=\"_self\"  class=\"edgtf-btn edgtf-btn-medium edgtf-btn-solid edgtf-btn-custom-hover-bg edgtf-btn-custom-border-hover edgtf-btn-custom-hover-color\" data-hover-bg-color=\"#000000\" data-hover-color=\"#ffb421\" data-hover-border-color=\"#000000\" >\n\t<span class=\"edgtf-btn-text\">En savoir plus<\/span>\n    <\/a>\t\t<\/div>\n\t<\/div>\n\t<\/div><\/div>[\/vc_column_inner][vc_column_inner width=\u00a0\u00bb1\/2&Prime;]<div class=\"edgtf-elements-holder edgtf-responsive-mode-768\" ><div class=\"edgtf-elements-holder-item \" data-item-class=\"edgtf-elements-holder-custom-630596\" data-1280-1600=\"2% 2% 2% 2%\" data-1024-1280=\"2% 2% 2% 2%\" data-768-1024=\"2% 2% 2% 2%\" data-600-768=\"2% 2% 2% 2%\" data-480-600=\"2% 2% 2% 2%\" data-480=\"2% 2% 2% 2%\" >\n\t\t<div class=\"edgtf-elements-holder-item-inner\">\n\t\t<div class=\"edgtf-elements-holder-item-content edgtf-elements-holder-custom-630596\" style=\"padding: 2% 2% 2% 2%\">\n\t\t\t<h3 class=\"edgtf-title-with-number\" >\n\t<span class=\"edgtf-twn-number\">02<\/span>Id\u00e9es re\u00e7ues et questions fr\u00e9quentes<\/h3>[vc_empty_space height=\u00a0\u00bb20px\u00a0\u00bb][vc_single_image image=\u00a0\u00bb18763&Prime; img_size=\u00a0\u00bb413&#215;300&Prime;][vc_empty_space height=\u00a0\u00bb10px\u00a0\u00bb]<a itemprop=\"url\" href=\"\/fr\/comportement-securitaire\/idees-recues-et-questions-frequentes\/\" target=\"_self\"  class=\"edgtf-btn edgtf-btn-medium edgtf-btn-solid edgtf-btn-custom-hover-bg edgtf-btn-custom-border-hover edgtf-btn-custom-hover-color\" data-hover-bg-color=\"#000000\" data-hover-color=\"#ffb421\" data-hover-border-color=\"#000000\" >\n\t<span class=\"edgtf-btn-text\">En savoir plus<\/span>\n    <\/a>\t\t<\/div>\n\t<\/div>\n\t<\/div><\/div>[vc_empty_space height=\u00a0\u00bb44px\u00a0\u00bb]<div class=\"edgtf-elements-holder edgtf-responsive-mode-768\" ><div class=\"edgtf-elements-holder-item \" data-item-class=\"edgtf-elements-holder-custom-160049\" data-1280-1600=\"2% 2% 2% 2%\" data-1024-1280=\"2% 2% 2% 2%\" data-768-1024=\"2% 2% 2% 2%\" data-600-768=\"2% 2% 2% 2%\" data-480-600=\"2% 2% 2% 2%\" data-480=\"2% 2% 2% 2%\" >\n\t\t<div class=\"edgtf-elements-holder-item-inner\">\n\t\t<div class=\"edgtf-elements-holder-item-content edgtf-elements-holder-custom-160049\" style=\"padding: 2% 2% 2% 2%\">\n\t\t\t<h3 class=\"edgtf-title-with-number\" >\n\t<span class=\"edgtf-twn-number\">03<\/span>Comprendre la foudre<\/h3>[vc_empty_space height=\u00a0\u00bb20px\u00a0\u00bb][vc_single_image image=\u00a0\u00bb18766&Prime; img_size=\u00a0\u00bb413&#215;300&Prime;][vc_empty_space height=\u00a0\u00bb10px\u00a0\u00bb]<a itemprop=\"url\" href=\"\/fr\/comportement-securitaire\/comprendre-la-foudre\/\" target=\"_self\"  class=\"edgtf-btn edgtf-btn-medium edgtf-btn-solid edgtf-btn-custom-hover-bg edgtf-btn-custom-border-hover edgtf-btn-custom-hover-color\" data-hover-bg-color=\"#000000\" data-hover-color=\"#ffb421\" data-hover-border-color=\"#000000\" >\n\t<span class=\"edgtf-btn-text\">En savoir plus<\/span>\n    <\/a>\t\t<\/div>\n\t<\/div>\n\t<\/div><\/div>[\/vc_column_inner][\/vc_row_inner][\/vc_column][\/vc_row][vc_row content_aligment=\u00a0\u00bbcenter\u00a0\u00bb css=\u00a0\u00bb.vc_custom_1700151694832{background-color: #ffb421 !important;}\u00a0\u00bb][vc_column][vc_row_inner][vc_column_inner]\t<div class=\"edgtf-container-inner\">\n\t<div class=\"edgtf-call-to-action normal\" style=\"background-color: #ffb421;\">\n\n\t\t\t\t\t<div class=\"edgtf-call-to-action-row-75-25 clearfix\" style=\"padding: 65px 0 63px 0;\">\n\t\t\t\t\t\t<div class=\"edgtf-text-wrapper edgtf-call-to-action-column1 edgtf-call-to-action-cell left\">\n\t\t\t\t\t<div class=\"edgtf-call-to-action-text\" style=\"text-align: left\">\n<h3 style=\"font-weight: bold;\">L&rsquo;engagement conjoint des institutions et de SALWO dans la diffusion des r\u00e8gles de s\u00e9curit\u00e9 individuelles permet de pr\u00e9venir des accidents mortels.<\/h3>\n\t\t\t\t\t\t\t\t\t\t\t<\/div>\n\t\t\t\t<\/div>\n\n\t\t\t\t\t\t\t\t\t<div class=\"edgtf-button-wrapper edgtf-call-to-action-column2 edgtf-call-to-action-cell\" style =\"text-align: right ;\">\n\t\t\t\t\t\t<a itemprop=\"url\" href=\"\/fr\/contact\/\" target=\"_blank\" style=\"color: #ffb421;background-color: #000000;border-color: #000000\" class=\"edgtf-btn edgtf-btn-large edgtf-btn-outline-light edgtf-btn-custom-hover-bg edgtf-btn-custom-border-hover edgtf-btn-custom-hover-color\" data-hover-bg-color=\"#ffffff\" data-hover-color=\"#212121\" data-hover-border-color=\"#ffffff\" >\t<span class=\"edgtf-btn-text\">CONTACTEZ-NOUS<\/span>    <\/a>\t\t\t\t\t<\/div>\n\t\t\t\t\t\t\t<\/div>\n\t\t\t<\/div>\n\t<\/div>\n[\/vc_column_inner][\/vc_row_inner][\/vc_column][\/vc_row]<\/p>\n","protected":false},"excerpt":{"rendered":"<p>[vc_row content_width=\u00a0\u00bbgrid\u00a0\u00bb content_aligment=\u00a0\u00bbcenter\u00a0\u00bb css=\u00a0\u00bb.vc_custom_1702458805115{margin-top: 0px !important;margin-bottom: 0px !important;padding-top: 0px !important;padding-bottom: 40px !important;}\u00a0\u00bb][vc_column css=\u00a0\u00bb.vc_custom_1702458813384{margin-top: 0px !important;margin-bottom: 0px !important;padding-top: 0px !important;padding-bottom: 0px !important;}\u00a0\u00bb][vc_column_text css=\u00a0\u00bb.vc_custom_1702458822202{margin-top: 0px !important;margin-bottom: 0px !important;padding-top: 0px !important;padding-bottom: 0px !important;}\u00a0\u00bb][\/vc_column_text][\/vc_column][\/vc_row][vc_row content_width=\u00a0\u00bbgrid\u00a0\u00bb content_aligment=\u00a0\u00bbcenter\u00a0\u00bb css=\u00a0\u00bb.vc_custom_1701261932768{padding-top: 0px !important;padding-bottom: 0px !important;}\u00a0\u00bb][vc_column][vc_row_inner css_animation=\u00a0\u00bbedgtf-element-from-top\u00a0\u00bb][vc_column_inner][vc_column_text] La foudre est un \u00e9v\u00e9nement naturel tr\u00e8s complexe aux cons\u00e9quences impr\u00e9visibles, \u00e9tant l\u2019un des ph\u00e9nom\u00e8nes les plus&#8230;<\/p>\n","protected":false},"author":2,"featured_media":0,"parent":0,"menu_order":0,"comment_status":"closed","ping_status":"closed","template":"full-width.php","meta":{"inline_featured_image":false,"footnotes":""},"class_list":["post-20977","page","type-page","status-publish","hentry"],"yoast_head":"<!-- This site is optimized with the Yoast SEO Premium plugin v26.2 (Yoast SEO v26.2) - https:\/\/yoast.com\/wordpress\/plugins\/seo\/ -->\n<title>Comportement s\u00e9curitaire - SALWO<\/title>\n<meta name=\"robots\" content=\"index, follow, max-snippet:-1, max-image-preview:large, max-video-preview:-1\" \/>\n<link rel=\"canonical\" href=\"https:\/\/salwo.org\/fr\/comportement-securitaire\/\" \/>\n<meta property=\"og:locale\" content=\"fr_FR\" \/>\n<meta property=\"og:type\" content=\"article\" \/>\n<meta property=\"og:title\" content=\"Comportement s\u00e9curitaire\" \/>\n<meta property=\"og:description\" content=\"[vc_row content_width=\u00a0\u00bbgrid\u00a0\u00bb content_aligment=\u00a0\u00bbcenter\u00a0\u00bb css=\u00a0\u00bb.vc_custom_1702458805115{margin-top: 0px !important;margin-bottom: 0px !important;padding-top: 0px !important;padding-bottom: 40px !important;}\u00a0\u00bb][vc_column css=\u00a0\u00bb.vc_custom_1702458813384{margin-top: 0px !important;margin-bottom: 0px !important;padding-top: 0px !important;padding-bottom: 0px !important;}\u00a0\u00bb][vc_column_text css=\u00a0\u00bb.vc_custom_1702458822202{margin-top: 0px !important;margin-bottom: 0px !important;padding-top: 0px !important;padding-bottom: 0px !important;}\u00a0\u00bb][\/vc_column_text][\/vc_column][\/vc_row][vc_row content_width=\u00a0\u00bbgrid\u00a0\u00bb content_aligment=\u00a0\u00bbcenter\u00a0\u00bb css=\u00a0\u00bb.vc_custom_1701261932768{padding-top: 0px !important;padding-bottom: 0px !important;}\u00a0\u00bb][vc_column][vc_row_inner css_animation=\u00a0\u00bbedgtf-element-from-top\u00a0\u00bb][vc_column_inner][vc_column_text] La foudre est un \u00e9v\u00e9nement naturel tr\u00e8s complexe aux cons\u00e9quences impr\u00e9visibles, \u00e9tant l\u2019un des ph\u00e9nom\u00e8nes les plus...\" \/>\n<meta property=\"og:url\" content=\"https:\/\/salwo.org\/fr\/comportement-securitaire\/\" \/>\n<meta property=\"og:site_name\" content=\"SALWO\" \/>\n<meta property=\"article:modified_time\" content=\"2024-03-25T11:31:07+00:00\" \/>\n<meta name=\"twitter:card\" content=\"summary_large_image\" \/>\n<meta name=\"twitter:label1\" content=\"Dur\u00e9e de lecture estim\u00e9e\" \/>\n\t<meta name=\"twitter:data1\" content=\"3 minutes\" \/>\n<script type=\"application\/ld+json\" class=\"yoast-schema-graph\">{\"@context\":\"https:\/\/schema.org\",\"@graph\":[{\"@type\":\"WebPage\",\"@id\":\"https:\/\/salwo.org\/fr\/comportement-securitaire\/\",\"url\":\"https:\/\/salwo.org\/fr\/comportement-securitaire\/\",\"name\":\"Comportement s\u00e9curitaire - SALWO\",\"isPartOf\":{\"@id\":\"https:\/\/salwo.org\/fr\/#website\"},\"datePublished\":\"2023-11-16T09:50:04+00:00\",\"dateModified\":\"2024-03-25T11:31:07+00:00\",\"breadcrumb\":{\"@id\":\"https:\/\/salwo.org\/fr\/comportement-securitaire\/#breadcrumb\"},\"inLanguage\":\"fr-FR\",\"potentialAction\":[{\"@type\":\"ReadAction\",\"target\":[\"https:\/\/salwo.org\/fr\/comportement-securitaire\/\"]}]},{\"@type\":\"BreadcrumbList\",\"@id\":\"https:\/\/salwo.org\/fr\/comportement-securitaire\/#breadcrumb\",\"itemListElement\":[{\"@type\":\"ListItem\",\"position\":1,\"name\":\"Portada\",\"item\":\"https:\/\/salwo.org\/fr\/\"},{\"@type\":\"ListItem\",\"position\":2,\"name\":\"Comportement s\u00e9curitaire\"}]},{\"@type\":\"WebSite\",\"@id\":\"https:\/\/salwo.org\/fr\/#website\",\"url\":\"https:\/\/salwo.org\/fr\/\",\"name\":\"SALWO\",\"description\":\"Safe Against Lightning Worldwide Organization\",\"potentialAction\":[{\"@type\":\"SearchAction\",\"target\":{\"@type\":\"EntryPoint\",\"urlTemplate\":\"https:\/\/salwo.org\/fr\/?s={search_term_string}\"},\"query-input\":{\"@type\":\"PropertyValueSpecification\",\"valueRequired\":true,\"valueName\":\"search_term_string\"}}],\"inLanguage\":\"fr-FR\"}]}<\/script>\n<!-- \/ Yoast SEO Premium plugin. -->","yoast_head_json":{"title":"Comportement s\u00e9curitaire - SALWO","robots":{"index":"index","follow":"follow","max-snippet":"max-snippet:-1","max-image-preview":"max-image-preview:large","max-video-preview":"max-video-preview:-1"},"canonical":"https:\/\/salwo.org\/fr\/comportement-securitaire\/","og_locale":"fr_FR","og_type":"article","og_title":"Comportement s\u00e9curitaire","og_description":"[vc_row content_width=\u00a0\u00bbgrid\u00a0\u00bb content_aligment=\u00a0\u00bbcenter\u00a0\u00bb css=\u00a0\u00bb.vc_custom_1702458805115{margin-top: 0px !important;margin-bottom: 0px !important;padding-top: 0px !important;padding-bottom: 40px !important;}\u00a0\u00bb][vc_column css=\u00a0\u00bb.vc_custom_1702458813384{margin-top: 0px !important;margin-bottom: 0px !important;padding-top: 0px !important;padding-bottom: 0px !important;}\u00a0\u00bb][vc_column_text css=\u00a0\u00bb.vc_custom_1702458822202{margin-top: 0px !important;margin-bottom: 0px !important;padding-top: 0px !important;padding-bottom: 0px !important;}\u00a0\u00bb][\/vc_column_text][\/vc_column][\/vc_row][vc_row content_width=\u00a0\u00bbgrid\u00a0\u00bb content_aligment=\u00a0\u00bbcenter\u00a0\u00bb css=\u00a0\u00bb.vc_custom_1701261932768{padding-top: 0px !important;padding-bottom: 0px !important;}\u00a0\u00bb][vc_column][vc_row_inner css_animation=\u00a0\u00bbedgtf-element-from-top\u00a0\u00bb][vc_column_inner][vc_column_text] La foudre est un \u00e9v\u00e9nement naturel tr\u00e8s complexe aux cons\u00e9quences impr\u00e9visibles, \u00e9tant l\u2019un des ph\u00e9nom\u00e8nes les plus...","og_url":"https:\/\/salwo.org\/fr\/comportement-securitaire\/","og_site_name":"SALWO","article_modified_time":"2024-03-25T11:31:07+00:00","twitter_card":"summary_large_image","twitter_misc":{"Dur\u00e9e de lecture estim\u00e9e":"3 minutes"},"schema":{"@context":"https:\/\/schema.org","@graph":[{"@type":"WebPage","@id":"https:\/\/salwo.org\/fr\/comportement-securitaire\/","url":"https:\/\/salwo.org\/fr\/comportement-securitaire\/","name":"Comportement s\u00e9curitaire - SALWO","isPartOf":{"@id":"https:\/\/salwo.org\/fr\/#website"},"datePublished":"2023-11-16T09:50:04+00:00","dateModified":"2024-03-25T11:31:07+00:00","breadcrumb":{"@id":"https:\/\/salwo.org\/fr\/comportement-securitaire\/#breadcrumb"},"inLanguage":"fr-FR","potentialAction":[{"@type":"ReadAction","target":["https:\/\/salwo.org\/fr\/comportement-securitaire\/"]}]},{"@type":"BreadcrumbList","@id":"https:\/\/salwo.org\/fr\/comportement-securitaire\/#breadcrumb","itemListElement":[{"@type":"ListItem","position":1,"name":"Portada","item":"https:\/\/salwo.org\/fr\/"},{"@type":"ListItem","position":2,"name":"Comportement s\u00e9curitaire"}]},{"@type":"WebSite","@id":"https:\/\/salwo.org\/fr\/#website","url":"https:\/\/salwo.org\/fr\/","name":"SALWO","description":"Safe Against Lightning Worldwide Organization","potentialAction":[{"@type":"SearchAction","target":{"@type":"EntryPoint","urlTemplate":"https:\/\/salwo.org\/fr\/?s={search_term_string}"},"query-input":{"@type":"PropertyValueSpecification","valueRequired":true,"valueName":"search_term_string"}}],"inLanguage":"fr-FR"}]}},"_links":{"self":[{"href":"https:\/\/salwo.org\/fr\/wp-json\/wp\/v2\/pages\/20977","targetHints":{"allow":["GET"]}}],"collection":[{"href":"https:\/\/salwo.org\/fr\/wp-json\/wp\/v2\/pages"}],"about":[{"href":"https:\/\/salwo.org\/fr\/wp-json\/wp\/v2\/types\/page"}],"author":[{"embeddable":true,"href":"https:\/\/salwo.org\/fr\/wp-json\/wp\/v2\/users\/2"}],"replies":[{"embeddable":true,"href":"https:\/\/salwo.org\/fr\/wp-json\/wp\/v2\/comments?post=20977"}],"version-history":[{"count":9,"href":"https:\/\/salwo.org\/fr\/wp-json\/wp\/v2\/pages\/20977\/revisions"}],"predecessor-version":[{"id":21101,"href":"https:\/\/salwo.org\/fr\/wp-json\/wp\/v2\/pages\/20977\/revisions\/21101"}],"wp:attachment":[{"href":"https:\/\/salwo.org\/fr\/wp-json\/wp\/v2\/media?parent=20977"}],"curies":[{"name":"wp","href":"https:\/\/api.w.org\/{rel}","templated":true}]}}