
{"id":20996,"date":"2023-11-27T13:59:31","date_gmt":"2023-11-27T12:59:31","guid":{"rendered":"https:\/\/salwo.org\/safe-against-lightning-worldwide-organization\/conducta-segura-frente-al-rayo\/idees-recues-et-questions-frequentes\/"},"modified":"2024-03-25T12:33:18","modified_gmt":"2024-03-25T11:33:18","slug":"idees-recues-et-questions-frequentes","status":"publish","type":"page","link":"https:\/\/salwo.org\/fr\/comportement-securitaire\/idees-recues-et-questions-frequentes\/","title":{"rendered":"Id\u00e9es re\u00e7ues et questions fr\u00e9quentes"},"content":{"rendered":"<p>[vc_row content_width=\u00a0\u00bbgrid\u00a0\u00bb content_aligment=\u00a0\u00bbcenter\u00a0\u00bb css=\u00a0\u00bb.vc_custom_1702458425576{margin-top: 0px !important;margin-bottom: 0px !important;padding-top: 0px !important;padding-bottom: 40px !important;}\u00a0\u00bb][vc_column css=\u00a0\u00bb.vc_custom_1702458434181{margin-top: 0px !important;margin-bottom: 0px !important;padding-top: 0px !important;padding-bottom: 0px !important;}\u00a0\u00bb][vc_column_text css=\u00a0\u00bb.vc_custom_1702458444015{margin-top: 0px !important;margin-bottom: 0px !important;padding-top: 0px !important;padding-bottom: 0px !important;}\u00a0\u00bb]\t\t\t<!-- Flexy Breadcrumb -->\r\n\t\t\t<div class=\"fbc fbc-page\">\r\n\r\n\t\t\t\t<!-- Breadcrumb wrapper -->\r\n\t\t\t\t<div class=\"fbc-wrap\">\r\n\r\n\t\t\t\t\t<!-- Ordered list-->\r\n\t\t\t\t\t<ol class=\"fbc-items\" itemscope itemtype=\"https:\/\/schema.org\/BreadcrumbList\">\r\n\t\t\t\t\t\t            <li itemprop=\"itemListElement\" itemscope itemtype=\"https:\/\/schema.org\/ListItem\">\r\n                <span itemprop=\"name\">\r\n                    <!-- Home Link -->\r\n                    <a itemprop=\"item\" href=\"https:\/\/salwo.org\">\r\n                    \r\n                                                    <i class=\"fa fa-home\" aria-hidden=\"true\"><\/i>Safe Against Lightning Worldwide                    <\/a>\r\n                <\/span>\r\n                <meta itemprop=\"position\" content=\"1\" \/><!-- Meta Position-->\r\n             <\/li><li><span class=\"fbc-separator\">\/<\/span><\/li><li class=\"active\" itemprop=\"itemListElement\" itemscope itemtype=\"https:\/\/schema.org\/ListItem\"><span itemprop=\"name\" title=\"Ultimas noticias\">Ultimas noticias<\/span><meta itemprop=\"position\" content=\"2\" \/><\/li>\t\t\t\t\t<\/ol>\r\n\t\t\t\t\t<div class=\"clearfix\"><\/div>\r\n\t\t\t\t<\/div>\r\n\t\t\t<\/div>\r\n\t\t\t[\/vc_column_text][\/vc_column][\/vc_row][vc_row content_width=\u00a0\u00bbgrid\u00a0\u00bb content_aligment=\u00a0\u00bbcenter\u00a0\u00bb css=\u00a0\u00bb.vc_custom_1700670511886{margin-top: 0px !important;padding-bottom: 0px !important;}\u00a0\u00bb][vc_column][vc_row_inner][vc_column_inner][vc_column_text css=\u00a0\u00bb.vc_custom_1711041077836{padding-right: 10px !important;padding-left: 10px !important;}\u00a0\u00bb]<\/p>\n<p style=\"text-align: center; font-size: 22px; line-height: 30px;\"><span style=\"color: #000000;\"><strong>Les croyances erron\u00e9es ou id\u00e9es re\u00e7ues,<\/strong> qui ne correspondent ni \u00e0 la r\u00e9alit\u00e9, ni au ph\u00e9nom\u00e8ne de la foudre, <strong>sont dangereuses pour la s\u00e9curit\u00e9 des personnes.<\/strong><\/span><\/p>\n<p>[\/vc_column_text]<div class=\"edgtf-separator-holder clearfix  edgtf-separator-center\">\n\t<div class=\"edgtf-separator\" style=\"border-color: #e7e7e7;width: 100%;border-bottom-width: 2px;margin-top: 25px;margin-bottom: 75px\"><\/div>\n<\/div>\n[\/vc_column_inner][\/vc_row_inner][\/vc_column][\/vc_row][vc_row css=\u00a0\u00bb.vc_custom_1705656765097{padding-bottom: 80px !important;background-color: #f6f4ee !important;}\u00a0\u00bb][vc_column][vc_empty_space height=\u00a0\u00bb80px\u00a0\u00bb][vc_row_inner content_width=\u00a0\u00bbgrid\u00a0\u00bb][vc_column_inner width=\u00a0\u00bb1\/2&Prime;]<h3 class=\"edgtf-title-with-number\" >\n\t<span class=\"edgtf-twn-number\">Id\u00e9es re\u00e7ues<\/span>li\u00e9es aux signes de danger<\/h3><div class=\"edgtf-separator-holder clearfix  edgtf-separator-left\">\n\t<div class=\"edgtf-separator\" style=\"border-color: #ffb422;width: 55px;border-bottom-width: 3px;margin-top: 25px;margin-bottom: 60px\"><\/div>\n<\/div>\n[\/vc_column_inner][vc_column_inner width=\u00a0\u00bb1\/2&Prime;][\/vc_column_inner][\/vc_row_inner][vc_row_inner content_width=\u00a0\u00bbgrid\u00a0\u00bb][vc_column_inner width=\u00a0\u00bb1\/2&Prime;][vc_column_text]<span style=\"font-size: 18px;\"><strong>S&rsquo;il n&rsquo;y a pas de pluie ou de nuages orageux, les gens sont en s\u00e9curit\u00e9.<\/strong><\/span>[\/vc_column_text][vc_empty_space height=\u00a0\u00bb10px\u00a0\u00bb]<div class=\"edgtf-unordered-list  edgtf-circle\" style=\"font-size: 16px\">\n<ul>\n<li>En r\u00e9alit\u00e9, la foudre peut parcourir plusieurs kilom\u00e8tres : la distance typique parcourue est de 9 kilom\u00e8tres, mais le record est d\u00e9tenu par un \u00e9clair qui a travers\u00e9 le Br\u00e9sil en 2018, du nord-est de l&rsquo;Argentine \u00e0 l&rsquo;oc\u00e9an Atlantique, en parcourant 709 kilom\u00e8tres. C&rsquo;est pourquoi il faut prendre en compte tous les signes d&rsquo;un orage et, en cas d&rsquo;apparition de l&rsquo;un d&rsquo;entre eux, se mettre \u00e0 l&rsquo;abri.<\/li>\n<\/ul>\n<\/div>[vc_empty_space height=\u00a0\u00bb14px\u00a0\u00bb][vc_column_text]<span style=\"font-size: 18px;\"><strong>La foudre ne frappe jamais deux fois au m\u00eame endroit.<\/strong><\/span>[\/vc_column_text][vc_empty_space height=\u00a0\u00bb10px\u00a0\u00bb]<div class=\"edgtf-unordered-list  edgtf-circle\" style=\"font-size: 16px\">\n<ul>\n<li>La foudre frappe de pr\u00e9f\u00e9rence au point le plus \u00e9lev\u00e9, de sorte que les objets \u00e9lev\u00e9s, pointus et isol\u00e9s ont une forte probabilit\u00e9 de devenir le point d&rsquo;impact d&rsquo;un autre coup de foudre.<\/li>\n<\/ul>\n<\/div>[vc_empty_space height=\u00a0\u00bb14px\u00a0\u00bb][vc_column_text]<span style=\"font-size: 18px;\"><strong>Si la personne se trouve \u00e0 l&rsquo;ext\u00e9rieur et qu&rsquo;un orage approche ou se forme, il n&rsquo;y a pas lieu de se pr\u00e9cipiter pour se mettre \u00e0 l&rsquo;abri.<\/strong><\/span>[\/vc_column_text][vc_empty_space height=\u00a0\u00bb10px\u00a0\u00bb]<div class=\"edgtf-unordered-list  edgtf-circle\" style=\"font-size: 16px\">\n<ul>\n<li>C&rsquo;est plut\u00f4t l&rsquo;inverse : chaque indicateur de risque d&rsquo;orage laisse un d\u00e9lai limit\u00e9 et pr\u00e9cieux pour prendre les mesures pr\u00e9ventives individuelles correspondantes qui peuvent sauver la vie des personnes expos\u00e9es. De plus, la <a href=\"https:\/\/www.noaa.gov\/\">National Oceanic and Atmospheric Administration (NOAA)<\/a>\u00a0des \u00c9tats-Unis indique que la plupart des accidents dus \u00e0 la foudre se produisent au d\u00e9but ou \u00e0 la fin des orages.<\/li>\n<\/ul>\n<\/div>[vc_empty_space height=\u00a0\u00bb14px\u00a0\u00bb][\/vc_column_inner][vc_column_inner width=\u00a0\u00bb1\/2&Prime;][vc_single_image image=\u00a0\u00bb18688&Prime; img_size=\u00a0\u00bbfull\u00a0\u00bb alignment=\u00a0\u00bbcenter\u00a0\u00bb][\/vc_column_inner][\/vc_row_inner][\/vc_column][\/vc_row][vc_row css_animation=\u00a0\u00bbedgtf-element-from-top\u00a0\u00bb css=\u00a0\u00bb.vc_custom_1701170086154{padding-bottom: 80px !important;}\u00a0\u00bb][vc_column][vc_empty_space height=\u00a0\u00bb40px\u00a0\u00bb][vc_row_inner content_width=\u00a0\u00bbgrid\u00a0\u00bb css=\u00a0\u00bb.vc_custom_1701169944686{padding-top: 100px !important;}\u00a0\u00bb][vc_column_inner width=\u00a0\u00bb1\/2&Prime;][\/vc_column_inner][vc_column_inner width=\u00a0\u00bb1\/2&Prime;]<h3 class=\"edgtf-title-with-number\" >\n\t<span class=\"edgtf-twn-number\">Id\u00e9es re\u00e7ues<\/span>li\u00e9es aux mesures individuelles pouvant sauver des vies<\/h3><div class=\"edgtf-separator-holder clearfix  edgtf-separator-left\">\n\t<div class=\"edgtf-separator\" style=\"border-color: #ffb422;width: 55px;border-bottom-width: 3px;margin-top: 25px;margin-bottom: 60px\"><\/div>\n<\/div>\n[\/vc_column_inner][\/vc_row_inner][vc_row_inner content_width=\u00a0\u00bbgrid\u00a0\u00bb][vc_column_inner width=\u00a0\u00bb1\/2&Prime;][vc_single_image image=\u00a0\u00bb18692&Prime; img_size=\u00a0\u00bbfull\u00a0\u00bb][\/vc_column_inner][vc_column_inner width=\u00a0\u00bb1\/2&Prime;][vc_column_text]<span style=\"font-size: 18px;\"><strong>Si la personne se trouve \u00e0 l&rsquo;ext\u00e9rieur lorsqu&rsquo;un orage se produit, la meilleure chose \u00e0 faire est de s&rsquo;abriter sous un arbre.<\/strong><\/span>[\/vc_column_text][vc_empty_space height=\u00a0\u00bb10px\u00a0\u00bb]<div class=\"edgtf-unordered-list  edgtf-circle\" style=\"font-size: 16px\">\n<ul>\n<li>Cette croyance est tr\u00e8s dangereuse car les arbres sont grands et donc plus susceptibles d&rsquo;\u00eatre frapp\u00e9s par la foudre. De plus, le courant est dispers\u00e9 dans les racines et g\u00e9n\u00e8re d&rsquo;importantes tensions de pas. La plupart des accidents dus \u00e0 la foudre se produisent lorsque les gens s&rsquo;abritent sous un arbre, comme cela s&rsquo;est produit en 2021 en Inde, o\u00f9 <a href=\"https:\/\/amp.antena3.com\/noticias\/sociedad\/las-duras-imagenes-de-como-un-rayo-cae-sobre-4-personas-que-caen-totalmente-fulminadas_20210313604d2e40ad0f4b0001e35718.html\">4 personnes ont trouv\u00e9 la mort<\/a>.<\/li>\n<\/ul>\n<\/div>[vc_empty_space height=\u00a0\u00bb14px\u00a0\u00bb][vc_column_text]<span style=\"font-size: 18px;\"><strong>Si la personne se trouve \u00e0 l&rsquo;ext\u00e9rieur lorsqu&rsquo;un orage se d\u00e9clenche, elle doit s&rsquo;allonger sur le sol pour \u00e9viter d&rsquo;\u00eatre consid\u00e9r\u00e9e comme l&rsquo;objet le plus haut.<\/strong><\/span>[\/vc_column_text][vc_empty_space height=\u00a0\u00bb10px\u00a0\u00bb]<div class=\"edgtf-unordered-list  edgtf-circle\" style=\"font-size: 16px\">\n<ul>\n<li>La dispersion du courant dans le sol peut provoquer de graves dommages, voire un choc, en raison de la diff\u00e9rence de tension entre deux parties diff\u00e9rentes du corps (par exemple, entre les pieds). Par cons\u00e9quent, si l\u2019orage vous surprend \u00e0 l\u2019ext\u00e9rieur sans possibilit\u00e9 d\u2019abri, <strong>vous devez adopter la posture de s\u00e9curit\u00e9 : essayez de r\u00e9duire la hauteur autant que possible en vous accroupissant et avec les pieds compl\u00e8tement joints.<\/strong><\/li>\n<\/ul>\n<\/div>[vc_empty_space height=\u00a0\u00bb14px\u00a0\u00bb][vc_column_text]<span style=\"font-size: 18px;\"><strong>\u00c0 l&rsquo;int\u00e9rieur d&rsquo;un b\u00e2timent, les personnes sont en totale s\u00e9curit\u00e9.<\/strong><\/span>[\/vc_column_text][vc_empty_space height=\u00a0\u00bb10px\u00a0\u00bb]<div class=\"edgtf-unordered-list  edgtf-circle\" style=\"font-size: 16px\">\n<ul>\n<li>La foudre peut \u00e9galement frapper les lignes et se propager le long de celles-ci \u00e0 l&rsquo;int\u00e9rieur des b\u00e2timents. Si les lignes ne sont pas prot\u00e9g\u00e9es contre le courant de foudre, il convient d&rsquo;\u00e9viter d&rsquo;utiliser des \u00e9quipements \u00e9lectriques et \u00e9lectroniques, et m\u00eame de d\u00e9connecter les \u00e9quipements les plus sensibles. Il convient \u00e9galement de s&rsquo;\u00e9loigner des portes et des fen\u00eatres.<\/li>\n<\/ul>\n<\/div>[vc_empty_space height=\u00a0\u00bb14px\u00a0\u00bb][\/vc_column_inner][\/vc_row_inner][\/vc_column][\/vc_row][vc_row css_animation=\u00a0\u00bbedgtf-element-from-top\u00a0\u00bb css=\u00a0\u00bb.vc_custom_1701168064092{padding-bottom: 80px !important;background-color: #f6f4ee !important;}\u00a0\u00bb][vc_column][vc_empty_space height=\u00a0\u00bb40px\u00a0\u00bb][vc_row_inner content_width=\u00a0\u00bbgrid\u00a0\u00bb css=\u00a0\u00bb.vc_custom_1701168591407{padding-top: 100px !important;}\u00a0\u00bb][vc_column_inner width=\u00a0\u00bb1\/2&Prime;]<h3 class=\"edgtf-title-with-number\" >\n\t<span class=\"edgtf-twn-number\">Id\u00e9es re\u00e7ues <\/span>li\u00e9es aux premiers secours<\/h3><div class=\"edgtf-separator-holder clearfix  edgtf-separator-left\">\n\t<div class=\"edgtf-separator\" style=\"border-color: #ffb422;width: 55px;border-bottom-width: 3px;margin-top: 25px;margin-bottom: 60px\"><\/div>\n<\/div>\n[\/vc_column_inner][vc_column_inner width=\u00a0\u00bb1\/2&Prime;][\/vc_column_inner][\/vc_row_inner][vc_row_inner content_width=\u00a0\u00bbgrid\u00a0\u00bb][vc_column_inner width=\u00a0\u00bb1\/2&Prime;][vc_column_text]<span style=\"font-size: 18px;\"><strong>Le fait de toucher une victime foudroy\u00e9e provoque l&rsquo;\u00e9lectrocution de la personne qui l&rsquo;aide.<\/strong><\/span>[\/vc_column_text][vc_empty_space height=\u00a0\u00bb10px\u00a0\u00bb]<div class=\"edgtf-unordered-list  edgtf-circle\" style=\"font-size: 16px\">\n<ul>\n<li>Au contraire, il n&rsquo;y a aucun danger \u00e0 toucher une victime, qui peut de surcro\u00eet avoir besoin d&rsquo;une intervention rapide pour sauver sa vie en attendant l&rsquo;arriv\u00e9e des secours m\u00e9dicaux.<\/li>\n<\/ul>\n<\/div>[vc_empty_space height=\u00a0\u00bb14px\u00a0\u00bb][\/vc_column_inner][vc_column_inner width=\u00a0\u00bb1\/2&Prime;][vc_single_image image=\u00a0\u00bb18700&Prime; img_size=\u00a0\u00bbfull\u00a0\u00bb alignment=\u00a0\u00bbcenter\u00a0\u00bb][\/vc_column_inner][\/vc_row_inner][\/vc_column][\/vc_row][vc_row content_aligment=\u00a0\u00bbcenter\u00a0\u00bb css=\u00a0\u00bb.vc_custom_1700127770192{background-color: #ffb421 !important;}\u00a0\u00bb][vc_column][vc_row_inner][vc_column_inner]\t<div class=\"edgtf-container-inner\">\n\t<div class=\"edgtf-call-to-action normal\" style=\"background-color: #ffb421;\">\n\n\t\t\t\t\t<div class=\"edgtf-call-to-action-row-75-25 clearfix\" style=\"padding: 65px 0 63px 0;\">\n\t\t\t\t\t\t<div class=\"edgtf-text-wrapper edgtf-call-to-action-column1 edgtf-call-to-action-cell left\">\n\t\t\t\t\t<div class=\"edgtf-call-to-action-text\" style=\"text-align: left\">\n<h3 style=\"font-weight: bold;\">L\u2019engagement conjoint des institutions et de SALWO dans la diffusion des normes individuelles de s\u00e9curit\u00e9 permet de pr\u00e9venir des accidents mortels.<\/h3>\n\t\t\t\t\t\t\t\t\t\t\t<\/div>\n\t\t\t\t<\/div>\n\n\t\t\t\t\t\t\t\t\t<div class=\"edgtf-button-wrapper edgtf-call-to-action-column2 edgtf-call-to-action-cell\" style =\"text-align: right ;\">\n\t\t\t\t\t\t<a itemprop=\"url\" href=\"\/contacto\/\" target=\"_blank\" style=\"color: #ffb421;background-color: #000000;border-color: #000000\" class=\"edgtf-btn edgtf-btn-large edgtf-btn-outline-light edgtf-btn-custom-hover-bg edgtf-btn-custom-border-hover edgtf-btn-custom-hover-color\" data-hover-bg-color=\"#ffffff\" data-hover-color=\"#212121\" data-hover-border-color=\"#ffffff\" >\t<span class=\"edgtf-btn-text\">CONTACTEZ-NOUS<\/span>    <\/a>\t\t\t\t\t<\/div>\n\t\t\t\t\t\t\t<\/div>\n\t\t\t<\/div>\n\t<\/div>\n[\/vc_column_inner][\/vc_row_inner][\/vc_column][\/vc_row]<\/p>\n","protected":false},"excerpt":{"rendered":"<p>[vc_row content_width=\u00a0\u00bbgrid\u00a0\u00bb content_aligment=\u00a0\u00bbcenter\u00a0\u00bb css=\u00a0\u00bb.vc_custom_1702458425576{margin-top: 0px !important;margin-bottom: 0px !important;padding-top: 0px !important;padding-bottom: 40px !important;}\u00a0\u00bb][vc_column css=\u00a0\u00bb.vc_custom_1702458434181{margin-top: 0px !important;margin-bottom: 0px !important;padding-top: 0px !important;padding-bottom: 0px !important;}\u00a0\u00bb][vc_column_text css=\u00a0\u00bb.vc_custom_1702458444015{margin-top: 0px !important;margin-bottom: 0px !important;padding-top: 0px !important;padding-bottom: 0px !important;}\u00a0\u00bb][\/vc_column_text][\/vc_column][\/vc_row][vc_row content_width=\u00a0\u00bbgrid\u00a0\u00bb content_aligment=\u00a0\u00bbcenter\u00a0\u00bb css=\u00a0\u00bb.vc_custom_1700670511886{margin-top: 0px !important;padding-bottom: 0px !important;}\u00a0\u00bb][vc_column][vc_row_inner][vc_column_inner][vc_column_text css=\u00a0\u00bb.vc_custom_1711041077836{padding-right: 10px !important;padding-left: 10px !important;}\u00a0\u00bb] Les croyances erron\u00e9es ou id\u00e9es re\u00e7ues, qui ne correspondent ni \u00e0 la r\u00e9alit\u00e9,&#8230;<\/p>\n","protected":false},"author":2,"featured_media":0,"parent":20977,"menu_order":0,"comment_status":"closed","ping_status":"closed","template":"full-width.php","meta":{"inline_featured_image":false,"footnotes":""},"class_list":["post-20996","page","type-page","status-publish","hentry"],"yoast_head":"<!-- This site is optimized with the Yoast SEO Premium plugin v26.2 (Yoast SEO v26.2) - https:\/\/yoast.com\/wordpress\/plugins\/seo\/ -->\n<title>Id\u00e9es re\u00e7ues et questions fr\u00e9quentes - SALWO<\/title>\n<meta name=\"robots\" content=\"index, follow, max-snippet:-1, max-image-preview:large, max-video-preview:-1\" \/>\n<link rel=\"canonical\" href=\"https:\/\/salwo.org\/fr\/comportement-securitaire\/idees-recues-et-questions-frequentes\/\" \/>\n<meta property=\"og:locale\" content=\"fr_FR\" \/>\n<meta property=\"og:type\" content=\"article\" \/>\n<meta property=\"og:title\" content=\"Id\u00e9es re\u00e7ues et questions fr\u00e9quentes\" \/>\n<meta property=\"og:description\" content=\"[vc_row content_width=\u00a0\u00bbgrid\u00a0\u00bb content_aligment=\u00a0\u00bbcenter\u00a0\u00bb css=\u00a0\u00bb.vc_custom_1702458425576{margin-top: 0px !important;margin-bottom: 0px !important;padding-top: 0px !important;padding-bottom: 40px !important;}\u00a0\u00bb][vc_column css=\u00a0\u00bb.vc_custom_1702458434181{margin-top: 0px !important;margin-bottom: 0px !important;padding-top: 0px !important;padding-bottom: 0px !important;}\u00a0\u00bb][vc_column_text css=\u00a0\u00bb.vc_custom_1702458444015{margin-top: 0px !important;margin-bottom: 0px !important;padding-top: 0px !important;padding-bottom: 0px !important;}\u00a0\u00bb][\/vc_column_text][\/vc_column][\/vc_row][vc_row content_width=\u00a0\u00bbgrid\u00a0\u00bb content_aligment=\u00a0\u00bbcenter\u00a0\u00bb css=\u00a0\u00bb.vc_custom_1700670511886{margin-top: 0px !important;padding-bottom: 0px !important;}\u00a0\u00bb][vc_column][vc_row_inner][vc_column_inner][vc_column_text css=\u00a0\u00bb.vc_custom_1711041077836{padding-right: 10px !important;padding-left: 10px !important;}\u00a0\u00bb] Les croyances erron\u00e9es ou id\u00e9es re\u00e7ues, qui ne correspondent ni \u00e0 la r\u00e9alit\u00e9,...\" \/>\n<meta property=\"og:url\" content=\"https:\/\/salwo.org\/fr\/comportement-securitaire\/idees-recues-et-questions-frequentes\/\" \/>\n<meta property=\"og:site_name\" content=\"SALWO\" \/>\n<meta property=\"article:modified_time\" content=\"2024-03-25T11:33:18+00:00\" \/>\n<meta name=\"twitter:card\" content=\"summary_large_image\" \/>\n<meta name=\"twitter:label1\" content=\"Dur\u00e9e de lecture estim\u00e9e\" \/>\n\t<meta name=\"twitter:data1\" content=\"4 minutes\" \/>\n<script type=\"application\/ld+json\" class=\"yoast-schema-graph\">{\"@context\":\"https:\/\/schema.org\",\"@graph\":[{\"@type\":\"WebPage\",\"@id\":\"https:\/\/salwo.org\/fr\/comportement-securitaire\/idees-recues-et-questions-frequentes\/\",\"url\":\"https:\/\/salwo.org\/fr\/comportement-securitaire\/idees-recues-et-questions-frequentes\/\",\"name\":\"Id\u00e9es re\u00e7ues et questions fr\u00e9quentes - SALWO\",\"isPartOf\":{\"@id\":\"https:\/\/salwo.org\/fr\/#website\"},\"datePublished\":\"2023-11-27T12:59:31+00:00\",\"dateModified\":\"2024-03-25T11:33:18+00:00\",\"breadcrumb\":{\"@id\":\"https:\/\/salwo.org\/fr\/comportement-securitaire\/idees-recues-et-questions-frequentes\/#breadcrumb\"},\"inLanguage\":\"fr-FR\",\"potentialAction\":[{\"@type\":\"ReadAction\",\"target\":[\"https:\/\/salwo.org\/fr\/comportement-securitaire\/idees-recues-et-questions-frequentes\/\"]}]},{\"@type\":\"BreadcrumbList\",\"@id\":\"https:\/\/salwo.org\/fr\/comportement-securitaire\/idees-recues-et-questions-frequentes\/#breadcrumb\",\"itemListElement\":[{\"@type\":\"ListItem\",\"position\":1,\"name\":\"Portada\",\"item\":\"https:\/\/salwo.org\/fr\/\"},{\"@type\":\"ListItem\",\"position\":2,\"name\":\"Comportement s\u00e9curitaire\",\"item\":\"https:\/\/salwo.org\/fr\/comportement-securitaire\/\"},{\"@type\":\"ListItem\",\"position\":3,\"name\":\"Id\u00e9es re\u00e7ues et questions fr\u00e9quentes\"}]},{\"@type\":\"WebSite\",\"@id\":\"https:\/\/salwo.org\/fr\/#website\",\"url\":\"https:\/\/salwo.org\/fr\/\",\"name\":\"SALWO\",\"description\":\"Safe Against Lightning Worldwide Organization\",\"potentialAction\":[{\"@type\":\"SearchAction\",\"target\":{\"@type\":\"EntryPoint\",\"urlTemplate\":\"https:\/\/salwo.org\/fr\/?s={search_term_string}\"},\"query-input\":{\"@type\":\"PropertyValueSpecification\",\"valueRequired\":true,\"valueName\":\"search_term_string\"}}],\"inLanguage\":\"fr-FR\"}]}<\/script>\n<!-- \/ Yoast SEO Premium plugin. -->","yoast_head_json":{"title":"Id\u00e9es re\u00e7ues et questions fr\u00e9quentes - SALWO","robots":{"index":"index","follow":"follow","max-snippet":"max-snippet:-1","max-image-preview":"max-image-preview:large","max-video-preview":"max-video-preview:-1"},"canonical":"https:\/\/salwo.org\/fr\/comportement-securitaire\/idees-recues-et-questions-frequentes\/","og_locale":"fr_FR","og_type":"article","og_title":"Id\u00e9es re\u00e7ues et questions fr\u00e9quentes","og_description":"[vc_row content_width=\u00a0\u00bbgrid\u00a0\u00bb content_aligment=\u00a0\u00bbcenter\u00a0\u00bb css=\u00a0\u00bb.vc_custom_1702458425576{margin-top: 0px !important;margin-bottom: 0px !important;padding-top: 0px !important;padding-bottom: 40px !important;}\u00a0\u00bb][vc_column css=\u00a0\u00bb.vc_custom_1702458434181{margin-top: 0px !important;margin-bottom: 0px !important;padding-top: 0px !important;padding-bottom: 0px !important;}\u00a0\u00bb][vc_column_text css=\u00a0\u00bb.vc_custom_1702458444015{margin-top: 0px !important;margin-bottom: 0px !important;padding-top: 0px !important;padding-bottom: 0px !important;}\u00a0\u00bb][\/vc_column_text][\/vc_column][\/vc_row][vc_row content_width=\u00a0\u00bbgrid\u00a0\u00bb content_aligment=\u00a0\u00bbcenter\u00a0\u00bb css=\u00a0\u00bb.vc_custom_1700670511886{margin-top: 0px !important;padding-bottom: 0px !important;}\u00a0\u00bb][vc_column][vc_row_inner][vc_column_inner][vc_column_text css=\u00a0\u00bb.vc_custom_1711041077836{padding-right: 10px !important;padding-left: 10px !important;}\u00a0\u00bb] Les croyances erron\u00e9es ou id\u00e9es re\u00e7ues, qui ne correspondent ni \u00e0 la r\u00e9alit\u00e9,...","og_url":"https:\/\/salwo.org\/fr\/comportement-securitaire\/idees-recues-et-questions-frequentes\/","og_site_name":"SALWO","article_modified_time":"2024-03-25T11:33:18+00:00","twitter_card":"summary_large_image","twitter_misc":{"Dur\u00e9e de lecture estim\u00e9e":"4 minutes"},"schema":{"@context":"https:\/\/schema.org","@graph":[{"@type":"WebPage","@id":"https:\/\/salwo.org\/fr\/comportement-securitaire\/idees-recues-et-questions-frequentes\/","url":"https:\/\/salwo.org\/fr\/comportement-securitaire\/idees-recues-et-questions-frequentes\/","name":"Id\u00e9es re\u00e7ues et questions fr\u00e9quentes - SALWO","isPartOf":{"@id":"https:\/\/salwo.org\/fr\/#website"},"datePublished":"2023-11-27T12:59:31+00:00","dateModified":"2024-03-25T11:33:18+00:00","breadcrumb":{"@id":"https:\/\/salwo.org\/fr\/comportement-securitaire\/idees-recues-et-questions-frequentes\/#breadcrumb"},"inLanguage":"fr-FR","potentialAction":[{"@type":"ReadAction","target":["https:\/\/salwo.org\/fr\/comportement-securitaire\/idees-recues-et-questions-frequentes\/"]}]},{"@type":"BreadcrumbList","@id":"https:\/\/salwo.org\/fr\/comportement-securitaire\/idees-recues-et-questions-frequentes\/#breadcrumb","itemListElement":[{"@type":"ListItem","position":1,"name":"Portada","item":"https:\/\/salwo.org\/fr\/"},{"@type":"ListItem","position":2,"name":"Comportement s\u00e9curitaire","item":"https:\/\/salwo.org\/fr\/comportement-securitaire\/"},{"@type":"ListItem","position":3,"name":"Id\u00e9es re\u00e7ues et questions fr\u00e9quentes"}]},{"@type":"WebSite","@id":"https:\/\/salwo.org\/fr\/#website","url":"https:\/\/salwo.org\/fr\/","name":"SALWO","description":"Safe Against Lightning Worldwide Organization","potentialAction":[{"@type":"SearchAction","target":{"@type":"EntryPoint","urlTemplate":"https:\/\/salwo.org\/fr\/?s={search_term_string}"},"query-input":{"@type":"PropertyValueSpecification","valueRequired":true,"valueName":"search_term_string"}}],"inLanguage":"fr-FR"}]}},"_links":{"self":[{"href":"https:\/\/salwo.org\/fr\/wp-json\/wp\/v2\/pages\/20996","targetHints":{"allow":["GET"]}}],"collection":[{"href":"https:\/\/salwo.org\/fr\/wp-json\/wp\/v2\/pages"}],"about":[{"href":"https:\/\/salwo.org\/fr\/wp-json\/wp\/v2\/types\/page"}],"author":[{"embeddable":true,"href":"https:\/\/salwo.org\/fr\/wp-json\/wp\/v2\/users\/2"}],"replies":[{"embeddable":true,"href":"https:\/\/salwo.org\/fr\/wp-json\/wp\/v2\/comments?post=20996"}],"version-history":[{"count":7,"href":"https:\/\/salwo.org\/fr\/wp-json\/wp\/v2\/pages\/20996\/revisions"}],"predecessor-version":[{"id":21003,"href":"https:\/\/salwo.org\/fr\/wp-json\/wp\/v2\/pages\/20996\/revisions\/21003"}],"up":[{"embeddable":true,"href":"https:\/\/salwo.org\/fr\/wp-json\/wp\/v2\/pages\/20977"}],"wp:attachment":[{"href":"https:\/\/salwo.org\/fr\/wp-json\/wp\/v2\/media?parent=20996"}],"curies":[{"name":"wp","href":"https:\/\/api.w.org\/{rel}","templated":true}]}}