
{"id":21021,"date":"2017-03-30T07:03:58","date_gmt":"2017-03-30T05:03:58","guid":{"rendered":"https:\/\/salwo.org\/safe-against-lightning-worldwide-organization\/conozcanos\/"},"modified":"2024-03-26T17:03:29","modified_gmt":"2024-03-26T16:03:29","slug":"a-propos-de-nous","status":"publish","type":"page","link":"https:\/\/salwo.org\/fr\/a-propos-de-nous\/","title":{"rendered":"\u00c0 propos de nous"},"content":{"rendered":"<p>[vc_row content_width=\u00a0\u00bbgrid\u00a0\u00bb content_aligment=\u00a0\u00bbcenter\u00a0\u00bb css=\u00a0\u00bb.vc_custom_1702458976789{margin-top: 0px !important;margin-bottom: 0px !important;padding-top: 0px !important;padding-bottom: 40px !important;background-position: 0 0 !important;background-repeat: no-repeat !important;}\u00a0\u00bb][vc_column css=\u00a0\u00bb.vc_custom_1702458939347{margin-top: 0px !important;margin-bottom: 0px !important;padding-top: 0px !important;padding-bottom: 0px !important;}\u00a0\u00bb][vc_column_text css=\u00a0\u00bb.vc_custom_1702458949732{margin-top: 0px !important;margin-bottom: 0px !important;padding-top: 0px !important;padding-bottom: 0px !important;}\u00a0\u00bb]\t\t\t<!-- Flexy Breadcrumb -->\r\n\t\t\t<div class=\"fbc fbc-page\">\r\n\r\n\t\t\t\t<!-- Breadcrumb wrapper -->\r\n\t\t\t\t<div class=\"fbc-wrap\">\r\n\r\n\t\t\t\t\t<!-- Ordered list-->\r\n\t\t\t\t\t<ol class=\"fbc-items\" itemscope itemtype=\"https:\/\/schema.org\/BreadcrumbList\">\r\n\t\t\t\t\t\t            <li itemprop=\"itemListElement\" itemscope itemtype=\"https:\/\/schema.org\/ListItem\">\r\n                <span itemprop=\"name\">\r\n                    <!-- Home Link -->\r\n                    <a itemprop=\"item\" href=\"https:\/\/salwo.org\">\r\n                    \r\n                                                    <i class=\"fa fa-home\" aria-hidden=\"true\"><\/i>Safe Against Lightning Worldwide                    <\/a>\r\n                <\/span>\r\n                <meta itemprop=\"position\" content=\"1\" \/><!-- Meta Position-->\r\n             <\/li><li><span class=\"fbc-separator\">\/<\/span><\/li><li class=\"active\" itemprop=\"itemListElement\" itemscope itemtype=\"https:\/\/schema.org\/ListItem\"><span itemprop=\"name\" title=\"Ultimas noticias\">Ultimas noticias<\/span><meta itemprop=\"position\" content=\"2\" \/><\/li>\t\t\t\t\t<\/ol>\r\n\t\t\t\t\t<div class=\"clearfix\"><\/div>\r\n\t\t\t\t<\/div>\r\n\t\t\t<\/div>\r\n\t\t\t[\/vc_column_text][\/vc_column][\/vc_row][vc_row content_aligment=\u00a0\u00bbcenter\u00a0\u00bb css=\u00a0\u00bb.vc_custom_1701418438668{background-position: 0 0 !important;background-repeat: no-repeat !important;}\u00a0\u00bb][vc_column][vc_row_inner content_width=\u00a0\u00bbgrid\u00a0\u00bb css_animation=\u00a0\u00bbedgtf-element-from-top\u00a0\u00bb][vc_column_inner][vc_column_text]<\/p>\n<p style=\"font-size: 24px; line-height: 32px; color: #888888; font-weight: 600; text-align: center;\"><span style=\"color: #000000;\">SALWO est une fondation \u00e0 vocation \u00e9ducative, sans but lucratif et de port\u00e9e mondiale, plac\u00e9e sous le patronage d&rsquo;<span style=\"color: #ffb421;\"><a style=\"color: #ffb421;\" href=\"https:\/\/at3w.com\/fr\" target=\"_blank\" rel=\"noopener\">Aplicaciones Tecnol\u00f3gicas<\/a>.<\/span><\/span><\/p>\n<p>[\/vc_column_text]<div class=\"edgtf-separator-holder clearfix  edgtf-separator-center\">\n\t<div class=\"edgtf-separator\" style=\"border-color: #ffb422;width: 55px;border-bottom-width: 3px;margin-top: 25px;margin-bottom: 60px\"><\/div>\n<\/div>\n[\/vc_column_inner][\/vc_row_inner][\/vc_column][\/vc_row][vc_row content_aligment=\u00a0\u00bbcenter\u00a0\u00bb css=\u00a0\u00bb.vc_custom_1705661558194{margin-bottom: 80px !important;padding-top: 40px !important;padding-bottom: 40px !important;background-color: #f6f4ee !important;background-position: 0 0 !important;background-repeat: no-repeat !important;}\u00a0\u00bb][vc_column][vc_row_inner content_width=\u00a0\u00bbgrid\u00a0\u00bb css_animation=\u00a0\u00bbedgtf-element-from-top\u00a0\u00bb][vc_column_inner width=\u00a0\u00bb1\/2&Prime;][vc_empty_space height=\u00a0\u00bb80px\u00a0\u00bb][vc_column_text]<\/p>\n<p style=\"font-size: 18px; line-height: 28px; color: #888888; text-align: left;\"><strong><span style=\"color: #000000;\">SALWO a \u00e9t\u00e9 cr\u00e9\u00e9e pour r\u00e9pondre au besoin de formation et de sensibilisation au comportement individuel face aux risques d&rsquo;orage :<\/span><\/strong><\/p>\n<p>[\/vc_column_text][vc_empty_space height=\u00a0\u00bb20px\u00a0\u00bb]<div class=\"edgtf-unordered-list  edgtf-circle\" >\n<ul>\n<li><span style=\"color: #000000;\">Chaque ann\u00e9e, la foudre est responsable de 19 500 morts et plus de 240 000 bless\u00e9s dans le monde.<\/span><\/li>\n<li><span style=\"color: #000000;\">La population ne dispose que de peu voire d&rsquo;aucune information officielle, pr\u00e9cise et v\u00e9rifi\u00e9e sur la n\u00e9cessit\u00e9 de se prot\u00e9ger contre la foudre et sur les mesures personnelles \u00e0 adopter en cas d&rsquo;orage.<\/span><\/li>\n<\/ul>\n<\/div>[\/vc_column_inner][vc_column_inner width=\u00a0\u00bb1\/2&Prime;]<div class=\"edgtf-counter-holder center\" >\n\n\t<span class=\"edgtf-counter zero\" >\n\t\t19500\t<\/span>\n\t\t\t<h4 class=\"edgtf-counter-title\"  >\n\t\t\tProvoqu\u00e9s par la foudre\t\t<\/h4>\n\t\t\t\t<p class=\"edgtf-counter-text\" >D\u00e9c\u00e8s<\/p>\n\t\n<\/div><div class=\"edgtf-counter-holder center\" >\n\n\t<span class=\"edgtf-counter zero\" >\n\t\t240000\t<\/span>\n\t\t\t<h4 class=\"edgtf-counter-title\"  >\n\t\t\tCaus\u00e9es par la foudre\t\t<\/h4>\n\t\t\t\t<p class=\"edgtf-counter-text\" >Blessures<\/p>\n\t\n<\/div>[\/vc_column_inner][\/vc_row_inner][\/vc_column][\/vc_row][vc_row content_aligment=\u00a0\u00bbcenter\u00a0\u00bb css=\u00a0\u00bb.vc_custom_1701418146744{background-position: 0 0 !important;background-repeat: no-repeat !important;}\u00a0\u00bb][vc_column][vc_row_inner content_width=\u00a0\u00bbgrid\u00a0\u00bb css_animation=\u00a0\u00bbedgtf-element-from-top\u00a0\u00bb][vc_column_inner][vc_column_text css_animation=\u00a0\u00bbnone\u00a0\u00bb]<\/p>\n<h3 style=\"text-align: center;\">Savoir comment r\u00e9agir en cas d&rsquo;orage permet de sauver des vies<\/h3>\n<p>[\/vc_column_text]<div class=\"edgtf-separator-holder clearfix  edgtf-separator-center\">\n\t<div class=\"edgtf-separator\" style=\"border-color: #ffb422;width: 55px;border-bottom-width: 3px;margin-top: 25px;margin-bottom: 60px\"><\/div>\n<\/div>\n[\/vc_column_inner][\/vc_row_inner][vc_row_inner content_width=\u00a0\u00bbgrid\u00a0\u00bb css_animation=\u00a0\u00bbedgtf-element-from-top\u00a0\u00bb][vc_column_inner]<div class=\"edgtf-project-presentation presentation-right edgtf-project-presentation-light\">\n    <div class=\"edgtf-pp-content-holder\">\n        <div class=\"edgtf-pp-content-left\">\n            <div class=\"edgtf-pp-gallery\">\n                <div class=\"edgtf-pp-gallery-slider\" data-autoplay=\"3\" data-pagination=\"yes\">\n                    <img loading=\"lazy\" decoding=\"async\" width=\"650\" height=\"434\" src=\"https:\/\/salwo.org\/wp-content\/uploads\/conducta-segura-salwo-3.jpg\" class=\"attachment-full size-full\" alt=\"\" srcset=\"https:\/\/salwo.org\/wp-content\/uploads\/conducta-segura-salwo-3.jpg 650w, https:\/\/salwo.org\/wp-content\/uploads\/conducta-segura-salwo-3-300x200.jpg 300w\" sizes=\"auto, (max-width: 650px) 100vw, 650px\" \/><img loading=\"lazy\" decoding=\"async\" width=\"650\" height=\"434\" src=\"https:\/\/salwo.org\/wp-content\/uploads\/conducta-segura-salwo-2.jpg\" class=\"attachment-full size-full\" alt=\"\" srcset=\"https:\/\/salwo.org\/wp-content\/uploads\/conducta-segura-salwo-2.jpg 650w, https:\/\/salwo.org\/wp-content\/uploads\/conducta-segura-salwo-2-300x200.jpg 300w\" sizes=\"auto, (max-width: 650px) 100vw, 650px\" \/><img loading=\"lazy\" decoding=\"async\" width=\"650\" height=\"434\" src=\"https:\/\/salwo.org\/wp-content\/uploads\/conducta-segura-salwo-4.jpg\" class=\"attachment-full size-full\" alt=\"\" srcset=\"https:\/\/salwo.org\/wp-content\/uploads\/conducta-segura-salwo-4.jpg 650w, https:\/\/salwo.org\/wp-content\/uploads\/conducta-segura-salwo-4-300x200.jpg 300w\" sizes=\"auto, (max-width: 650px) 100vw, 650px\" \/><img loading=\"lazy\" decoding=\"async\" width=\"650\" height=\"434\" src=\"https:\/\/salwo.org\/wp-content\/uploads\/conducta-segura-salwo-1.jpg\" class=\"attachment-full size-full\" alt=\"\" srcset=\"https:\/\/salwo.org\/wp-content\/uploads\/conducta-segura-salwo-1.jpg 650w, https:\/\/salwo.org\/wp-content\/uploads\/conducta-segura-salwo-1-300x200.jpg 300w\" sizes=\"auto, (max-width: 650px) 100vw, 650px\" \/>                <\/div>\n            <\/div>\n        <\/div>\n        <div class=\"edgtf-pp-content-right\">\n            <div class=\"edgtf-pp-text-holder\" style=\"background-image: url(https:\/\/salwo.org\/wp-content\/uploads\/2023\/11\/fono-llamadas.jpg)\">\n                                <h4 class=\"edgtf-pp-title\">\n                    Mais il est n\u00e9cessaire de disposer d&#039;une \u00e9ducation ad\u00e9quate sur les normes de conduite individuelle \u00e0 suivre.                <\/h4>\n                                                    <p class=\"edgtf-pp-subtitle\">\n                        SALWO se charge de former et d&#039;informer les personnes dans le but de sauver des vies et de minimiser les accidents caus\u00e9s par les mauvaises conduites individuelles adopt\u00e9es pendant les orages \u00e9lectriques.                    <\/p>\n                \t                        <\/div>\n        <\/div>\n    <\/div>\n<\/div>[\/vc_column_inner][\/vc_row_inner][vc_empty_space height=\u00a0\u00bb60px\u00a0\u00bb][\/vc_column][\/vc_row][vc_row css_animation=\u00a0\u00bbedgtf-element-from-top\u00a0\u00bb css=\u00a0\u00bb.vc_custom_1701255410515{padding-top: 80px !important;background-color: #f6f4ee !important;}\u00a0\u00bb][vc_column][vc_row_inner content_width=\u00a0\u00bbgrid\u00a0\u00bb][vc_column_inner][vc_column_text css_animation=\u00a0\u00bbnone\u00a0\u00bb]<\/p>\n<h2 style=\"text-align: center;\">Mission<\/h2>\n<p>[\/vc_column_text][vc_empty_space height=\u00a0\u00bb14px\u00a0\u00bb][vc_column_text]<\/p>\n<p style=\"text-align: center; font-size: 18px; line-height: 30px; color: #888;\">La mission de SALWO est de former et d&rsquo;informer les personnes de mani\u00e8re d\u00e9sint\u00e9ress\u00e9e afin de <strong>pr\u00e9venir et de minimiser les accidents r\u00e9sultant de comportements inadapt\u00e9s<\/strong> lors d&rsquo;orages.<\/p>\n<p>[\/vc_column_text]<div class=\"edgtf-separator-holder clearfix  edgtf-separator-center\">\n\t<div class=\"edgtf-separator\" style=\"border-color: #ffb422;width: 55px;border-bottom-width: 3px;margin-top: 25px;margin-bottom: 60px\"><\/div>\n<\/div>\n[\/vc_column_inner][\/vc_row_inner][\/vc_column][\/vc_row][vc_row css_animation=\u00a0\u00bbedgtf-element-from-top\u00a0\u00bb content_width=\u00a0\u00bbgrid\u00a0\u00bb css=\u00a0\u00bb.vc_custom_1701255442921{padding-bottom: 100px !important;background-color: #f6f4ee !important;background-position: center !important;background-repeat: no-repeat !important;background-size: cover !important;}\u00a0\u00bb][vc_column offset=\u00a0\u00bbvc_col-lg-4 vc_col-md-12 vc_col-xs-12&Prime;][vc_single_image image=\u00a0\u00bb18216&Prime; img_size=\u00a0\u00bb250&#215;250&Prime;]<div class=\"edgtf-elements-holder edgtf-responsive-mode-768\" ><div class=\"edgtf-elements-holder-item \" data-item-class=\"edgtf-elements-holder-custom-812617\" data-1280-1600=\"2% 0% 2% 2%\" data-1024-1280=\"2% 2% 2% 2%\" data-768-1024=\"2% 2% 2% 2%\" data-600-768=\"2% 2% 2% 2%\" data-480-600=\"2% 2% 2% 2%\" data-480=\"2% 2% 2% 2%\" >\n\t\t<div class=\"edgtf-elements-holder-item-inner\">\n\t\t<div class=\"edgtf-elements-holder-item-content edgtf-elements-holder-custom-812617\" style=\"padding: 2% 2% 2% 2%\">\n\t\t\t<h3 class=\"edgtf-title-with-number\" >\n\t<span class=\"edgtf-twn-number\">01<\/span>Formation<\/h3>[vc_empty_space height=\u00a0\u00bb35px\u00a0\u00bb][vc_column_text]SALWO met \u00e0 disposition gratuitement des ressources num\u00e9riques aux institutions publiques et priv\u00e9es ainsi qu&rsquo;aux professionnels de l&rsquo;\u00e9ducation. De plus, elle propose des formations sur mesure lorsque les risques li\u00e9s \u00e0 la foudre repr\u00e9sentent un r\u00e9el danger pour la population. Gr\u00e2ce \u00e0 ces ressources, SALWO vise \u00e0 \u00e9duquer la population, en particulier dans les environnements les plus sensibles et les plus vuln\u00e9rables.[\/vc_column_text]\t\t<\/div>\n\t<\/div>\n\t<\/div><\/div>[\/vc_column][vc_column offset=\u00a0\u00bbvc_col-lg-4 vc_col-md-12 vc_col-xs-12&Prime;][vc_single_image image=\u00a0\u00bb18218&Prime; img_size=\u00a0\u00bb250&#215;250&Prime;]<div class=\"edgtf-elements-holder edgtf-responsive-mode-768\" ><div class=\"edgtf-elements-holder-item \" data-item-class=\"edgtf-elements-holder-custom-867772\" data-1280-1600=\"2% 2% 2% 2%\" data-1024-1280=\"2% 2% 2% 2%\" data-768-1024=\"2% 2% 2% 2%\" data-600-768=\"2% 2% 2% 2%\" data-480-600=\"2% 2% 2% 2%\" data-480=\"2% 2% 2% 2%\" >\n\t\t<div class=\"edgtf-elements-holder-item-inner\">\n\t\t<div class=\"edgtf-elements-holder-item-content edgtf-elements-holder-custom-867772\" style=\"padding: 2% 2% 2% 2%\">\n\t\t\t<h3 class=\"edgtf-title-with-number\" >\n\t<span class=\"edgtf-twn-number\">02<\/span>Diffusion<\/h3>[vc_empty_space height=\u00a0\u00bb35px\u00a0\u00bb][vc_column_text]SALWO diffuse des informations sur les dangers de la foudre, tout en enseignant aux individus des pratiques de comportement s\u00fbres qui r\u00e9duisent le risque de blessure et des mesures de premier soin. Les institutions engag\u00e9es dans la sensibilisation et l&rsquo;\u00e9ducation de la population partagent notre responsabilit\u00e9 dans la diffusion des connaissances sur les comportements personnels appropri\u00e9s pour se prot\u00e9ger de la foudre.[\/vc_column_text]\t\t<\/div>\n\t<\/div>\n\t<\/div><\/div>[\/vc_column][vc_column offset=\u00a0\u00bbvc_col-lg-4 vc_col-md-12 vc_col-xs-12&Prime;][vc_single_image image=\u00a0\u00bb18220&Prime; img_size=\u00a0\u00bb250&#215;250&Prime;]<div class=\"edgtf-elements-holder edgtf-responsive-mode-768\" ><div class=\"edgtf-elements-holder-item \" data-item-class=\"edgtf-elements-holder-custom-859497\" data-1280-1600=\"2% 2% 2% 2%\" data-1024-1280=\"2% 2% 2% 2%\" data-768-1024=\"2% 2% 2% 2%\" data-600-768=\"2% 2% 2% 2%\" data-480-600=\"2% 2% 2% 2%\" data-480=\"2% 2% 2% 2%\" >\n\t\t<div class=\"edgtf-elements-holder-item-inner\">\n\t\t<div class=\"edgtf-elements-holder-item-content edgtf-elements-holder-custom-859497\" style=\"padding: 2% 2% 2% 2%\">\n\t\t\t<h3 class=\"edgtf-title-with-number\" >\n\t<span class=\"edgtf-twn-number\">03<\/span>Sauver des vies<\/h3>[vc_empty_space height=\u00a0\u00bb35px\u00a0\u00bb][vc_column_text]<strong>La mission de SALWO est de former par l&rsquo;\u00e9ducation pour sauver des vies humaines<\/strong> : comprendre le ph\u00e9nom\u00e8ne de la foudre permet aux personnes de prendre des mesures pr\u00e9ventives individuelles et de se prot\u00e9ger.[\/vc_column_text]\t\t<\/div>\n\t<\/div>\n\t<\/div><\/div>[\/vc_column][\/vc_row][vc_row content_aligment=\u00a0\u00bbcenter\u00a0\u00bb css=\u00a0\u00bb.vc_custom_1700127770192{background-color: #ffb421 !important;}\u00a0\u00bb][vc_column][vc_row_inner][vc_column_inner]\t<div class=\"edgtf-container-inner\">\n\t<div class=\"edgtf-call-to-action normal\" style=\"background-color: #ffb421;\">\n\n\t\t\t\t\t<div class=\"edgtf-call-to-action-row-75-25 clearfix\" style=\"padding: 65px 0 63px 0;\">\n\t\t\t\t\t\t<div class=\"edgtf-text-wrapper edgtf-call-to-action-column1 edgtf-call-to-action-cell left\">\n\t\t\t\t\t<div class=\"edgtf-call-to-action-text\" style=\"text-align: left\">\n<h3 style=\"font-weight: bold;\"><span style=\"color: #000000;\">L&rsquo;engagement conjoint des institutions et de SALWO dans la diffusion des normes individuelles de s\u00e9curit\u00e9 \u00e9vite les accidents mortels.<\/span><\/h3>\n\t\t\t\t\t\t\t\t\t\t\t<\/div>\n\t\t\t\t<\/div>\n\n\t\t\t\t\t\t\t\t\t<div class=\"edgtf-button-wrapper edgtf-call-to-action-column2 edgtf-call-to-action-cell\" style =\"text-align: right ;\">\n\t\t\t\t\t\t<a itemprop=\"url\" href=\"\/fr\/contact\/\" target=\"_blank\" style=\"color: #ffb421;background-color: #000000;border-color: #000000\" class=\"edgtf-btn edgtf-btn-large edgtf-btn-outline-light edgtf-btn-custom-hover-bg edgtf-btn-custom-border-hover edgtf-btn-custom-hover-color\" data-hover-bg-color=\"#ffffff\" data-hover-color=\"#212121\" data-hover-border-color=\"#ffffff\" >\t<span class=\"edgtf-btn-text\">CONTACTEZ-NOUS<\/span>    <\/a>\t\t\t\t\t<\/div>\n\t\t\t\t\t\t\t<\/div>\n\t\t\t<\/div>\n\t<\/div>\n[\/vc_column_inner][\/vc_row_inner][\/vc_column][\/vc_row]<\/p>\n","protected":false},"excerpt":{"rendered":"<p>[vc_row content_width=\u00a0\u00bbgrid\u00a0\u00bb content_aligment=\u00a0\u00bbcenter\u00a0\u00bb css=\u00a0\u00bb.vc_custom_1702458976789{margin-top: 0px !important;margin-bottom: 0px !important;padding-top: 0px !important;padding-bottom: 40px !important;background-position: 0 0 !important;background-repeat: no-repeat !important;}\u00a0\u00bb][vc_column css=\u00a0\u00bb.vc_custom_1702458939347{margin-top: 0px !important;margin-bottom: 0px !important;padding-top: 0px !important;padding-bottom: 0px !important;}\u00a0\u00bb][vc_column_text css=\u00a0\u00bb.vc_custom_1702458949732{margin-top: 0px !important;margin-bottom: 0px !important;padding-top: 0px !important;padding-bottom: 0px !important;}\u00a0\u00bb][\/vc_column_text][\/vc_column][\/vc_row][vc_row content_aligment=\u00a0\u00bbcenter\u00a0\u00bb css=\u00a0\u00bb.vc_custom_1701418438668{background-position: 0 0 !important;background-repeat: no-repeat !important;}\u00a0\u00bb][vc_column][vc_row_inner content_width=\u00a0\u00bbgrid\u00a0\u00bb css_animation=\u00a0\u00bbedgtf-element-from-top\u00a0\u00bb][vc_column_inner][vc_column_text] SALWO est une fondation \u00e0 vocation \u00e9ducative, sans but lucratif et&#8230;<\/p>\n","protected":false},"author":2,"featured_media":0,"parent":0,"menu_order":0,"comment_status":"closed","ping_status":"closed","template":"full-width.php","meta":{"inline_featured_image":false,"footnotes":""},"class_list":["post-21021","page","type-page","status-publish","hentry"],"yoast_head":"<!-- This site is optimized with the Yoast SEO Premium plugin v26.2 (Yoast SEO v26.2) - https:\/\/yoast.com\/wordpress\/plugins\/seo\/ -->\n<title>\u00c0 propos de nous - SALWO<\/title>\n<meta name=\"robots\" content=\"index, follow, max-snippet:-1, max-image-preview:large, max-video-preview:-1\" \/>\n<link rel=\"canonical\" href=\"https:\/\/salwo.org\/fr\/a-propos-de-nous\/\" \/>\n<meta property=\"og:locale\" content=\"fr_FR\" \/>\n<meta property=\"og:type\" content=\"article\" \/>\n<meta property=\"og:title\" content=\"\u00c0 propos de nous\" \/>\n<meta property=\"og:description\" content=\"[vc_row content_width=\u00a0\u00bbgrid\u00a0\u00bb content_aligment=\u00a0\u00bbcenter\u00a0\u00bb css=\u00a0\u00bb.vc_custom_1702458976789{margin-top: 0px !important;margin-bottom: 0px !important;padding-top: 0px !important;padding-bottom: 40px !important;background-position: 0 0 !important;background-repeat: no-repeat !important;}\u00a0\u00bb][vc_column css=\u00a0\u00bb.vc_custom_1702458939347{margin-top: 0px !important;margin-bottom: 0px !important;padding-top: 0px !important;padding-bottom: 0px !important;}\u00a0\u00bb][vc_column_text css=\u00a0\u00bb.vc_custom_1702458949732{margin-top: 0px !important;margin-bottom: 0px !important;padding-top: 0px !important;padding-bottom: 0px !important;}\u00a0\u00bb][\/vc_column_text][\/vc_column][\/vc_row][vc_row content_aligment=\u00a0\u00bbcenter\u00a0\u00bb css=\u00a0\u00bb.vc_custom_1701418438668{background-position: 0 0 !important;background-repeat: no-repeat !important;}\u00a0\u00bb][vc_column][vc_row_inner content_width=\u00a0\u00bbgrid\u00a0\u00bb css_animation=\u00a0\u00bbedgtf-element-from-top\u00a0\u00bb][vc_column_inner][vc_column_text] SALWO est une fondation \u00e0 vocation \u00e9ducative, sans but lucratif et...\" \/>\n<meta property=\"og:url\" content=\"https:\/\/salwo.org\/fr\/a-propos-de-nous\/\" \/>\n<meta property=\"og:site_name\" content=\"SALWO\" \/>\n<meta property=\"article:modified_time\" content=\"2024-03-26T16:03:29+00:00\" \/>\n<meta name=\"twitter:card\" content=\"summary_large_image\" \/>\n<meta name=\"twitter:label1\" content=\"Dur\u00e9e de lecture estim\u00e9e\" \/>\n\t<meta name=\"twitter:data1\" content=\"3 minutes\" \/>\n<script type=\"application\/ld+json\" class=\"yoast-schema-graph\">{\"@context\":\"https:\/\/schema.org\",\"@graph\":[{\"@type\":\"WebPage\",\"@id\":\"https:\/\/salwo.org\/fr\/a-propos-de-nous\/\",\"url\":\"https:\/\/salwo.org\/fr\/a-propos-de-nous\/\",\"name\":\"\u00c0 propos de nous - SALWO\",\"isPartOf\":{\"@id\":\"https:\/\/salwo.org\/fr\/#website\"},\"datePublished\":\"2017-03-30T05:03:58+00:00\",\"dateModified\":\"2024-03-26T16:03:29+00:00\",\"breadcrumb\":{\"@id\":\"https:\/\/salwo.org\/fr\/a-propos-de-nous\/#breadcrumb\"},\"inLanguage\":\"fr-FR\",\"potentialAction\":[{\"@type\":\"ReadAction\",\"target\":[\"https:\/\/salwo.org\/fr\/a-propos-de-nous\/\"]}]},{\"@type\":\"BreadcrumbList\",\"@id\":\"https:\/\/salwo.org\/fr\/a-propos-de-nous\/#breadcrumb\",\"itemListElement\":[{\"@type\":\"ListItem\",\"position\":1,\"name\":\"Portada\",\"item\":\"https:\/\/salwo.org\/fr\/\"},{\"@type\":\"ListItem\",\"position\":2,\"name\":\"\u00c0 propos de nous\"}]},{\"@type\":\"WebSite\",\"@id\":\"https:\/\/salwo.org\/fr\/#website\",\"url\":\"https:\/\/salwo.org\/fr\/\",\"name\":\"SALWO\",\"description\":\"Safe Against Lightning Worldwide Organization\",\"potentialAction\":[{\"@type\":\"SearchAction\",\"target\":{\"@type\":\"EntryPoint\",\"urlTemplate\":\"https:\/\/salwo.org\/fr\/?s={search_term_string}\"},\"query-input\":{\"@type\":\"PropertyValueSpecification\",\"valueRequired\":true,\"valueName\":\"search_term_string\"}}],\"inLanguage\":\"fr-FR\"}]}<\/script>\n<!-- \/ Yoast SEO Premium plugin. -->","yoast_head_json":{"title":"\u00c0 propos de nous - SALWO","robots":{"index":"index","follow":"follow","max-snippet":"max-snippet:-1","max-image-preview":"max-image-preview:large","max-video-preview":"max-video-preview:-1"},"canonical":"https:\/\/salwo.org\/fr\/a-propos-de-nous\/","og_locale":"fr_FR","og_type":"article","og_title":"\u00c0 propos de nous","og_description":"[vc_row content_width=\u00a0\u00bbgrid\u00a0\u00bb content_aligment=\u00a0\u00bbcenter\u00a0\u00bb css=\u00a0\u00bb.vc_custom_1702458976789{margin-top: 0px !important;margin-bottom: 0px !important;padding-top: 0px !important;padding-bottom: 40px !important;background-position: 0 0 !important;background-repeat: no-repeat !important;}\u00a0\u00bb][vc_column css=\u00a0\u00bb.vc_custom_1702458939347{margin-top: 0px !important;margin-bottom: 0px !important;padding-top: 0px !important;padding-bottom: 0px !important;}\u00a0\u00bb][vc_column_text css=\u00a0\u00bb.vc_custom_1702458949732{margin-top: 0px !important;margin-bottom: 0px !important;padding-top: 0px !important;padding-bottom: 0px !important;}\u00a0\u00bb][\/vc_column_text][\/vc_column][\/vc_row][vc_row content_aligment=\u00a0\u00bbcenter\u00a0\u00bb css=\u00a0\u00bb.vc_custom_1701418438668{background-position: 0 0 !important;background-repeat: no-repeat !important;}\u00a0\u00bb][vc_column][vc_row_inner content_width=\u00a0\u00bbgrid\u00a0\u00bb css_animation=\u00a0\u00bbedgtf-element-from-top\u00a0\u00bb][vc_column_inner][vc_column_text] SALWO est une fondation \u00e0 vocation \u00e9ducative, sans but lucratif et...","og_url":"https:\/\/salwo.org\/fr\/a-propos-de-nous\/","og_site_name":"SALWO","article_modified_time":"2024-03-26T16:03:29+00:00","twitter_card":"summary_large_image","twitter_misc":{"Dur\u00e9e de lecture estim\u00e9e":"3 minutes"},"schema":{"@context":"https:\/\/schema.org","@graph":[{"@type":"WebPage","@id":"https:\/\/salwo.org\/fr\/a-propos-de-nous\/","url":"https:\/\/salwo.org\/fr\/a-propos-de-nous\/","name":"\u00c0 propos de nous - SALWO","isPartOf":{"@id":"https:\/\/salwo.org\/fr\/#website"},"datePublished":"2017-03-30T05:03:58+00:00","dateModified":"2024-03-26T16:03:29+00:00","breadcrumb":{"@id":"https:\/\/salwo.org\/fr\/a-propos-de-nous\/#breadcrumb"},"inLanguage":"fr-FR","potentialAction":[{"@type":"ReadAction","target":["https:\/\/salwo.org\/fr\/a-propos-de-nous\/"]}]},{"@type":"BreadcrumbList","@id":"https:\/\/salwo.org\/fr\/a-propos-de-nous\/#breadcrumb","itemListElement":[{"@type":"ListItem","position":1,"name":"Portada","item":"https:\/\/salwo.org\/fr\/"},{"@type":"ListItem","position":2,"name":"\u00c0 propos de nous"}]},{"@type":"WebSite","@id":"https:\/\/salwo.org\/fr\/#website","url":"https:\/\/salwo.org\/fr\/","name":"SALWO","description":"Safe Against Lightning Worldwide Organization","potentialAction":[{"@type":"SearchAction","target":{"@type":"EntryPoint","urlTemplate":"https:\/\/salwo.org\/fr\/?s={search_term_string}"},"query-input":{"@type":"PropertyValueSpecification","valueRequired":true,"valueName":"search_term_string"}}],"inLanguage":"fr-FR"}]}},"_links":{"self":[{"href":"https:\/\/salwo.org\/fr\/wp-json\/wp\/v2\/pages\/21021","targetHints":{"allow":["GET"]}}],"collection":[{"href":"https:\/\/salwo.org\/fr\/wp-json\/wp\/v2\/pages"}],"about":[{"href":"https:\/\/salwo.org\/fr\/wp-json\/wp\/v2\/types\/page"}],"author":[{"embeddable":true,"href":"https:\/\/salwo.org\/fr\/wp-json\/wp\/v2\/users\/2"}],"replies":[{"embeddable":true,"href":"https:\/\/salwo.org\/fr\/wp-json\/wp\/v2\/comments?post=21021"}],"version-history":[{"count":9,"href":"https:\/\/salwo.org\/fr\/wp-json\/wp\/v2\/pages\/21021\/revisions"}],"predecessor-version":[{"id":21100,"href":"https:\/\/salwo.org\/fr\/wp-json\/wp\/v2\/pages\/21021\/revisions\/21100"}],"wp:attachment":[{"href":"https:\/\/salwo.org\/fr\/wp-json\/wp\/v2\/media?parent=21021"}],"curies":[{"name":"wp","href":"https:\/\/api.w.org\/{rel}","templated":true}]}}