
{"id":21031,"date":"2023-11-17T09:51:52","date_gmt":"2023-11-17T08:51:52","guid":{"rendered":"https:\/\/salwo.org\/safe-against-lightning-worldwide-organization\/recursos-para-instituciones\/"},"modified":"2024-03-25T12:24:45","modified_gmt":"2024-03-25T11:24:45","slug":"ressources-pour-institutions","status":"publish","type":"page","link":"https:\/\/salwo.org\/fr\/ressources-pour-institutions\/","title":{"rendered":"Ressources pour institutions"},"content":{"rendered":"<p>[vc_row content_width=\u00a0\u00bbgrid\u00a0\u00bb content_aligment=\u00a0\u00bbcenter\u00a0\u00bb css=\u00a0\u00bb.vc_custom_1702459504194{margin-top: 0px !important;margin-bottom: 0px !important;padding-top: 0px !important;padding-bottom: 40px !important;}\u00a0\u00bb][vc_column css=\u00a0\u00bb.vc_custom_1702459336976{margin-top: 0px !important;margin-bottom: 0px !important;padding-top: 0px !important;padding-bottom: 0px !important;}\u00a0\u00bb][vc_column_text css=\u00a0\u00bb.vc_custom_1702459346759{margin-top: 0px !important;margin-bottom: 0px !important;padding-top: 0px !important;padding-bottom: 0px !important;}\u00a0\u00bb]\t\t\t<!-- Flexy Breadcrumb -->\r\n\t\t\t<div class=\"fbc fbc-page\">\r\n\r\n\t\t\t\t<!-- Breadcrumb wrapper -->\r\n\t\t\t\t<div class=\"fbc-wrap\">\r\n\r\n\t\t\t\t\t<!-- Ordered list-->\r\n\t\t\t\t\t<ol class=\"fbc-items\" itemscope itemtype=\"https:\/\/schema.org\/BreadcrumbList\">\r\n\t\t\t\t\t\t            <li itemprop=\"itemListElement\" itemscope itemtype=\"https:\/\/schema.org\/ListItem\">\r\n                <span itemprop=\"name\">\r\n                    <!-- Home Link -->\r\n                    <a itemprop=\"item\" href=\"https:\/\/salwo.org\">\r\n                    \r\n                                                    <i class=\"fa fa-home\" aria-hidden=\"true\"><\/i>Safe Against Lightning Worldwide                    <\/a>\r\n                <\/span>\r\n                <meta itemprop=\"position\" content=\"1\" \/><!-- Meta Position-->\r\n             <\/li><li><span class=\"fbc-separator\">\/<\/span><\/li><li class=\"active\" itemprop=\"itemListElement\" itemscope itemtype=\"https:\/\/schema.org\/ListItem\"><span itemprop=\"name\" title=\"Ultimas noticias\">Ultimas noticias<\/span><meta itemprop=\"position\" content=\"2\" \/><\/li>\t\t\t\t\t<\/ol>\r\n\t\t\t\t\t<div class=\"clearfix\"><\/div>\r\n\t\t\t\t<\/div>\r\n\t\t\t<\/div>\r\n\t\t\t[\/vc_column_text][\/vc_column][\/vc_row][vc_row content_width=\u00a0\u00bbgrid\u00a0\u00bb content_aligment=\u00a0\u00bbcenter\u00a0\u00bb css=\u00a0\u00bb.vc_custom_1700211495959{padding-top: 0px !important;padding-bottom: 80px !important;}\u00a0\u00bb][vc_column][vc_row_inner css_animation=\u00a0\u00bbedgtf-element-from-top\u00a0\u00bb][vc_column_inner width=\u00a0\u00bb1\/6&Prime;][\/vc_column_inner][vc_column_inner width=\u00a0\u00bb2\/3&Prime;][vc_column_text]<\/p>\n<h2 style=\"text-align: center; font-size: 26px; font-family: Open Sans; font-weight: 600;\">SALWO propose des ressources \u00e9ducatives num\u00e9riques sur les orages et les comportements individuels \u00e0 adopter pour r\u00e9duire le risque d&rsquo;\u00eatre frapp\u00e9 par la foudre.<\/h2>\n<p>[\/vc_column_text][\/vc_column_inner][vc_column_inner width=\u00a0\u00bb1\/6&Prime;][\/vc_column_inner][\/vc_row_inner]<div class=\"edgtf-separator-holder clearfix  edgtf-separator-center\">\n\t<div class=\"edgtf-separator\" style=\"border-color: #ffb422;width: 55px;border-bottom-width: 3px;margin-top: 25px\"><\/div>\n<\/div>\n[\/vc_column][\/vc_row][vc_row content_width=\u00a0\u00bbgrid\u00a0\u00bb content_aligment=\u00a0\u00bbcenter\u00a0\u00bb css=\u00a0\u00bb.vc_custom_1700211495959{padding-top: 0px !important;padding-bottom: 80px !important;}\u00a0\u00bb][vc_column][vc_row_inner css_animation=\u00a0\u00bbedgtf-element-from-top\u00a0\u00bb][vc_column_inner width=\u00a0\u00bb1\/2&Prime;][vc_column_text]<\/p>\n<p style=\"font-size: 18px; line-height: 24px; color: #888888; text-align: left;\">SALWO s&rsquo;adresse aux institutions engag\u00e9es dans la pr\u00e9vention des pertes de vies humaines face aux risques d&rsquo;orage \u00e9lectrique<\/p>\n<p>[\/vc_column_text][vc_empty_space height=\u00a0\u00bb20px\u00a0\u00bb]<div class=\"edgtf-unordered-list  edgtf-circle edgtf-animate-list\" style=\"padding-left: 10pxpx;font-size: 14px\">\n<ul>\n<li>Minist\u00e8res de l&rsquo;\u00c9ducation.<\/li>\n<li>Minist\u00e8res du Travail.<\/li>\n<li>Minist\u00e8res de l&rsquo;Agriculture, de l&rsquo;\u00c9levage et de la P\u00eache.<\/li>\n<li>Minist\u00e8res de l&rsquo;Int\u00e9rieur.<\/li>\n<li>Forces de s\u00e9curit\u00e9.<\/li>\n<li>Etc<\/li>\n<\/ul>\n<\/div>[vc_empty_space height=\u00a0\u00bb40px\u00a0\u00bb][\/vc_column_inner][vc_column_inner width=\u00a0\u00bb1\/2&Prime;][vc_single_image image=\u00a0\u00bb18932&Prime; img_size=\u00a0\u00bbfull\u00a0\u00bb][\/vc_column_inner][\/vc_row_inner][\/vc_column][\/vc_row][vc_row css_animation=\u00a0\u00bbedgtf-element-from-top\u00a0\u00bb content_width=\u00a0\u00bbgrid\u00a0\u00bb css=\u00a0\u00bb.vc_custom_1701189140081{padding-bottom: 80px !important;background-color: #ffffff !important;background-position: center !important;background-repeat: no-repeat !important;background-size: cover !important;}\u00a0\u00bb][vc_column][vc_row_inner content_width=\u00a0\u00bbgrid\u00a0\u00bb content_aligment=\u00a0\u00bbcenter\u00a0\u00bb css=\u00a0\u00bb.vc_custom_1700218715098{padding-top: 0px !important;}\u00a0\u00bb][vc_column_inner][vc_single_image image=\u00a0\u00bb18020&Prime; img_size=\u00a0\u00bb200&#215;200&Prime; alignment=\u00a0\u00bbcenter\u00a0\u00bb][vc_column_text css_animation=\u00a0\u00bbnone\u00a0\u00bb]<\/p>\n<h2 style=\"text-align: center;\"><span lang=\"ES-TRAD\">Ressources num\u00e9riques<\/span><\/h2>\n<p>[\/vc_column_text][vc_empty_space height=\u00a0\u00bb14px\u00a0\u00bb][vc_column_text]<\/p>\n<p style=\"font-size: 16px; line-height: 20px; color: #888888; text-align: center;\">Diff\u00e9rents types de ressources num\u00e9riques et \u00e0 la demande, destin\u00e9es au secteur de l&rsquo;\u00e9ducation (adapt\u00e9es en fonction du niveau acad\u00e9mique), \u00e0 divers domaines professionnels et aux m\u00e9dias.<\/p>\n<p>[\/vc_column_text]<div class=\"edgtf-separator-holder clearfix  edgtf-separator-center\">\n\t<div class=\"edgtf-separator\" style=\"border-color: #ffb422;width: 55px;border-bottom-width: 3px;margin-top: 25px;margin-bottom: 60px\"><\/div>\n<\/div>\n[\/vc_column_inner][\/vc_row_inner][vc_row_inner content_width=\u00a0\u00bbgrid\u00a0\u00bb][vc_column_inner width=\u00a0\u00bb1\/2&Prime;][vc_gallery type=\u00a0\u00bbflexslider_slide\u00a0\u00bb interval=\u00a0\u00bb5&Prime; images=\u00a0\u00bb20856,20845,20850&Prime; img_size=\u00a0\u00bbmedium\u00a0\u00bb onclick=\u00a0\u00bb\u00a0\u00bb][\/vc_column_inner][vc_column_inner width=\u00a0\u00bb1\/2&Prime;][vc_empty_space height=\u00a0\u00bb80px\u00a0\u00bb][vc_column_text]Les institutions int\u00e9ress\u00e9es peuvent nous contacter pour demander des ressources num\u00e9riques sur mesure, aussi bien dans le domaine de l&rsquo;<strong>\u00e9ducation<\/strong>, segment\u00e9es par \u00e2ge, que dans le domaine <strong>du travail en ext\u00e9rieur<\/strong>, cibl\u00e9es sp\u00e9cifiquement sur les besoins d&rsquo;un secteur d&rsquo;activit\u00e9 particulier, incluant du <strong>mat\u00e9riel audiovisuel<\/strong> et destin\u00e9 \u00e0 la <strong>presse.<\/strong><\/p>\n<p>peuvent \u00e9galement collaborer \u00e0 la traduction de ces ressources dans les langues de leur pays.[\/vc_column_text][vc_empty_space height=\u00a0\u00bb40px\u00a0\u00bb]<a itemprop=\"url\" href=\"\/fr\/contact\/\" target=\"_blank\"  class=\"edgtf-btn edgtf-btn-medium edgtf-btn-solid edgtf-btn-custom-hover-bg edgtf-btn-custom-border-hover edgtf-btn-custom-hover-color\" data-hover-bg-color=\"#000000\" data-hover-color=\"#ffb421\" data-hover-border-color=\"#000000\" >\n\t<span class=\"edgtf-btn-text\">Pour en savoir plus<\/span>\n    <\/a>[\/vc_column_inner][\/vc_row_inner][\/vc_column][\/vc_row][vc_row css_animation=\u00a0\u00bbedgtf-element-from-top\u00a0\u00bb css=\u00a0\u00bb.vc_custom_1701187452140{padding-top: 60px !important;padding-bottom: 80px !important;background-color: #f6f4ee !important;background-position: center !important;background-repeat: no-repeat !important;background-size: cover !important;}\u00a0\u00bb][vc_column][vc_row_inner content_width=\u00a0\u00bbgrid\u00a0\u00bb content_aligment=\u00a0\u00bbcenter\u00a0\u00bb css=\u00a0\u00bb.vc_custom_1700218715098{padding-top: 0px !important;}\u00a0\u00bb][vc_column_inner width=\u00a0\u00bb1\/2&Prime;][vc_single_image image=\u00a0\u00bb18017&Prime; img_size=\u00a0\u00bb200&#215;200&Prime; alignment=\u00a0\u00bbcenter\u00a0\u00bb][vc_column_text css_animation=\u00a0\u00bbnone\u00a0\u00bb]<\/p>\n<h2 style=\"text-align: center;\"><span lang=\"ES-TRAD\">Webinaires<\/span><\/h2>\n<p>[\/vc_column_text][vc_empty_space height=\u00a0\u00bb14px\u00a0\u00bb][vc_column_text]<\/p>\n<p style=\"font-size: 16px; line-height: 20px; color: #888888; text-align: center;\">Cours et formations en ligne gratuits pour sensibiliser le grand public aux mesures pr\u00e9ventives de base pour un comportement individuel ad\u00e9quat en cas de foudre.<\/p>\n<p>[\/vc_column_text]<div class=\"edgtf-separator-holder clearfix  edgtf-separator-center\">\n\t<div class=\"edgtf-separator\" style=\"border-color: #ffb422;width: 55px;border-bottom-width: 3px;margin-top: 25px;margin-bottom: 60px\"><\/div>\n<\/div>\n<a itemprop=\"url\" href=\"\/fr\/contact\/\" target=\"_blank\"  class=\"edgtf-btn edgtf-btn-medium edgtf-btn-solid edgtf-btn-custom-hover-bg edgtf-btn-custom-border-hover edgtf-btn-custom-hover-color\" data-hover-bg-color=\"#000000\" data-hover-color=\"#ffb421\" data-hover-border-color=\"#000000\" >\n\t<span class=\"edgtf-btn-text\">Pour en savoir plus<\/span>\n    <\/a>[vc_empty_space height=\u00a0\u00bb20px\u00a0\u00bb][\/vc_column_inner][vc_column_inner width=\u00a0\u00bb1\/2&Prime;][vc_single_image image=\u00a0\u00bb18018&Prime; img_size=\u00a0\u00bb200&#215;200&Prime; alignment=\u00a0\u00bbcenter\u00a0\u00bb][vc_column_text css_animation=\u00a0\u00bbnone\u00a0\u00bb]<\/p>\n<h2 style=\"text-align: center;\"><span lang=\"ES-TRAD\">Publications<\/span><\/h2>\n<p>[\/vc_column_text][vc_empty_space height=\u00a0\u00bb14px\u00a0\u00bb][vc_column_text]<\/p>\n<p style=\"font-size: 16px; line-height: 20px; color: #888888; text-align: center;\">Articles scientifiques sur la pr\u00e9vention des accidents li\u00e9s \u00e0 la foudre gr\u00e2ce \u00e0 l&rsquo;information et \u00e0 l&rsquo;\u00e9ducation sur les comportements individuels \u00e0 adopter.<\/p>\n<p>[\/vc_column_text]<div class=\"edgtf-separator-holder clearfix  edgtf-separator-center\">\n\t<div class=\"edgtf-separator\" style=\"border-color: #ffb422;width: 55px;border-bottom-width: 3px;margin-top: 25px;margin-bottom: 60px\"><\/div>\n<\/div>\n<a itemprop=\"url\" href=\"\/fr\/contact\/\" target=\"_blank\"  class=\"edgtf-btn edgtf-btn-medium edgtf-btn-solid edgtf-btn-custom-hover-bg edgtf-btn-custom-border-hover edgtf-btn-custom-hover-color\" data-hover-bg-color=\"#000000\" data-hover-color=\"#ffb421\" data-hover-border-color=\"#000000\" >\n\t<span class=\"edgtf-btn-text\">Pour en savoir plus<\/span>\n    <\/a>[vc_empty_space height=\u00a0\u00bb20px\u00a0\u00bb][\/vc_column_inner][\/vc_row_inner][\/vc_column][\/vc_row][vc_row content_aligment=\u00a0\u00bbcenter\u00a0\u00bb css=\u00a0\u00bb.vc_custom_1700479024874{background-color: #ffb421 !important;}\u00a0\u00bb][vc_column][vc_row_inner][vc_column_inner]\t<div class=\"edgtf-container-inner\">\n\t<div class=\"edgtf-call-to-action normal\" style=\"background-color: #ffb421;\">\n\n\t\t\t\t\t<div class=\"edgtf-call-to-action-row-75-25 clearfix\" style=\"padding: 65px 0 63px 0;\">\n\t\t\t\t\t\t<div class=\"edgtf-text-wrapper edgtf-call-to-action-column1 edgtf-call-to-action-cell left\">\n\t\t\t\t\t<div class=\"edgtf-call-to-action-text\" style=\"text-align: left\">\n<h3 style=\"font-weight: bold;\"><span style=\"color: #000000;\">L\u2019engagement conjoint des institutions et de SALWO dans la diffusion des r\u00e8gles de s\u00e9curit\u00e9 individuelles permet de pr\u00e9venir des accidents mortels.<\/span><\/h3>\n\t\t\t\t\t\t\t\t\t\t\t<\/div>\n\t\t\t\t<\/div>\n\n\t\t\t\t\t\t\t\t\t<div class=\"edgtf-button-wrapper edgtf-call-to-action-column2 edgtf-call-to-action-cell\" style =\"text-align: right ;\">\n\t\t\t\t\t\t<a itemprop=\"url\" href=\"\/fr\/contact\/\" target=\"_blank\" style=\"color: #ffb421;background-color: #000000;border-color: #000000\" class=\"edgtf-btn edgtf-btn-large edgtf-btn-outline-light edgtf-btn-custom-hover-bg edgtf-btn-custom-border-hover edgtf-btn-custom-hover-color\" data-hover-bg-color=\"#ffffff\" data-hover-color=\"#212121\" data-hover-border-color=\"#ffffff\" >\t<span class=\"edgtf-btn-text\">CONTACTEZ-NOUS<\/span>    <\/a>\t\t\t\t\t<\/div>\n\t\t\t\t\t\t\t<\/div>\n\t\t\t<\/div>\n\t<\/div>\n[\/vc_column_inner][\/vc_row_inner][\/vc_column][\/vc_row]<\/p>\n","protected":false},"excerpt":{"rendered":"<p>[vc_row content_width=\u00a0\u00bbgrid\u00a0\u00bb content_aligment=\u00a0\u00bbcenter\u00a0\u00bb css=\u00a0\u00bb.vc_custom_1702459504194{margin-top: 0px !important;margin-bottom: 0px !important;padding-top: 0px !important;padding-bottom: 40px !important;}\u00a0\u00bb][vc_column css=\u00a0\u00bb.vc_custom_1702459336976{margin-top: 0px !important;margin-bottom: 0px !important;padding-top: 0px !important;padding-bottom: 0px !important;}\u00a0\u00bb][vc_column_text css=\u00a0\u00bb.vc_custom_1702459346759{margin-top: 0px !important;margin-bottom: 0px !important;padding-top: 0px !important;padding-bottom: 0px !important;}\u00a0\u00bb][\/vc_column_text][\/vc_column][\/vc_row][vc_row content_width=\u00a0\u00bbgrid\u00a0\u00bb content_aligment=\u00a0\u00bbcenter\u00a0\u00bb css=\u00a0\u00bb.vc_custom_1700211495959{padding-top: 0px !important;padding-bottom: 80px !important;}\u00a0\u00bb][vc_column][vc_row_inner css_animation=\u00a0\u00bbedgtf-element-from-top\u00a0\u00bb][vc_column_inner width=\u00a0\u00bb1\/6&Prime;][\/vc_column_inner][vc_column_inner width=\u00a0\u00bb2\/3&Prime;][vc_column_text] SALWO propose des ressources \u00e9ducatives num\u00e9riques sur les orages et les comportements individuels \u00e0 adopter&#8230;<\/p>\n","protected":false},"author":2,"featured_media":0,"parent":0,"menu_order":0,"comment_status":"closed","ping_status":"closed","template":"full-width.php","meta":{"inline_featured_image":false,"footnotes":""},"class_list":["post-21031","page","type-page","status-publish","hentry"],"yoast_head":"<!-- This site is optimized with the Yoast SEO Premium plugin v26.2 (Yoast SEO v26.2) - https:\/\/yoast.com\/wordpress\/plugins\/seo\/ -->\n<title>Ressources pour institutions - SALWO<\/title>\n<meta name=\"robots\" content=\"index, follow, max-snippet:-1, max-image-preview:large, max-video-preview:-1\" \/>\n<link rel=\"canonical\" href=\"https:\/\/salwo.org\/fr\/ressources-pour-institutions\/\" \/>\n<meta property=\"og:locale\" content=\"fr_FR\" \/>\n<meta property=\"og:type\" content=\"article\" \/>\n<meta property=\"og:title\" content=\"Ressources pour institutions\" \/>\n<meta property=\"og:description\" content=\"[vc_row content_width=\u00a0\u00bbgrid\u00a0\u00bb content_aligment=\u00a0\u00bbcenter\u00a0\u00bb css=\u00a0\u00bb.vc_custom_1702459504194{margin-top: 0px !important;margin-bottom: 0px !important;padding-top: 0px !important;padding-bottom: 40px !important;}\u00a0\u00bb][vc_column css=\u00a0\u00bb.vc_custom_1702459336976{margin-top: 0px !important;margin-bottom: 0px !important;padding-top: 0px !important;padding-bottom: 0px !important;}\u00a0\u00bb][vc_column_text css=\u00a0\u00bb.vc_custom_1702459346759{margin-top: 0px !important;margin-bottom: 0px !important;padding-top: 0px !important;padding-bottom: 0px !important;}\u00a0\u00bb][\/vc_column_text][\/vc_column][\/vc_row][vc_row content_width=\u00a0\u00bbgrid\u00a0\u00bb content_aligment=\u00a0\u00bbcenter\u00a0\u00bb css=\u00a0\u00bb.vc_custom_1700211495959{padding-top: 0px !important;padding-bottom: 80px !important;}\u00a0\u00bb][vc_column][vc_row_inner css_animation=\u00a0\u00bbedgtf-element-from-top\u00a0\u00bb][vc_column_inner width=\u00a0\u00bb1\/6&Prime;][\/vc_column_inner][vc_column_inner width=\u00a0\u00bb2\/3&Prime;][vc_column_text] SALWO propose des ressources \u00e9ducatives num\u00e9riques sur les orages et les comportements individuels \u00e0 adopter...\" \/>\n<meta property=\"og:url\" content=\"https:\/\/salwo.org\/fr\/ressources-pour-institutions\/\" \/>\n<meta property=\"og:site_name\" content=\"SALWO\" \/>\n<meta property=\"article:modified_time\" content=\"2024-03-25T11:24:45+00:00\" \/>\n<meta name=\"twitter:card\" content=\"summary_large_image\" \/>\n<meta name=\"twitter:label1\" content=\"Dur\u00e9e de lecture estim\u00e9e\" \/>\n\t<meta name=\"twitter:data1\" content=\"3 minutes\" \/>\n<script type=\"application\/ld+json\" class=\"yoast-schema-graph\">{\"@context\":\"https:\/\/schema.org\",\"@graph\":[{\"@type\":\"WebPage\",\"@id\":\"https:\/\/salwo.org\/fr\/ressources-pour-institutions\/\",\"url\":\"https:\/\/salwo.org\/fr\/ressources-pour-institutions\/\",\"name\":\"Ressources pour institutions - SALWO\",\"isPartOf\":{\"@id\":\"https:\/\/salwo.org\/fr\/#website\"},\"datePublished\":\"2023-11-17T08:51:52+00:00\",\"dateModified\":\"2024-03-25T11:24:45+00:00\",\"breadcrumb\":{\"@id\":\"https:\/\/salwo.org\/fr\/ressources-pour-institutions\/#breadcrumb\"},\"inLanguage\":\"fr-FR\",\"potentialAction\":[{\"@type\":\"ReadAction\",\"target\":[\"https:\/\/salwo.org\/fr\/ressources-pour-institutions\/\"]}]},{\"@type\":\"BreadcrumbList\",\"@id\":\"https:\/\/salwo.org\/fr\/ressources-pour-institutions\/#breadcrumb\",\"itemListElement\":[{\"@type\":\"ListItem\",\"position\":1,\"name\":\"Portada\",\"item\":\"https:\/\/salwo.org\/fr\/\"},{\"@type\":\"ListItem\",\"position\":2,\"name\":\"Ressources pour institutions\"}]},{\"@type\":\"WebSite\",\"@id\":\"https:\/\/salwo.org\/fr\/#website\",\"url\":\"https:\/\/salwo.org\/fr\/\",\"name\":\"SALWO\",\"description\":\"Safe Against Lightning Worldwide Organization\",\"potentialAction\":[{\"@type\":\"SearchAction\",\"target\":{\"@type\":\"EntryPoint\",\"urlTemplate\":\"https:\/\/salwo.org\/fr\/?s={search_term_string}\"},\"query-input\":{\"@type\":\"PropertyValueSpecification\",\"valueRequired\":true,\"valueName\":\"search_term_string\"}}],\"inLanguage\":\"fr-FR\"}]}<\/script>\n<!-- \/ Yoast SEO Premium plugin. -->","yoast_head_json":{"title":"Ressources pour institutions - SALWO","robots":{"index":"index","follow":"follow","max-snippet":"max-snippet:-1","max-image-preview":"max-image-preview:large","max-video-preview":"max-video-preview:-1"},"canonical":"https:\/\/salwo.org\/fr\/ressources-pour-institutions\/","og_locale":"fr_FR","og_type":"article","og_title":"Ressources pour institutions","og_description":"[vc_row content_width=\u00a0\u00bbgrid\u00a0\u00bb content_aligment=\u00a0\u00bbcenter\u00a0\u00bb css=\u00a0\u00bb.vc_custom_1702459504194{margin-top: 0px !important;margin-bottom: 0px !important;padding-top: 0px !important;padding-bottom: 40px !important;}\u00a0\u00bb][vc_column css=\u00a0\u00bb.vc_custom_1702459336976{margin-top: 0px !important;margin-bottom: 0px !important;padding-top: 0px !important;padding-bottom: 0px !important;}\u00a0\u00bb][vc_column_text css=\u00a0\u00bb.vc_custom_1702459346759{margin-top: 0px !important;margin-bottom: 0px !important;padding-top: 0px !important;padding-bottom: 0px !important;}\u00a0\u00bb][\/vc_column_text][\/vc_column][\/vc_row][vc_row content_width=\u00a0\u00bbgrid\u00a0\u00bb content_aligment=\u00a0\u00bbcenter\u00a0\u00bb css=\u00a0\u00bb.vc_custom_1700211495959{padding-top: 0px !important;padding-bottom: 80px !important;}\u00a0\u00bb][vc_column][vc_row_inner css_animation=\u00a0\u00bbedgtf-element-from-top\u00a0\u00bb][vc_column_inner width=\u00a0\u00bb1\/6&Prime;][\/vc_column_inner][vc_column_inner width=\u00a0\u00bb2\/3&Prime;][vc_column_text] SALWO propose des ressources \u00e9ducatives num\u00e9riques sur les orages et les comportements individuels \u00e0 adopter...","og_url":"https:\/\/salwo.org\/fr\/ressources-pour-institutions\/","og_site_name":"SALWO","article_modified_time":"2024-03-25T11:24:45+00:00","twitter_card":"summary_large_image","twitter_misc":{"Dur\u00e9e de lecture estim\u00e9e":"3 minutes"},"schema":{"@context":"https:\/\/schema.org","@graph":[{"@type":"WebPage","@id":"https:\/\/salwo.org\/fr\/ressources-pour-institutions\/","url":"https:\/\/salwo.org\/fr\/ressources-pour-institutions\/","name":"Ressources pour institutions - SALWO","isPartOf":{"@id":"https:\/\/salwo.org\/fr\/#website"},"datePublished":"2023-11-17T08:51:52+00:00","dateModified":"2024-03-25T11:24:45+00:00","breadcrumb":{"@id":"https:\/\/salwo.org\/fr\/ressources-pour-institutions\/#breadcrumb"},"inLanguage":"fr-FR","potentialAction":[{"@type":"ReadAction","target":["https:\/\/salwo.org\/fr\/ressources-pour-institutions\/"]}]},{"@type":"BreadcrumbList","@id":"https:\/\/salwo.org\/fr\/ressources-pour-institutions\/#breadcrumb","itemListElement":[{"@type":"ListItem","position":1,"name":"Portada","item":"https:\/\/salwo.org\/fr\/"},{"@type":"ListItem","position":2,"name":"Ressources pour institutions"}]},{"@type":"WebSite","@id":"https:\/\/salwo.org\/fr\/#website","url":"https:\/\/salwo.org\/fr\/","name":"SALWO","description":"Safe Against Lightning Worldwide Organization","potentialAction":[{"@type":"SearchAction","target":{"@type":"EntryPoint","urlTemplate":"https:\/\/salwo.org\/fr\/?s={search_term_string}"},"query-input":{"@type":"PropertyValueSpecification","valueRequired":true,"valueName":"search_term_string"}}],"inLanguage":"fr-FR"}]}},"_links":{"self":[{"href":"https:\/\/salwo.org\/fr\/wp-json\/wp\/v2\/pages\/21031","targetHints":{"allow":["GET"]}}],"collection":[{"href":"https:\/\/salwo.org\/fr\/wp-json\/wp\/v2\/pages"}],"about":[{"href":"https:\/\/salwo.org\/fr\/wp-json\/wp\/v2\/types\/page"}],"author":[{"embeddable":true,"href":"https:\/\/salwo.org\/fr\/wp-json\/wp\/v2\/users\/2"}],"replies":[{"embeddable":true,"href":"https:\/\/salwo.org\/fr\/wp-json\/wp\/v2\/comments?post=21031"}],"version-history":[{"count":5,"href":"https:\/\/salwo.org\/fr\/wp-json\/wp\/v2\/pages\/21031\/revisions"}],"predecessor-version":[{"id":21110,"href":"https:\/\/salwo.org\/fr\/wp-json\/wp\/v2\/pages\/21031\/revisions\/21110"}],"wp:attachment":[{"href":"https:\/\/salwo.org\/fr\/wp-json\/wp\/v2\/media?parent=21031"}],"curies":[{"name":"wp","href":"https:\/\/api.w.org\/{rel}","templated":true}]}}