
{"id":21036,"date":"2023-11-17T13:09:13","date_gmt":"2023-11-17T12:09:13","guid":{"rendered":"https:\/\/salwo.org\/safe-against-lightning-worldwide-organization\/actualidad\/"},"modified":"2024-04-12T14:42:16","modified_gmt":"2024-04-12T12:42:16","slug":"actualites","status":"publish","type":"page","link":"https:\/\/salwo.org\/fr\/actualites\/","title":{"rendered":"Actualit\u00e9s"},"content":{"rendered":"<p>[vc_row content_width=\u00a0\u00bbgrid\u00a0\u00bb css=\u00a0\u00bb.vc_custom_1702547630550{margin-top: 0px !important;margin-bottom: 40px !important;padding-top: 0px !important;padding-bottom: 0px !important;}\u00a0\u00bb][vc_column css=\u00a0\u00bb.vc_custom_1702382168473{margin-top: 0px !important;margin-bottom: 0px !important;padding-top: 0px !important;padding-bottom: 0px !important;}\u00a0\u00bb][vc_column_text css=\u00a0\u00bb.vc_custom_1702382177058{margin-top: 0px !important;margin-bottom: 0px !important;padding-top: 0px !important;padding-bottom: 0px !important;}\u00a0\u00bb]\t\t\t<!-- Flexy Breadcrumb -->\r\n\t\t\t<div class=\"fbc fbc-page\">\r\n\r\n\t\t\t\t<!-- Breadcrumb wrapper -->\r\n\t\t\t\t<div class=\"fbc-wrap\">\r\n\r\n\t\t\t\t\t<!-- Ordered list-->\r\n\t\t\t\t\t<ol class=\"fbc-items\" itemscope itemtype=\"https:\/\/schema.org\/BreadcrumbList\">\r\n\t\t\t\t\t\t            <li itemprop=\"itemListElement\" itemscope itemtype=\"https:\/\/schema.org\/ListItem\">\r\n                <span itemprop=\"name\">\r\n                    <!-- Home Link -->\r\n                    <a itemprop=\"item\" href=\"https:\/\/salwo.org\">\r\n                    \r\n                                                    <i class=\"fa fa-home\" aria-hidden=\"true\"><\/i>Safe Against Lightning Worldwide                    <\/a>\r\n                <\/span>\r\n                <meta itemprop=\"position\" content=\"1\" \/><!-- Meta Position-->\r\n             <\/li><li><span class=\"fbc-separator\">\/<\/span><\/li><li class=\"active\" itemprop=\"itemListElement\" itemscope itemtype=\"https:\/\/schema.org\/ListItem\"><span itemprop=\"name\" title=\"Ultimas noticias\">Ultimas noticias<\/span><meta itemprop=\"position\" content=\"2\" \/><\/li>\t\t\t\t\t<\/ol>\r\n\t\t\t\t\t<div class=\"clearfix\"><\/div>\r\n\t\t\t\t<\/div>\r\n\t\t\t<\/div>\r\n\t\t\t[\/vc_column_text][\/vc_column][\/vc_row][vc_row][vc_column][vc_row_inner content_width=\u00a0\u00bbgrid\u00a0\u00bb][vc_column_inner][vc_column_text]<\/p>\n<p style=\"font-size: 18px; line-height: 28px; color: #888888; text-align: center;\">Dans cette section, vous pouvez vous tenir au courant des derni\u00e8res nouvelles concernant les orages, les accidents caus\u00e9s par la foudre et l&rsquo;importance de la formation aux mesures \u00e0 adopter pour r\u00e9duire le risque pour les personnes. Les nouvelles concernant les actions de SALWO et les r\u00e9cents accidents dus \u00e0 la foudre sont rassembl\u00e9s ici.<\/p>\n<p>[\/vc_column_text][vc_empty_space height=\u00a0\u00bb15px\u00a0\u00bb][vc_column_text]<\/p>\n<p style=\"font-size: 16px; line-height: 26px; color: #888888; text-align: center;\">Bien que les accidents dus \u00e0 la foudre soient fr\u00e9quents, chacun peut contribuer \u00e0 r\u00e9duire le nombre de morts et de bless\u00e9s gr\u00e2ce \u00e0 l&rsquo;information et \u00e0 l&rsquo;\u00e9ducation.<\/p>\n<p>[\/vc_column_text]<div class=\"edgtf-separator-holder clearfix  edgtf-separator-center\">\n\t<div class=\"edgtf-separator\" style=\"border-color: #ffb422;width: 55px;border-bottom-width: 3px;margin-top: 25px;margin-bottom: 75px\"><\/div>\n<\/div>\n[\/vc_column_inner][\/vc_row_inner][\/vc_column][\/vc_row][vc_row][vc_column][vc_row_inner content_width=\u00a0\u00bbgrid\u00a0\u00bb][vc_column_inner width=\u00a0\u00bb2\/3&Prime;]<div class=\"edgtf-blog-list-holder edgtf-standard edgtf-one-column \">\n\t<ul class=\"edgtf-blog-list\">\n\t<li class=\"edgtf-blog-list-item clearfix\">\n\t<div class=\"edgtf-blog-list-item-inner\">\n\t\t<div class=\"edgtf-item-image\">\n\t\t\t<a itemprop=\"url\" href=\"https:\/\/salwo.org\/fr\/blog\/decalogue-des-comportements-individuels-a-adopter-pour-se-proteger-en-cas-dorage\/\">\n\t\t\t\t<img loading=\"lazy\" decoding=\"async\" width=\"1920\" height=\"770\" src=\"https:\/\/salwo.org\/wp-content\/uploads\/noticia-2.jpg\" class=\"attachment-full size-full wp-post-image\" alt=\"\" srcset=\"https:\/\/salwo.org\/wp-content\/uploads\/noticia-2.jpg 1920w, https:\/\/salwo.org\/wp-content\/uploads\/noticia-2-300x120.jpg 300w, https:\/\/salwo.org\/wp-content\/uploads\/noticia-2-1024x411.jpg 1024w, https:\/\/salwo.org\/wp-content\/uploads\/noticia-2-768x308.jpg 768w, https:\/\/salwo.org\/wp-content\/uploads\/noticia-2-1536x616.jpg 1536w\" sizes=\"auto, (max-width: 1920px) 100vw, 1920px\" \/>\t\t\t<\/a>\n\t\t<\/div>\n\t\t<div class=\"edgtf-item-text-holder\" >\n\t\t\t<h3 itemprop=\"name\" class=\"edgtf-item-title entry-title\">\n\t\t\t\t<a itemprop=\"url\" href=\"https:\/\/salwo.org\/fr\/blog\/decalogue-des-comportements-individuels-a-adopter-pour-se-proteger-en-cas-dorage\/\" >\n\t\t\t\t\tD\u00e9calogue des comportements individuels \u00e0 adopter pour se prot\u00e9ger en cas d&rsquo;orage\t\t\t\t<\/a>\n\t\t\t<\/h3>\n\n\t\t\t<div class=\"edgtf-item-info-section\">\n\t\t\t\t<div class=\"edgtf-post-info-author\">de\t<a itemprop=\"author\" class=\"edgtf-post-info-author-link\" href=\"https:\/\/salwo.org\/fr\/blog\/author\/jvmartinez\/\">\n\t\tJose Vicente\t<\/a>\n<\/div><div class=\"edgtf-post-info-category\">\n\t<a href=\"https:\/\/salwo.org\/fr\/blog\/category\/non-classifiee\/\" rel=\"category tag\">Non classifi\u00e9(e)<\/a><\/div><div itemprop=\"dateCreated\" class=\"edgtf-post-info-date entry-date updated\">\n\t\t\t20 de f\u00e9vrier de 2024\t    <meta itemprop=\"interactionCount\" content=\"UserComments: 0\"\/>\n<\/div>\t\t\t<\/div>\n\n\t\t\t\t\t\t\t<p itemprop=\"description\" class=\"edgtf-excerpt\">La foudre est un ph\u00e9nom\u00e8ne tr\u00e8s dangereux, surtout dans les espaces ouverts. Les personnes qui se trouvent ...<\/p>\n\t\t\t\t\t\t<a itemprop=\"url\" href=\"https:\/\/salwo.org\/fr\/blog\/decalogue-des-comportements-individuels-a-adopter-pour-se-proteger-en-cas-dorage\/\" class=\"edgtf-blog-list-read-more\">En savoir plus\t\t\t<\/a>\n\t\t<\/div>\n\t<\/div>\n<\/li>\n<li class=\"edgtf-blog-list-item clearfix\">\n\t<div class=\"edgtf-blog-list-item-inner\">\n\t\t<div class=\"edgtf-item-image\">\n\t\t\t<a itemprop=\"url\" href=\"https:\/\/salwo.org\/fr\/blog\/salwo-fondation-a-but-educatif-ayant-pour-objectif-la-formation-du-comportement-individuel-a-adopter-face-a-la-foudre\/\">\n\t\t\t\t<img loading=\"lazy\" decoding=\"async\" width=\"1920\" height=\"770\" src=\"https:\/\/salwo.org\/wp-content\/uploads\/noticia-1.jpg\" class=\"attachment-full size-full wp-post-image\" alt=\"\" srcset=\"https:\/\/salwo.org\/wp-content\/uploads\/noticia-1.jpg 1920w, https:\/\/salwo.org\/wp-content\/uploads\/noticia-1-300x120.jpg 300w, https:\/\/salwo.org\/wp-content\/uploads\/noticia-1-1024x411.jpg 1024w, https:\/\/salwo.org\/wp-content\/uploads\/noticia-1-768x308.jpg 768w, https:\/\/salwo.org\/wp-content\/uploads\/noticia-1-1536x616.jpg 1536w\" sizes=\"auto, (max-width: 1920px) 100vw, 1920px\" \/>\t\t\t<\/a>\n\t\t<\/div>\n\t\t<div class=\"edgtf-item-text-holder\" >\n\t\t\t<h3 itemprop=\"name\" class=\"edgtf-item-title entry-title\">\n\t\t\t\t<a itemprop=\"url\" href=\"https:\/\/salwo.org\/fr\/blog\/salwo-fondation-a-but-educatif-ayant-pour-objectif-la-formation-du-comportement-individuel-a-adopter-face-a-la-foudre\/\" >\n\t\t\t\t\tSALWO, fondation \u00e0 but \u00e9ducatif ayant pour objectif la formation du comportement individuel \u00e0 adopter face \u00e0 la foudre.\t\t\t\t<\/a>\n\t\t\t<\/h3>\n\n\t\t\t<div class=\"edgtf-item-info-section\">\n\t\t\t\t<div class=\"edgtf-post-info-author\">de\t<a itemprop=\"author\" class=\"edgtf-post-info-author-link\" href=\"https:\/\/salwo.org\/fr\/blog\/author\/jvmartinez\/\">\n\t\tJose Vicente\t<\/a>\n<\/div><div class=\"edgtf-post-info-category\">\n\t<a href=\"https:\/\/salwo.org\/fr\/blog\/category\/non-classifiee\/\" rel=\"category tag\">Non classifi\u00e9(e)<\/a><\/div><div itemprop=\"dateCreated\" class=\"edgtf-post-info-date entry-date updated\">\n\t\t\t20 de f\u00e9vrier de 2024\t    <meta itemprop=\"interactionCount\" content=\"UserComments: 0\"\/>\n<\/div>\t\t\t<\/div>\n\n\t\t\t\t\t\t\t<p itemprop=\"description\" class=\"edgtf-excerpt\">SALWO (Safe Against Lightning Worldwide Organization) est une fondation \u00e0 vocation \u00e9ducative, de port\u00e9e mon...<\/p>\n\t\t\t\t\t\t<a itemprop=\"url\" href=\"https:\/\/salwo.org\/fr\/blog\/salwo-fondation-a-but-educatif-ayant-pour-objectif-la-formation-du-comportement-individuel-a-adopter-face-a-la-foudre\/\" class=\"edgtf-blog-list-read-more\">En savoir plus\t\t\t<\/a>\n\t\t<\/div>\n\t<\/div>\n<\/li>\n\t<\/ul>\t\n<\/div>\n[\/vc_column_inner][vc_column_inner width=\u00a0\u00bb1\/3&Prime;][vc_widget_sidebar sidebar_id=\u00a0\u00bbsidebar\u00a0\u00bb el_class=\u00a0\u00bbedgtf-sidebar\u00a0\u00bb][\/vc_column_inner][\/vc_row_inner][\/vc_column][\/vc_row][vc_row anchor=\u00a0\u00bbsuscripcion\u00a0\u00bb content_aligment=\u00a0\u00bbcenter\u00a0\u00bb css=\u00a0\u00bb.vc_custom_1702548017759{padding-top: 0px !important;padding-bottom: 0px !important;background-color: #f8f6f3 !important;}\u00a0\u00bb el_id=\u00a0\u00bbsuscripcion\u00a0\u00bb][vc_column][vc_empty_space][vc_row_inner content_width=\u00a0\u00bbgrid\u00a0\u00bb content_aligment=\u00a0\u00bbcenter\u00a0\u00bb][vc_column_inner width=\u00a0\u00bb1\/4&Prime;][\/vc_column_inner][vc_column_inner width=\u00a0\u00bb1\/2&Prime;]<div class=\"edgtf-iwt clearfix edgtf-iwt-icon-top edgtf-iwt-icon-large\">\n    <div class=\"edgtf-iwt-icon-holder\">\n                    \n    <span class=\"edgtf-icon-shortcode normal edgtf-icon-large\"  data-color=\"#ffb421\">\n        \n        <i class=\"edgtf-icon-font-awesome fa fa-newspaper-o edgtf-icon-element\" style=\"color: #ffb421\" ><\/i>\n            <\/span>\n\n            <\/div>\n    <div class=\"edgtf-iwt-content-holder\" >\n        <div class=\"edgtf-iwt-title-holder\">\n\t\t\t                                    <h3 >Inscrivez-vous \u00e0 notre newsletter<\/h3>\n                                    <\/div>\n        <div class=\"edgtf-iwt-text-holder\">\n            <p ><\/p>\n\n                    <\/div>\n    <\/div>\n<\/div>\n<div class=\"wpcf7 no-js\" id=\"wpcf7-f21095-o1\" lang=\"fr-FR\" dir=\"ltr\">\n<div class=\"screen-reader-response\"><p role=\"status\" aria-live=\"polite\" aria-atomic=\"true\"><\/p> <ul><\/ul><\/div>\n<form action=\"\/fr\/wp-json\/wp\/v2\/pages\/21036#wpcf7-f21095-o1\" method=\"post\" class=\"wpcf7-form init cf7_custom_style_3\" aria-label=\"Formulaire de contact\" novalidate=\"novalidate\" data-status=\"init\">\n<div style=\"display: none;\">\n<input type=\"hidden\" name=\"_wpcf7\" value=\"21095\" \/>\n<input type=\"hidden\" name=\"_wpcf7_version\" value=\"5.9.8\" \/>\n<input type=\"hidden\" name=\"_wpcf7_locale\" value=\"fr_FR\" \/>\n<input type=\"hidden\" name=\"_wpcf7_unit_tag\" value=\"wpcf7-f21095-o1\" \/>\n<input type=\"hidden\" name=\"_wpcf7_container_post\" value=\"0\" \/>\n<input type=\"hidden\" name=\"_wpcf7_posted_data_hash\" value=\"\" \/>\n<\/div>\n<p><span id=\"wpcf7-69dada6c9e573-wrapper\" class=\"wpcf7-form-control-wrap honeypot-473-wrap\" style=\"display:none !important; visibility:hidden !important;\"><label for=\"wpcf7-69dada6c9e573-field\" class=\"hp-message\">Veuillez laisser ce champ vide.<\/label><input id=\"wpcf7-69dada6c9e573-field\"  class=\"wpcf7-form-control wpcf7-text\" type=\"text\" name=\"honeypot-473\" value=\"\" size=\"40\" tabindex=\"-1\" autocomplete=\"new-password\" \/><\/span>\n<\/p>\n<div class=\"edgtf-newsletter-form\">\n\t<p><span class=\"wpcf7-form-control-wrap\" data-name=\"your-email\"><input size=\"40\" maxlength=\"400\" class=\"wpcf7-form-control wpcf7-email wpcf7-text wpcf7-validates-as-email\" aria-invalid=\"false\" placeholder=\"Email\" value=\"\" type=\"email\" name=\"your-email\" \/><\/span>\n\t<\/p>\n\t<div class=\"form-check text-left\">\n\t\t<p><span class=\"wpcf7-form-control-wrap\" data-name=\"your-consent\"><span class=\"wpcf7-form-control wpcf7-acceptance\"><span class=\"wpcf7-list-item\"><label><input type=\"checkbox\" name=\"your-consent\" value=\"1\" class=\"form-check-input position-static text-left\" aria-invalid=\"false\" \/><span class=\"wpcf7-list-item-label\">J'ai lu et j'accepte les conditions<\/span><\/label><\/span><\/span><\/span><br \/>\n<a href=\"\/fr\/politique-de-confidentialite\/\">Lire l'accord<\/a>\n\t\t<\/p>\n\t<\/div>\n\t<p><span class=\"wpcf7-form-control-wrap g-recaptcha-response\"><span class=\"wpcf7-form-control\">  <\/span><\/span><br \/>\n<input class=\"wpcf7-form-control wpcf7-submit has-spinner\" type=\"submit\" value=\"Envoyer\" \/>\n\t<\/p>\n<\/div><div class=\"wpcf7-response-output\" aria-hidden=\"true\"><\/div>\n<\/form>\n<\/div>\n[\/vc_column_inner][vc_column_inner width=\u00a0\u00bb1\/4&Prime;][\/vc_column_inner][\/vc_row_inner][\/vc_column][\/vc_row][vc_row content_aligment=\u00a0\u00bbcenter\u00a0\u00bb css=\u00a0\u00bb.vc_custom_1700654918385{background-color: #ffb421 !important;}\u00a0\u00bb][vc_column][vc_row_inner][vc_column_inner]\t<div class=\"edgtf-container-inner\">\n\t<div class=\"edgtf-call-to-action normal\" style=\"background-color: #ffb421;\">\n\n\t\t\t\t\t<div class=\"edgtf-call-to-action-row-75-25 clearfix\" style=\"padding: 65px 0 63px 0;\">\n\t\t\t\t\t\t<div class=\"edgtf-text-wrapper edgtf-call-to-action-column1 edgtf-call-to-action-cell left\">\n\t\t\t\t\t<div class=\"edgtf-call-to-action-text\" style=\"text-align: left\">\n<h3 style=\"font-weight: bold;\"><span style=\"color: #000000;\">L\u2019engagement conjoint des institutions et de SALWO dans la diffusion des r\u00e8gles de s\u00e9curit\u00e9 individuelles permet de pr\u00e9venir des accidents mortels.<\/span><\/h3>\n\t\t\t\t\t\t\t\t\t\t\t<\/div>\n\t\t\t\t<\/div>\n\n\t\t\t\t\t\t\t\t\t<div class=\"edgtf-button-wrapper edgtf-call-to-action-column2 edgtf-call-to-action-cell\" style =\"text-align: right ;\">\n\t\t\t\t\t\t<a itemprop=\"url\" href=\"\/fr\/contact\/\" target=\"_blank\" style=\"color: #ffb421;background-color: #000000;border-color: #000000\" class=\"edgtf-btn edgtf-btn-large edgtf-btn-outline-light edgtf-btn-custom-hover-bg edgtf-btn-custom-border-hover edgtf-btn-custom-hover-color\" data-hover-bg-color=\"#ffffff\" data-hover-color=\"#212121\" data-hover-border-color=\"#ffffff\" >\t<span class=\"edgtf-btn-text\">CONTACTEZ-NOUS<\/span>    <\/a>\t\t\t\t\t<\/div>\n\t\t\t\t\t\t\t<\/div>\n\t\t\t<\/div>\n\t<\/div>\n[\/vc_column_inner][\/vc_row_inner][\/vc_column][\/vc_row]<\/p>\n","protected":false},"excerpt":{"rendered":"<p>[vc_row content_width=\u00a0\u00bbgrid\u00a0\u00bb css=\u00a0\u00bb.vc_custom_1702547630550{margin-top: 0px !important;margin-bottom: 40px !important;padding-top: 0px !important;padding-bottom: 0px !important;}\u00a0\u00bb][vc_column css=\u00a0\u00bb.vc_custom_1702382168473{margin-top: 0px !important;margin-bottom: 0px !important;padding-top: 0px !important;padding-bottom: 0px !important;}\u00a0\u00bb][vc_column_text css=\u00a0\u00bb.vc_custom_1702382177058{margin-top: 0px !important;margin-bottom: 0px !important;padding-top: 0px !important;padding-bottom: 0px !important;}\u00a0\u00bb][\/vc_column_text][\/vc_column][\/vc_row][vc_row][vc_column][vc_row_inner content_width=\u00a0\u00bbgrid\u00a0\u00bb][vc_column_inner][vc_column_text] Dans cette section, vous pouvez vous tenir au courant des derni\u00e8res nouvelles concernant les orages, les accidents caus\u00e9s par la foudre et l&rsquo;importance de la&#8230;<\/p>\n","protected":false},"author":2,"featured_media":0,"parent":0,"menu_order":0,"comment_status":"closed","ping_status":"closed","template":"full-width.php","meta":{"inline_featured_image":false,"footnotes":""},"class_list":["post-21036","page","type-page","status-publish","hentry"],"yoast_head":"<!-- This site is optimized with the Yoast SEO Premium plugin v26.2 (Yoast SEO v26.2) - https:\/\/yoast.com\/wordpress\/plugins\/seo\/ -->\n<title>Actualit\u00e9s - SALWO<\/title>\n<meta name=\"robots\" content=\"index, follow, max-snippet:-1, max-image-preview:large, max-video-preview:-1\" \/>\n<link rel=\"canonical\" href=\"https:\/\/salwo.org\/fr\/actualites\/\" \/>\n<meta property=\"og:locale\" content=\"fr_FR\" \/>\n<meta property=\"og:type\" content=\"article\" \/>\n<meta property=\"og:title\" content=\"Actualit\u00e9s\" \/>\n<meta property=\"og:description\" content=\"[vc_row content_width=\u00a0\u00bbgrid\u00a0\u00bb css=\u00a0\u00bb.vc_custom_1702547630550{margin-top: 0px !important;margin-bottom: 40px !important;padding-top: 0px !important;padding-bottom: 0px !important;}\u00a0\u00bb][vc_column css=\u00a0\u00bb.vc_custom_1702382168473{margin-top: 0px !important;margin-bottom: 0px !important;padding-top: 0px !important;padding-bottom: 0px !important;}\u00a0\u00bb][vc_column_text css=\u00a0\u00bb.vc_custom_1702382177058{margin-top: 0px !important;margin-bottom: 0px !important;padding-top: 0px !important;padding-bottom: 0px !important;}\u00a0\u00bb][\/vc_column_text][\/vc_column][\/vc_row][vc_row][vc_column][vc_row_inner content_width=\u00a0\u00bbgrid\u00a0\u00bb][vc_column_inner][vc_column_text] Dans cette section, vous pouvez vous tenir au courant des derni\u00e8res nouvelles concernant les orages, les accidents caus\u00e9s par la foudre et l&rsquo;importance de la...\" \/>\n<meta property=\"og:url\" content=\"https:\/\/salwo.org\/fr\/actualites\/\" \/>\n<meta property=\"og:site_name\" content=\"SALWO\" \/>\n<meta property=\"article:modified_time\" content=\"2024-04-12T12:42:16+00:00\" \/>\n<meta name=\"twitter:card\" content=\"summary_large_image\" \/>\n<meta name=\"twitter:label1\" content=\"Dur\u00e9e de lecture estim\u00e9e\" \/>\n\t<meta name=\"twitter:data1\" content=\"2 minutes\" \/>\n<script type=\"application\/ld+json\" class=\"yoast-schema-graph\">{\"@context\":\"https:\/\/schema.org\",\"@graph\":[{\"@type\":\"WebPage\",\"@id\":\"https:\/\/salwo.org\/fr\/actualites\/\",\"url\":\"https:\/\/salwo.org\/fr\/actualites\/\",\"name\":\"Actualit\u00e9s - SALWO\",\"isPartOf\":{\"@id\":\"https:\/\/salwo.org\/fr\/#website\"},\"datePublished\":\"2023-11-17T12:09:13+00:00\",\"dateModified\":\"2024-04-12T12:42:16+00:00\",\"breadcrumb\":{\"@id\":\"https:\/\/salwo.org\/fr\/actualites\/#breadcrumb\"},\"inLanguage\":\"fr-FR\",\"potentialAction\":[{\"@type\":\"ReadAction\",\"target\":[\"https:\/\/salwo.org\/fr\/actualites\/\"]}]},{\"@type\":\"BreadcrumbList\",\"@id\":\"https:\/\/salwo.org\/fr\/actualites\/#breadcrumb\",\"itemListElement\":[{\"@type\":\"ListItem\",\"position\":1,\"name\":\"Portada\",\"item\":\"https:\/\/salwo.org\/fr\/\"},{\"@type\":\"ListItem\",\"position\":2,\"name\":\"Safe Against Lightning Worldwide Organization\",\"item\":\"https:\/\/salwo.org\/fr\/\"},{\"@type\":\"ListItem\",\"position\":3,\"name\":\"Actualit\u00e9s\"}]},{\"@type\":\"WebSite\",\"@id\":\"https:\/\/salwo.org\/fr\/#website\",\"url\":\"https:\/\/salwo.org\/fr\/\",\"name\":\"SALWO\",\"description\":\"Safe Against Lightning Worldwide Organization\",\"potentialAction\":[{\"@type\":\"SearchAction\",\"target\":{\"@type\":\"EntryPoint\",\"urlTemplate\":\"https:\/\/salwo.org\/fr\/?s={search_term_string}\"},\"query-input\":{\"@type\":\"PropertyValueSpecification\",\"valueRequired\":true,\"valueName\":\"search_term_string\"}}],\"inLanguage\":\"fr-FR\"}]}<\/script>\n<!-- \/ Yoast SEO Premium plugin. -->","yoast_head_json":{"title":"Actualit\u00e9s - SALWO","robots":{"index":"index","follow":"follow","max-snippet":"max-snippet:-1","max-image-preview":"max-image-preview:large","max-video-preview":"max-video-preview:-1"},"canonical":"https:\/\/salwo.org\/fr\/actualites\/","og_locale":"fr_FR","og_type":"article","og_title":"Actualit\u00e9s","og_description":"[vc_row content_width=\u00a0\u00bbgrid\u00a0\u00bb css=\u00a0\u00bb.vc_custom_1702547630550{margin-top: 0px !important;margin-bottom: 40px !important;padding-top: 0px !important;padding-bottom: 0px !important;}\u00a0\u00bb][vc_column css=\u00a0\u00bb.vc_custom_1702382168473{margin-top: 0px !important;margin-bottom: 0px !important;padding-top: 0px !important;padding-bottom: 0px !important;}\u00a0\u00bb][vc_column_text css=\u00a0\u00bb.vc_custom_1702382177058{margin-top: 0px !important;margin-bottom: 0px !important;padding-top: 0px !important;padding-bottom: 0px !important;}\u00a0\u00bb][\/vc_column_text][\/vc_column][\/vc_row][vc_row][vc_column][vc_row_inner content_width=\u00a0\u00bbgrid\u00a0\u00bb][vc_column_inner][vc_column_text] Dans cette section, vous pouvez vous tenir au courant des derni\u00e8res nouvelles concernant les orages, les accidents caus\u00e9s par la foudre et l&rsquo;importance de la...","og_url":"https:\/\/salwo.org\/fr\/actualites\/","og_site_name":"SALWO","article_modified_time":"2024-04-12T12:42:16+00:00","twitter_card":"summary_large_image","twitter_misc":{"Dur\u00e9e de lecture estim\u00e9e":"2 minutes"},"schema":{"@context":"https:\/\/schema.org","@graph":[{"@type":"WebPage","@id":"https:\/\/salwo.org\/fr\/actualites\/","url":"https:\/\/salwo.org\/fr\/actualites\/","name":"Actualit\u00e9s - SALWO","isPartOf":{"@id":"https:\/\/salwo.org\/fr\/#website"},"datePublished":"2023-11-17T12:09:13+00:00","dateModified":"2024-04-12T12:42:16+00:00","breadcrumb":{"@id":"https:\/\/salwo.org\/fr\/actualites\/#breadcrumb"},"inLanguage":"fr-FR","potentialAction":[{"@type":"ReadAction","target":["https:\/\/salwo.org\/fr\/actualites\/"]}]},{"@type":"BreadcrumbList","@id":"https:\/\/salwo.org\/fr\/actualites\/#breadcrumb","itemListElement":[{"@type":"ListItem","position":1,"name":"Portada","item":"https:\/\/salwo.org\/fr\/"},{"@type":"ListItem","position":2,"name":"Safe Against Lightning Worldwide Organization","item":"https:\/\/salwo.org\/fr\/"},{"@type":"ListItem","position":3,"name":"Actualit\u00e9s"}]},{"@type":"WebSite","@id":"https:\/\/salwo.org\/fr\/#website","url":"https:\/\/salwo.org\/fr\/","name":"SALWO","description":"Safe Against Lightning Worldwide Organization","potentialAction":[{"@type":"SearchAction","target":{"@type":"EntryPoint","urlTemplate":"https:\/\/salwo.org\/fr\/?s={search_term_string}"},"query-input":{"@type":"PropertyValueSpecification","valueRequired":true,"valueName":"search_term_string"}}],"inLanguage":"fr-FR"}]}},"_links":{"self":[{"href":"https:\/\/salwo.org\/fr\/wp-json\/wp\/v2\/pages\/21036","targetHints":{"allow":["GET"]}}],"collection":[{"href":"https:\/\/salwo.org\/fr\/wp-json\/wp\/v2\/pages"}],"about":[{"href":"https:\/\/salwo.org\/fr\/wp-json\/wp\/v2\/types\/page"}],"author":[{"embeddable":true,"href":"https:\/\/salwo.org\/fr\/wp-json\/wp\/v2\/users\/2"}],"replies":[{"embeddable":true,"href":"https:\/\/salwo.org\/fr\/wp-json\/wp\/v2\/comments?post=21036"}],"version-history":[{"count":10,"href":"https:\/\/salwo.org\/fr\/wp-json\/wp\/v2\/pages\/21036\/revisions"}],"predecessor-version":[{"id":21467,"href":"https:\/\/salwo.org\/fr\/wp-json\/wp\/v2\/pages\/21036\/revisions\/21467"}],"wp:attachment":[{"href":"https:\/\/salwo.org\/fr\/wp-json\/wp\/v2\/media?parent=21036"}],"curies":[{"name":"wp","href":"https:\/\/api.w.org\/{rel}","templated":true}]}}