
{"id":21085,"date":"2024-01-22T17:36:22","date_gmt":"2024-01-22T16:36:22","guid":{"rendered":"https:\/\/salwo.org\/politica-de-privacidad\/"},"modified":"2024-04-09T10:17:18","modified_gmt":"2024-04-09T08:17:18","slug":"politique-de-confidentialite","status":"publish","type":"page","link":"https:\/\/salwo.org\/fr\/politique-de-confidentialite\/","title":{"rendered":"Politique de confidentialit\u00e9"},"content":{"rendered":"<p>[vc_row row_type=\u00a0\u00bbparallax\u00a0\u00bb full_screen_section_height=\u00a0\u00bbno\u00a0\u00bb section_height=\u00a0\u00bb400&Prime; parallax_background_image=\u00a0\u00bb19025&Prime; css=\u00a0\u00bb.vc_custom_1705940443809{margin-top: 0px !important;padding-top: 0px !important;background-position: 0 0 !important;background-repeat: no-repeat !important;}\u00a0\u00bb][vc_column][\/vc_column][\/vc_row][vc_row content_width=\u00a0\u00bbgrid\u00a0\u00bb][vc_column][vc_row_inner][vc_column_inner][vc_empty_space height=\u00a0\u00bb40px\u00a0\u00bb][vc_column_text]<\/p>\n<h3>Politique de confidentialit\u00e9<\/h3>\n<p>[\/vc_column_text][vc_empty_space height=\u00a0\u00bb35px\u00a0\u00bb][vc_column_text]<strong>PROTECTION DES DONN\u00c9ES PERSONNELLES<\/strong><\/p>\n<p>SAVE AT LIGHTNING WORLDWIDE ORGANIZATION <strong>informe les utilisateurs<\/strong> de son site web <a href=\"https:\/\/salwo.org\/fr\">https:\/\/salwo.org<\/a>, par le biais de la pr\u00e9sente <strong>politique de confidentialit\u00e9<\/strong>, du <strong>traitement et de la protection<\/strong> des donn\u00e9es personnelles des utilisateurs qui peuvent \u00eatre collect\u00e9es par le biais de leur navigation ou de la souscription de services qu&rsquo;ils r\u00e9alisent sur ce portail. L&rsquo;utilisation de ce site web par les utilisateurs implique l&rsquo;acceptation de cette <strong>politique de confidentialit\u00e9<\/strong>.<\/p>\n<p>SAVE AT LIGHTNING WORLDWIDE ORGANIZATION a pris les mesures n\u00e9cessaires pour garantir la s\u00e9curit\u00e9, l&rsquo;int\u00e9grit\u00e9 et la confidentialit\u00e9 des donn\u00e9es conform\u00e9ment au <a href=\"http:\/\/SAVE AT LIGHTNING WORLDWIDE ORGANIZATION a pris les mesures n\u00e9cessaires pour garantir la s\u00e9curit\u00e9, l'int\u00e9grit\u00e9 et la confidentialit\u00e9 des donn\u00e9es conform\u00e9ment au R\u00e8glement (UE) 2016\/679 du Parlement europ\u00e9en et du Conseil du 27 avril 2016 relatif \u00e0 la protection des personnes physiques \u00e0 l'\u00e9gard du traitement des donn\u00e9es \u00e0 caract\u00e8re personnel et \u00e0 la libre circulation de ces donn\u00e9es, ainsi qu'aux dispositions non pr\u00e9vues par celui-ci par la Loi organique 3\/2018 du 5 d\u00e9cembre sur la protection des donn\u00e9es personnelles et la garantie des droits num\u00e9riques, au D\u00e9cret royal 1720\/2007 du 21 d\u00e9cembre approuvant le R\u00e8glement de d\u00e9veloppement de la Loi organique sur la protection des donn\u00e9es, et \u00e0 la Loi 34\/2002 du 11 juillet sur les services de la soci\u00e9t\u00e9 de l'information et le commerce \u00e9lectronique.\" target=\"_blank\" rel=\"noopener\">R\u00e8glement (UE) 2016\/679 du Parlement europ\u00e9en et du Conseil du 27 avril 2016<\/a> relatif \u00e0 la protection des personnes physiques \u00e0 l&rsquo;\u00e9gard du traitement des donn\u00e9es \u00e0 caract\u00e8re personnel et \u00e0 la libre circulation de ces donn\u00e9es, ainsi qu&rsquo;aux dispositions non pr\u00e9vues par celui-ci par la <a href=\"https:\/\/app.vlex.com\/#vid\/748336069\" target=\"_blank\" rel=\"noopener\">Loi organique 3\/2018<\/a> du 5 d\u00e9cembre sur la protection des donn\u00e9es personnelles et la garantie des droits num\u00e9riques, au <a href=\"https:\/\/vlex.es\/vid\/decreto-reglamento-proteccion-personal-51764834?from_fbt=1&amp;forw=go&amp;fbt=preview\">D\u00e9cret royal 1720\/2007 du 21 d\u00e9cembre<\/a> approuvant le <a href=\"https:\/\/vlex.es\/vid\/decreto-reglamento-proteccion-personal-51764834?from_fbt=1&amp;forw=go&amp;fbt=preview\" target=\"_blank\" rel=\"noopener\">R\u00e8glement de d\u00e9veloppement de la Loi organique sur la protection des donn\u00e9es<\/a>, et \u00e0 la <a href=\"https:\/\/vlex.es\/vid\/ley-servicios-sociedad-electronico-172670?from_fbt=1&amp;forw=go&amp;fbt=preview\" target=\"_blank\" rel=\"noopener\">Loi 34\/2002<\/a> du 11 juillet sur les services de la soci\u00e9t\u00e9 de l&rsquo;information et le commerce \u00e9lectronique.<\/p>\n<p>\u00c0 travers les formulaires d&rsquo;inscription sur ce site web ou l&rsquo;envoi d&rsquo;e-mails, des donn\u00e9es personnelles de chaque utilisateur sont collect\u00e9es et trait\u00e9es, n\u00e9cessaires \u00e0 la <strong>gestion et \u00e0 la maintenance <\/strong>de certains services fournis, dont le traitement est r\u00e9gi par la pr\u00e9sente <strong>Politique de Confidentialit\u00e9.<\/strong><\/p>\n<p>[<em>Suite \u00e0 l&rsquo;application du <\/em><a href=\"https:\/\/eu.vlex.com\/vid\/reglamento-ue-2016-679-637528825?from_fbt=1&amp;forw=go&amp;fbt=preview\" target=\"_blank\" rel=\"noopener\"><em>R\u00e8glement G\u00e9n\u00e9ral sur la Protection des Donn\u00e9es<\/em><\/a><em>, l&rsquo;obligation de notifier les fichiers \u00e0 l&rsquo;Agence Espagnole de Protection des Donn\u00e9es pour leur inscription dans le Registre G\u00e9n\u00e9ral de Protection des Donn\u00e9es est supprim\u00e9e, ce qui rend inop\u00e9rants les syst\u00e8mes de notification des fichiers \u00e0 la fois via le formulaire NOTA et via l&rsquo;envoi de notifications au format XML. Cette obligation de notification des fichiers est remplac\u00e9e \u00e0 partir du 25 mai 2018 par l&rsquo;\u00e9tablissement d&rsquo;un registre des activit\u00e9s de traitement qui devra contenir les informations mentionn\u00e9es \u00e0 <a href=\"https:\/\/eu.vlex.com\/vid\/reglamento-ue-2016-679-637528825?from_fbt=1&amp;forw=go#articulo30&amp;fbt=preview\" target=\"_blank\" rel=\"noopener\">l&rsquo;<\/a><\/em><em>article 30 <\/em><em>dudit R\u00e8glement.<\/em> ]<\/p>\n<p><strong>RESPONSABLE DU TRAITEMENT DES DONN\u00c9ES PERSONNELLES <\/strong><\/p>\n<p>Le responsable du traitement des donn\u00e9es personnelles que l&rsquo;utilisateur fournit lors de l&rsquo;acc\u00e8s et de l&rsquo;utilisation du site web est, en tant que propri\u00e9taire, SAVE AT LIGHTNING WORLDWIDE ORGANIZATION, identifi\u00e9 par son NIF\/CIF G40556011, ayant son si\u00e8ge social \u00e0 Calle Nicol\u00e1s Cop\u00e9rnico, 4, 46980 Paterna (Valencia), ESPAGNE, inscrite au Registre du Commerce sous le num\u00e9ro 2285, t\u00e9l\u00e9phone (+34) 96 131 82 50 et adresse e-mail salwo@salwo.org.<\/p>\n<p>SAVE AT LIGHTNING WORLDWIDE ORGANIZATION s&rsquo;engage \u00e0 appliquer les mesures de s\u00e9curit\u00e9 informatique pr\u00e9vues dans la r\u00e9glementation pr\u00e9c\u00e9demment cit\u00e9e, dans le but d&#8217;emp\u00eacher l&rsquo;acc\u00e8s ou l&rsquo;utilisation abusive des donn\u00e9es, leur manipulation, leur d\u00e9t\u00e9rioration ou leur perte<\/p>\n<p><strong>DUR\u00c9E DE CONSERVATION DES DONN\u00c9ES<\/strong><\/p>\n<p>SAVE AT LIGHTNING WORLDWIDE ORGANIZATION, en tant que responsable du traitement, s&rsquo;engage \u00e0 <strong>stocker et \u00e0 g\u00e9rer <\/strong>les donn\u00e9es personnelles et les informations collect\u00e9es via ce site web avec la confidentialit\u00e9 requise tant que la relation professionnelle \u00e9tablie perdure et que la personne concern\u00e9e ne demande pas leur suppression, et le cas \u00e9ch\u00e9ant, pour une p\u00e9riode ne d\u00e9passant pas 5 ans \u00e0 compter de la fin de la relation commerciale \u00e9tablie entre l&rsquo;utilisateur et SAVE AT LIGHTNING WORLDWIDE ORGANIZATION. Toutefois, le responsable du traitement peut conserver les donn\u00e9es, d\u00fbment s\u00e9curis\u00e9es, afin de faire face \u00e0 d&rsquo;\u00e9ventuelles responsabilit\u00e9s administratives ou l\u00e9gales.<\/p>\n<p><strong>FINALIT\u00c9S DU TRAITEMENT DES DONN\u00c9ES<\/strong><\/p>\n<p>Les op\u00e9rations, gestions et proc\u00e9dures techniques, qu&rsquo;elles soient automatis\u00e9es ou non automatis\u00e9es, qui permettent la collecte, le stockage, la modification, le transfert et d&rsquo;autres actions sur les donn\u00e9es \u00e0 caract\u00e8re personnel, sont consid\u00e9r\u00e9es comme le traitement des donn\u00e9es \u00e0 caract\u00e8re personnel.<\/p>\n<p>\u00c0 SAVE AT LIGHTNING WORLDWIDE ORGANIZATION, nous traitons les donn\u00e9es personnelles fournies par l&rsquo;utilisateur \u00e0 travers <a href=\"https:\/\/salwo.org\/fr\"><em>https:\/\/salwo.org<\/em><\/a> dans le <strong>but <\/strong>de les inclure dans l&rsquo;agenda des contacts, de g\u00e9rer la relation commerciale demand\u00e9e et d&rsquo;utiliser ainsi ces informations comme moyen de contact avec l&rsquo;entreprise. De plus, le traitement de ces donn\u00e9es consiste \u00e9galement \u00e0 g\u00e9rer l&rsquo;envoi des informations demand\u00e9es et \u00e0 pouvoir r\u00e9pondre aux demandes ou aux questions que l&rsquo;utilisateur soumet par l&rsquo;interm\u00e9diaire du site Web, afin de proposer aux int\u00e9ress\u00e9s des offres de services susceptibles de les int\u00e9resser<\/p>\n<p>Les rubriques des enregistrements <strong>doivent \u00eatre obligatoirement remplies<\/strong> afin que l&rsquo;organisation SAVE AT LIGHTNING WORLDWIDE puisse remplir les objectifs mentionn\u00e9s ci-dessus.<\/p>\n<p>L&rsquo;utilisateur peut s&rsquo;opposer \u00e0 l&rsquo;envoi de communications commerciales \u00e0 tout moment en envoyant un message par email \u00e0 l&rsquo;adresse indiqu\u00e9e ci-dessus.<\/p>\n<p><strong>L\u00c9GITIMIT\u00c9 DU TRAITEMENT DES DONN\u00c9ES<\/strong><\/p>\n<p>Le traitement des donn\u00e9es personnelles fournies par l&rsquo;utilisateur est effectu\u00e9 sur la base des <strong>fondements juridiques<\/strong> qui l\u00e9gitiment ce traitement :<\/p>\n<p>L&rsquo;<strong>engagement de services <\/strong>de SAVE AT LIGHTNING WORLDWIDE ORGANIZATION et l&rsquo;ex\u00e9cution de la mission professionnelle demand\u00e9e, dont les termes et les conditions seront mis \u00e0 la disposition de l&rsquo;utilisateur avant l&rsquo;engagement \u00e9ventuel. Afin de pouvoir mener \u00e0 bien la relation professionnelle demand\u00e9e, l&rsquo;int\u00e9ress\u00e9 est tenu de fournir ses coordonn\u00e9es.<\/p>\n<p>Le <strong>consentement<\/strong> est libre, sp\u00e9cifique, \u00e9clair\u00e9 et sans \u00e9quivoque, car apr\u00e8s avoir lu la pr\u00e9sente<strong> Politique de Confidentialit\u00e9<\/strong>, l&rsquo;utilisateur en est inform\u00e9 et, s&rsquo;il est d&rsquo;accord, il peut l&rsquo;accepter au moyen d&rsquo;une d\u00e9claration ou d&rsquo;une action affirmative claire, par exemple en cochant une case pr\u00e9vue \u00e0 cet effet.<\/p>\n<p>Si la personne concern\u00e9e ne fournit pas les donn\u00e9es susmentionn\u00e9es ou si elles sont <strong>erron\u00e9es ou inexactes<\/strong>, nous ne pourrons pas donner suite \u00e0 votre demande, ce qui nous emp\u00eachera de vous fournir les informations demand\u00e9es ou d&rsquo;ex\u00e9cuter le contrat de services. Par cons\u00e9quent, le responsable du traitement, SAVE AT LIGHTNING WORLDWIDE ORGANIZATION, sera exon\u00e9r\u00e9 de toute responsabilit\u00e9 pouvant d\u00e9couler de la non-ex\u00e9cution de la mission professionnelle ou des cons\u00e9quences d\u00e9coulant de ces informations inexactes ou erron\u00e9es.<\/p>\n<p><strong>COMMUNICATION DES DONN\u00c9ES<\/strong><\/p>\n<p>De mani\u00e8re g\u00e9n\u00e9rale, SAVE AT LIGHTNING WORLDWIDE ORGANIZATION ne communiquera pas ces donn\u00e9es personnelles \u00e0 des tiers, \u00e0 l&rsquo;exception du cas o\u00f9 la fourniture d&rsquo;un service implique la n\u00e9cessit\u00e9 d&rsquo;une relation contractuelle avec un responsable du traitement des donn\u00e9es et que cela est strictement n\u00e9cessaire pour g\u00e9rer et maintenir la relation entre l&rsquo;utilisateur et l&rsquo;entreprise susmentionn\u00e9e, avec l&rsquo;autorisation expresse pr\u00e9alable de l&rsquo;utilisateur. Cela ne se fera que pendant le temps n\u00e9cessaire pour permettre l&rsquo;ex\u00e9cution du contrat de mise en service, et dans les m\u00eames conditions et avec les m\u00eames responsabilit\u00e9s que celles exig\u00e9es du responsable du traitement. Une fois la commande termin\u00e9e, le sous-traitant renverra les donn\u00e9es personnelles au responsable du traitement et supprimera toutes les copies en sa possession.<\/p>\n<p>Par ailleurs, seuls les tiers avec lesquels l&rsquo;organisation SAVE AT LIGHTNING WORLDWIDE a une obligation l\u00e9gale ou contractuelle de fournir des donn\u00e9es \u00e0 caract\u00e8re personnel, notamment, par exemple, le m\u00e9diateur et les juges et tribunaux impliqu\u00e9s dans des proc\u00e9dures li\u00e9es \u00e0 des plaintes d\u00e9pos\u00e9es, ont le droit d&rsquo;acc\u00e9der \u00e0 ces donn\u00e9es \u00e0 caract\u00e8re personnel.<\/p>\n<p><strong>DROITS DES PERSONNES CONCERN\u00c9ES<\/strong><\/p>\n<p>L&rsquo;utilisateur peut exercer \u00e0 tout moment, dans les termes \u00e9tablis par la l\u00e9gislation en vigueur, les droits d&rsquo;acc\u00e8s, de rectification ou de suppression des donn\u00e9es, demander la limitation du traitement, s&rsquo;opposer au traitement, demander la portabilit\u00e9 de ses donn\u00e9es, ainsi que r\u00e9voquer le consentement donn\u00e9, droits reconnus dans le <a href=\"https:\/\/eu.vlex.com\/vid\/reglamento-ue-2016-679-637528825?from_fbt=1&amp;forw=go&amp;fbt=preview\" target=\"_blank\" rel=\"noopener\">r\u00e8glement (UE)<\/a> susmentionn\u00e9. Ces droits peuvent \u00eatre exerc\u00e9s par l&rsquo;utilisateur en contactant SAVE AT LIGHTNING WORLDWIDE ORGANIZATION \u00e0 l&rsquo;adresse de son si\u00e8ge social indiqu\u00e9e ci-dessus ; en envoyant un courrier \u00e9lectronique \u00e0 l&rsquo;adresse suivante salwo@salwo.org ou \u00e0 l&rsquo;adresse postale Calle Nicol\u00e1s Cop\u00e9rnico, 4, 46980 Paterna (Valencia), ESPAGNE.<\/p>\n<p>Pour exercer effectivement ces droits, les utilisateurs doivent prouver leur identit\u00e9 en fournissant leur nom et pr\u00e9nom, une photocopie de leur carte d&rsquo;identit\u00e9 ou d&rsquo;un document d&rsquo;identification \u00e9quivalent prouvant leur identit\u00e9, une p\u00e9tition sp\u00e9cifiant la demande, une adresse \u00e0 des fins de notification, ainsi que la date et la signature du demandeur.<\/p>\n<p>De m\u00eame, l&rsquo;utilisateur peut pr\u00e9senter une r\u00e9clamation \u00e0 l&rsquo;Agence espagnole de protection des donn\u00e9es (autorit\u00e9 de contr\u00f4le comp\u00e9tente en la mati\u00e8re), en particulier lorsqu&rsquo;il n&rsquo;a pas obtenu satisfaction dans l&rsquo;exercice de ses droits, en \u00e9crivant \u00e0 l&rsquo;Agence, C\/ Jorge Juan, n\u00ba 6, 28001 &#8211; Madrid, ou par le biais du site web : <a href=\"https:\/\/www.agpd.es\/\">https:\/\/www.agpd.es<\/a>[\/vc_column_text][vc_empty_space height=\u00a0\u00bb50px\u00a0\u00bb][\/vc_column_inner][\/vc_row_inner][\/vc_column][\/vc_row]<\/p>\n","protected":false},"excerpt":{"rendered":"<p>[vc_row row_type=\u00a0\u00bbparallax\u00a0\u00bb full_screen_section_height=\u00a0\u00bbno\u00a0\u00bb section_height=\u00a0\u00bb400&Prime; parallax_background_image=\u00a0\u00bb19025&Prime; css=\u00a0\u00bb.vc_custom_1705940443809{margin-top: 0px !important;padding-top: 0px !important;background-position: 0 0 !important;background-repeat: no-repeat !important;}\u00a0\u00bb][vc_column][\/vc_column][\/vc_row][vc_row content_width=\u00a0\u00bbgrid\u00a0\u00bb][vc_column][vc_row_inner][vc_column_inner][vc_empty_space height=\u00a0\u00bb40px\u00a0\u00bb][vc_column_text] Politique de confidentialit\u00e9 [\/vc_column_text][vc_empty_space height=\u00a0\u00bb35px\u00a0\u00bb][vc_column_text]PROTECTION DES DONN\u00c9ES PERSONNELLES SAVE AT LIGHTNING WORLDWIDE ORGANIZATION informe les utilisateurs de son site web https:\/\/salwo.org, par le biais de la pr\u00e9sente politique de confidentialit\u00e9, du traitement et de la protection des donn\u00e9es&#8230;<\/p>\n","protected":false},"author":2,"featured_media":20811,"parent":0,"menu_order":0,"comment_status":"closed","ping_status":"closed","template":"full-width.php","meta":{"inline_featured_image":false,"footnotes":""},"class_list":["post-21085","page","type-page","status-publish","has-post-thumbnail","hentry"],"yoast_head":"<!-- This site is optimized with the Yoast SEO Premium plugin v26.2 (Yoast SEO v26.2) - https:\/\/yoast.com\/wordpress\/plugins\/seo\/ -->\n<title>Politique de confidentialit\u00e9 - SALWO<\/title>\n<meta name=\"robots\" content=\"index, follow, max-snippet:-1, max-image-preview:large, max-video-preview:-1\" \/>\n<link rel=\"canonical\" href=\"https:\/\/salwo.org\/fr\/politique-de-confidentialite\/\" \/>\n<meta property=\"og:locale\" content=\"fr_FR\" \/>\n<meta property=\"og:type\" content=\"article\" \/>\n<meta property=\"og:title\" content=\"Politique de confidentialit\u00e9\" \/>\n<meta property=\"og:description\" content=\"[vc_row row_type=\u00a0\u00bbparallax\u00a0\u00bb full_screen_section_height=\u00a0\u00bbno\u00a0\u00bb section_height=\u00a0\u00bb400&Prime; parallax_background_image=\u00a0\u00bb19025&Prime; css=\u00a0\u00bb.vc_custom_1705940443809{margin-top: 0px !important;padding-top: 0px !important;background-position: 0 0 !important;background-repeat: no-repeat !important;}\u00a0\u00bb][vc_column][\/vc_column][\/vc_row][vc_row content_width=\u00a0\u00bbgrid\u00a0\u00bb][vc_column][vc_row_inner][vc_column_inner][vc_empty_space height=\u00a0\u00bb40px\u00a0\u00bb][vc_column_text] Politique de confidentialit\u00e9 [\/vc_column_text][vc_empty_space height=\u00a0\u00bb35px\u00a0\u00bb][vc_column_text]PROTECTION DES DONN\u00c9ES PERSONNELLES SAVE AT LIGHTNING WORLDWIDE ORGANIZATION informe les utilisateurs de son site web https:\/\/salwo.org, par le biais de la pr\u00e9sente politique de confidentialit\u00e9, du traitement et de la protection des donn\u00e9es...\" \/>\n<meta property=\"og:url\" content=\"https:\/\/salwo.org\/fr\/politique-de-confidentialite\/\" \/>\n<meta property=\"og:site_name\" content=\"SALWO\" \/>\n<meta property=\"article:modified_time\" content=\"2024-04-09T08:17:18+00:00\" \/>\n<meta property=\"og:image\" content=\"https:\/\/salwo.org\/wp-content\/uploads\/fondo-salwo-texos-legales-scaled.jpg\" \/>\n\t<meta property=\"og:image:width\" content=\"2560\" \/>\n\t<meta property=\"og:image:height\" content=\"794\" \/>\n\t<meta property=\"og:image:type\" content=\"image\/jpeg\" \/>\n<meta name=\"twitter:card\" content=\"summary_large_image\" \/>\n<meta name=\"twitter:label1\" content=\"Dur\u00e9e de lecture estim\u00e9e\" \/>\n\t<meta name=\"twitter:data1\" content=\"7 minutes\" \/>\n<script type=\"application\/ld+json\" class=\"yoast-schema-graph\">{\"@context\":\"https:\/\/schema.org\",\"@graph\":[{\"@type\":\"WebPage\",\"@id\":\"https:\/\/salwo.org\/fr\/politique-de-confidentialite\/\",\"url\":\"https:\/\/salwo.org\/fr\/politique-de-confidentialite\/\",\"name\":\"Politique de confidentialit\u00e9 - SALWO\",\"isPartOf\":{\"@id\":\"https:\/\/salwo.org\/fr\/#website\"},\"primaryImageOfPage\":{\"@id\":\"https:\/\/salwo.org\/fr\/politique-de-confidentialite\/#primaryimage\"},\"image\":{\"@id\":\"https:\/\/salwo.org\/fr\/politique-de-confidentialite\/#primaryimage\"},\"thumbnailUrl\":\"https:\/\/salwo.org\/wp-content\/uploads\/fondo-salwo-texos-legales-scaled.jpg\",\"datePublished\":\"2024-01-22T16:36:22+00:00\",\"dateModified\":\"2024-04-09T08:17:18+00:00\",\"breadcrumb\":{\"@id\":\"https:\/\/salwo.org\/fr\/politique-de-confidentialite\/#breadcrumb\"},\"inLanguage\":\"fr-FR\",\"potentialAction\":[{\"@type\":\"ReadAction\",\"target\":[\"https:\/\/salwo.org\/fr\/politique-de-confidentialite\/\"]}]},{\"@type\":\"ImageObject\",\"inLanguage\":\"fr-FR\",\"@id\":\"https:\/\/salwo.org\/fr\/politique-de-confidentialite\/#primaryimage\",\"url\":\"https:\/\/salwo.org\/wp-content\/uploads\/fondo-salwo-texos-legales-scaled.jpg\",\"contentUrl\":\"https:\/\/salwo.org\/wp-content\/uploads\/fondo-salwo-texos-legales-scaled.jpg\",\"width\":2560,\"height\":794},{\"@type\":\"BreadcrumbList\",\"@id\":\"https:\/\/salwo.org\/fr\/politique-de-confidentialite\/#breadcrumb\",\"itemListElement\":[{\"@type\":\"ListItem\",\"position\":1,\"name\":\"Portada\",\"item\":\"https:\/\/salwo.org\/fr\/\"},{\"@type\":\"ListItem\",\"position\":2,\"name\":\"Politique de confidentialit\u00e9\"}]},{\"@type\":\"WebSite\",\"@id\":\"https:\/\/salwo.org\/fr\/#website\",\"url\":\"https:\/\/salwo.org\/fr\/\",\"name\":\"SALWO\",\"description\":\"Safe Against Lightning Worldwide Organization\",\"potentialAction\":[{\"@type\":\"SearchAction\",\"target\":{\"@type\":\"EntryPoint\",\"urlTemplate\":\"https:\/\/salwo.org\/fr\/?s={search_term_string}\"},\"query-input\":{\"@type\":\"PropertyValueSpecification\",\"valueRequired\":true,\"valueName\":\"search_term_string\"}}],\"inLanguage\":\"fr-FR\"}]}<\/script>\n<!-- \/ Yoast SEO Premium plugin. -->","yoast_head_json":{"title":"Politique de confidentialit\u00e9 - SALWO","robots":{"index":"index","follow":"follow","max-snippet":"max-snippet:-1","max-image-preview":"max-image-preview:large","max-video-preview":"max-video-preview:-1"},"canonical":"https:\/\/salwo.org\/fr\/politique-de-confidentialite\/","og_locale":"fr_FR","og_type":"article","og_title":"Politique de confidentialit\u00e9","og_description":"[vc_row row_type=\u00a0\u00bbparallax\u00a0\u00bb full_screen_section_height=\u00a0\u00bbno\u00a0\u00bb section_height=\u00a0\u00bb400&Prime; parallax_background_image=\u00a0\u00bb19025&Prime; css=\u00a0\u00bb.vc_custom_1705940443809{margin-top: 0px !important;padding-top: 0px !important;background-position: 0 0 !important;background-repeat: no-repeat !important;}\u00a0\u00bb][vc_column][\/vc_column][\/vc_row][vc_row content_width=\u00a0\u00bbgrid\u00a0\u00bb][vc_column][vc_row_inner][vc_column_inner][vc_empty_space height=\u00a0\u00bb40px\u00a0\u00bb][vc_column_text] Politique de confidentialit\u00e9 [\/vc_column_text][vc_empty_space height=\u00a0\u00bb35px\u00a0\u00bb][vc_column_text]PROTECTION DES DONN\u00c9ES PERSONNELLES SAVE AT LIGHTNING WORLDWIDE ORGANIZATION informe les utilisateurs de son site web https:\/\/salwo.org, par le biais de la pr\u00e9sente politique de confidentialit\u00e9, du traitement et de la protection des donn\u00e9es...","og_url":"https:\/\/salwo.org\/fr\/politique-de-confidentialite\/","og_site_name":"SALWO","article_modified_time":"2024-04-09T08:17:18+00:00","og_image":[{"width":2560,"height":794,"url":"https:\/\/salwo.org\/wp-content\/uploads\/fondo-salwo-texos-legales-scaled.jpg","type":"image\/jpeg"}],"twitter_card":"summary_large_image","twitter_misc":{"Dur\u00e9e de lecture estim\u00e9e":"7 minutes"},"schema":{"@context":"https:\/\/schema.org","@graph":[{"@type":"WebPage","@id":"https:\/\/salwo.org\/fr\/politique-de-confidentialite\/","url":"https:\/\/salwo.org\/fr\/politique-de-confidentialite\/","name":"Politique de confidentialit\u00e9 - SALWO","isPartOf":{"@id":"https:\/\/salwo.org\/fr\/#website"},"primaryImageOfPage":{"@id":"https:\/\/salwo.org\/fr\/politique-de-confidentialite\/#primaryimage"},"image":{"@id":"https:\/\/salwo.org\/fr\/politique-de-confidentialite\/#primaryimage"},"thumbnailUrl":"https:\/\/salwo.org\/wp-content\/uploads\/fondo-salwo-texos-legales-scaled.jpg","datePublished":"2024-01-22T16:36:22+00:00","dateModified":"2024-04-09T08:17:18+00:00","breadcrumb":{"@id":"https:\/\/salwo.org\/fr\/politique-de-confidentialite\/#breadcrumb"},"inLanguage":"fr-FR","potentialAction":[{"@type":"ReadAction","target":["https:\/\/salwo.org\/fr\/politique-de-confidentialite\/"]}]},{"@type":"ImageObject","inLanguage":"fr-FR","@id":"https:\/\/salwo.org\/fr\/politique-de-confidentialite\/#primaryimage","url":"https:\/\/salwo.org\/wp-content\/uploads\/fondo-salwo-texos-legales-scaled.jpg","contentUrl":"https:\/\/salwo.org\/wp-content\/uploads\/fondo-salwo-texos-legales-scaled.jpg","width":2560,"height":794},{"@type":"BreadcrumbList","@id":"https:\/\/salwo.org\/fr\/politique-de-confidentialite\/#breadcrumb","itemListElement":[{"@type":"ListItem","position":1,"name":"Portada","item":"https:\/\/salwo.org\/fr\/"},{"@type":"ListItem","position":2,"name":"Politique de confidentialit\u00e9"}]},{"@type":"WebSite","@id":"https:\/\/salwo.org\/fr\/#website","url":"https:\/\/salwo.org\/fr\/","name":"SALWO","description":"Safe Against Lightning Worldwide Organization","potentialAction":[{"@type":"SearchAction","target":{"@type":"EntryPoint","urlTemplate":"https:\/\/salwo.org\/fr\/?s={search_term_string}"},"query-input":{"@type":"PropertyValueSpecification","valueRequired":true,"valueName":"search_term_string"}}],"inLanguage":"fr-FR"}]}},"_links":{"self":[{"href":"https:\/\/salwo.org\/fr\/wp-json\/wp\/v2\/pages\/21085","targetHints":{"allow":["GET"]}}],"collection":[{"href":"https:\/\/salwo.org\/fr\/wp-json\/wp\/v2\/pages"}],"about":[{"href":"https:\/\/salwo.org\/fr\/wp-json\/wp\/v2\/types\/page"}],"author":[{"embeddable":true,"href":"https:\/\/salwo.org\/fr\/wp-json\/wp\/v2\/users\/2"}],"replies":[{"embeddable":true,"href":"https:\/\/salwo.org\/fr\/wp-json\/wp\/v2\/comments?post=21085"}],"version-history":[{"count":14,"href":"https:\/\/salwo.org\/fr\/wp-json\/wp\/v2\/pages\/21085\/revisions"}],"predecessor-version":[{"id":21276,"href":"https:\/\/salwo.org\/fr\/wp-json\/wp\/v2\/pages\/21085\/revisions\/21276"}],"wp:featuredmedia":[{"embeddable":true,"href":"https:\/\/salwo.org\/fr\/wp-json\/wp\/v2\/media\/20811"}],"wp:attachment":[{"href":"https:\/\/salwo.org\/fr\/wp-json\/wp\/v2\/media?parent=21085"}],"curies":[{"name":"wp","href":"https:\/\/api.w.org\/{rel}","templated":true}]}}