
{"id":21427,"date":"2024-01-22T18:02:56","date_gmt":"2024-01-22T17:02:56","guid":{"rendered":"https:\/\/salwo.org\/politica-de-cookies\/"},"modified":"2024-04-11T17:05:56","modified_gmt":"2024-04-11T15:05:56","slug":"politique-sur-les-cookies","status":"publish","type":"page","link":"https:\/\/salwo.org\/fr\/politique-sur-les-cookies\/","title":{"rendered":"Politique sur les cookies"},"content":{"rendered":"<p>[vc_row row_type=\u00a0\u00bbparallax\u00a0\u00bb full_screen_section_height=\u00a0\u00bbno\u00a0\u00bb section_height=\u00a0\u00bb400&Prime; parallax_background_image=\u00a0\u00bb19025&Prime; css=\u00a0\u00bb.vc_custom_1705940443809{margin-top: 0px !important;padding-top: 0px !important;background-position: 0 0 !important;background-repeat: no-repeat !important;}\u00a0\u00bb][vc_column][\/vc_column][\/vc_row][vc_row content_width=\u00a0\u00bbgrid\u00a0\u00bb][vc_column][vc_row_inner][vc_column_inner][vc_empty_space height=\u00a0\u00bb35px\u00a0\u00bb][vc_column_text]<\/p>\n<h3>Politique sur les cookies<\/h3>\n<p><strong>Note:<\/strong> Cet avis g\u00e9n\u00e9rique est inclus sur le site Web avant l&rsquo;installation des <strong>cookies<\/strong> dans le navigateur de l&rsquo;utilisateur du site Web et est un format de texte qui appara\u00eet dans la barre d&rsquo;en-t\u00eate ou de pied de page lorsque le visiteur acc\u00e8de pour la premi\u00e8re fois \u00e0 la page Web.<\/p>\n<p>https\/\/salwo.org utilise ses propres cookies et ceux de tiers pour obtenir des donn\u00e9es statistiques sur la navigation effectu\u00e9e par les utilisateurs et ainsi pouvoir collecter des informations qui leur permettent d&rsquo;optimiser leur visite sur les pages Web. Les cookies ne seront pas utilis\u00e9s pour collecter des donn\u00e9es personnelles. Si vous acceptez ou poursuivez votre navigation, vous acceptez son utilisation. Vous pouvez choisir de refuser les cookies \u00e0 tout moment, soit en modifiant les param\u00e8tres de votre navigateur (si votre navigateur le permet), en cessant d&rsquo;utiliser ce site Web, soit en utilisant les fonctions de d\u00e9sinscription appropri\u00e9es. Pour plus d&rsquo;informations, vous pouvez acc\u00e9der ici <a href=\"https:\/\/salwo.org\/fr\/politique-sur-les-cookies\/\">https\/\/salwo.org\/politica-de-cookies\/.<\/a><\/p>\n<p><strong>POLITIQUE DE COOKIES\u00a0:<\/strong><\/p>\n<p><a href=\"https:\/\/salwo.org\/fr\">https:\/\/salwo.org\/<\/a> utilise une technologie appel\u00e9e \u00ab cookies \u00bb afin de collecter des informations sur l&rsquo;utilisation du site Web par l&rsquo;utilisateur afin d&rsquo;analyser ses habitudes de navigation afin de faciliter celle-ci et de pouvoir le distinguer des d&rsquo;autres utilisateurs.<\/p>\n<p>Conform\u00e9ment aux dispositions de<a href=\"https:\/\/vlex.es\/vid\/ley-servicios-sociedad-electronico-172670?from_fbt=1&amp;forw=go#articulo22.2&amp;fbt=preview\" target=\"_blank\" rel=\"noopener\"> l&rsquo;article 22.2<\/a> de la <a href=\"https:\/\/vlex.es\/vid\/ley-servicios-sociedad-electronico-172670?from_fbt=1&amp;forw=go&amp;fbt=preview\" target=\"_blank\" rel=\"noopener\">loi 34\/2002 du 11 juillet relative aux services de la soci\u00e9t\u00e9 de l&rsquo;information et du commerce \u00e9lectronique<\/a>, la pr\u00e9sente politique de cookies a pour objectif d&rsquo;informer l&rsquo;utilisateur sur la politique de collecte et de traitement des cookies.<\/p>\n<p><strong>Que sont les cookies ?<\/strong><\/p>\n<p>Les cookies sont de petits fichiers contenant une s\u00e9rie de caract\u00e8res (texte) qui sont envoy\u00e9s \u00e0 votre navigateur depuis le serveur d&rsquo;un site Web. Le cookie peut avoir un identifiant unique mais ne contient pas d&rsquo;informations personnellement identifiables, telles que votre nom ou votre adresse e-mail. SAVE AT LIGHTNING WORLDWIDE ORGANIZATION peut utiliser des cookies lorsque vous visitez son site Web ou visitez d\u2019autres sites Web sur lesquels SAVE AT LIGHTNING WORLDWIDE ORGANIZATION fait de la publicit\u00e9. Le cookie est stock\u00e9 par le navigateur Internet de l&rsquo;utilisateur de ce site Internet sur le disque dur de son ordinateur et peut \u00eatre consult\u00e9 par le site Internet lors de sa prochaine visite. D&rsquo;autres sites Web peuvent \u00e9galement envoyer des cookies \u00e0 votre navigateur, mais votre navigateur ne permettra pas \u00e0 ces sites Web de voir les informations sur les cookies de <a href=\"https:\/\/salwo.org\/fr\">https:\/\/salwo.org<\/a>\/.<\/p>\n<p>&nbsp;<\/p>\n<p><strong>Cookies utilis\u00e9s sur ce site<\/strong><\/p>\n<p>D&rsquo;une part, ce site utilise ses propres cookies techniques pour lesquels il n&rsquo;est pas n\u00e9cessaire d&rsquo;obtenir le consentement de l&rsquo;utilisateur, car ils sont exclus du champ d&rsquo;application de l&rsquo;art. 22.2 de la loi <a href=\"https:\/\/vlex.es\/vid\/ley-servicios-sociedad-electronico-172670?from_fbt=1&amp;forw=go&amp;fbt=preview\" target=\"_blank\" rel=\"noopener\">34\/2002<\/a> du 11 juillet sur les services de la soci\u00e9t\u00e9 de l&rsquo;information et le commerce \u00e9lectronique.<\/p>\n<p>Cependant, ce site Web installe \u00e9galement des cookies qui n\u00e9cessitent le consentement de l&rsquo;utilisateur. Ensuite, suivant les directives de l&rsquo;Agence espagnole de protection des donn\u00e9es, nous d\u00e9taillons l&rsquo;utilisation des cookies en les identifiant et en expliquant leur typologie et leur fonction, afin de vous informer le plus pr\u00e9cis\u00e9ment possible.<\/p>\n<p>&nbsp;<\/p>\n<ul>\n<li>\n<h5>III. <span class=\"HwtZe\" lang=\"fr\"><span class=\"jCAhz ChMk0b\"><span class=\"ryNqvb\">Cookies utilis\u00e9s dans<\/span><\/span><\/span> <a href=\"https:\/\/salwo.org\/fr\/\" target=\"_blank\" rel=\"noopener\">https:\/\/salwo.org\/<\/a><\/h5>\n<table width=\"752\">\n<tbody>\n<tr>\n<th><span class=\"HwtZe\" lang=\"fr\"><span class=\"jCAhz ChMk0b\"><span class=\"ryNqvb\">Nom du fournisseur<\/span><\/span><\/span><\/th>\n<th>Nom du cookie<\/th>\n<th>Temps de conservation<\/th>\n<th>Description de la finalit\u00e9 du cookie<\/th>\n<\/tr>\n<tr>\n<td>Google Inc.<\/td>\n<td>__utma<\/p>\n<p>__utmb<\/p>\n<p>__utmc<\/p>\n<p>__utmt_es<\/p>\n<p>__utmt<\/p>\n<p>__utmz<\/td>\n<td>2 ans<\/p>\n<p>30 minutes<\/p>\n<p>Session<\/p>\n<p>10 minutes<\/p>\n<p>10 minutes<\/p>\n<p>6 mois<\/td>\n<td>Service Google Analytics. Obtenir des informations de navigation, mesurer et analyser l&rsquo;audience<\/p>\n<p><a href=\"https:\/\/developers.google.com\/analytics\/devguides\/collection\/analyticsjs\/cookie-usage\">Plus d&rsquo;informations<\/a><\/td>\n<\/tr>\n<tr>\n<td>DoubleClick<\/td>\n<td>Sin cookies, se trata de un rastreador<\/td>\n<td><\/td>\n<td>Obtenez des informations de navigation, mesurez et analysez l\u2019audience.<\/p>\n<p><a href=\"http:\/\/www.google.com\/intl\/es\/policies\/privacy\/\">Plus d&rsquo;informations<\/a><\/td>\n<\/tr>\n<tr>\n<td>YouTube<\/td>\n<td>PREF<\/p>\n<p>&nbsp;<\/p>\n<p>VISITOR_INFO1_LIVE<\/p>\n<p>YSC<\/td>\n<td>8 mois<\/p>\n<p>&nbsp;<\/p>\n<p>8 mois<\/p>\n<p>Session<\/td>\n<td>Conservez les pr\u00e9f\u00e9rences de session pour visionner des vid\u00e9os.<\/p>\n<p>Estimez la bande passante de l&rsquo;utilisateur.<\/p>\n<p><a href=\"https:\/\/www.google.com\/policies\/technologies\/types\/\">Plus d&rsquo;informations<\/a><\/td>\n<\/tr>\n<\/tbody>\n<\/table>\n<p><b><strong>Note.- <\/strong><\/b>Cette liste sera mise \u00e0 jour d\u00e8s que possible au fur et \u00e0 mesure de l&rsquo;\u00e9volution des services propos\u00e9s sur les sites internet et des cookies utilis\u00e9s \u00e0 ces fins. Cependant, occasionnellement lors de cette mise \u00e0 jour, la liste pourra ne plus inclure de cookie, m\u00eame si elle fera toujours r\u00e9f\u00e9rence \u00e0 des cookies ayant des finalit\u00e9s identiques \u00e0 ceux enregistr\u00e9s dans cette liste.<\/p>\n<p>Pour \u00e9tablir des statistiques d&rsquo;utilisation de ce site Internet, nous utilisons des cookies afin de conna\u00eetre le niveau de r\u00e9currence de nos visiteurs et les contenus les plus int\u00e9ressants. De cette fa\u00e7on, nous pouvons concentrer nos efforts sur l&rsquo;am\u00e9lioration des zones les plus visit\u00e9es et permettre \u00e0 l&rsquo;utilisateur de trouver plus facilement ce qu&rsquo;il cherche. Sur ce site Internet, les informations relatives \u00e0 votre visite pourront \u00eatre utilis\u00e9es pour effectuer des \u00e9valuations et des calculs statistiques sur des donn\u00e9es anonymes, ainsi que pour garantir la continuit\u00e9 du service ou pour apporter des am\u00e9liorations \u00e0 ses sites Internet. Pour plus de d\u00e9tails, consultez la politique de confidentialit\u00e9 au lien suivant<br \/>\n<a href=\"http:\/\/www.google.com\/intl\/es\/policies\/privacy\/\">http:\/\/www.google.com\/intl\/es\/policies\/privacy\/<\/a><\/p>\n<p><strong>IV. Consentement \u00e9clair\u00e9<\/strong><\/p>\n<p>L&rsquo;utilisation de ce site Internet de votre part implique que <strong>vous donnez votre consentement expr\u00e8s et sans \u00e9quivoque \u00e0 l&rsquo;utilisation de cookies, dans les termes et conditions pr\u00e9vus dans la pr\u00e9sente Politique de Cookies<\/strong>, sans pr\u00e9judice des mesures de d\u00e9sactivation et d&rsquo;\u00e9limination des cookies que vous peuvent adopter, et qui sont mentionn\u00e9s dans la section suivante.<br \/>\n<strong>V. R\u00e9vocation et suppression des cookies<\/strong><\/p>\n<p>Vous pouvez autoriser, bloquer ou supprimer les cookies install\u00e9s sur votre ordinateur en configurant les options du navigateur install\u00e9 sur votre ordinateur. Si vous n&rsquo;autorisez pas l&rsquo;installation de cookies dans votre navigateur, vous ne pourrez peut-\u00eatre pas acc\u00e9der \u00e0 certaines sections de nos sites Web.<\/p>\n<p>Pour plus d&rsquo;informations sur la mani\u00e8re de bloquer l&rsquo;utilisation de cookies, vous pouvez visiter les liens suivants :<br \/>\n<strong>VI. Mises \u00e0 jour et modifications de la politique de confidentialit\u00e9 \/ cookies :<\/strong><br \/>\n<a href=\"https:\/\/support.google.com\/chrome\/answer\/95647?hl=es\" target=\"_blank\" rel=\"noopener\">Param\u00e8tres des cookies pour Google Chrome<\/a><br \/>\n<a href=\"https:\/\/support.mozilla.org\/es\/kb\/cookies-informacion-que-los-sitios-web-guardan-en-?redirectlocale=en-US&amp;redirectslug=Cookies\">Param\u00e8tres des cookies pour Mozilla Firefox<\/a><br \/>\n<a href=\"https:\/\/support.microsoft.com\/es-es\/help\/196955\">Param\u00e8tres des cookies pour Internet Explorer<\/a><br \/>\n<a href=\"https:\/\/support.apple.com\/es-es\/105082\">Param\u00e8tres des cookies pour Safari<\/a><\/p>\n<p>Si vous avez des questions sur la fa\u00e7on dont nous utilisons les cookies et que la pr\u00e9sente politique en mati\u00e8re de cookies ne r\u00e9pond pas \u00e0 ces questions, veuillez nous envoyer vos commentaires par e-mail \u00e0 <a href=\"mailto:salwo@salwo.org\">salwo@salwo.org<\/a>.<\/p>\n<p>Si vous avez besoin de plus d&rsquo;informations sur l&rsquo;utilisation des cookies par les sites Web, vous pouvez consulter la<a href=\"https:\/\/www.boe.es\/buscar\/act.php?id=BOE-A-2002-13758\"> loi 34\/2002 du 11 juillet sur les services de la soci\u00e9t\u00e9 de l&rsquo;information et le commerce \u00e9lectronique<\/a> et<a href=\"https:\/\/www.aepd.es\/\"> le Guide publi\u00e9 sur l&rsquo;utilisation des cookies par l&rsquo;Agence de protection des donn\u00e9es.<\/a><\/p>\n<p><strong>D\u00e9sactivation ou suppression des cookies<\/strong><\/p>\n<p>Nous ne vous recommandons pas de restreindre ou de bloquer les cookies, car cela pourrait affecter le fonctionnement et la qualit\u00e9 de nos services et sites Web et, par cons\u00e9quent, votre exp\u00e9rience pourrait \u00eatre moins satisfaisante. Cependant, \u00e0 tout moment, l&rsquo;utilisateur pourra exercer son droit de d\u00e9sactiver ou de supprimer les cookies de ce site Web, en les bloquant ou en les d\u00e9sactivant en modifiant la configuration des options du navigateur install\u00e9 sur son ordinateur, ce qui lui permettra de refuser l&rsquo;installation de tout ou partie. certains des cookies.<\/p>\n<p>Les navigateurs Web sont les outils charg\u00e9s de stocker les cookies et c&rsquo;est \u00e0 partir de cet endroit que l&rsquo;utilisateur doit exercer son droit de les supprimer ou de les d\u00e9sactiver. Par cons\u00e9quent, <a href=\"https:\/\/salwo.org\/fr\">https:\/\/salwo.org\/<\/a> ne peut garantir le traitement correct des cookies par les navigateurs que nous avons mentionn\u00e9s.<\/p>\n<p>Ci-dessous, nous vous informons sur la mani\u00e8re de g\u00e9rer l&rsquo;utilisation des cookies en fonction du navigateur que vous utilisez, ces actions \u00e9tant r\u00e9alis\u00e9es diff\u00e9remment selon le navigateur utilis\u00e9 par l&rsquo;utilisateur.<\/p>\n<p><em>[Cr\u00e9ez une liste des diff\u00e9rents navigateurs Internet les plus courants, tels que Google Chrome, Microsoft Internet Explorer, Mozilla Firefox, Safari (Apple), etc. Un lien doit \u00eatre ins\u00e9r\u00e9 pour chacun d&rsquo;eux qui permet d&rsquo;acc\u00e9der \u00e0 leurs menus d&rsquo;aide respectifs o\u00f9 sont fournies les informations et instructions n\u00e9cessaires pour activer, d\u00e9sactiver et g\u00e9rer les cookies install\u00e9s sur l&rsquo;ordinateur].<\/em><\/p>\n<p><strong>Modifications de la politique en mati\u00e8re de cookies<\/strong><\/p>\n<p>Il est possible que cette politique de cookies soit modifi\u00e9e \u00e0 l&rsquo;avenir, il est donc conseill\u00e9 que chaque fois que l&rsquo;utilisateur acc\u00e8de \u00e0 ce site Web, il consulte \u00e0 nouveau cette politique afin d&rsquo;\u00eatre correctement inform\u00e9 des mises \u00e0 jour effectu\u00e9es.<\/p>\n<p><strong>Contact<\/strong><\/p>\n<p>Si vous avez des questions, des commentaires ou des suggestions concernant notre politique en mati\u00e8re de cookies, n&rsquo;h\u00e9sitez pas \u00e0 nous contacter \u00e0 l&rsquo;adresse e-mail suivante <a href=\"mailto:salwo@salwo.org\">salwo@salwo.org<\/a><\/li>\n<\/ul>\n<p>[\/vc_column_text][vc_empty_space height=\u00a0\u00bb50px\u00a0\u00bb][\/vc_column_inner][\/vc_row_inner][\/vc_column][\/vc_row]<\/p>\n","protected":false},"excerpt":{"rendered":"<p>[vc_row row_type=\u00a0\u00bbparallax\u00a0\u00bb full_screen_section_height=\u00a0\u00bbno\u00a0\u00bb section_height=\u00a0\u00bb400&Prime; parallax_background_image=\u00a0\u00bb19025&Prime; css=\u00a0\u00bb.vc_custom_1705940443809{margin-top: 0px !important;padding-top: 0px !important;background-position: 0 0 !important;background-repeat: no-repeat !important;}\u00a0\u00bb][vc_column][\/vc_column][\/vc_row][vc_row content_width=\u00a0\u00bbgrid\u00a0\u00bb][vc_column][vc_row_inner][vc_column_inner][vc_empty_space height=\u00a0\u00bb35px\u00a0\u00bb][vc_column_text] Politique sur les cookies Note: Cet avis g\u00e9n\u00e9rique est inclus sur le site Web avant l&rsquo;installation des cookies dans le navigateur de l&rsquo;utilisateur du site Web et est un format de texte qui appara\u00eet dans la barre d&rsquo;en-t\u00eate&#8230;<\/p>\n","protected":false},"author":2,"featured_media":20811,"parent":0,"menu_order":0,"comment_status":"closed","ping_status":"closed","template":"full-width.php","meta":{"inline_featured_image":false,"footnotes":""},"class_list":["post-21427","page","type-page","status-publish","has-post-thumbnail","hentry"],"yoast_head":"<!-- This site is optimized with the Yoast SEO Premium plugin v26.2 (Yoast SEO v26.2) - https:\/\/yoast.com\/wordpress\/plugins\/seo\/ -->\n<title>Politique sur les cookies - SALWO<\/title>\n<meta name=\"robots\" content=\"index, follow, max-snippet:-1, max-image-preview:large, max-video-preview:-1\" \/>\n<link rel=\"canonical\" href=\"https:\/\/salwo.org\/fr\/politique-sur-les-cookies\/\" \/>\n<meta property=\"og:locale\" content=\"fr_FR\" \/>\n<meta property=\"og:type\" content=\"article\" \/>\n<meta property=\"og:title\" content=\"Politique sur les cookies\" \/>\n<meta property=\"og:description\" content=\"[vc_row row_type=\u00a0\u00bbparallax\u00a0\u00bb full_screen_section_height=\u00a0\u00bbno\u00a0\u00bb section_height=\u00a0\u00bb400&Prime; parallax_background_image=\u00a0\u00bb19025&Prime; css=\u00a0\u00bb.vc_custom_1705940443809{margin-top: 0px !important;padding-top: 0px !important;background-position: 0 0 !important;background-repeat: no-repeat !important;}\u00a0\u00bb][vc_column][\/vc_column][\/vc_row][vc_row content_width=\u00a0\u00bbgrid\u00a0\u00bb][vc_column][vc_row_inner][vc_column_inner][vc_empty_space height=\u00a0\u00bb35px\u00a0\u00bb][vc_column_text] Politique sur les cookies Note: Cet avis g\u00e9n\u00e9rique est inclus sur le site Web avant l&rsquo;installation des cookies dans le navigateur de l&rsquo;utilisateur du site Web et est un format de texte qui appara\u00eet dans la barre d&rsquo;en-t\u00eate...\" \/>\n<meta property=\"og:url\" content=\"https:\/\/salwo.org\/fr\/politique-sur-les-cookies\/\" \/>\n<meta property=\"og:site_name\" content=\"SALWO\" \/>\n<meta property=\"article:modified_time\" content=\"2024-04-11T15:05:56+00:00\" \/>\n<meta property=\"og:image\" content=\"https:\/\/salwo.org\/wp-content\/uploads\/fondo-salwo-texos-legales-scaled.jpg\" \/>\n\t<meta property=\"og:image:width\" content=\"2560\" \/>\n\t<meta property=\"og:image:height\" content=\"794\" \/>\n\t<meta property=\"og:image:type\" content=\"image\/jpeg\" \/>\n<meta name=\"twitter:card\" content=\"summary_large_image\" \/>\n<meta name=\"twitter:label1\" content=\"Dur\u00e9e de lecture estim\u00e9e\" \/>\n\t<meta name=\"twitter:data1\" content=\"7 minutes\" \/>\n<script type=\"application\/ld+json\" class=\"yoast-schema-graph\">{\"@context\":\"https:\/\/schema.org\",\"@graph\":[{\"@type\":\"WebPage\",\"@id\":\"https:\/\/salwo.org\/fr\/politique-sur-les-cookies\/\",\"url\":\"https:\/\/salwo.org\/fr\/politique-sur-les-cookies\/\",\"name\":\"Politique sur les cookies - SALWO\",\"isPartOf\":{\"@id\":\"https:\/\/salwo.org\/fr\/#website\"},\"primaryImageOfPage\":{\"@id\":\"https:\/\/salwo.org\/fr\/politique-sur-les-cookies\/#primaryimage\"},\"image\":{\"@id\":\"https:\/\/salwo.org\/fr\/politique-sur-les-cookies\/#primaryimage\"},\"thumbnailUrl\":\"https:\/\/salwo.org\/wp-content\/uploads\/fondo-salwo-texos-legales-scaled.jpg\",\"datePublished\":\"2024-01-22T17:02:56+00:00\",\"dateModified\":\"2024-04-11T15:05:56+00:00\",\"breadcrumb\":{\"@id\":\"https:\/\/salwo.org\/fr\/politique-sur-les-cookies\/#breadcrumb\"},\"inLanguage\":\"fr-FR\",\"potentialAction\":[{\"@type\":\"ReadAction\",\"target\":[\"https:\/\/salwo.org\/fr\/politique-sur-les-cookies\/\"]}]},{\"@type\":\"ImageObject\",\"inLanguage\":\"fr-FR\",\"@id\":\"https:\/\/salwo.org\/fr\/politique-sur-les-cookies\/#primaryimage\",\"url\":\"https:\/\/salwo.org\/wp-content\/uploads\/fondo-salwo-texos-legales-scaled.jpg\",\"contentUrl\":\"https:\/\/salwo.org\/wp-content\/uploads\/fondo-salwo-texos-legales-scaled.jpg\",\"width\":2560,\"height\":794},{\"@type\":\"BreadcrumbList\",\"@id\":\"https:\/\/salwo.org\/fr\/politique-sur-les-cookies\/#breadcrumb\",\"itemListElement\":[{\"@type\":\"ListItem\",\"position\":1,\"name\":\"Portada\",\"item\":\"https:\/\/salwo.org\/fr\/\"},{\"@type\":\"ListItem\",\"position\":2,\"name\":\"Politique sur les cookies\"}]},{\"@type\":\"WebSite\",\"@id\":\"https:\/\/salwo.org\/fr\/#website\",\"url\":\"https:\/\/salwo.org\/fr\/\",\"name\":\"SALWO\",\"description\":\"Safe Against Lightning Worldwide Organization\",\"potentialAction\":[{\"@type\":\"SearchAction\",\"target\":{\"@type\":\"EntryPoint\",\"urlTemplate\":\"https:\/\/salwo.org\/fr\/?s={search_term_string}\"},\"query-input\":{\"@type\":\"PropertyValueSpecification\",\"valueRequired\":true,\"valueName\":\"search_term_string\"}}],\"inLanguage\":\"fr-FR\"}]}<\/script>\n<!-- \/ Yoast SEO Premium plugin. -->","yoast_head_json":{"title":"Politique sur les cookies - SALWO","robots":{"index":"index","follow":"follow","max-snippet":"max-snippet:-1","max-image-preview":"max-image-preview:large","max-video-preview":"max-video-preview:-1"},"canonical":"https:\/\/salwo.org\/fr\/politique-sur-les-cookies\/","og_locale":"fr_FR","og_type":"article","og_title":"Politique sur les cookies","og_description":"[vc_row row_type=\u00a0\u00bbparallax\u00a0\u00bb full_screen_section_height=\u00a0\u00bbno\u00a0\u00bb section_height=\u00a0\u00bb400&Prime; parallax_background_image=\u00a0\u00bb19025&Prime; css=\u00a0\u00bb.vc_custom_1705940443809{margin-top: 0px !important;padding-top: 0px !important;background-position: 0 0 !important;background-repeat: no-repeat !important;}\u00a0\u00bb][vc_column][\/vc_column][\/vc_row][vc_row content_width=\u00a0\u00bbgrid\u00a0\u00bb][vc_column][vc_row_inner][vc_column_inner][vc_empty_space height=\u00a0\u00bb35px\u00a0\u00bb][vc_column_text] Politique sur les cookies Note: Cet avis g\u00e9n\u00e9rique est inclus sur le site Web avant l&rsquo;installation des cookies dans le navigateur de l&rsquo;utilisateur du site Web et est un format de texte qui appara\u00eet dans la barre d&rsquo;en-t\u00eate...","og_url":"https:\/\/salwo.org\/fr\/politique-sur-les-cookies\/","og_site_name":"SALWO","article_modified_time":"2024-04-11T15:05:56+00:00","og_image":[{"width":2560,"height":794,"url":"https:\/\/salwo.org\/wp-content\/uploads\/fondo-salwo-texos-legales-scaled.jpg","type":"image\/jpeg"}],"twitter_card":"summary_large_image","twitter_misc":{"Dur\u00e9e de lecture estim\u00e9e":"7 minutes"},"schema":{"@context":"https:\/\/schema.org","@graph":[{"@type":"WebPage","@id":"https:\/\/salwo.org\/fr\/politique-sur-les-cookies\/","url":"https:\/\/salwo.org\/fr\/politique-sur-les-cookies\/","name":"Politique sur les cookies - SALWO","isPartOf":{"@id":"https:\/\/salwo.org\/fr\/#website"},"primaryImageOfPage":{"@id":"https:\/\/salwo.org\/fr\/politique-sur-les-cookies\/#primaryimage"},"image":{"@id":"https:\/\/salwo.org\/fr\/politique-sur-les-cookies\/#primaryimage"},"thumbnailUrl":"https:\/\/salwo.org\/wp-content\/uploads\/fondo-salwo-texos-legales-scaled.jpg","datePublished":"2024-01-22T17:02:56+00:00","dateModified":"2024-04-11T15:05:56+00:00","breadcrumb":{"@id":"https:\/\/salwo.org\/fr\/politique-sur-les-cookies\/#breadcrumb"},"inLanguage":"fr-FR","potentialAction":[{"@type":"ReadAction","target":["https:\/\/salwo.org\/fr\/politique-sur-les-cookies\/"]}]},{"@type":"ImageObject","inLanguage":"fr-FR","@id":"https:\/\/salwo.org\/fr\/politique-sur-les-cookies\/#primaryimage","url":"https:\/\/salwo.org\/wp-content\/uploads\/fondo-salwo-texos-legales-scaled.jpg","contentUrl":"https:\/\/salwo.org\/wp-content\/uploads\/fondo-salwo-texos-legales-scaled.jpg","width":2560,"height":794},{"@type":"BreadcrumbList","@id":"https:\/\/salwo.org\/fr\/politique-sur-les-cookies\/#breadcrumb","itemListElement":[{"@type":"ListItem","position":1,"name":"Portada","item":"https:\/\/salwo.org\/fr\/"},{"@type":"ListItem","position":2,"name":"Politique sur les cookies"}]},{"@type":"WebSite","@id":"https:\/\/salwo.org\/fr\/#website","url":"https:\/\/salwo.org\/fr\/","name":"SALWO","description":"Safe Against Lightning Worldwide Organization","potentialAction":[{"@type":"SearchAction","target":{"@type":"EntryPoint","urlTemplate":"https:\/\/salwo.org\/fr\/?s={search_term_string}"},"query-input":{"@type":"PropertyValueSpecification","valueRequired":true,"valueName":"search_term_string"}}],"inLanguage":"fr-FR"}]}},"_links":{"self":[{"href":"https:\/\/salwo.org\/fr\/wp-json\/wp\/v2\/pages\/21427","targetHints":{"allow":["GET"]}}],"collection":[{"href":"https:\/\/salwo.org\/fr\/wp-json\/wp\/v2\/pages"}],"about":[{"href":"https:\/\/salwo.org\/fr\/wp-json\/wp\/v2\/types\/page"}],"author":[{"embeddable":true,"href":"https:\/\/salwo.org\/fr\/wp-json\/wp\/v2\/users\/2"}],"replies":[{"embeddable":true,"href":"https:\/\/salwo.org\/fr\/wp-json\/wp\/v2\/comments?post=21427"}],"version-history":[{"count":6,"href":"https:\/\/salwo.org\/fr\/wp-json\/wp\/v2\/pages\/21427\/revisions"}],"predecessor-version":[{"id":21444,"href":"https:\/\/salwo.org\/fr\/wp-json\/wp\/v2\/pages\/21427\/revisions\/21444"}],"wp:featuredmedia":[{"embeddable":true,"href":"https:\/\/salwo.org\/fr\/wp-json\/wp\/v2\/media\/20811"}],"wp:attachment":[{"href":"https:\/\/salwo.org\/fr\/wp-json\/wp\/v2\/media?parent=21427"}],"curies":[{"name":"wp","href":"https:\/\/api.w.org\/{rel}","templated":true}]}}