
{"id":21286,"date":"2017-03-30T07:03:58","date_gmt":"2017-03-30T05:03:58","guid":{"rendered":"https:\/\/salwo.org\/safe-against-lightning-worldwide-organization\/conozcanos\/"},"modified":"2024-04-09T16:57:03","modified_gmt":"2024-04-09T14:57:03","slug":"conheca-nos","status":"publish","type":"page","link":"https:\/\/salwo.org\/pt-pt\/conheca-nos\/","title":{"rendered":"Conhe\u00e7a-nos"},"content":{"rendered":"<p>[vc_row content_width=&#8221;grid&#8221; content_aligment=&#8221;center&#8221; css=&#8221;.vc_custom_1702458976789{margin-top: 0px !important;margin-bottom: 0px !important;padding-top: 0px !important;padding-bottom: 40px !important;background-position: 0 0 !important;background-repeat: no-repeat !important;}&#8221;][vc_column css=&#8221;.vc_custom_1702458939347{margin-top: 0px !important;margin-bottom: 0px !important;padding-top: 0px !important;padding-bottom: 0px !important;}&#8221;][vc_column_text css=&#8221;.vc_custom_1702458949732{margin-top: 0px !important;margin-bottom: 0px !important;padding-top: 0px !important;padding-bottom: 0px !important;}&#8221;]\t\t\t<!-- Flexy Breadcrumb -->\r\n\t\t\t<div class=\"fbc fbc-page\">\r\n\r\n\t\t\t\t<!-- Breadcrumb wrapper -->\r\n\t\t\t\t<div class=\"fbc-wrap\">\r\n\r\n\t\t\t\t\t<!-- Ordered list-->\r\n\t\t\t\t\t<ol class=\"fbc-items\" itemscope itemtype=\"https:\/\/schema.org\/BreadcrumbList\">\r\n\t\t\t\t\t\t            <li itemprop=\"itemListElement\" itemscope itemtype=\"https:\/\/schema.org\/ListItem\">\r\n                <span itemprop=\"name\">\r\n                    <!-- Home Link -->\r\n                    <a itemprop=\"item\" href=\"https:\/\/salwo.org\">\r\n                    \r\n                                                    <i class=\"fa fa-home\" aria-hidden=\"true\"><\/i>Safe Against Lightning Worldwide                    <\/a>\r\n                <\/span>\r\n                <meta itemprop=\"position\" content=\"1\" \/><!-- Meta Position-->\r\n             <\/li><li><span class=\"fbc-separator\">\/<\/span><\/li><li class=\"active\" itemprop=\"itemListElement\" itemscope itemtype=\"https:\/\/schema.org\/ListItem\"><span itemprop=\"name\" title=\"Ultimas noticias\">Ultimas noticias<\/span><meta itemprop=\"position\" content=\"2\" \/><\/li>\t\t\t\t\t<\/ol>\r\n\t\t\t\t\t<div class=\"clearfix\"><\/div>\r\n\t\t\t\t<\/div>\r\n\t\t\t<\/div>\r\n\t\t\t[\/vc_column_text][\/vc_column][\/vc_row][vc_row content_aligment=&#8221;center&#8221; css=&#8221;.vc_custom_1701418438668{background-position: 0 0 !important;background-repeat: no-repeat !important;}&#8221;][vc_column][vc_row_inner content_width=&#8221;grid&#8221; css_animation=&#8221;edgtf-element-from-top&#8221;][vc_column_inner][vc_column_text]<\/p>\n<p style=\"font-size: 24px; line-height: 32px; color: #888888; font-weight: 600; text-align: center;\"><span style=\"color: #000000;\">A SALWO \u00e9 uma funda\u00e7\u00e3o com fins educativos, sem fins lucrativos e de \u00e2mbito mundial com<br \/>\no patroc\u00ednio de <span style=\"color: #ffb421;\"><a style=\"color: #ffb421;\" href=\"https:\/\/at3w.com\/pt-pt\" target=\"_blank\" rel=\"noopener\">Aplicaciones Tecnol\u00f3gicas<\/a>.<\/span><\/span><\/p>\n<p>[\/vc_column_text]<div class=\"edgtf-separator-holder clearfix  edgtf-separator-center\">\n\t<div class=\"edgtf-separator\" style=\"border-color: #ffb422;width: 55px;border-bottom-width: 3px;margin-top: 25px;margin-bottom: 60px\"><\/div>\n<\/div>\n[\/vc_column_inner][\/vc_row_inner][\/vc_column][\/vc_row][vc_row content_aligment=&#8221;center&#8221; css=&#8221;.vc_custom_1705661558194{margin-bottom: 80px !important;padding-top: 40px !important;padding-bottom: 40px !important;background-color: #f6f4ee !important;background-position: 0 0 !important;background-repeat: no-repeat !important;}&#8221;][vc_column][vc_row_inner content_width=&#8221;grid&#8221; css_animation=&#8221;edgtf-element-from-top&#8221;][vc_column_inner width=&#8221;1\/2&#8243;][vc_empty_space height=&#8221;80px&#8221;][vc_column_text]<\/p>\n<p style=\"font-size: 18px; line-height: 28px; color: #888888; text-align: left;\"><strong><span style=\"color: #000000;\">A SALWO foi criada para responder \u00e0 necessidade de educa\u00e7\u00e3o e forma\u00e7\u00e3o sobre o comportamento individual face aos riscos de trovoada:<\/span><\/strong><\/p>\n<p>[\/vc_column_text][vc_empty_space height=&#8221;20px&#8221;]<div class=\"edgtf-unordered-list  edgtf-circle\" >\n<ul>\n<li><span style=\"color: #000000;\">Mais de 19.500 mortes e mais de 240.000 feridos s\u00e3o causados por raios em todo o mundo todos os anos.<\/span><\/li>\n<li><span style=\"color: #000000;\">Existe pouca ou nenhuma informa\u00e7\u00e3o oficial, exata e verificada dispon\u00edvel para o p\u00fablico sobre a necessidade de prote\u00e7\u00e3o contra os raios e as medidas pessoais a aplicar durante as trovoadas.<\/span><\/li>\n<\/ul>\n<\/div>[\/vc_column_inner][vc_column_inner width=&#8221;1\/2&#8243;]<div class=\"edgtf-counter-holder center\" >\n\n\t<span class=\"edgtf-counter zero\" >\n\t\t19500\t<\/span>\n\t\t\t<h4 class=\"edgtf-counter-title\"  >\n\t\t\tCausadas por raio\t\t<\/h4>\n\t\t\t\t<p class=\"edgtf-counter-text\" >Mortes<\/p>\n\t\n<\/div><div class=\"edgtf-counter-holder center\" >\n\n\t<span class=\"edgtf-counter zero\" >\n\t\t240000\t<\/span>\n\t\t\t<h4 class=\"edgtf-counter-title\"  >\n\t\t\tCausadas por raio\t\t<\/h4>\n\t\t\t\t<p class=\"edgtf-counter-text\" >Les\u00f5es<\/p>\n\t\n<\/div>[\/vc_column_inner][\/vc_row_inner][\/vc_column][\/vc_row][vc_row content_aligment=&#8221;center&#8221; css=&#8221;.vc_custom_1701418146744{background-position: 0 0 !important;background-repeat: no-repeat !important;}&#8221;][vc_column][vc_row_inner content_width=&#8221;grid&#8221; css_animation=&#8221;edgtf-element-from-top&#8221;][vc_column_inner][vc_column_text css_animation=&#8221;none&#8221;]<\/p>\n<h3 style=\"text-align: center;\">Saber o que fazer durante uma tempestade salva vidas<\/h3>\n<p>[\/vc_column_text]<div class=\"edgtf-separator-holder clearfix  edgtf-separator-center\">\n\t<div class=\"edgtf-separator\" style=\"border-color: #ffb422;width: 55px;border-bottom-width: 3px;margin-top: 25px;margin-bottom: 60px\"><\/div>\n<\/div>\n[\/vc_column_inner][\/vc_row_inner][vc_row_inner content_width=&#8221;grid&#8221; css_animation=&#8221;edgtf-element-from-top&#8221;][vc_column_inner]<div class=\"edgtf-project-presentation presentation-right edgtf-project-presentation-light\">\n    <div class=\"edgtf-pp-content-holder\">\n        <div class=\"edgtf-pp-content-left\">\n            <div class=\"edgtf-pp-gallery\">\n                <div class=\"edgtf-pp-gallery-slider\" data-autoplay=\"3\" data-pagination=\"yes\">\n                    <img loading=\"lazy\" decoding=\"async\" width=\"650\" height=\"434\" src=\"https:\/\/salwo.org\/wp-content\/uploads\/conducta-segura-salwo-3.jpg\" class=\"attachment-full size-full\" alt=\"\" srcset=\"https:\/\/salwo.org\/wp-content\/uploads\/conducta-segura-salwo-3.jpg 650w, https:\/\/salwo.org\/wp-content\/uploads\/conducta-segura-salwo-3-300x200.jpg 300w\" sizes=\"auto, (max-width: 650px) 100vw, 650px\" \/><img loading=\"lazy\" decoding=\"async\" width=\"650\" height=\"434\" src=\"https:\/\/salwo.org\/wp-content\/uploads\/conducta-segura-salwo-2.jpg\" class=\"attachment-full size-full\" alt=\"\" srcset=\"https:\/\/salwo.org\/wp-content\/uploads\/conducta-segura-salwo-2.jpg 650w, https:\/\/salwo.org\/wp-content\/uploads\/conducta-segura-salwo-2-300x200.jpg 300w\" sizes=\"auto, (max-width: 650px) 100vw, 650px\" \/><img loading=\"lazy\" decoding=\"async\" width=\"650\" height=\"434\" src=\"https:\/\/salwo.org\/wp-content\/uploads\/conducta-segura-salwo-4.jpg\" class=\"attachment-full size-full\" alt=\"\" srcset=\"https:\/\/salwo.org\/wp-content\/uploads\/conducta-segura-salwo-4.jpg 650w, https:\/\/salwo.org\/wp-content\/uploads\/conducta-segura-salwo-4-300x200.jpg 300w\" sizes=\"auto, (max-width: 650px) 100vw, 650px\" \/><img loading=\"lazy\" decoding=\"async\" width=\"650\" height=\"434\" src=\"https:\/\/salwo.org\/wp-content\/uploads\/conducta-segura-salwo-1.jpg\" class=\"attachment-full size-full\" alt=\"\" srcset=\"https:\/\/salwo.org\/wp-content\/uploads\/conducta-segura-salwo-1.jpg 650w, https:\/\/salwo.org\/wp-content\/uploads\/conducta-segura-salwo-1-300x200.jpg 300w\" sizes=\"auto, (max-width: 650px) 100vw, 650px\" \/>                <\/div>\n            <\/div>\n        <\/div>\n        <div class=\"edgtf-pp-content-right\">\n            <div class=\"edgtf-pp-text-holder\" style=\"background-image: url(https:\/\/salwo.org\/wp-content\/uploads\/2023\/11\/fono-llamadas.jpg)\">\n                                <h4 class=\"edgtf-pp-title\">\n                    Para isso \u00e9 necess\u00e1ria uma educa\u00e7\u00e3o adequada sobre as normas de conduta individual a seguir.                <\/h4>\n                                                    <p class=\"edgtf-pp-subtitle\">\n                        SALWO d\u00e1 forma\u00e7\u00e3o e informa\u00e7\u00e3o \u00e0s pessoas com o objetivo de salvar vidas e minimizar os acidentes causados por m\u00e1 conduta individual adotada durante a tempestade el\u00e9trica.                    <\/p>\n                \t                        <\/div>\n        <\/div>\n    <\/div>\n<\/div>[\/vc_column_inner][\/vc_row_inner][vc_empty_space height=&#8221;60px&#8221;][\/vc_column][\/vc_row][vc_row css_animation=&#8221;edgtf-element-from-top&#8221; css=&#8221;.vc_custom_1701255410515{padding-top: 80px !important;background-color: #f6f4ee !important;}&#8221;][vc_column][vc_row_inner content_width=&#8221;grid&#8221;][vc_column_inner][vc_column_text css_animation=&#8221;none&#8221;]<\/p>\n<h2 style=\"text-align: center;\">Miss\u00e3o<\/h2>\n<p>[\/vc_column_text][vc_empty_space height=&#8221;14px&#8221;][vc_column_text]<\/p>\n<p style=\"text-align: center; font-size: 18px; line-height: 30px; color: #888;\">A miss\u00e3o da SALWO \u00e9 formar e informar as pessoas de forma desinteressada, a fim de <strong>prevenir e minimizar os acidentes resultantes de comportamentos incorretos<\/strong> durante as trovoadas.<\/p>\n<p>[\/vc_column_text]<div class=\"edgtf-separator-holder clearfix  edgtf-separator-center\">\n\t<div class=\"edgtf-separator\" style=\"border-color: #ffb422;width: 55px;border-bottom-width: 3px;margin-top: 25px;margin-bottom: 60px\"><\/div>\n<\/div>\n[\/vc_column_inner][\/vc_row_inner][\/vc_column][\/vc_row][vc_row css_animation=&#8221;edgtf-element-from-top&#8221; content_width=&#8221;grid&#8221; css=&#8221;.vc_custom_1701255442921{padding-bottom: 100px !important;background-color: #f6f4ee !important;background-position: center !important;background-repeat: no-repeat !important;background-size: cover !important;}&#8221;][vc_column offset=&#8221;vc_col-lg-4 vc_col-md-12 vc_col-xs-12&#8243;][vc_single_image image=&#8221;18216&#8243; img_size=&#8221;250&#215;250&#8243;]<div class=\"edgtf-elements-holder edgtf-responsive-mode-768\" ><div class=\"edgtf-elements-holder-item \" data-item-class=\"edgtf-elements-holder-custom-737722\" data-1280-1600=\"2% 0% 2% 2%\" data-1024-1280=\"2% 2% 2% 2%\" data-768-1024=\"2% 2% 2% 2%\" data-600-768=\"2% 2% 2% 2%\" data-480-600=\"2% 2% 2% 2%\" data-480=\"2% 2% 2% 2%\" >\n\t\t<div class=\"edgtf-elements-holder-item-inner\">\n\t\t<div class=\"edgtf-elements-holder-item-content edgtf-elements-holder-custom-737722\" style=\"padding: 2% 2% 2% 2%\">\n\t\t\t<h3 class=\"edgtf-title-with-number\" >\n\t<span class=\"edgtf-twn-number\">01<\/span>Capacita\u00e7\u00e3o<\/h3>[vc_empty_space height=&#8221;35px&#8221;][vc_column_text]A SALWO oferece recursos digitais gratuitos a institui\u00e7\u00f5es p\u00fablicas e privadas, bem como a profissionais da educa\u00e7\u00e3o. Para al\u00e9m disso, oferece forma\u00e7\u00e3o personalizada nos casos em que os riscos de queda de raios representam um perigo real para a popula\u00e7\u00e3o. Com estes recursos, a SALWO tem como objetivo educar a popula\u00e7\u00e3o, especialmente em ambientes mais suscet\u00edveis e vulner\u00e1veis.[\/vc_column_text]\t\t<\/div>\n\t<\/div>\n\t<\/div><\/div>[\/vc_column][vc_column offset=&#8221;vc_col-lg-4 vc_col-md-12 vc_col-xs-12&#8243;][vc_single_image image=&#8221;18218&#8243; img_size=&#8221;250&#215;250&#8243;]<div class=\"edgtf-elements-holder edgtf-responsive-mode-768\" ><div class=\"edgtf-elements-holder-item \" data-item-class=\"edgtf-elements-holder-custom-240198\" data-1280-1600=\"2% 2% 2% 2%\" data-1024-1280=\"2% 2% 2% 2%\" data-768-1024=\"2% 2% 2% 2%\" data-600-768=\"2% 2% 2% 2%\" data-480-600=\"2% 2% 2% 2%\" data-480=\"2% 2% 2% 2%\" >\n\t\t<div class=\"edgtf-elements-holder-item-inner\">\n\t\t<div class=\"edgtf-elements-holder-item-content edgtf-elements-holder-custom-240198\" style=\"padding: 2% 2% 2% 2%\">\n\t\t\t<h3 class=\"edgtf-title-with-number\" >\n\t<span class=\"edgtf-twn-number\">02<\/span>Divulga\u00e7\u00e3o<\/h3>[vc_empty_space height=&#8221;35px&#8221;][vc_column_text]A SALWO divulga informa\u00e7\u00e3o sobre os perigos das trovoadas, ao mesmo tempo que ensina pr\u00e1ticas individuais de comportamento seguro que reduzem o risco de les\u00f5es e, medidas de cuidados prim\u00e1rios. As institui\u00e7\u00f5es empenhadas na sensibiliza\u00e7\u00e3o e educa\u00e7\u00e3o do p\u00fablico partilham a nossa responsabilidade na divulga\u00e7\u00e3o de conhecimentos sobre a conduta pessoal adequada para a prote\u00e7\u00e3o contra os raios.[\/vc_column_text]\t\t<\/div>\n\t<\/div>\n\t<\/div><\/div>[\/vc_column][vc_column offset=&#8221;vc_col-lg-4 vc_col-md-12 vc_col-xs-12&#8243;][vc_single_image image=&#8221;18220&#8243; img_size=&#8221;250&#215;250&#8243;]<div class=\"edgtf-elements-holder edgtf-responsive-mode-768\" ><div class=\"edgtf-elements-holder-item \" data-item-class=\"edgtf-elements-holder-custom-989290\" data-1280-1600=\"2% 2% 2% 2%\" data-1024-1280=\"2% 2% 2% 2%\" data-768-1024=\"2% 2% 2% 2%\" data-600-768=\"2% 2% 2% 2%\" data-480-600=\"2% 2% 2% 2%\" data-480=\"2% 2% 2% 2%\" >\n\t\t<div class=\"edgtf-elements-holder-item-inner\">\n\t\t<div class=\"edgtf-elements-holder-item-content edgtf-elements-holder-custom-989290\" style=\"padding: 2% 2% 2% 2%\">\n\t\t\t<h3 class=\"edgtf-title-with-number\" >\n\t<span class=\"edgtf-twn-number\">03<\/span>Salvar vidas<\/h3>[vc_empty_space height=&#8221;35px&#8221;][vc_column_text]<strong>A miss\u00e3o da SALWO \u00e9 capacitar atrav\u00e9s da educa\u00e7\u00e3o para salvar vidas humanas:<\/strong> a compreens\u00e3o do fen\u00f3meno dos raios permite que as pessoas apliquem medidas preventivas individuais e se protejam.[\/vc_column_text]\t\t<\/div>\n\t<\/div>\n\t<\/div><\/div>[\/vc_column][\/vc_row][vc_row content_aligment=&#8221;center&#8221; css=&#8221;.vc_custom_1700127770192{background-color: #ffb421 !important;}&#8221;][vc_column][vc_row_inner][vc_column_inner]\t<div class=\"edgtf-container-inner\">\n\t<div class=\"edgtf-call-to-action normal\" style=\"background-color: #ffb421;\">\n\n\t\t\t\t\t<div class=\"edgtf-call-to-action-row-75-25 clearfix\" style=\"padding: 65px 0 63px 0;\">\n\t\t\t\t\t\t<div class=\"edgtf-text-wrapper edgtf-call-to-action-column1 edgtf-call-to-action-cell left\">\n\t\t\t\t\t<div class=\"edgtf-call-to-action-text\" style=\"text-align: left\">\n<h3><strong>O compromisso conjunto das institui\u00e7\u00f5es e da SALWO na divulga\u00e7\u00e3o das regras de seguran\u00e7a individuais evita acidentes mortais.<\/strong><\/h3>\n<h3 style=\"font-weight: bold;\"><span style=\"color: #000000;\">\u00a0<\/span><\/h3>\n\t\t\t\t\t\t\t\t\t\t\t<\/div>\n\t\t\t\t<\/div>\n\n\t\t\t\t\t\t\t\t\t<div class=\"edgtf-button-wrapper edgtf-call-to-action-column2 edgtf-call-to-action-cell\" style =\"text-align: right ;\">\n\t\t\t\t\t\t<a itemprop=\"url\" href=\"\/pt-pt\/contactos\/\" target=\"_blank\" style=\"color: #ffb421;background-color: #000000;border-color: #000000\" class=\"edgtf-btn edgtf-btn-large edgtf-btn-outline-light edgtf-btn-custom-hover-bg edgtf-btn-custom-border-hover edgtf-btn-custom-hover-color\" data-hover-bg-color=\"#ffffff\" data-hover-color=\"#212121\" data-hover-border-color=\"#ffffff\" >\t<span class=\"edgtf-btn-text\">CONTACTE-NOS<\/span>    <\/a>\t\t\t\t\t<\/div>\n\t\t\t\t\t\t\t<\/div>\n\t\t\t<\/div>\n\t<\/div>\n[\/vc_column_inner][\/vc_row_inner][\/vc_column][\/vc_row]<\/p>\n","protected":false},"excerpt":{"rendered":"<p>[vc_row content_width=&#8221;grid&#8221; content_aligment=&#8221;center&#8221; css=&#8221;.vc_custom_1702458976789{margin-top: 0px !important;margin-bottom: 0px !important;padding-top: 0px !important;padding-bottom: 40px !important;background-position: 0 0 !important;background-repeat: no-repeat !important;}&#8221;][vc_column css=&#8221;.vc_custom_1702458939347{margin-top: 0px !important;margin-bottom: 0px !important;padding-top: 0px !important;padding-bottom: 0px !important;}&#8221;][vc_column_text css=&#8221;.vc_custom_1702458949732{margin-top: 0px !important;margin-bottom: 0px !important;padding-top: 0px !important;padding-bottom: 0px !important;}&#8221;][\/vc_column_text][\/vc_column][\/vc_row][vc_row content_aligment=&#8221;center&#8221; css=&#8221;.vc_custom_1701418438668{background-position: 0 0 !important;background-repeat: no-repeat !important;}&#8221;][vc_column][vc_row_inner content_width=&#8221;grid&#8221; css_animation=&#8221;edgtf-element-from-top&#8221;][vc_column_inner][vc_column_text] A SALWO \u00e9 uma funda\u00e7\u00e3o com fins educativos, sem fins lucrativos&#8230;<\/p>\n","protected":false},"author":2,"featured_media":0,"parent":0,"menu_order":0,"comment_status":"closed","ping_status":"closed","template":"full-width.php","meta":{"inline_featured_image":false,"footnotes":""},"class_list":["post-21286","page","type-page","status-publish","hentry"],"yoast_head":"<!-- This site is optimized with the Yoast SEO Premium plugin v26.2 (Yoast SEO v26.2) - https:\/\/yoast.com\/wordpress\/plugins\/seo\/ -->\n<title>Conhe\u00e7a-nos - SALWO<\/title>\n<meta name=\"robots\" content=\"index, follow, max-snippet:-1, max-image-preview:large, max-video-preview:-1\" \/>\n<link rel=\"canonical\" href=\"https:\/\/salwo.org\/pt-pt\/conheca-nos\/\" \/>\n<meta property=\"og:locale\" content=\"pt_PT\" \/>\n<meta property=\"og:type\" content=\"article\" \/>\n<meta property=\"og:title\" content=\"Conhe\u00e7a-nos\" \/>\n<meta property=\"og:description\" content=\"[vc_row content_width=&#8221;grid&#8221; content_aligment=&#8221;center&#8221; css=&#8221;.vc_custom_1702458976789{margin-top: 0px !important;margin-bottom: 0px !important;padding-top: 0px !important;padding-bottom: 40px !important;background-position: 0 0 !important;background-repeat: no-repeat !important;}&#8221;][vc_column css=&#8221;.vc_custom_1702458939347{margin-top: 0px !important;margin-bottom: 0px !important;padding-top: 0px !important;padding-bottom: 0px !important;}&#8221;][vc_column_text css=&#8221;.vc_custom_1702458949732{margin-top: 0px !important;margin-bottom: 0px !important;padding-top: 0px !important;padding-bottom: 0px !important;}&#8221;][\/vc_column_text][\/vc_column][\/vc_row][vc_row content_aligment=&#8221;center&#8221; css=&#8221;.vc_custom_1701418438668{background-position: 0 0 !important;background-repeat: no-repeat !important;}&#8221;][vc_column][vc_row_inner content_width=&#8221;grid&#8221; css_animation=&#8221;edgtf-element-from-top&#8221;][vc_column_inner][vc_column_text] A SALWO \u00e9 uma funda\u00e7\u00e3o com fins educativos, sem fins lucrativos...\" \/>\n<meta property=\"og:url\" content=\"https:\/\/salwo.org\/pt-pt\/conheca-nos\/\" \/>\n<meta property=\"og:site_name\" content=\"SALWO\" \/>\n<meta property=\"article:modified_time\" content=\"2024-04-09T14:57:03+00:00\" \/>\n<meta name=\"twitter:card\" content=\"summary_large_image\" \/>\n<meta name=\"twitter:label1\" content=\"Tempo estimado de leitura\" \/>\n\t<meta name=\"twitter:data1\" content=\"3 minutos\" \/>\n<script type=\"application\/ld+json\" class=\"yoast-schema-graph\">{\"@context\":\"https:\/\/schema.org\",\"@graph\":[{\"@type\":\"WebPage\",\"@id\":\"https:\/\/salwo.org\/pt-pt\/conheca-nos\/\",\"url\":\"https:\/\/salwo.org\/pt-pt\/conheca-nos\/\",\"name\":\"Conhe\u00e7a-nos - SALWO\",\"isPartOf\":{\"@id\":\"https:\/\/salwo.org\/pt-pt\/#website\"},\"datePublished\":\"2017-03-30T05:03:58+00:00\",\"dateModified\":\"2024-04-09T14:57:03+00:00\",\"breadcrumb\":{\"@id\":\"https:\/\/salwo.org\/pt-pt\/conheca-nos\/#breadcrumb\"},\"inLanguage\":\"pt-PT\",\"potentialAction\":[{\"@type\":\"ReadAction\",\"target\":[\"https:\/\/salwo.org\/pt-pt\/conheca-nos\/\"]}]},{\"@type\":\"BreadcrumbList\",\"@id\":\"https:\/\/salwo.org\/pt-pt\/conheca-nos\/#breadcrumb\",\"itemListElement\":[{\"@type\":\"ListItem\",\"position\":1,\"name\":\"Portada\",\"item\":\"https:\/\/salwo.org\/pt-pt\/\"},{\"@type\":\"ListItem\",\"position\":2,\"name\":\"Conhe\u00e7a-nos\"}]},{\"@type\":\"WebSite\",\"@id\":\"https:\/\/salwo.org\/pt-pt\/#website\",\"url\":\"https:\/\/salwo.org\/pt-pt\/\",\"name\":\"SALWO\",\"description\":\"Safe Against Lightning Worldwide Organization\",\"potentialAction\":[{\"@type\":\"SearchAction\",\"target\":{\"@type\":\"EntryPoint\",\"urlTemplate\":\"https:\/\/salwo.org\/pt-pt\/?s={search_term_string}\"},\"query-input\":{\"@type\":\"PropertyValueSpecification\",\"valueRequired\":true,\"valueName\":\"search_term_string\"}}],\"inLanguage\":\"pt-PT\"}]}<\/script>\n<!-- \/ Yoast SEO Premium plugin. -->","yoast_head_json":{"title":"Conhe\u00e7a-nos - SALWO","robots":{"index":"index","follow":"follow","max-snippet":"max-snippet:-1","max-image-preview":"max-image-preview:large","max-video-preview":"max-video-preview:-1"},"canonical":"https:\/\/salwo.org\/pt-pt\/conheca-nos\/","og_locale":"pt_PT","og_type":"article","og_title":"Conhe\u00e7a-nos","og_description":"[vc_row content_width=&#8221;grid&#8221; content_aligment=&#8221;center&#8221; css=&#8221;.vc_custom_1702458976789{margin-top: 0px !important;margin-bottom: 0px !important;padding-top: 0px !important;padding-bottom: 40px !important;background-position: 0 0 !important;background-repeat: no-repeat !important;}&#8221;][vc_column css=&#8221;.vc_custom_1702458939347{margin-top: 0px !important;margin-bottom: 0px !important;padding-top: 0px !important;padding-bottom: 0px !important;}&#8221;][vc_column_text css=&#8221;.vc_custom_1702458949732{margin-top: 0px !important;margin-bottom: 0px !important;padding-top: 0px !important;padding-bottom: 0px !important;}&#8221;][\/vc_column_text][\/vc_column][\/vc_row][vc_row content_aligment=&#8221;center&#8221; css=&#8221;.vc_custom_1701418438668{background-position: 0 0 !important;background-repeat: no-repeat !important;}&#8221;][vc_column][vc_row_inner content_width=&#8221;grid&#8221; css_animation=&#8221;edgtf-element-from-top&#8221;][vc_column_inner][vc_column_text] A SALWO \u00e9 uma funda\u00e7\u00e3o com fins educativos, sem fins lucrativos...","og_url":"https:\/\/salwo.org\/pt-pt\/conheca-nos\/","og_site_name":"SALWO","article_modified_time":"2024-04-09T14:57:03+00:00","twitter_card":"summary_large_image","twitter_misc":{"Tempo estimado de leitura":"3 minutos"},"schema":{"@context":"https:\/\/schema.org","@graph":[{"@type":"WebPage","@id":"https:\/\/salwo.org\/pt-pt\/conheca-nos\/","url":"https:\/\/salwo.org\/pt-pt\/conheca-nos\/","name":"Conhe\u00e7a-nos - SALWO","isPartOf":{"@id":"https:\/\/salwo.org\/pt-pt\/#website"},"datePublished":"2017-03-30T05:03:58+00:00","dateModified":"2024-04-09T14:57:03+00:00","breadcrumb":{"@id":"https:\/\/salwo.org\/pt-pt\/conheca-nos\/#breadcrumb"},"inLanguage":"pt-PT","potentialAction":[{"@type":"ReadAction","target":["https:\/\/salwo.org\/pt-pt\/conheca-nos\/"]}]},{"@type":"BreadcrumbList","@id":"https:\/\/salwo.org\/pt-pt\/conheca-nos\/#breadcrumb","itemListElement":[{"@type":"ListItem","position":1,"name":"Portada","item":"https:\/\/salwo.org\/pt-pt\/"},{"@type":"ListItem","position":2,"name":"Conhe\u00e7a-nos"}]},{"@type":"WebSite","@id":"https:\/\/salwo.org\/pt-pt\/#website","url":"https:\/\/salwo.org\/pt-pt\/","name":"SALWO","description":"Safe Against Lightning Worldwide Organization","potentialAction":[{"@type":"SearchAction","target":{"@type":"EntryPoint","urlTemplate":"https:\/\/salwo.org\/pt-pt\/?s={search_term_string}"},"query-input":{"@type":"PropertyValueSpecification","valueRequired":true,"valueName":"search_term_string"}}],"inLanguage":"pt-PT"}]}},"_links":{"self":[{"href":"https:\/\/salwo.org\/pt-pt\/wp-json\/wp\/v2\/pages\/21286","targetHints":{"allow":["GET"]}}],"collection":[{"href":"https:\/\/salwo.org\/pt-pt\/wp-json\/wp\/v2\/pages"}],"about":[{"href":"https:\/\/salwo.org\/pt-pt\/wp-json\/wp\/v2\/types\/page"}],"author":[{"embeddable":true,"href":"https:\/\/salwo.org\/pt-pt\/wp-json\/wp\/v2\/users\/2"}],"replies":[{"embeddable":true,"href":"https:\/\/salwo.org\/pt-pt\/wp-json\/wp\/v2\/comments?post=21286"}],"version-history":[{"count":9,"href":"https:\/\/salwo.org\/pt-pt\/wp-json\/wp\/v2\/pages\/21286\/revisions"}],"predecessor-version":[{"id":21366,"href":"https:\/\/salwo.org\/pt-pt\/wp-json\/wp\/v2\/pages\/21286\/revisions\/21366"}],"wp:attachment":[{"href":"https:\/\/salwo.org\/pt-pt\/wp-json\/wp\/v2\/media?parent=21286"}],"curies":[{"name":"wp","href":"https:\/\/api.w.org\/{rel}","templated":true}]}}