
{"id":21295,"date":"2023-11-16T10:50:04","date_gmt":"2023-11-16T09:50:04","guid":{"rendered":"https:\/\/salwo.org\/safe-against-lightning-worldwide-organization\/conducta-segura-frente-al-rayo\/"},"modified":"2024-04-15T13:35:18","modified_gmt":"2024-04-15T11:35:18","slug":"conduta-segura","status":"publish","type":"page","link":"https:\/\/salwo.org\/pt-pt\/conduta-segura\/","title":{"rendered":"Conduta segura"},"content":{"rendered":"<p>[vc_row content_width=&#8221;grid&#8221; content_aligment=&#8221;center&#8221; css=&#8221;.vc_custom_1702458805115{margin-top: 0px !important;margin-bottom: 0px !important;padding-top: 0px !important;padding-bottom: 40px !important;}&#8221;][vc_column css=&#8221;.vc_custom_1702458813384{margin-top: 0px !important;margin-bottom: 0px !important;padding-top: 0px !important;padding-bottom: 0px !important;}&#8221;][vc_column_text css=&#8221;.vc_custom_1702458822202{margin-top: 0px !important;margin-bottom: 0px !important;padding-top: 0px !important;padding-bottom: 0px !important;}&#8221;]\t\t\t<!-- Flexy Breadcrumb -->\r\n\t\t\t<div class=\"fbc fbc-page\">\r\n\r\n\t\t\t\t<!-- Breadcrumb wrapper -->\r\n\t\t\t\t<div class=\"fbc-wrap\">\r\n\r\n\t\t\t\t\t<!-- Ordered list-->\r\n\t\t\t\t\t<ol class=\"fbc-items\" itemscope itemtype=\"https:\/\/schema.org\/BreadcrumbList\">\r\n\t\t\t\t\t\t            <li itemprop=\"itemListElement\" itemscope itemtype=\"https:\/\/schema.org\/ListItem\">\r\n                <span itemprop=\"name\">\r\n                    <!-- Home Link -->\r\n                    <a itemprop=\"item\" href=\"https:\/\/salwo.org\">\r\n                    \r\n                                                    <i class=\"fa fa-home\" aria-hidden=\"true\"><\/i>Safe Against Lightning Worldwide                    <\/a>\r\n                <\/span>\r\n                <meta itemprop=\"position\" content=\"1\" \/><!-- Meta Position-->\r\n             <\/li><li><span class=\"fbc-separator\">\/<\/span><\/li><li class=\"active\" itemprop=\"itemListElement\" itemscope itemtype=\"https:\/\/schema.org\/ListItem\"><span itemprop=\"name\" title=\"Ultimas noticias\">Ultimas noticias<\/span><meta itemprop=\"position\" content=\"2\" \/><\/li>\t\t\t\t\t<\/ol>\r\n\t\t\t\t\t<div class=\"clearfix\"><\/div>\r\n\t\t\t\t<\/div>\r\n\t\t\t<\/div>\r\n\t\t\t[\/vc_column_text][\/vc_column][\/vc_row][vc_row content_width=&#8221;grid&#8221; content_aligment=&#8221;center&#8221; css=&#8221;.vc_custom_1701261932768{padding-top: 0px !important;padding-bottom: 0px !important;}&#8221;][vc_column][vc_row_inner css_animation=&#8221;edgtf-element-from-top&#8221;][vc_column_inner][vc_column_text]<\/p>\n<p style=\"text-align: center; font-size: 22px; line-height: 38px; color: #888;\"><strong>O raio \u00e9 um acontecimento natural muito complexo com consequ\u00eancias imprevis\u00edveis e<\/strong> \u00e9 um dos fen\u00f3menos mais destrutivos da natureza, representando um perigo grave para as pessoas.<\/p>\n<p>[\/vc_column_text]<div class=\"edgtf-separator-holder clearfix  edgtf-separator-center\">\n\t<div class=\"edgtf-separator\" style=\"border-color: #ffb422;width: 55px;border-bottom-width: 3px;margin-top: 25px;margin-bottom: 60px\"><\/div>\n<\/div>\n[\/vc_column_inner][\/vc_row_inner][\/vc_column][\/vc_row][vc_row content_width=&#8221;grid&#8221;][vc_column][vc_row_inner css_animation=&#8221;edgtf-element-from-top&#8221;][vc_column_inner][vc_column_text]<\/p>\n<p style=\"text-align: center; font-size: 18px; line-height: 30px; color: #888;\">O mapa abaixo mostra as trovoadas em tempo real em todo o mundo.<br \/>\nPode deslocar no mapa com o cursor e fazer zoom em regi\u00f5es espec\u00edficas.<\/p>\n<p>[\/vc_column_text][vc_empty_space height=&#8221;40px&#8221;][vc_raw_html]PGlmcmFtZSB3aWR0aD0iMTUwMCIgaGVpZ2h0PSI2NTAiIHNyYz0iaHR0cHM6Ly9lbWJlZC53aW5keS5jb20vZW1iZWQyLmh0bWw\/bGF0PTExLjcyNyZhbXA7bG9uPTYzLjY4OSZhbXA7ZGV0YWlsTGF0PTI4LjgzNSZhbXA7ZGV0YWlsTG9uPS0xOC40MjAmYW1wO3dpZHRoPTI1MDAmYW1wO2hlaWdodD05NTAmYW1wO3pvb209MyZhbXA7bGV2ZWw9c3VyZmFjZSZhbXA7b3ZlcmxheT10aHVuZGVyJmFtcDtwcm9kdWN0PWVjbXdmJmFtcDttZW51PSZhbXA7bWVzc2FnZT10cnVlJmFtcDttYXJrZXI9JmFtcDtjYWxlbmRhcj1ub3cmYW1wO3ByZXNzdXJlPXRydWUmYW1wO3R5cGU9bWFwJmFtcDtsb2NhdGlvbj1jb29yZGluYXRlcyZhbXA7ZGV0YWlsPSZhbXA7bWV0cmljV2luZD1kZWZhdWx0JmFtcDttZXRyaWNUZW1wPWRlZmF1bHQmYW1wO3JhZGFyUmFuZ2U9LTEiIGZyYW1lYm9yZGVyPSIwIj48L2lmcmFtZT4=[\/vc_raw_html][\/vc_column_inner][\/vc_row_inner][\/vc_column][\/vc_row][vc_row content_width=&#8221;grid&#8221;][vc_column][vc_empty_space height=&#8221;14px&#8221;][vc_row_inner css_animation=&#8221;edgtf-element-from-top&#8221;][vc_column_inner width=&#8221;1\/2&#8243;][vc_column_text css_animation=&#8221;none&#8221;]<\/p>\n<p style=\"text-align: center;\">O mapa mostra claramente que h\u00e1 zonas do planeta que est\u00e3o mais expostas ao perigo dos raios.<\/p>\n<p>[\/vc_column_text][\/vc_column_inner][vc_column_inner width=&#8221;1\/2&#8243;][vc_column_text css_animation=&#8221;none&#8221;]<\/p>\n<p style=\"text-align: center;\">Em geral, a distribui\u00e7\u00e3o das trovoadas depende da zona, do clima e da \u00e9poca do ano.<\/p>\n<p>[\/vc_column_text][\/vc_column_inner][\/vc_row_inner][vc_row_inner css_animation=&#8221;edgtf-element-from-top&#8221;][vc_column_inner]<div class=\"edgtf-separator-holder clearfix  edgtf-separator-left\">\n\t<div class=\"edgtf-separator\" style=\"border-color: #e7e7e7;width: 100%;border-bottom-width: 2px;margin-top: 25px;margin-bottom: 75px\"><\/div>\n<\/div>\n[\/vc_column_inner][\/vc_row_inner][\/vc_column][\/vc_row][vc_row css_animation=&#8221;edgtf-element-from-top&#8221; css=&#8221;.vc_custom_1705655578087{padding-top: 40px !important;padding-bottom: 40px !important;background-color: #f6f4ee !important;background-position: center !important;background-repeat: no-repeat !important;background-size: cover !important;}&#8221;][vc_column][vc_row_inner content_width=&#8221;grid&#8221; css=&#8221;.vc_custom_1701420118120{padding-top: 40px !important;}&#8221;][vc_column_inner width=&#8221;1\/2&#8243;][vc_column_text css_animation=&#8221;none&#8221;]<\/p>\n<h2 style=\"text-align: left;\"><span lang=\"ES-TRAD\">Distribui\u00e7\u00e3o mundial dos raios<\/span><\/h2>\n<p>[\/vc_column_text][vc_empty_space height=&#8221;14px&#8221;][vc_column_text]<\/p>\n<p style=\"font-size: 18px; line-height: 30px; color: #888888; text-align: left;\">O mapa mostra que <strong>a maioria dos raios (cerca de 70%) ocorre nos tr\u00f3picos<\/strong>, onde se registam a maioria das trovoadas. Algumas das regi\u00f5es mais expostas ao risco de queda de raios s\u00e3o a Rep\u00fablica Democr\u00e1tica do Congo, Venezuela, Mal\u00e1sia, Indon\u00e9sia, Col\u00f4mbia, Brasil, Cuba e Fl\u00f3rida (nos Estados Unidos), entre outras.<\/p>\n<p style=\"font-size: 18px; line-height: 30px; color: #888888; text-align: left;\">No entanto, o risco de queda de raios quando uma trovoada atinge as pessoas ao ar livre \u00e9 o mesmo, independentemente da regi\u00e3o do mundo em que se encontrem.<\/p>\n<p>[\/vc_column_text]<div class=\"edgtf-separator-holder clearfix  edgtf-separator-left\">\n\t<div class=\"edgtf-separator\" style=\"border-color: #ffb422;width: 55px;border-bottom-width: 3px;margin-top: 25px;margin-bottom: 60px\"><\/div>\n<\/div>\n[\/vc_column_inner][vc_column_inner width=&#8221;1\/2&#8243;][vc_column_text]<\/p>\n<h4 style=\"font-size: 18px; line-height: 80px; color: #888888; text-align: center;\"><span style=\"color: #000000;\">Cerca de<br \/>\n<\/span><\/h4>\n<p>[\/vc_column_text]<div class=\"edgtf-pie-chart-holder\">\n\t<div class=\"edgtf-percentage\" data-size=\"300\" data-percent=\"70\">\n\t\t\t\t\t<span class=\"edgtf-to-counter\" >\n\t\t\t\t70\t\t\t<\/span>\n\t\t\t<\/div>\n\t<div class=\"edgtf-pie-chart-text\" >\n\t\t\t\t\t<h4 class=\"edgtf-pie-title\" >\n\t\t\t\t\t\t\t<\/h4>\n\t\t\t\t<p><\/p>\n\t<\/div>\n<\/div>[vc_column_text css=&#8221;.vc_custom_1713180857028{margin-top: -50px !important;}&#8221;]<\/p>\n<h4 style=\"font-size: 18px; line-height: 80px; color: #888888; text-align: center;\"><span style=\"color: #000000;\">nos tr\u00f3picos<\/span><\/h4>\n<p>[\/vc_column_text][\/vc_column_inner][\/vc_row_inner][vc_row_inner content_width=&#8221;grid&#8221;][vc_column_inner][vc_column_text]<\/p>\n<p style=\"text-align: center; font-size: 18px; line-height: 30px; color: #888;\"><strong>A compreens\u00e3o do fen\u00f3meno dos raios permite que as pessoas tomem medidas preventivas individuais e se protejam.<\/strong><\/p>\n<p>[\/vc_column_text]<div class=\"edgtf-separator-holder clearfix  edgtf-separator-left\">\n\t<div class=\"edgtf-separator\" style=\"border-color: #e7e7e7;width: 100%;border-bottom-width: 2px;margin-top: 25px;margin-bottom: 40px\"><\/div>\n<\/div>\n[\/vc_column_inner][\/vc_row_inner][\/vc_column][\/vc_row][vc_row css=&#8221;.vc_custom_1701261036203{padding-bottom: 80px !important;}&#8221;][vc_column][vc_row_inner content_width=&#8221;grid&#8221; css=&#8221;.vc_custom_1705655911269{padding-top: 40px !important;}&#8221;][vc_column_inner width=&#8221;1\/2&#8243;]<div class=\"edgtf-elements-holder edgtf-responsive-mode-768\" ><div class=\"edgtf-elements-holder-item \" data-item-class=\"edgtf-elements-holder-custom-637313\" data-1280-1600=\"2% 0% 2% 2%\" data-1024-1280=\"2% 2% 2% 2%\" data-768-1024=\"2% 2% 2% 2%\" data-600-768=\"2% 2% 2% 2%\" data-480-600=\"2% 2% 2% 2%\" data-480=\"2% 2% 2% 2%\" >\n\t\t<div class=\"edgtf-elements-holder-item-inner\">\n\t\t<div class=\"edgtf-elements-holder-item-content edgtf-elements-holder-custom-637313\" style=\"padding: 2% 2% 2% 2%\">\n\t\t\t<h3 class=\"edgtf-title-with-number\" >\n\t<span class=\"edgtf-twn-number\">01<\/span>Proteger-se do raio<\/h3>[vc_empty_space height=&#8221;20px&#8221;][vc_single_image image=&#8221;18684&#8243; img_size=&#8221;full&#8221;][vc_empty_space height=&#8221;10px&#8221;]<a itemprop=\"url\" href=\"\/pt-pt\/conduta-segura\/proteger-se-do-raio\/\" target=\"_self\"  class=\"edgtf-btn edgtf-btn-medium edgtf-btn-solid edgtf-btn-custom-hover-bg edgtf-btn-custom-border-hover edgtf-btn-custom-hover-color\" data-hover-bg-color=\"#000000\" data-hover-color=\"#ffb421\" data-hover-border-color=\"#000000\" >\n\t<span class=\"edgtf-btn-text\">Saber Mais<\/span>\n    <\/a>\t\t<\/div>\n\t<\/div>\n\t<\/div><\/div>[\/vc_column_inner][vc_column_inner width=&#8221;1\/2&#8243;]<div class=\"edgtf-elements-holder edgtf-responsive-mode-768\" ><div class=\"edgtf-elements-holder-item \" data-item-class=\"edgtf-elements-holder-custom-757717\" data-1280-1600=\"2% 2% 2% 2%\" data-1024-1280=\"2% 2% 2% 2%\" data-768-1024=\"2% 2% 2% 2%\" data-600-768=\"2% 2% 2% 2%\" data-480-600=\"2% 2% 2% 2%\" data-480=\"2% 2% 2% 2%\" >\n\t\t<div class=\"edgtf-elements-holder-item-inner\">\n\t\t<div class=\"edgtf-elements-holder-item-content edgtf-elements-holder-custom-757717\" style=\"padding: 2% 2% 2% 2%\">\n\t\t\t<h3 class=\"edgtf-title-with-number\" >\n\t<span class=\"edgtf-twn-number\">02<\/span>Mitos e perguntas frequentes sobre os raios<\/h3>[vc_empty_space height=&#8221;20px&#8221;][vc_single_image image=&#8221;18763&#8243; img_size=&#8221;413&#215;300&#8243;][vc_empty_space height=&#8221;10px&#8221;]<a itemprop=\"url\" href=\"\/pt-pt\/conduta-segura\/mitos-e-perguntas-frequentes-sobre-o-raio\/\" target=\"_self\"  class=\"edgtf-btn edgtf-btn-medium edgtf-btn-solid edgtf-btn-custom-hover-bg edgtf-btn-custom-border-hover edgtf-btn-custom-hover-color\" data-hover-bg-color=\"#000000\" data-hover-color=\"#ffb421\" data-hover-border-color=\"#000000\" >\n\t<span class=\"edgtf-btn-text\">Saber Mais<\/span>\n    <\/a>\t\t<\/div>\n\t<\/div>\n\t<\/div><\/div>[vc_empty_space height=&#8221;44px&#8221;]<div class=\"edgtf-elements-holder edgtf-responsive-mode-768\" ><div class=\"edgtf-elements-holder-item \" data-item-class=\"edgtf-elements-holder-custom-795483\" data-1280-1600=\"2% 2% 2% 2%\" data-1024-1280=\"2% 2% 2% 2%\" data-768-1024=\"2% 2% 2% 2%\" data-600-768=\"2% 2% 2% 2%\" data-480-600=\"2% 2% 2% 2%\" data-480=\"2% 2% 2% 2%\" >\n\t\t<div class=\"edgtf-elements-holder-item-inner\">\n\t\t<div class=\"edgtf-elements-holder-item-content edgtf-elements-holder-custom-795483\" style=\"padding: 2% 2% 2% 2%\">\n\t\t\t<h3 class=\"edgtf-title-with-number\" >\n\t<span class=\"edgtf-twn-number\">03<\/span>Entender o raio<\/h3>[vc_empty_space height=&#8221;20px&#8221;][vc_single_image image=&#8221;18766&#8243; img_size=&#8221;413&#215;300&#8243;][vc_empty_space height=&#8221;10px&#8221;]<a itemprop=\"url\" href=\"\/pt-pt\/conduta-segura\/entender-o-raio\/\" target=\"_self\"  class=\"edgtf-btn edgtf-btn-medium edgtf-btn-solid edgtf-btn-custom-hover-bg edgtf-btn-custom-border-hover edgtf-btn-custom-hover-color\" data-hover-bg-color=\"#000000\" data-hover-color=\"#ffb421\" data-hover-border-color=\"#000000\" >\n\t<span class=\"edgtf-btn-text\">Saber Mais<\/span>\n    <\/a>\t\t<\/div>\n\t<\/div>\n\t<\/div><\/div>[\/vc_column_inner][\/vc_row_inner][\/vc_column][\/vc_row][vc_row content_aligment=&#8221;center&#8221; css=&#8221;.vc_custom_1700151694832{background-color: #ffb421 !important;}&#8221;][vc_column][vc_row_inner][vc_column_inner]\t<div class=\"edgtf-container-inner\">\n\t<div class=\"edgtf-call-to-action normal\" style=\"background-color: #ffb421;\">\n\n\t\t\t\t\t<div class=\"edgtf-call-to-action-row-75-25 clearfix\" style=\"padding: 65px 0 63px 0;\">\n\t\t\t\t\t\t<div class=\"edgtf-text-wrapper edgtf-call-to-action-column1 edgtf-call-to-action-cell left\">\n\t\t\t\t\t<div class=\"edgtf-call-to-action-text\" style=\"text-align: left\">\n<h3 style=\"font-weight: bold;\">O compromisso conjunto das institui\u00e7\u00f5es e da SALWO na divulga\u00e7\u00e3o das regras de seguran\u00e7a individuais evita acidentes mortais.<\/h3>\n\t\t\t\t\t\t\t\t\t\t\t<\/div>\n\t\t\t\t<\/div>\n\n\t\t\t\t\t\t\t\t\t<div class=\"edgtf-button-wrapper edgtf-call-to-action-column2 edgtf-call-to-action-cell\" style =\"text-align: right ;\">\n\t\t\t\t\t\t<a itemprop=\"url\" href=\"\/pt-pt\/contactos\/\" target=\"_blank\" style=\"color: #ffb421;background-color: #000000;border-color: #000000\" class=\"edgtf-btn edgtf-btn-large edgtf-btn-outline-light edgtf-btn-custom-hover-bg edgtf-btn-custom-border-hover edgtf-btn-custom-hover-color\" data-hover-bg-color=\"#ffffff\" data-hover-color=\"#212121\" data-hover-border-color=\"#ffffff\" >\t<span class=\"edgtf-btn-text\">CONTACTE-NOS<\/span>    <\/a>\t\t\t\t\t<\/div>\n\t\t\t\t\t\t\t<\/div>\n\t\t\t<\/div>\n\t<\/div>\n[\/vc_column_inner][\/vc_row_inner][\/vc_column][\/vc_row]<\/p>\n","protected":false},"excerpt":{"rendered":"<p>[vc_row content_width=&#8221;grid&#8221; content_aligment=&#8221;center&#8221; css=&#8221;.vc_custom_1702458805115{margin-top: 0px !important;margin-bottom: 0px !important;padding-top: 0px !important;padding-bottom: 40px !important;}&#8221;][vc_column css=&#8221;.vc_custom_1702458813384{margin-top: 0px !important;margin-bottom: 0px !important;padding-top: 0px !important;padding-bottom: 0px !important;}&#8221;][vc_column_text css=&#8221;.vc_custom_1702458822202{margin-top: 0px !important;margin-bottom: 0px !important;padding-top: 0px !important;padding-bottom: 0px !important;}&#8221;][\/vc_column_text][\/vc_column][\/vc_row][vc_row content_width=&#8221;grid&#8221; content_aligment=&#8221;center&#8221; css=&#8221;.vc_custom_1701261932768{padding-top: 0px !important;padding-bottom: 0px !important;}&#8221;][vc_column][vc_row_inner css_animation=&#8221;edgtf-element-from-top&#8221;][vc_column_inner][vc_column_text] O raio \u00e9 um acontecimento natural muito complexo com consequ\u00eancias imprevis\u00edveis e \u00e9 um dos fen\u00f3menos mais&#8230;<\/p>\n","protected":false},"author":2,"featured_media":0,"parent":0,"menu_order":0,"comment_status":"closed","ping_status":"closed","template":"full-width.php","meta":{"inline_featured_image":false,"footnotes":""},"class_list":["post-21295","page","type-page","status-publish","hentry"],"yoast_head":"<!-- This site is optimized with the Yoast SEO Premium plugin v26.2 (Yoast SEO v26.2) - https:\/\/yoast.com\/wordpress\/plugins\/seo\/ -->\n<title>Conduta segura - SALWO<\/title>\n<meta name=\"robots\" content=\"index, follow, max-snippet:-1, max-image-preview:large, max-video-preview:-1\" \/>\n<link rel=\"canonical\" href=\"https:\/\/salwo.org\/pt-pt\/conduta-segura\/\" \/>\n<meta property=\"og:locale\" content=\"pt_PT\" \/>\n<meta property=\"og:type\" content=\"article\" \/>\n<meta property=\"og:title\" content=\"Conduta segura\" \/>\n<meta property=\"og:description\" content=\"[vc_row content_width=&#8221;grid&#8221; content_aligment=&#8221;center&#8221; css=&#8221;.vc_custom_1702458805115{margin-top: 0px !important;margin-bottom: 0px !important;padding-top: 0px !important;padding-bottom: 40px !important;}&#8221;][vc_column css=&#8221;.vc_custom_1702458813384{margin-top: 0px !important;margin-bottom: 0px !important;padding-top: 0px !important;padding-bottom: 0px !important;}&#8221;][vc_column_text css=&#8221;.vc_custom_1702458822202{margin-top: 0px !important;margin-bottom: 0px !important;padding-top: 0px !important;padding-bottom: 0px !important;}&#8221;][\/vc_column_text][\/vc_column][\/vc_row][vc_row content_width=&#8221;grid&#8221; content_aligment=&#8221;center&#8221; css=&#8221;.vc_custom_1701261932768{padding-top: 0px !important;padding-bottom: 0px !important;}&#8221;][vc_column][vc_row_inner css_animation=&#8221;edgtf-element-from-top&#8221;][vc_column_inner][vc_column_text] O raio \u00e9 um acontecimento natural muito complexo com consequ\u00eancias imprevis\u00edveis e \u00e9 um dos fen\u00f3menos mais...\" \/>\n<meta property=\"og:url\" content=\"https:\/\/salwo.org\/pt-pt\/conduta-segura\/\" \/>\n<meta property=\"og:site_name\" content=\"SALWO\" \/>\n<meta property=\"article:modified_time\" content=\"2024-04-15T11:35:18+00:00\" \/>\n<meta name=\"twitter:card\" content=\"summary_large_image\" \/>\n<meta name=\"twitter:label1\" content=\"Tempo estimado de leitura\" \/>\n\t<meta name=\"twitter:data1\" content=\"3 minutos\" \/>\n<script type=\"application\/ld+json\" class=\"yoast-schema-graph\">{\"@context\":\"https:\/\/schema.org\",\"@graph\":[{\"@type\":\"WebPage\",\"@id\":\"https:\/\/salwo.org\/pt-pt\/conduta-segura\/\",\"url\":\"https:\/\/salwo.org\/pt-pt\/conduta-segura\/\",\"name\":\"Conduta segura - SALWO\",\"isPartOf\":{\"@id\":\"https:\/\/salwo.org\/pt-pt\/#website\"},\"datePublished\":\"2023-11-16T09:50:04+00:00\",\"dateModified\":\"2024-04-15T11:35:18+00:00\",\"breadcrumb\":{\"@id\":\"https:\/\/salwo.org\/pt-pt\/conduta-segura\/#breadcrumb\"},\"inLanguage\":\"pt-PT\",\"potentialAction\":[{\"@type\":\"ReadAction\",\"target\":[\"https:\/\/salwo.org\/pt-pt\/conduta-segura\/\"]}]},{\"@type\":\"BreadcrumbList\",\"@id\":\"https:\/\/salwo.org\/pt-pt\/conduta-segura\/#breadcrumb\",\"itemListElement\":[{\"@type\":\"ListItem\",\"position\":1,\"name\":\"Portada\",\"item\":\"https:\/\/salwo.org\/pt-pt\/\"},{\"@type\":\"ListItem\",\"position\":2,\"name\":\"Conduta segura\"}]},{\"@type\":\"WebSite\",\"@id\":\"https:\/\/salwo.org\/pt-pt\/#website\",\"url\":\"https:\/\/salwo.org\/pt-pt\/\",\"name\":\"SALWO\",\"description\":\"Safe Against Lightning Worldwide Organization\",\"potentialAction\":[{\"@type\":\"SearchAction\",\"target\":{\"@type\":\"EntryPoint\",\"urlTemplate\":\"https:\/\/salwo.org\/pt-pt\/?s={search_term_string}\"},\"query-input\":{\"@type\":\"PropertyValueSpecification\",\"valueRequired\":true,\"valueName\":\"search_term_string\"}}],\"inLanguage\":\"pt-PT\"}]}<\/script>\n<!-- \/ Yoast SEO Premium plugin. -->","yoast_head_json":{"title":"Conduta segura - SALWO","robots":{"index":"index","follow":"follow","max-snippet":"max-snippet:-1","max-image-preview":"max-image-preview:large","max-video-preview":"max-video-preview:-1"},"canonical":"https:\/\/salwo.org\/pt-pt\/conduta-segura\/","og_locale":"pt_PT","og_type":"article","og_title":"Conduta segura","og_description":"[vc_row content_width=&#8221;grid&#8221; content_aligment=&#8221;center&#8221; css=&#8221;.vc_custom_1702458805115{margin-top: 0px !important;margin-bottom: 0px !important;padding-top: 0px !important;padding-bottom: 40px !important;}&#8221;][vc_column css=&#8221;.vc_custom_1702458813384{margin-top: 0px !important;margin-bottom: 0px !important;padding-top: 0px !important;padding-bottom: 0px !important;}&#8221;][vc_column_text css=&#8221;.vc_custom_1702458822202{margin-top: 0px !important;margin-bottom: 0px !important;padding-top: 0px !important;padding-bottom: 0px !important;}&#8221;][\/vc_column_text][\/vc_column][\/vc_row][vc_row content_width=&#8221;grid&#8221; content_aligment=&#8221;center&#8221; css=&#8221;.vc_custom_1701261932768{padding-top: 0px !important;padding-bottom: 0px !important;}&#8221;][vc_column][vc_row_inner css_animation=&#8221;edgtf-element-from-top&#8221;][vc_column_inner][vc_column_text] O raio \u00e9 um acontecimento natural muito complexo com consequ\u00eancias imprevis\u00edveis e \u00e9 um dos fen\u00f3menos mais...","og_url":"https:\/\/salwo.org\/pt-pt\/conduta-segura\/","og_site_name":"SALWO","article_modified_time":"2024-04-15T11:35:18+00:00","twitter_card":"summary_large_image","twitter_misc":{"Tempo estimado de leitura":"3 minutos"},"schema":{"@context":"https:\/\/schema.org","@graph":[{"@type":"WebPage","@id":"https:\/\/salwo.org\/pt-pt\/conduta-segura\/","url":"https:\/\/salwo.org\/pt-pt\/conduta-segura\/","name":"Conduta segura - SALWO","isPartOf":{"@id":"https:\/\/salwo.org\/pt-pt\/#website"},"datePublished":"2023-11-16T09:50:04+00:00","dateModified":"2024-04-15T11:35:18+00:00","breadcrumb":{"@id":"https:\/\/salwo.org\/pt-pt\/conduta-segura\/#breadcrumb"},"inLanguage":"pt-PT","potentialAction":[{"@type":"ReadAction","target":["https:\/\/salwo.org\/pt-pt\/conduta-segura\/"]}]},{"@type":"BreadcrumbList","@id":"https:\/\/salwo.org\/pt-pt\/conduta-segura\/#breadcrumb","itemListElement":[{"@type":"ListItem","position":1,"name":"Portada","item":"https:\/\/salwo.org\/pt-pt\/"},{"@type":"ListItem","position":2,"name":"Conduta segura"}]},{"@type":"WebSite","@id":"https:\/\/salwo.org\/pt-pt\/#website","url":"https:\/\/salwo.org\/pt-pt\/","name":"SALWO","description":"Safe Against Lightning Worldwide Organization","potentialAction":[{"@type":"SearchAction","target":{"@type":"EntryPoint","urlTemplate":"https:\/\/salwo.org\/pt-pt\/?s={search_term_string}"},"query-input":{"@type":"PropertyValueSpecification","valueRequired":true,"valueName":"search_term_string"}}],"inLanguage":"pt-PT"}]}},"_links":{"self":[{"href":"https:\/\/salwo.org\/pt-pt\/wp-json\/wp\/v2\/pages\/21295","targetHints":{"allow":["GET"]}}],"collection":[{"href":"https:\/\/salwo.org\/pt-pt\/wp-json\/wp\/v2\/pages"}],"about":[{"href":"https:\/\/salwo.org\/pt-pt\/wp-json\/wp\/v2\/types\/page"}],"author":[{"embeddable":true,"href":"https:\/\/salwo.org\/pt-pt\/wp-json\/wp\/v2\/users\/2"}],"replies":[{"embeddable":true,"href":"https:\/\/salwo.org\/pt-pt\/wp-json\/wp\/v2\/comments?post=21295"}],"version-history":[{"count":11,"href":"https:\/\/salwo.org\/pt-pt\/wp-json\/wp\/v2\/pages\/21295\/revisions"}],"predecessor-version":[{"id":21474,"href":"https:\/\/salwo.org\/pt-pt\/wp-json\/wp\/v2\/pages\/21295\/revisions\/21474"}],"wp:attachment":[{"href":"https:\/\/salwo.org\/pt-pt\/wp-json\/wp\/v2\/media?parent=21295"}],"curies":[{"name":"wp","href":"https:\/\/api.w.org\/{rel}","templated":true}]}}