
{"id":21312,"date":"2023-11-27T13:59:31","date_gmt":"2023-11-27T12:59:31","guid":{"rendered":"https:\/\/salwo.org\/safe-against-lightning-worldwide-organization\/conducta-segura\/mitos-y-preguntas-frecuentes-sobre-el-rayo\/"},"modified":"2024-04-09T17:03:08","modified_gmt":"2024-04-09T15:03:08","slug":"mitos-e-perguntas-frequentes-sobre-o-raio","status":"publish","type":"page","link":"https:\/\/salwo.org\/pt-pt\/conduta-segura\/mitos-e-perguntas-frequentes-sobre-o-raio\/","title":{"rendered":"Mitos e perguntas frequentes sobre o raio"},"content":{"rendered":"<p>[vc_row content_width=&#8221;grid&#8221; content_aligment=&#8221;center&#8221; css=&#8221;.vc_custom_1702458425576{margin-top: 0px !important;margin-bottom: 0px !important;padding-top: 0px !important;padding-bottom: 40px !important;}&#8221;][vc_column css=&#8221;.vc_custom_1702458434181{margin-top: 0px !important;margin-bottom: 0px !important;padding-top: 0px !important;padding-bottom: 0px !important;}&#8221;][vc_column_text css=&#8221;.vc_custom_1702458444015{margin-top: 0px !important;margin-bottom: 0px !important;padding-top: 0px !important;padding-bottom: 0px !important;}&#8221;]\t\t\t<!-- Flexy Breadcrumb -->\r\n\t\t\t<div class=\"fbc fbc-page\">\r\n\r\n\t\t\t\t<!-- Breadcrumb wrapper -->\r\n\t\t\t\t<div class=\"fbc-wrap\">\r\n\r\n\t\t\t\t\t<!-- Ordered list-->\r\n\t\t\t\t\t<ol class=\"fbc-items\" itemscope itemtype=\"https:\/\/schema.org\/BreadcrumbList\">\r\n\t\t\t\t\t\t            <li itemprop=\"itemListElement\" itemscope itemtype=\"https:\/\/schema.org\/ListItem\">\r\n                <span itemprop=\"name\">\r\n                    <!-- Home Link -->\r\n                    <a itemprop=\"item\" href=\"https:\/\/salwo.org\">\r\n                    \r\n                                                    <i class=\"fa fa-home\" aria-hidden=\"true\"><\/i>Safe Against Lightning Worldwide                    <\/a>\r\n                <\/span>\r\n                <meta itemprop=\"position\" content=\"1\" \/><!-- Meta Position-->\r\n             <\/li><li><span class=\"fbc-separator\">\/<\/span><\/li><li class=\"active\" itemprop=\"itemListElement\" itemscope itemtype=\"https:\/\/schema.org\/ListItem\"><span itemprop=\"name\" title=\"Ultimas noticias\">Ultimas noticias<\/span><meta itemprop=\"position\" content=\"2\" \/><\/li>\t\t\t\t\t<\/ol>\r\n\t\t\t\t\t<div class=\"clearfix\"><\/div>\r\n\t\t\t\t<\/div>\r\n\t\t\t<\/div>\r\n\t\t\t[\/vc_column_text][\/vc_column][\/vc_row][vc_row content_width=&#8221;grid&#8221; content_aligment=&#8221;center&#8221; css=&#8221;.vc_custom_1700670511886{margin-top: 0px !important;padding-bottom: 0px !important;}&#8221;][vc_column][vc_row_inner][vc_column_inner][vc_column_text css=&#8221;.vc_custom_1712656402452{padding-right: 10px !important;padding-left: 10px !important;}&#8221;]<\/p>\n<p style=\"text-align: center; font-size: 22px; line-height: 30px;\"><span style=\"color: #000000;\"><strong>As cren\u00e7as incorretas<\/strong>, que n\u00e3o correspondem \u00e0 realidade e ao fen\u00f3meno do raio,<br \/>\n<strong>s\u00e3o perigosas para a seguran\u00e7a das pessoas<\/strong>.<br \/>\nDe seguida, apresentamos alguns desses mitos.<br \/>\n<\/span><\/p>\n<p>[\/vc_column_text]<div class=\"edgtf-separator-holder clearfix  edgtf-separator-center\">\n\t<div class=\"edgtf-separator\" style=\"border-color: #e7e7e7;width: 100%;border-bottom-width: 2px;margin-top: 25px;margin-bottom: 75px\"><\/div>\n<\/div>\n[\/vc_column_inner][\/vc_row_inner][\/vc_column][\/vc_row][vc_row css=&#8221;.vc_custom_1705656765097{padding-bottom: 80px !important;background-color: #f6f4ee !important;}&#8221;][vc_column][vc_empty_space height=&#8221;80px&#8221;][vc_row_inner content_width=&#8221;grid&#8221;][vc_column_inner width=&#8221;1\/2&#8243;]<h3 class=\"edgtf-title-with-number\" >\n\t<span class=\"edgtf-twn-number\">Mitos<\/span>relacionados com os sinais de perigo<\/h3><div class=\"edgtf-separator-holder clearfix  edgtf-separator-left\">\n\t<div class=\"edgtf-separator\" style=\"border-color: #ffb422;width: 55px;border-bottom-width: 3px;margin-top: 25px;margin-bottom: 60px\"><\/div>\n<\/div>\n[\/vc_column_inner][vc_column_inner width=&#8221;1\/2&#8243;][\/vc_column_inner][\/vc_row_inner][vc_row_inner content_width=&#8221;grid&#8221;][vc_column_inner width=&#8221;1\/2&#8243;][vc_column_text]<span style=\"font-size: 18px;\"><strong>Se n\u00e3o houver chuva ou nuvens de tempestade, as pessoas est\u00e3o seguras.<\/strong>.<\/span>[\/vc_column_text][vc_empty_space height=&#8221;10px&#8221;]<div class=\"edgtf-unordered-list  edgtf-circle\" style=\"font-size: 16px\">\n<ul>\n<li>Na realidade, os raios podem percorrer v\u00e1rios quil\u00f3metros: a dist\u00e2ncia t\u00edpica percorrida \u00e9 de 9 quil\u00f3metros, mas o recorde \u00e9 de um raio que atravessou o Brasil em 2018, desde o nordeste da Argentina at\u00e9 ao Oceano Atl\u00e2ntico, percorrendo 709 quil\u00f3metros. \u00c9 por isso que todos os sinais de tempestade devem ser tidos em conta e, em caso de ocorr\u00eancia de algum deles, deve colocar-se em seguran\u00e7a.<\/li>\n<\/ul>\n<\/div>[vc_empty_space height=&#8221;14px&#8221;][vc_column_text]<span style=\"font-size: 18px;\"><strong>Os raios nunca caem duas vezes no mesmo s\u00edtio. <\/strong><\/span>[\/vc_column_text][vc_empty_space height=&#8221;10px&#8221;]<div class=\"edgtf-unordered-list  edgtf-circle\" style=\"font-size: 16px\">\n<ul>\n<li>Os raios atingem preferencialmente o ponto mais alto, pelo que objetos elevados, pontiagudos e isolados t\u00eam uma elevada probabilidade de se tornarem o ponto de outro raio.<\/li>\n<\/ul>\n<\/div>[vc_empty_space height=&#8221;14px&#8221;][vc_column_text]<span style=\"font-size: 18px;\"><strong>Se a pessoa estiver ao ar livre e uma tempestade estiver a aproximar-se ou a formar-se, n\u00e3o h\u00e1 pressa em procurar abrigo.<\/strong><\/span>[\/vc_column_text][vc_empty_space height=&#8221;10px&#8221;]<div class=\"edgtf-unordered-list  edgtf-circle\" style=\"font-size: 16px\">\n<ul>\n<li>Pelo contr\u00e1rio, cada indicador de risco de tempestade deixa um tempo limitado e valioso para tomar as medidas preventivas individuais correspondentes que podem salvar a vida das pessoas expostas. Al\u00e9m disso, \u00a0<a href=\"https:\/\/www.noaa.gov\/\">National Oceanic and Atmospheric Administration (NOAA)<\/a>\u00a0National Oceanic and Atmospheric Administration (NOAA) indica que a maioria dos acidentes com raios acontece no in\u00edcio ou no fim das tempestades.<\/li>\n<\/ul>\n<\/div>[vc_empty_space height=&#8221;14px&#8221;][\/vc_column_inner][vc_column_inner width=&#8221;1\/2&#8243;][vc_single_image image=&#8221;18688&#8243; img_size=&#8221;full&#8221; alignment=&#8221;center&#8221;][\/vc_column_inner][\/vc_row_inner][\/vc_column][\/vc_row][vc_row css_animation=&#8221;edgtf-element-from-top&#8221; css=&#8221;.vc_custom_1701170086154{padding-bottom: 80px !important;}&#8221;][vc_column][vc_empty_space height=&#8221;40px&#8221;][vc_row_inner content_width=&#8221;grid&#8221; css=&#8221;.vc_custom_1701169944686{padding-top: 100px !important;}&#8221;][vc_column_inner width=&#8221;1\/2&#8243;][\/vc_column_inner][vc_column_inner width=&#8221;1\/2&#8243;]<h3 class=\"edgtf-title-with-number\" >\n\t<span class=\"edgtf-twn-number\">Mitos<\/span>relacionados com medidas individuais que podem salvar vidas<\/h3><div class=\"edgtf-separator-holder clearfix  edgtf-separator-left\">\n\t<div class=\"edgtf-separator\" style=\"border-color: #ffb422;width: 55px;border-bottom-width: 3px;margin-top: 25px;margin-bottom: 60px\"><\/div>\n<\/div>\n[\/vc_column_inner][\/vc_row_inner][vc_row_inner content_width=&#8221;grid&#8221;][vc_column_inner width=&#8221;1\/2&#8243;][vc_single_image image=&#8221;18692&#8243; img_size=&#8221;full&#8221;][\/vc_column_inner][vc_column_inner width=&#8221;1\/2&#8243;][vc_column_text]<span style=\"font-size: 18px;\"><strong>Se a pessoa estiver ao ar livre quando acontecer uma tempestade, \u00e9 melhor procurar abrigo debaixo de uma \u00e1rvore. <\/strong><\/span>[\/vc_column_text][vc_empty_space height=&#8221;10px&#8221;]<div class=\"edgtf-unordered-list  edgtf-circle\" style=\"font-size: 16px\">\n<ul>\n<li>Esta cren\u00e7a \u00e9 muito perigosa porque as \u00e1rvores s\u00e3o elementos altos e, portanto, mais suscet\u00edveis de serem atingidas por um raio.<br \/>\nAl\u00e9m disso, a corrente \u00e9 dispersa nas ra\u00edzes, o que gera tens\u00f5es de passo importantes. A maioria dos acidentes com raios ocorre quando as pessoas se abrigam debaixo de uma \u00e1rvore, como aconteceu em 2021 na \u00cdndia<br \/>\n, num <a href=\"https:\/\/amp.antena3.com\/noticias\/sociedad\/las-duras-imagenes-de-como-un-rayo-cae-sobre-4-personas-que-caen-totalmente-fulminadas_20210313604d2e40ad0f4b0001e35718.html\">incidente em que morreram 4 pessoas<\/a>.<\/li>\n<\/ul>\n<\/div>[vc_empty_space height=&#8221;14px&#8221;][vc_column_text]<span style=\"font-size: 18px;\"><strong>Se a pessoa estiver ao ar livre quando come\u00e7ar uma trovoada, deve deitar-se no ch\u00e3o para evitar ser o objeto mais alto. <\/strong><\/span>[\/vc_column_text][vc_empty_space height=&#8221;10px&#8221;]<div class=\"edgtf-unordered-list  edgtf-circle\" style=\"font-size: 16px\">\n<ul>\n<li>A dispers\u00e3o da corrente no solo pode provocar danos graves, ou mesmo choques, devido \u00e0 diferen\u00e7a de tens\u00e3o entre duas partes diferentes do corpo (por exemplo, entre os p\u00e9s). \u00c9 por isso que, se a tempestade se abater ao ar livre, sem possibilidade de abrigo, <strong>deve adotar a postura de seguran\u00e7a: tentar reduzir ao m\u00e1ximo a altura, agachando-se e mantendo os p\u00e9s juntos.<\/strong><\/li>\n<\/ul>\n<\/div>[vc_empty_space height=&#8221;14px&#8221;][vc_column_text]<span style=\"font-size: 18px;\"><strong>Dentro de um edif\u00edcio, as pessoas est\u00e3o completamente seguras.<\/strong><\/span>[\/vc_column_text][vc_empty_space height=&#8221;10px&#8221;]<div class=\"edgtf-unordered-list  edgtf-circle\" style=\"font-size: 16px\">\n<ul>\n<li>Os raios tamb\u00e9m podem atingir as linhas e viajar ao longo delas at\u00e9 \u00e0s habita\u00e7\u00f5es. Se as linhas n\u00e3o estiverem protegidas contra a corrente dos raios, deve evitar-se a utiliza\u00e7\u00e3o de equipamentos el\u00e9tricos e eletr\u00f3nicos, e mesmo os equipamentos sens\u00edveis devem ser desligados. Manter-se tamb\u00e9m afastado de portas e janelas.<\/li>\n<\/ul>\n<\/div>[vc_empty_space height=&#8221;14px&#8221;][\/vc_column_inner][\/vc_row_inner][\/vc_column][\/vc_row][vc_row css_animation=&#8221;edgtf-element-from-top&#8221; css=&#8221;.vc_custom_1701168064092{padding-bottom: 80px !important;background-color: #f6f4ee !important;}&#8221;][vc_column][vc_empty_space height=&#8221;40px&#8221;][vc_row_inner content_width=&#8221;grid&#8221; css=&#8221;.vc_custom_1701168591407{padding-top: 100px !important;}&#8221;][vc_column_inner width=&#8221;1\/2&#8243;]<h3 class=\"edgtf-title-with-number\" >\n\t<span class=\"edgtf-twn-number\">Mito<\/span>relacionado com os primeiros socorros<\/h3><div class=\"edgtf-separator-holder clearfix  edgtf-separator-left\">\n\t<div class=\"edgtf-separator\" style=\"border-color: #ffb422;width: 55px;border-bottom-width: 3px;margin-top: 25px;margin-bottom: 60px\"><\/div>\n<\/div>\n[\/vc_column_inner][vc_column_inner width=&#8221;1\/2&#8243;][\/vc_column_inner][\/vc_row_inner][vc_row_inner content_width=&#8221;grid&#8221;][vc_column_inner width=&#8221;1\/2&#8243;][vc_column_text]<span style=\"font-size: 18px;\"><strong>Tocar numa v\u00edtima de raio resultar\u00e1 na eletrocuss\u00e3o de quem ajuda. <\/strong><\/span>[\/vc_column_text][vc_empty_space height=&#8221;10px&#8221;]<div class=\"edgtf-unordered-list  edgtf-circle\" style=\"font-size: 16px\">\n<ul>\n<li>Pelo contr\u00e1rio: \u00e9 perfeitamente seguro tocar numa v\u00edtima, que pode tamb\u00e9m necessitar de interven\u00e7\u00e3o r\u00e1pida para salvar a sua vida enquanto os cuidados m\u00e9dicos n\u00e3o chegam.<\/li>\n<\/ul>\n<\/div>[vc_empty_space height=&#8221;14px&#8221;][\/vc_column_inner][vc_column_inner width=&#8221;1\/2&#8243;][vc_single_image image=&#8221;18700&#8243; img_size=&#8221;full&#8221; alignment=&#8221;center&#8221;][\/vc_column_inner][\/vc_row_inner][\/vc_column][\/vc_row][vc_row content_aligment=&#8221;center&#8221; css=&#8221;.vc_custom_1700127770192{background-color: #ffb421 !important;}&#8221;][vc_column][vc_row_inner][vc_column_inner]\t<div class=\"edgtf-container-inner\">\n\t<div class=\"edgtf-call-to-action normal\" style=\"background-color: #ffb421;\">\n\n\t\t\t\t\t<div class=\"edgtf-call-to-action-row-75-25 clearfix\" style=\"padding: 65px 0 63px 0;\">\n\t\t\t\t\t\t<div class=\"edgtf-text-wrapper edgtf-call-to-action-column1 edgtf-call-to-action-cell left\">\n\t\t\t\t\t<div class=\"edgtf-call-to-action-text\" style=\"text-align: left\">\n<h3 style=\"font-weight: bold;\">O compromisso conjunto das institui\u00e7\u00f5es e da SALWO na divulga\u00e7\u00e3o das regras de seguran\u00e7a individuais evita acidentes mortais.<\/h3>\n\t\t\t\t\t\t\t\t\t\t\t<\/div>\n\t\t\t\t<\/div>\n\n\t\t\t\t\t\t\t\t\t<div class=\"edgtf-button-wrapper edgtf-call-to-action-column2 edgtf-call-to-action-cell\" style =\"text-align: right ;\">\n\t\t\t\t\t\t<a itemprop=\"url\" href=\"\/pt-pt\/contactos\/\" target=\"_blank\" style=\"color: #ffb421;background-color: #000000;border-color: #000000\" class=\"edgtf-btn edgtf-btn-large edgtf-btn-outline-light edgtf-btn-custom-hover-bg edgtf-btn-custom-border-hover edgtf-btn-custom-hover-color\" data-hover-bg-color=\"#ffffff\" data-hover-color=\"#212121\" data-hover-border-color=\"#ffffff\" >\t<span class=\"edgtf-btn-text\">CONTACTE-NOS<\/span>    <\/a>\t\t\t\t\t<\/div>\n\t\t\t\t\t\t\t<\/div>\n\t\t\t<\/div>\n\t<\/div>\n[\/vc_column_inner][\/vc_row_inner][\/vc_column][\/vc_row]<\/p>\n","protected":false},"excerpt":{"rendered":"<p>[vc_row content_width=&#8221;grid&#8221; content_aligment=&#8221;center&#8221; css=&#8221;.vc_custom_1702458425576{margin-top: 0px !important;margin-bottom: 0px !important;padding-top: 0px !important;padding-bottom: 40px !important;}&#8221;][vc_column css=&#8221;.vc_custom_1702458434181{margin-top: 0px !important;margin-bottom: 0px !important;padding-top: 0px !important;padding-bottom: 0px !important;}&#8221;][vc_column_text css=&#8221;.vc_custom_1702458444015{margin-top: 0px !important;margin-bottom: 0px !important;padding-top: 0px !important;padding-bottom: 0px !important;}&#8221;][\/vc_column_text][\/vc_column][\/vc_row][vc_row content_width=&#8221;grid&#8221; content_aligment=&#8221;center&#8221; css=&#8221;.vc_custom_1700670511886{margin-top: 0px !important;padding-bottom: 0px !important;}&#8221;][vc_column][vc_row_inner][vc_column_inner][vc_column_text css=&#8221;.vc_custom_1712656402452{padding-right: 10px !important;padding-left: 10px !important;}&#8221;] As cren\u00e7as incorretas, que n\u00e3o correspondem \u00e0 realidade e ao fen\u00f3meno do raio,&#8230;<\/p>\n","protected":false},"author":2,"featured_media":0,"parent":21295,"menu_order":0,"comment_status":"closed","ping_status":"closed","template":"full-width.php","meta":{"inline_featured_image":false,"footnotes":""},"class_list":["post-21312","page","type-page","status-publish","hentry"],"yoast_head":"<!-- This site is optimized with the Yoast SEO Premium plugin v26.2 (Yoast SEO v26.2) - https:\/\/yoast.com\/wordpress\/plugins\/seo\/ -->\n<title>Mitos e perguntas frequentes sobre o raio - SALWO<\/title>\n<meta name=\"robots\" content=\"index, follow, max-snippet:-1, max-image-preview:large, max-video-preview:-1\" \/>\n<link rel=\"canonical\" href=\"https:\/\/salwo.org\/pt-pt\/conduta-segura\/mitos-e-perguntas-frequentes-sobre-o-raio\/\" \/>\n<meta property=\"og:locale\" content=\"pt_PT\" \/>\n<meta property=\"og:type\" content=\"article\" \/>\n<meta property=\"og:title\" content=\"Mitos e perguntas frequentes sobre o raio\" \/>\n<meta property=\"og:description\" content=\"[vc_row content_width=&#8221;grid&#8221; content_aligment=&#8221;center&#8221; css=&#8221;.vc_custom_1702458425576{margin-top: 0px !important;margin-bottom: 0px !important;padding-top: 0px !important;padding-bottom: 40px !important;}&#8221;][vc_column css=&#8221;.vc_custom_1702458434181{margin-top: 0px !important;margin-bottom: 0px !important;padding-top: 0px !important;padding-bottom: 0px !important;}&#8221;][vc_column_text css=&#8221;.vc_custom_1702458444015{margin-top: 0px !important;margin-bottom: 0px !important;padding-top: 0px !important;padding-bottom: 0px !important;}&#8221;][\/vc_column_text][\/vc_column][\/vc_row][vc_row content_width=&#8221;grid&#8221; content_aligment=&#8221;center&#8221; css=&#8221;.vc_custom_1700670511886{margin-top: 0px !important;padding-bottom: 0px !important;}&#8221;][vc_column][vc_row_inner][vc_column_inner][vc_column_text css=&#8221;.vc_custom_1712656402452{padding-right: 10px !important;padding-left: 10px !important;}&#8221;] As cren\u00e7as incorretas, que n\u00e3o correspondem \u00e0 realidade e ao fen\u00f3meno do raio,...\" \/>\n<meta property=\"og:url\" content=\"https:\/\/salwo.org\/pt-pt\/conduta-segura\/mitos-e-perguntas-frequentes-sobre-o-raio\/\" \/>\n<meta property=\"og:site_name\" content=\"SALWO\" \/>\n<meta property=\"article:modified_time\" content=\"2024-04-09T15:03:08+00:00\" \/>\n<meta name=\"twitter:card\" content=\"summary_large_image\" \/>\n<meta name=\"twitter:label1\" content=\"Tempo estimado de leitura\" \/>\n\t<meta name=\"twitter:data1\" content=\"4 minutos\" \/>\n<script type=\"application\/ld+json\" class=\"yoast-schema-graph\">{\"@context\":\"https:\/\/schema.org\",\"@graph\":[{\"@type\":\"WebPage\",\"@id\":\"https:\/\/salwo.org\/pt-pt\/conduta-segura\/mitos-e-perguntas-frequentes-sobre-o-raio\/\",\"url\":\"https:\/\/salwo.org\/pt-pt\/conduta-segura\/mitos-e-perguntas-frequentes-sobre-o-raio\/\",\"name\":\"Mitos e perguntas frequentes sobre o raio - SALWO\",\"isPartOf\":{\"@id\":\"https:\/\/salwo.org\/pt-pt\/#website\"},\"datePublished\":\"2023-11-27T12:59:31+00:00\",\"dateModified\":\"2024-04-09T15:03:08+00:00\",\"breadcrumb\":{\"@id\":\"https:\/\/salwo.org\/pt-pt\/conduta-segura\/mitos-e-perguntas-frequentes-sobre-o-raio\/#breadcrumb\"},\"inLanguage\":\"pt-PT\",\"potentialAction\":[{\"@type\":\"ReadAction\",\"target\":[\"https:\/\/salwo.org\/pt-pt\/conduta-segura\/mitos-e-perguntas-frequentes-sobre-o-raio\/\"]}]},{\"@type\":\"BreadcrumbList\",\"@id\":\"https:\/\/salwo.org\/pt-pt\/conduta-segura\/mitos-e-perguntas-frequentes-sobre-o-raio\/#breadcrumb\",\"itemListElement\":[{\"@type\":\"ListItem\",\"position\":1,\"name\":\"Portada\",\"item\":\"https:\/\/salwo.org\/pt-pt\/\"},{\"@type\":\"ListItem\",\"position\":2,\"name\":\"Conduta segura\",\"item\":\"https:\/\/salwo.org\/pt-pt\/conducta-segura-frente-al-rayo\/\"},{\"@type\":\"ListItem\",\"position\":3,\"name\":\"Mitos e perguntas frequentes sobre o raio\"}]},{\"@type\":\"WebSite\",\"@id\":\"https:\/\/salwo.org\/pt-pt\/#website\",\"url\":\"https:\/\/salwo.org\/pt-pt\/\",\"name\":\"SALWO\",\"description\":\"Safe Against Lightning Worldwide Organization\",\"potentialAction\":[{\"@type\":\"SearchAction\",\"target\":{\"@type\":\"EntryPoint\",\"urlTemplate\":\"https:\/\/salwo.org\/pt-pt\/?s={search_term_string}\"},\"query-input\":{\"@type\":\"PropertyValueSpecification\",\"valueRequired\":true,\"valueName\":\"search_term_string\"}}],\"inLanguage\":\"pt-PT\"}]}<\/script>\n<!-- \/ Yoast SEO Premium plugin. -->","yoast_head_json":{"title":"Mitos e perguntas frequentes sobre o raio - SALWO","robots":{"index":"index","follow":"follow","max-snippet":"max-snippet:-1","max-image-preview":"max-image-preview:large","max-video-preview":"max-video-preview:-1"},"canonical":"https:\/\/salwo.org\/pt-pt\/conduta-segura\/mitos-e-perguntas-frequentes-sobre-o-raio\/","og_locale":"pt_PT","og_type":"article","og_title":"Mitos e perguntas frequentes sobre o raio","og_description":"[vc_row content_width=&#8221;grid&#8221; content_aligment=&#8221;center&#8221; css=&#8221;.vc_custom_1702458425576{margin-top: 0px !important;margin-bottom: 0px !important;padding-top: 0px !important;padding-bottom: 40px !important;}&#8221;][vc_column css=&#8221;.vc_custom_1702458434181{margin-top: 0px !important;margin-bottom: 0px !important;padding-top: 0px !important;padding-bottom: 0px !important;}&#8221;][vc_column_text css=&#8221;.vc_custom_1702458444015{margin-top: 0px !important;margin-bottom: 0px !important;padding-top: 0px !important;padding-bottom: 0px !important;}&#8221;][\/vc_column_text][\/vc_column][\/vc_row][vc_row content_width=&#8221;grid&#8221; content_aligment=&#8221;center&#8221; css=&#8221;.vc_custom_1700670511886{margin-top: 0px !important;padding-bottom: 0px !important;}&#8221;][vc_column][vc_row_inner][vc_column_inner][vc_column_text css=&#8221;.vc_custom_1712656402452{padding-right: 10px !important;padding-left: 10px !important;}&#8221;] As cren\u00e7as incorretas, que n\u00e3o correspondem \u00e0 realidade e ao fen\u00f3meno do raio,...","og_url":"https:\/\/salwo.org\/pt-pt\/conduta-segura\/mitos-e-perguntas-frequentes-sobre-o-raio\/","og_site_name":"SALWO","article_modified_time":"2024-04-09T15:03:08+00:00","twitter_card":"summary_large_image","twitter_misc":{"Tempo estimado de leitura":"4 minutos"},"schema":{"@context":"https:\/\/schema.org","@graph":[{"@type":"WebPage","@id":"https:\/\/salwo.org\/pt-pt\/conduta-segura\/mitos-e-perguntas-frequentes-sobre-o-raio\/","url":"https:\/\/salwo.org\/pt-pt\/conduta-segura\/mitos-e-perguntas-frequentes-sobre-o-raio\/","name":"Mitos e perguntas frequentes sobre o raio - SALWO","isPartOf":{"@id":"https:\/\/salwo.org\/pt-pt\/#website"},"datePublished":"2023-11-27T12:59:31+00:00","dateModified":"2024-04-09T15:03:08+00:00","breadcrumb":{"@id":"https:\/\/salwo.org\/pt-pt\/conduta-segura\/mitos-e-perguntas-frequentes-sobre-o-raio\/#breadcrumb"},"inLanguage":"pt-PT","potentialAction":[{"@type":"ReadAction","target":["https:\/\/salwo.org\/pt-pt\/conduta-segura\/mitos-e-perguntas-frequentes-sobre-o-raio\/"]}]},{"@type":"BreadcrumbList","@id":"https:\/\/salwo.org\/pt-pt\/conduta-segura\/mitos-e-perguntas-frequentes-sobre-o-raio\/#breadcrumb","itemListElement":[{"@type":"ListItem","position":1,"name":"Portada","item":"https:\/\/salwo.org\/pt-pt\/"},{"@type":"ListItem","position":2,"name":"Conduta segura","item":"https:\/\/salwo.org\/pt-pt\/conducta-segura-frente-al-rayo\/"},{"@type":"ListItem","position":3,"name":"Mitos e perguntas frequentes sobre o raio"}]},{"@type":"WebSite","@id":"https:\/\/salwo.org\/pt-pt\/#website","url":"https:\/\/salwo.org\/pt-pt\/","name":"SALWO","description":"Safe Against Lightning Worldwide Organization","potentialAction":[{"@type":"SearchAction","target":{"@type":"EntryPoint","urlTemplate":"https:\/\/salwo.org\/pt-pt\/?s={search_term_string}"},"query-input":{"@type":"PropertyValueSpecification","valueRequired":true,"valueName":"search_term_string"}}],"inLanguage":"pt-PT"}]}},"_links":{"self":[{"href":"https:\/\/salwo.org\/pt-pt\/wp-json\/wp\/v2\/pages\/21312","targetHints":{"allow":["GET"]}}],"collection":[{"href":"https:\/\/salwo.org\/pt-pt\/wp-json\/wp\/v2\/pages"}],"about":[{"href":"https:\/\/salwo.org\/pt-pt\/wp-json\/wp\/v2\/types\/page"}],"author":[{"embeddable":true,"href":"https:\/\/salwo.org\/pt-pt\/wp-json\/wp\/v2\/users\/2"}],"replies":[{"embeddable":true,"href":"https:\/\/salwo.org\/pt-pt\/wp-json\/wp\/v2\/comments?post=21312"}],"version-history":[{"count":13,"href":"https:\/\/salwo.org\/pt-pt\/wp-json\/wp\/v2\/pages\/21312\/revisions"}],"predecessor-version":[{"id":21319,"href":"https:\/\/salwo.org\/pt-pt\/wp-json\/wp\/v2\/pages\/21312\/revisions\/21319"}],"up":[{"embeddable":true,"href":"https:\/\/salwo.org\/pt-pt\/wp-json\/wp\/v2\/pages\/21295"}],"wp:attachment":[{"href":"https:\/\/salwo.org\/pt-pt\/wp-json\/wp\/v2\/media?parent=21312"}],"curies":[{"name":"wp","href":"https:\/\/api.w.org\/{rel}","templated":true}]}}