
{"id":21342,"date":"2023-11-17T13:09:13","date_gmt":"2023-11-17T12:09:13","guid":{"rendered":"https:\/\/salwo.org\/safe-against-lightning-worldwide-organization\/actualidad\/"},"modified":"2024-04-12T14:43:36","modified_gmt":"2024-04-12T12:43:36","slug":"actualidade","status":"publish","type":"page","link":"https:\/\/salwo.org\/pt-pt\/actualidade\/","title":{"rendered":"Actualidade"},"content":{"rendered":"<p>[vc_row content_width=&#8221;grid&#8221; css=&#8221;.vc_custom_1702547630550{margin-top: 0px !important;margin-bottom: 40px !important;padding-top: 0px !important;padding-bottom: 0px !important;}&#8221;][vc_column css=&#8221;.vc_custom_1702382168473{margin-top: 0px !important;margin-bottom: 0px !important;padding-top: 0px !important;padding-bottom: 0px !important;}&#8221;][vc_column_text css=&#8221;.vc_custom_1702382177058{margin-top: 0px !important;margin-bottom: 0px !important;padding-top: 0px !important;padding-bottom: 0px !important;}&#8221;]\t\t\t<!-- Flexy Breadcrumb -->\r\n\t\t\t<div class=\"fbc fbc-page\">\r\n\r\n\t\t\t\t<!-- Breadcrumb wrapper -->\r\n\t\t\t\t<div class=\"fbc-wrap\">\r\n\r\n\t\t\t\t\t<!-- Ordered list-->\r\n\t\t\t\t\t<ol class=\"fbc-items\" itemscope itemtype=\"https:\/\/schema.org\/BreadcrumbList\">\r\n\t\t\t\t\t\t            <li itemprop=\"itemListElement\" itemscope itemtype=\"https:\/\/schema.org\/ListItem\">\r\n                <span itemprop=\"name\">\r\n                    <!-- Home Link -->\r\n                    <a itemprop=\"item\" href=\"https:\/\/salwo.org\">\r\n                    \r\n                                                    <i class=\"fa fa-home\" aria-hidden=\"true\"><\/i>Safe Against Lightning Worldwide                    <\/a>\r\n                <\/span>\r\n                <meta itemprop=\"position\" content=\"1\" \/><!-- Meta Position-->\r\n             <\/li><li><span class=\"fbc-separator\">\/<\/span><\/li><li class=\"active\" itemprop=\"itemListElement\" itemscope itemtype=\"https:\/\/schema.org\/ListItem\"><span itemprop=\"name\" title=\"Ultimas noticias\">Ultimas noticias<\/span><meta itemprop=\"position\" content=\"2\" \/><\/li>\t\t\t\t\t<\/ol>\r\n\t\t\t\t\t<div class=\"clearfix\"><\/div>\r\n\t\t\t\t<\/div>\r\n\t\t\t<\/div>\r\n\t\t\t[\/vc_column_text][\/vc_column][\/vc_row][vc_row][vc_column][vc_row_inner content_width=&#8221;grid&#8221;][vc_column_inner][vc_column_text]<\/p>\n<p style=\"font-size: 18px; line-height: 28px; color: #888888; text-align: center;\">Nesta sec\u00e7\u00e3o pode manter-se atualizado com as \u00faltimas not\u00edcias sobre tempestades el\u00e9tricas, acidentes causados por raios e a import\u00e2ncia da forma\u00e7\u00e3o em medidas individuais para reduzir o risco para as pessoas. As not\u00edcias sobre as a\u00e7\u00f5es da SALWO e os recentes acidentes com raios est\u00e3o reunidas aqui.<\/p>\n<p>[\/vc_column_text][vc_empty_space height=&#8221;15px&#8221;][vc_column_text]<\/p>\n<p style=\"font-size: 16px; line-height: 26px; color: #888888; text-align: center;\">Embora os acidentes causados por raios sejam comuns, todos podem ajudar a reduzir o n\u00famero de mortos e feridos com informa\u00e7\u00e3o e educa\u00e7\u00e3o.<\/p>\n<p>[\/vc_column_text]<div class=\"edgtf-separator-holder clearfix  edgtf-separator-center\">\n\t<div class=\"edgtf-separator\" style=\"border-color: #ffb422;width: 55px;border-bottom-width: 3px;margin-top: 25px;margin-bottom: 75px\"><\/div>\n<\/div>\n[\/vc_column_inner][\/vc_row_inner][\/vc_column][\/vc_row][vc_row][vc_column][vc_row_inner content_width=&#8221;grid&#8221;][vc_column_inner width=&#8221;2\/3&#8243;]<div class=\"edgtf-blog-list-holder edgtf-standard edgtf-one-column \">\n\t<ul class=\"edgtf-blog-list\">\n\t<li class=\"edgtf-blog-list-item clearfix\">\n\t<div class=\"edgtf-blog-list-item-inner\">\n\t\t<div class=\"edgtf-item-image\">\n\t\t\t<a itemprop=\"url\" href=\"https:\/\/salwo.org\/pt-pt\/blog\/decalogo-de-conduta-individual-segura-proteger-de-trovoadas\/\">\n\t\t\t\t<img loading=\"lazy\" decoding=\"async\" width=\"1920\" height=\"770\" src=\"https:\/\/salwo.org\/wp-content\/uploads\/noticia-2.jpg\" class=\"attachment-full size-full wp-post-image\" alt=\"\" srcset=\"https:\/\/salwo.org\/wp-content\/uploads\/noticia-2.jpg 1920w, https:\/\/salwo.org\/wp-content\/uploads\/noticia-2-300x120.jpg 300w, https:\/\/salwo.org\/wp-content\/uploads\/noticia-2-1024x411.jpg 1024w, https:\/\/salwo.org\/wp-content\/uploads\/noticia-2-768x308.jpg 768w, https:\/\/salwo.org\/wp-content\/uploads\/noticia-2-1536x616.jpg 1536w\" sizes=\"auto, (max-width: 1920px) 100vw, 1920px\" \/>\t\t\t<\/a>\n\t\t<\/div>\n\t\t<div class=\"edgtf-item-text-holder\" >\n\t\t\t<h3 itemprop=\"name\" class=\"edgtf-item-title entry-title\">\n\t\t\t\t<a itemprop=\"url\" href=\"https:\/\/salwo.org\/pt-pt\/blog\/decalogo-de-conduta-individual-segura-proteger-de-trovoadas\/\" >\n\t\t\t\t\tDec\u00e1logo de conduta individual segura para se proteger de trovoadas\t\t\t\t<\/a>\n\t\t\t<\/h3>\n\n\t\t\t<div class=\"edgtf-item-info-section\">\n\t\t\t\t<div class=\"edgtf-post-info-author\">de\t<a itemprop=\"author\" class=\"edgtf-post-info-author-link\" href=\"https:\/\/salwo.org\/pt-pt\/blog\/author\/jvmartinez\/\">\n\t\tJose Vicente\t<\/a>\n<\/div><div class=\"edgtf-post-info-category\">\n\t<a href=\"https:\/\/salwo.org\/pt-pt\/blog\/category\/sem-categoria\/\" rel=\"category tag\">Sem categoria<\/a><\/div><div itemprop=\"dateCreated\" class=\"edgtf-post-info-date entry-date updated\">\n\t\t\t20 de Fevereiro de 2024\t    <meta itemprop=\"interactionCount\" content=\"UserComments: 0\"\/>\n<\/div>\t\t\t<\/div>\n\n\t\t\t\t\t\t\t<p itemprop=\"description\" class=\"edgtf-excerpt\">El fen\u00f3meno del rayo es muy peligroso, en especial en espacios abiertos. Las personas a la intemperie se encu...<\/p>\n\t\t\t\t\t\t<a itemprop=\"url\" href=\"https:\/\/salwo.org\/pt-pt\/blog\/decalogo-de-conduta-individual-segura-proteger-de-trovoadas\/\" class=\"edgtf-blog-list-read-more\">Leia mais\t\t\t<\/a>\n\t\t<\/div>\n\t<\/div>\n<\/li>\n<li class=\"edgtf-blog-list-item clearfix\">\n\t<div class=\"edgtf-blog-list-item-inner\">\n\t\t<div class=\"edgtf-item-image\">\n\t\t\t<a itemprop=\"url\" href=\"https:\/\/salwo.org\/pt-pt\/blog\/salwo-fundacao-com-fins-educativos-formacao-comportamento-individual-face-aos-raios\/\">\n\t\t\t\t<img loading=\"lazy\" decoding=\"async\" width=\"1920\" height=\"770\" src=\"https:\/\/salwo.org\/wp-content\/uploads\/noticia-1.jpg\" class=\"attachment-full size-full wp-post-image\" alt=\"\" srcset=\"https:\/\/salwo.org\/wp-content\/uploads\/noticia-1.jpg 1920w, https:\/\/salwo.org\/wp-content\/uploads\/noticia-1-300x120.jpg 300w, https:\/\/salwo.org\/wp-content\/uploads\/noticia-1-1024x411.jpg 1024w, https:\/\/salwo.org\/wp-content\/uploads\/noticia-1-768x308.jpg 768w, https:\/\/salwo.org\/wp-content\/uploads\/noticia-1-1536x616.jpg 1536w\" sizes=\"auto, (max-width: 1920px) 100vw, 1920px\" \/>\t\t\t<\/a>\n\t\t<\/div>\n\t\t<div class=\"edgtf-item-text-holder\" >\n\t\t\t<h3 itemprop=\"name\" class=\"edgtf-item-title entry-title\">\n\t\t\t\t<a itemprop=\"url\" href=\"https:\/\/salwo.org\/pt-pt\/blog\/salwo-fundacao-com-fins-educativos-formacao-comportamento-individual-face-aos-raios\/\" >\n\t\t\t\t\tSALWO, fundaci\u00f3n con fines educativos dirigidos a la formaci\u00f3n en conducta individual ante los rayos\t\t\t\t<\/a>\n\t\t\t<\/h3>\n\n\t\t\t<div class=\"edgtf-item-info-section\">\n\t\t\t\t<div class=\"edgtf-post-info-author\">de\t<a itemprop=\"author\" class=\"edgtf-post-info-author-link\" href=\"https:\/\/salwo.org\/pt-pt\/blog\/author\/jvmartinez\/\">\n\t\tJose Vicente\t<\/a>\n<\/div><div class=\"edgtf-post-info-category\">\n\t<a href=\"https:\/\/salwo.org\/pt-pt\/blog\/category\/sem-categoria\/\" rel=\"category tag\">Sem categoria<\/a><\/div><div itemprop=\"dateCreated\" class=\"edgtf-post-info-date entry-date updated\">\n\t\t\t20 de Fevereiro de 2024\t    <meta itemprop=\"interactionCount\" content=\"UserComments: 0\"\/>\n<\/div>\t\t\t<\/div>\n\n\t\t\t\t\t\t\t<p itemprop=\"description\" class=\"edgtf-excerpt\">SALWO (Safe Against Lightning Worldwide Organization) es una fundaci\u00f3n con fines educativos de \u00e1mbito mundia...<\/p>\n\t\t\t\t\t\t<a itemprop=\"url\" href=\"https:\/\/salwo.org\/pt-pt\/blog\/salwo-fundacao-com-fins-educativos-formacao-comportamento-individual-face-aos-raios\/\" class=\"edgtf-blog-list-read-more\">Leia mais\t\t\t<\/a>\n\t\t<\/div>\n\t<\/div>\n<\/li>\n\t<\/ul>\t\n<\/div>\n[\/vc_column_inner][vc_column_inner width=&#8221;1\/3&#8243;][vc_widget_sidebar sidebar_id=&#8221;sidebar&#8221; el_class=&#8221;edgtf-sidebar&#8221;][\/vc_column_inner][\/vc_row_inner][\/vc_column][\/vc_row][vc_row anchor=&#8221;suscripcion&#8221; content_aligment=&#8221;center&#8221; css=&#8221;.vc_custom_1702548017759{padding-top: 0px !important;padding-bottom: 0px !important;background-color: #f8f6f3 !important;}&#8221; el_id=&#8221;suscripcion&#8221;][vc_column][vc_empty_space][vc_row_inner content_width=&#8221;grid&#8221; content_aligment=&#8221;center&#8221;][vc_column_inner width=&#8221;1\/4&#8243;][\/vc_column_inner][vc_column_inner width=&#8221;1\/2&#8243;]<div class=\"edgtf-iwt clearfix edgtf-iwt-icon-top edgtf-iwt-icon-large\">\n    <div class=\"edgtf-iwt-icon-holder\">\n                    \n    <span class=\"edgtf-icon-shortcode normal edgtf-icon-large\"  data-color=\"#ffb421\">\n        \n        <i class=\"edgtf-icon-font-awesome fa fa-newspaper-o edgtf-icon-element\" style=\"color: #ffb421\" ><\/i>\n            <\/span>\n\n            <\/div>\n    <div class=\"edgtf-iwt-content-holder\" >\n        <div class=\"edgtf-iwt-title-holder\">\n\t\t\t                                    <h3 >Subscreva a nossa newsletter<\/h3>\n                                    <\/div>\n        <div class=\"edgtf-iwt-text-holder\">\n            <p ><\/p>\n\n                    <\/div>\n    <\/div>\n<\/div>\n<div class=\"wpcf7 no-js\" id=\"wpcf7-f21357-o1\" lang=\"pt-PT\" dir=\"ltr\">\n<div class=\"screen-reader-response\"><p role=\"status\" aria-live=\"polite\" aria-atomic=\"true\"><\/p> <ul><\/ul><\/div>\n<form action=\"\/pt-pt\/wp-json\/wp\/v2\/pages\/21342#wpcf7-f21357-o1\" method=\"post\" class=\"wpcf7-form init cf7_custom_style_3\" aria-label=\"Formul\u00e1rio de contacto\" novalidate=\"novalidate\" data-status=\"init\">\n<div style=\"display: none;\">\n<input type=\"hidden\" name=\"_wpcf7\" value=\"21357\" \/>\n<input type=\"hidden\" name=\"_wpcf7_version\" value=\"5.9.8\" \/>\n<input type=\"hidden\" name=\"_wpcf7_locale\" value=\"pt_PT\" \/>\n<input type=\"hidden\" name=\"_wpcf7_unit_tag\" value=\"wpcf7-f21357-o1\" \/>\n<input type=\"hidden\" name=\"_wpcf7_container_post\" value=\"0\" \/>\n<input type=\"hidden\" name=\"_wpcf7_posted_data_hash\" value=\"\" \/>\n<\/div>\n<p><span id=\"wpcf7-69dadaa865f04-wrapper\" class=\"wpcf7-form-control-wrap honeypot-125-wrap\" style=\"display:none !important; visibility:hidden !important;\"><label for=\"wpcf7-69dadaa865f04-field\" class=\"hp-message\">Please leave this field empty.<\/label><input id=\"wpcf7-69dadaa865f04-field\"  class=\"wpcf7-form-control wpcf7-text\" type=\"text\" name=\"honeypot-125\" value=\"\" size=\"40\" tabindex=\"-1\" autocomplete=\"new-password\" \/><\/span>\n<\/p>\n<div class=\"edgtf-newsletter-form\">\n\t<p><span class=\"wpcf7-form-control-wrap\" data-name=\"your-email\"><input size=\"40\" maxlength=\"400\" class=\"wpcf7-form-control wpcf7-email wpcf7-text wpcf7-validates-as-email\" aria-invalid=\"false\" placeholder=\"Email\" value=\"\" type=\"email\" name=\"your-email\" \/><\/span>\n\t<\/p>\n\t<div class=\"form-check text-left\">\n\t\t<p><span class=\"wpcf7-form-control-wrap\" data-name=\"your-consent\"><span class=\"wpcf7-form-control wpcf7-acceptance\"><span class=\"wpcf7-list-item\"><label><input type=\"checkbox\" name=\"your-consent\" value=\"1\" class=\"form-check-input position-static text-left\" aria-invalid=\"false\" \/><span class=\"wpcf7-list-item-label\">Li e aceito as condi\u00e7\u00f5es<\/span><\/label><\/span><\/span><\/span><br \/>\n<a href=\"\/pt-pt\/politica-de-privacidade\">Ler acordo<\/a>\n\t\t<\/p>\n\t<\/div>\n\t<p><span class=\"wpcf7-form-control-wrap g-recaptcha-response\"><span class=\"wpcf7-form-control\">  <\/span><\/span><br \/>\n<input class=\"wpcf7-form-control wpcf7-submit has-spinner\" type=\"submit\" value=\"Enviar\" \/>\n\t<\/p>\n<\/div><div class=\"wpcf7-response-output\" aria-hidden=\"true\"><\/div>\n<\/form>\n<\/div>\n[\/vc_column_inner][vc_column_inner width=&#8221;1\/4&#8243;][\/vc_column_inner][\/vc_row_inner][\/vc_column][\/vc_row][vc_row content_aligment=&#8221;center&#8221; css=&#8221;.vc_custom_1700654918385{background-color: #ffb421 !important;}&#8221;][vc_column][vc_row_inner][vc_column_inner]\t<div class=\"edgtf-container-inner\">\n\t<div class=\"edgtf-call-to-action normal\" style=\"background-color: #ffb421;\">\n\n\t\t\t\t\t<div class=\"edgtf-call-to-action-row-75-25 clearfix\" style=\"padding: 65px 0 63px 0;\">\n\t\t\t\t\t\t<div class=\"edgtf-text-wrapper edgtf-call-to-action-column1 edgtf-call-to-action-cell left\">\n\t\t\t\t\t<div class=\"edgtf-call-to-action-text\" style=\"text-align: left\">\n<h3 style=\"font-weight: bold;\"><span style=\"color: #000000;\">O compromisso conjunto das institui\u00e7\u00f5es e da SALWO na divulga\u00e7\u00e3o das regras de seguran\u00e7a individuais evita acidentes mortais. <\/span><\/h3>\n\t\t\t\t\t\t\t\t\t\t\t<\/div>\n\t\t\t\t<\/div>\n\n\t\t\t\t\t\t\t\t\t<div class=\"edgtf-button-wrapper edgtf-call-to-action-column2 edgtf-call-to-action-cell\" style =\"text-align: right ;\">\n\t\t\t\t\t\t<a itemprop=\"url\" href=\"\/contacto\/\" target=\"_blank\" style=\"color: #ffb421;background-color: #000000;border-color: #000000\" class=\"edgtf-btn edgtf-btn-large edgtf-btn-outline-light edgtf-btn-custom-hover-bg edgtf-btn-custom-border-hover edgtf-btn-custom-hover-color\" data-hover-bg-color=\"#ffffff\" data-hover-color=\"#212121\" data-hover-border-color=\"#ffffff\" >\t<span class=\"edgtf-btn-text\">CONTACTE-NOS<\/span>    <\/a>\t\t\t\t\t<\/div>\n\t\t\t\t\t\t\t<\/div>\n\t\t\t<\/div>\n\t<\/div>\n[\/vc_column_inner][\/vc_row_inner][\/vc_column][\/vc_row]<\/p>\n","protected":false},"excerpt":{"rendered":"<p>[vc_row content_width=&#8221;grid&#8221; css=&#8221;.vc_custom_1702547630550{margin-top: 0px !important;margin-bottom: 40px !important;padding-top: 0px !important;padding-bottom: 0px !important;}&#8221;][vc_column css=&#8221;.vc_custom_1702382168473{margin-top: 0px !important;margin-bottom: 0px !important;padding-top: 0px !important;padding-bottom: 0px !important;}&#8221;][vc_column_text css=&#8221;.vc_custom_1702382177058{margin-top: 0px !important;margin-bottom: 0px !important;padding-top: 0px !important;padding-bottom: 0px !important;}&#8221;][\/vc_column_text][\/vc_column][\/vc_row][vc_row][vc_column][vc_row_inner content_width=&#8221;grid&#8221;][vc_column_inner][vc_column_text] Nesta sec\u00e7\u00e3o pode manter-se atualizado com as \u00faltimas not\u00edcias sobre tempestades el\u00e9tricas, acidentes causados por raios e a import\u00e2ncia da forma\u00e7\u00e3o em medidas individuais para&#8230;<\/p>\n","protected":false},"author":2,"featured_media":0,"parent":0,"menu_order":0,"comment_status":"closed","ping_status":"closed","template":"full-width.php","meta":{"inline_featured_image":false,"footnotes":""},"class_list":["post-21342","page","type-page","status-publish","hentry"],"yoast_head":"<!-- This site is optimized with the Yoast SEO Premium plugin v26.2 (Yoast SEO v26.2) - https:\/\/yoast.com\/wordpress\/plugins\/seo\/ -->\n<title>Actualidade - SALWO<\/title>\n<meta name=\"robots\" content=\"index, follow, max-snippet:-1, max-image-preview:large, max-video-preview:-1\" \/>\n<link rel=\"canonical\" href=\"https:\/\/salwo.org\/pt-pt\/actualidade\/\" \/>\n<meta property=\"og:locale\" content=\"pt_PT\" \/>\n<meta property=\"og:type\" content=\"article\" \/>\n<meta property=\"og:title\" content=\"Actualidade\" \/>\n<meta property=\"og:description\" content=\"[vc_row content_width=&#8221;grid&#8221; css=&#8221;.vc_custom_1702547630550{margin-top: 0px !important;margin-bottom: 40px !important;padding-top: 0px !important;padding-bottom: 0px !important;}&#8221;][vc_column css=&#8221;.vc_custom_1702382168473{margin-top: 0px !important;margin-bottom: 0px !important;padding-top: 0px !important;padding-bottom: 0px !important;}&#8221;][vc_column_text css=&#8221;.vc_custom_1702382177058{margin-top: 0px !important;margin-bottom: 0px !important;padding-top: 0px !important;padding-bottom: 0px !important;}&#8221;][\/vc_column_text][\/vc_column][\/vc_row][vc_row][vc_column][vc_row_inner content_width=&#8221;grid&#8221;][vc_column_inner][vc_column_text] Nesta sec\u00e7\u00e3o pode manter-se atualizado com as \u00faltimas not\u00edcias sobre tempestades el\u00e9tricas, acidentes causados por raios e a import\u00e2ncia da forma\u00e7\u00e3o em medidas individuais para...\" \/>\n<meta property=\"og:url\" content=\"https:\/\/salwo.org\/pt-pt\/actualidade\/\" \/>\n<meta property=\"og:site_name\" content=\"SALWO\" \/>\n<meta property=\"article:modified_time\" content=\"2024-04-12T12:43:36+00:00\" \/>\n<meta name=\"twitter:card\" content=\"summary_large_image\" \/>\n<meta name=\"twitter:label1\" content=\"Tempo estimado de leitura\" \/>\n\t<meta name=\"twitter:data1\" content=\"1 minuto\" \/>\n<script type=\"application\/ld+json\" class=\"yoast-schema-graph\">{\"@context\":\"https:\/\/schema.org\",\"@graph\":[{\"@type\":\"WebPage\",\"@id\":\"https:\/\/salwo.org\/pt-pt\/actualidade\/\",\"url\":\"https:\/\/salwo.org\/pt-pt\/actualidade\/\",\"name\":\"Actualidade - SALWO\",\"isPartOf\":{\"@id\":\"https:\/\/salwo.org\/pt-pt\/#website\"},\"datePublished\":\"2023-11-17T12:09:13+00:00\",\"dateModified\":\"2024-04-12T12:43:36+00:00\",\"breadcrumb\":{\"@id\":\"https:\/\/salwo.org\/pt-pt\/actualidade\/#breadcrumb\"},\"inLanguage\":\"pt-PT\",\"potentialAction\":[{\"@type\":\"ReadAction\",\"target\":[\"https:\/\/salwo.org\/pt-pt\/actualidade\/\"]}]},{\"@type\":\"BreadcrumbList\",\"@id\":\"https:\/\/salwo.org\/pt-pt\/actualidade\/#breadcrumb\",\"itemListElement\":[{\"@type\":\"ListItem\",\"position\":1,\"name\":\"Portada\",\"item\":\"https:\/\/salwo.org\/pt-pt\/\"},{\"@type\":\"ListItem\",\"position\":2,\"name\":\"Actualidade\"}]},{\"@type\":\"WebSite\",\"@id\":\"https:\/\/salwo.org\/pt-pt\/#website\",\"url\":\"https:\/\/salwo.org\/pt-pt\/\",\"name\":\"SALWO\",\"description\":\"Safe Against Lightning Worldwide Organization\",\"potentialAction\":[{\"@type\":\"SearchAction\",\"target\":{\"@type\":\"EntryPoint\",\"urlTemplate\":\"https:\/\/salwo.org\/pt-pt\/?s={search_term_string}\"},\"query-input\":{\"@type\":\"PropertyValueSpecification\",\"valueRequired\":true,\"valueName\":\"search_term_string\"}}],\"inLanguage\":\"pt-PT\"}]}<\/script>\n<!-- \/ Yoast SEO Premium plugin. -->","yoast_head_json":{"title":"Actualidade - SALWO","robots":{"index":"index","follow":"follow","max-snippet":"max-snippet:-1","max-image-preview":"max-image-preview:large","max-video-preview":"max-video-preview:-1"},"canonical":"https:\/\/salwo.org\/pt-pt\/actualidade\/","og_locale":"pt_PT","og_type":"article","og_title":"Actualidade","og_description":"[vc_row content_width=&#8221;grid&#8221; css=&#8221;.vc_custom_1702547630550{margin-top: 0px !important;margin-bottom: 40px !important;padding-top: 0px !important;padding-bottom: 0px !important;}&#8221;][vc_column css=&#8221;.vc_custom_1702382168473{margin-top: 0px !important;margin-bottom: 0px !important;padding-top: 0px !important;padding-bottom: 0px !important;}&#8221;][vc_column_text css=&#8221;.vc_custom_1702382177058{margin-top: 0px !important;margin-bottom: 0px !important;padding-top: 0px !important;padding-bottom: 0px !important;}&#8221;][\/vc_column_text][\/vc_column][\/vc_row][vc_row][vc_column][vc_row_inner content_width=&#8221;grid&#8221;][vc_column_inner][vc_column_text] Nesta sec\u00e7\u00e3o pode manter-se atualizado com as \u00faltimas not\u00edcias sobre tempestades el\u00e9tricas, acidentes causados por raios e a import\u00e2ncia da forma\u00e7\u00e3o em medidas individuais para...","og_url":"https:\/\/salwo.org\/pt-pt\/actualidade\/","og_site_name":"SALWO","article_modified_time":"2024-04-12T12:43:36+00:00","twitter_card":"summary_large_image","twitter_misc":{"Tempo estimado de leitura":"1 minuto"},"schema":{"@context":"https:\/\/schema.org","@graph":[{"@type":"WebPage","@id":"https:\/\/salwo.org\/pt-pt\/actualidade\/","url":"https:\/\/salwo.org\/pt-pt\/actualidade\/","name":"Actualidade - SALWO","isPartOf":{"@id":"https:\/\/salwo.org\/pt-pt\/#website"},"datePublished":"2023-11-17T12:09:13+00:00","dateModified":"2024-04-12T12:43:36+00:00","breadcrumb":{"@id":"https:\/\/salwo.org\/pt-pt\/actualidade\/#breadcrumb"},"inLanguage":"pt-PT","potentialAction":[{"@type":"ReadAction","target":["https:\/\/salwo.org\/pt-pt\/actualidade\/"]}]},{"@type":"BreadcrumbList","@id":"https:\/\/salwo.org\/pt-pt\/actualidade\/#breadcrumb","itemListElement":[{"@type":"ListItem","position":1,"name":"Portada","item":"https:\/\/salwo.org\/pt-pt\/"},{"@type":"ListItem","position":2,"name":"Actualidade"}]},{"@type":"WebSite","@id":"https:\/\/salwo.org\/pt-pt\/#website","url":"https:\/\/salwo.org\/pt-pt\/","name":"SALWO","description":"Safe Against Lightning Worldwide Organization","potentialAction":[{"@type":"SearchAction","target":{"@type":"EntryPoint","urlTemplate":"https:\/\/salwo.org\/pt-pt\/?s={search_term_string}"},"query-input":{"@type":"PropertyValueSpecification","valueRequired":true,"valueName":"search_term_string"}}],"inLanguage":"pt-PT"}]}},"_links":{"self":[{"href":"https:\/\/salwo.org\/pt-pt\/wp-json\/wp\/v2\/pages\/21342","targetHints":{"allow":["GET"]}}],"collection":[{"href":"https:\/\/salwo.org\/pt-pt\/wp-json\/wp\/v2\/pages"}],"about":[{"href":"https:\/\/salwo.org\/pt-pt\/wp-json\/wp\/v2\/types\/page"}],"author":[{"embeddable":true,"href":"https:\/\/salwo.org\/pt-pt\/wp-json\/wp\/v2\/users\/2"}],"replies":[{"embeddable":true,"href":"https:\/\/salwo.org\/pt-pt\/wp-json\/wp\/v2\/comments?post=21342"}],"version-history":[{"count":8,"href":"https:\/\/salwo.org\/pt-pt\/wp-json\/wp\/v2\/pages\/21342\/revisions"}],"predecessor-version":[{"id":21468,"href":"https:\/\/salwo.org\/pt-pt\/wp-json\/wp\/v2\/pages\/21342\/revisions\/21468"}],"wp:attachment":[{"href":"https:\/\/salwo.org\/pt-pt\/wp-json\/wp\/v2\/media?parent=21342"}],"curies":[{"name":"wp","href":"https:\/\/api.w.org\/{rel}","templated":true}]}}