
{"id":21350,"date":"2017-03-30T09:27:32","date_gmt":"2017-03-30T07:27:32","guid":{"rendered":"https:\/\/salwo.org\/safe-against-lightning-worldwide-organization\/contacto\/"},"modified":"2024-04-09T17:13:15","modified_gmt":"2024-04-09T15:13:15","slug":"contactos","status":"publish","type":"page","link":"https:\/\/salwo.org\/pt-pt\/contactos\/","title":{"rendered":"Contactos"},"content":{"rendered":"<p>[vc_row content_width=&#8221;grid&#8221; css=&#8221;.vc_custom_1702468382643{margin-top: 0px !important;margin-bottom: 0px !important;padding-top: 0px !important;padding-bottom: 40px !important;}&#8221;][vc_column css=&#8221;.vc_custom_1702460265286{margin-top: 0px !important;margin-bottom: 0px !important;padding-top: 0px !important;padding-bottom: 0px !important;}&#8221;][vc_column_text css=&#8221;.vc_custom_1702460275688{margin-top: 0px !important;margin-bottom: 0px !important;padding-top: 0px !important;padding-bottom: 0px !important;}&#8221;]\t\t\t<!-- Flexy Breadcrumb -->\r\n\t\t\t<div class=\"fbc fbc-page\">\r\n\r\n\t\t\t\t<!-- Breadcrumb wrapper -->\r\n\t\t\t\t<div class=\"fbc-wrap\">\r\n\r\n\t\t\t\t\t<!-- Ordered list-->\r\n\t\t\t\t\t<ol class=\"fbc-items\" itemscope itemtype=\"https:\/\/schema.org\/BreadcrumbList\">\r\n\t\t\t\t\t\t            <li itemprop=\"itemListElement\" itemscope itemtype=\"https:\/\/schema.org\/ListItem\">\r\n                <span itemprop=\"name\">\r\n                    <!-- Home Link -->\r\n                    <a itemprop=\"item\" href=\"https:\/\/salwo.org\">\r\n                    \r\n                                                    <i class=\"fa fa-home\" aria-hidden=\"true\"><\/i>Safe Against Lightning Worldwide                    <\/a>\r\n                <\/span>\r\n                <meta itemprop=\"position\" content=\"1\" \/><!-- Meta Position-->\r\n             <\/li><li><span class=\"fbc-separator\">\/<\/span><\/li><li class=\"active\" itemprop=\"itemListElement\" itemscope itemtype=\"https:\/\/schema.org\/ListItem\"><span itemprop=\"name\" title=\"Ultimas noticias\">Ultimas noticias<\/span><meta itemprop=\"position\" content=\"2\" \/><\/li>\t\t\t\t\t<\/ol>\r\n\t\t\t\t\t<div class=\"clearfix\"><\/div>\r\n\t\t\t\t<\/div>\r\n\t\t\t<\/div>\r\n\t\t\t[\/vc_column_text][\/vc_column][\/vc_row][vc_row content_width=&#8221;grid&#8221;][vc_column][vc_row_inner][vc_column_inner width=&#8221;1\/6&#8243;][\/vc_column_inner][vc_column_inner width=&#8221;2\/3&#8243;][vc_column_text]<\/p>\n<p style=\"text-align: center; font-size: 20px; font-weight: 600; line-height: 1,8;\">A SALWO \u00e9 uma funda\u00e7\u00e3o educativa mundial, sem fins lucrativos, com o patroc\u00ednio de <a href=\"https:\/\/at3w.com\/\" target=\"_blank\" rel=\"noopener\">Aplicaciones Tecnol\u00f3gicas.<\/a><\/p>\n<p>[\/vc_column_text][\/vc_column_inner][vc_column_inner width=&#8221;1\/6&#8243;][\/vc_column_inner][\/vc_row_inner]<div class=\"edgtf-separator-holder clearfix  edgtf-separator-center\">\n\t<div class=\"edgtf-separator\" style=\"border-color: #fcbf48;width: 50px;border-bottom-width: 3px;margin-top: 25px;margin-bottom: 75px\"><\/div>\n<\/div>\n[\/vc_column][\/vc_row][vc_row content_width=&#8221;grid&#8221;][vc_column width=&#8221;1\/6&#8243;][\/vc_column][vc_column width=&#8221;2\/3&#8243;][vc_column_text]<\/p>\n<h2>Formul\u00e1rio<\/h2>\n<p>[\/vc_column_text]<div class=\"edgtf-separator-holder clearfix  edgtf-separator-left\">\n\t<div class=\"edgtf-separator\" style=\"border-color: #fcbf48;width: 50px;border-bottom-width: 3px;margin-top: 25px;margin-bottom: 25px\"><\/div>\n<\/div>\n[vc_column_text]Pode utilizar este formul\u00e1rio para solicitar material gratuito, bem como cursos e forma\u00e7\u00e3o \u00e0 medida.[\/vc_column_text][vc_empty_space height=&#8221;40px&#8221;][\/vc_column][vc_column width=&#8221;1\/6&#8243;][\/vc_column][\/vc_row][vc_row content_width=&#8221;grid&#8221;][vc_column width=&#8221;1\/6&#8243;][\/vc_column][vc_column width=&#8221;2\/3&#8243;]\n<div class=\"wpcf7 no-js\" id=\"wpcf7-f21358-o1\" lang=\"pt-PT\" dir=\"ltr\">\n<div class=\"screen-reader-response\"><p role=\"status\" aria-live=\"polite\" aria-atomic=\"true\"><\/p> <ul><\/ul><\/div>\n<form action=\"\/pt-pt\/wp-json\/wp\/v2\/pages\/21350#wpcf7-f21358-o1\" method=\"post\" class=\"wpcf7-form init\" aria-label=\"Formul\u00e1rio de contacto\" novalidate=\"novalidate\" data-status=\"init\">\n<div style=\"display: none;\">\n<input type=\"hidden\" name=\"_wpcf7\" value=\"21358\" \/>\n<input type=\"hidden\" name=\"_wpcf7_version\" value=\"5.9.8\" \/>\n<input type=\"hidden\" name=\"_wpcf7_locale\" value=\"pt_PT\" \/>\n<input type=\"hidden\" name=\"_wpcf7_unit_tag\" value=\"wpcf7-f21358-o1\" \/>\n<input type=\"hidden\" name=\"_wpcf7_container_post\" value=\"0\" \/>\n<input type=\"hidden\" name=\"_wpcf7_posted_data_hash\" value=\"\" \/>\n<\/div>\n<p><span id=\"wpcf7-69dadfa40cdf5-wrapper\" class=\"wpcf7-form-control-wrap honeypot-953-wrap\" style=\"display:none !important; visibility:hidden !important;\"><label for=\"wpcf7-69dadfa40cdf5-field\" class=\"hp-message\">Please leave this field empty.<\/label><input id=\"wpcf7-69dadfa40cdf5-field\"  class=\"wpcf7-form-control wpcf7-text\" type=\"text\" name=\"honeypot-953\" value=\"\" size=\"40\" tabindex=\"-1\" autocomplete=\"new-password\" \/><\/span><br \/>\n<label> Empresa ou institui\u00e7\u00e3o de ensino<br \/>\n<span class=\"wpcf7-form-control-wrap\" data-name=\"your-subject\"><input size=\"40\" maxlength=\"400\" class=\"wpcf7-form-control wpcf7-text wpcf7-validates-as-required\" aria-required=\"true\" aria-invalid=\"false\" value=\"\" type=\"text\" name=\"your-subject\" \/><\/span> <\/label>\n<\/p>\n<p><label> Pessoa de contacto<br \/>\n<span class=\"wpcf7-form-control-wrap\" data-name=\"your-name\"><input size=\"40\" maxlength=\"400\" class=\"wpcf7-form-control wpcf7-text wpcf7-validates-as-required\" autocomplete=\"name\" aria-required=\"true\" aria-invalid=\"false\" value=\"\" type=\"text\" name=\"your-name\" \/><\/span> <\/label>\n<\/p>\n<p><label> Email<br \/>\n<span class=\"wpcf7-form-control-wrap\" data-name=\"your-email\"><input size=\"40\" maxlength=\"400\" class=\"wpcf7-form-control wpcf7-email wpcf7-validates-as-required wpcf7-text wpcf7-validates-as-email\" autocomplete=\"email\" aria-required=\"true\" aria-invalid=\"false\" value=\"\" type=\"email\" name=\"your-email\" \/><\/span> <\/label>\n<\/p>\n<p><label> A sua mensagem (opcional)<br \/>\n<span class=\"wpcf7-form-control-wrap\" data-name=\"your-message\"><textarea cols=\"40\" rows=\"3\" maxlength=\"2000\" class=\"wpcf7-form-control wpcf7-textarea\" aria-invalid=\"false\" name=\"your-message\"><\/textarea><\/span> <\/label>\n<\/p>\n<div class=\"form-check text-left\">\n\t<p><span class=\"wpcf7-form-control-wrap\" data-name=\"your-consent\"><span class=\"wpcf7-form-control wpcf7-acceptance\"><span class=\"wpcf7-list-item\"><label><input type=\"checkbox\" name=\"your-consent\" value=\"1\" class=\"form-check-input position-static text-left\" aria-invalid=\"false\" \/><span class=\"wpcf7-list-item-label\">Li e aceito as condi\u00e7\u00f5es<\/span><\/label><\/span><\/span><\/span><br \/>\n<a href=\"\/pt-pt\/politica-de-privacidade\">Ler acordo<\/a>\n\t<\/p>\n<\/div>\n<p><span class=\"wpcf7-form-control-wrap g-recaptcha-response\"><span class=\"wpcf7-form-control\">  <\/span><\/span><br \/>\n<input class=\"wpcf7-form-control wpcf7-submit has-spinner\" type=\"submit\" value=\"Enviar\" \/>\n<\/p><div class=\"wpcf7-response-output\" aria-hidden=\"true\"><\/div>\n<\/form>\n<\/div>\n[vc_empty_space height=&#8221;60px&#8221;][\/vc_column][vc_column width=&#8221;1\/6&#8243;][\/vc_column][\/vc_row][vc_row content_aligment=&#8221;center&#8221; css=&#8221;.vc_custom_1702468319077{background-color: #f6f4ee !important;}&#8221;][vc_column][vc_empty_space height=&#8221;60px&#8221;][vc_row_inner content_width=&#8221;grid&#8221; content_aligment=&#8221;center&#8221;][vc_column_inner width=&#8221;1\/5&#8243;]\n    <span class=\"edgtf-icon-shortcode normal\"  data-color=\"#ffb421\">\n        \n        <i class=\"edgtf-icon-font-awesome fa fa-map-marker edgtf-icon-element\" style=\"color: #ffb421;font-size:40px\" ><\/i>\n            <\/span>\n\n[vc_column_text]<\/p>\n<h3>Morada<\/h3>\n<p>[\/vc_column_text]<div class=\"edgtf-separator-holder clearfix  edgtf-separator-center\">\n\t<div class=\"edgtf-separator\" style=\"border-color: #fcbf48;width: 50px;border-bottom-width: 3px;margin-top: 20px;margin-bottom: 25px\"><\/div>\n<\/div>\n[vc_column_text]<span style=\"color: #333333;\"><a style=\"color: #333333;\" href=\"https:\/\/www.google.com\/maps\/place\/Aplicaciones+Tecnologicas\/@39.5465266,-0.4561705,15z\/data=!4m6!3m5!1s0xd605b4795555555:0x88512403f3d59663!8m2!3d39.5465266!4d-0.4561705!16s%2Fg%2F1wn34_t1?entry=ttu\" target=\"_blank\" rel=\"noopener\">Parque Tecnol\u00f3gico de Valencia<br \/>\nC\/ Nicol\u00e1s Cop\u00e9rnico, 4<br \/>\n46980 Paterna (Valencia)<\/a><\/span>[\/vc_column_text][\/vc_column_inner][vc_column_inner width=&#8221;1\/5&#8243;]\n    <span class=\"edgtf-icon-shortcode normal\"  data-color=\"#ffb421\">\n        \n        <i class=\"edgtf-icon-font-awesome fa fa-envelope edgtf-icon-element\" style=\"color: #ffb421;font-size:40px\" ><\/i>\n            <\/span>\n\n[vc_column_text]<\/p>\n<h3>Email<\/h3>\n<p>[\/vc_column_text]<div class=\"edgtf-separator-holder clearfix  edgtf-separator-center\">\n\t<div class=\"edgtf-separator\" style=\"border-color: #fcbf48;width: 50px;border-bottom-width: 3px;margin-top: 20px;margin-bottom: 25px\"><\/div>\n<\/div>\n[vc_column_text]<span style=\"color: #333333;\"><a style=\"color: #333333;\" href=\"mailto:salwo@salwo.org\">salwo@salwo.org<\/a><\/span>[\/vc_column_text][\/vc_column_inner][vc_column_inner width=&#8221;3\/5&#8243;]\n    <span class=\"edgtf-icon-shortcode normal\"  data-color=\"#ffb421\">\n        \n        <i class=\"edgtf-icon-font-awesome fa fa-newspaper-o edgtf-icon-element\" style=\"color: #ffb421;font-size:40px\" ><\/i>\n            <\/span>\n\n[vc_column_text]<\/p>\n<h3>Subscreva a nossa newsletter<\/h3>\n<p>[\/vc_column_text]<div class=\"edgtf-separator-holder clearfix  edgtf-separator-center\">\n\t<div class=\"edgtf-separator\" style=\"border-color: #fcbf48;width: 50px;border-bottom-width: 3px;margin-top: 20px;margin-bottom: 25px\"><\/div>\n<\/div>\n\n<div class=\"wpcf7 no-js\" id=\"wpcf7-f21357-o2\" lang=\"pt-PT\" dir=\"ltr\">\n<div class=\"screen-reader-response\"><p role=\"status\" aria-live=\"polite\" aria-atomic=\"true\"><\/p> <ul><\/ul><\/div>\n<form action=\"\/pt-pt\/wp-json\/wp\/v2\/pages\/21350#wpcf7-f21357-o2\" method=\"post\" class=\"wpcf7-form init cf7_custom_style_3\" aria-label=\"Formul\u00e1rio de contacto\" novalidate=\"novalidate\" data-status=\"init\">\n<div style=\"display: none;\">\n<input type=\"hidden\" name=\"_wpcf7\" value=\"21357\" \/>\n<input type=\"hidden\" name=\"_wpcf7_version\" value=\"5.9.8\" \/>\n<input type=\"hidden\" name=\"_wpcf7_locale\" value=\"pt_PT\" \/>\n<input type=\"hidden\" name=\"_wpcf7_unit_tag\" value=\"wpcf7-f21357-o2\" \/>\n<input type=\"hidden\" name=\"_wpcf7_container_post\" value=\"0\" \/>\n<input type=\"hidden\" name=\"_wpcf7_posted_data_hash\" value=\"\" \/>\n<\/div>\n<p><span id=\"wpcf7-69dadfa40fe83-wrapper\" class=\"wpcf7-form-control-wrap honeypot-125-wrap\" style=\"display:none !important; visibility:hidden !important;\"><label for=\"wpcf7-69dadfa40fe83-field\" class=\"hp-message\">Please leave this field empty.<\/label><input id=\"wpcf7-69dadfa40fe83-field\"  class=\"wpcf7-form-control wpcf7-text\" type=\"text\" name=\"honeypot-125\" value=\"\" size=\"40\" tabindex=\"-1\" autocomplete=\"new-password\" \/><\/span>\n<\/p>\n<div class=\"edgtf-newsletter-form\">\n\t<p><span class=\"wpcf7-form-control-wrap\" data-name=\"your-email\"><input size=\"40\" maxlength=\"400\" class=\"wpcf7-form-control wpcf7-email wpcf7-text wpcf7-validates-as-email\" aria-invalid=\"false\" placeholder=\"Email\" value=\"\" type=\"email\" name=\"your-email\" \/><\/span>\n\t<\/p>\n\t<div class=\"form-check text-left\">\n\t\t<p><span class=\"wpcf7-form-control-wrap\" data-name=\"your-consent\"><span class=\"wpcf7-form-control wpcf7-acceptance\"><span class=\"wpcf7-list-item\"><label><input type=\"checkbox\" name=\"your-consent\" value=\"1\" class=\"form-check-input position-static text-left\" aria-invalid=\"false\" \/><span class=\"wpcf7-list-item-label\">Li e aceito as condi\u00e7\u00f5es<\/span><\/label><\/span><\/span><\/span><br \/>\n<a href=\"\/pt-pt\/politica-de-privacidade\">Ler acordo<\/a>\n\t\t<\/p>\n\t<\/div>\n\t<p><span class=\"wpcf7-form-control-wrap g-recaptcha-response\"><span class=\"wpcf7-form-control\">  <\/span><\/span><br \/>\n<input class=\"wpcf7-form-control wpcf7-submit has-spinner\" type=\"submit\" value=\"Enviar\" \/>\n\t<\/p>\n<\/div><div class=\"wpcf7-response-output\" aria-hidden=\"true\"><\/div>\n<\/form>\n<\/div>\n[\/vc_column_inner][\/vc_row_inner][vc_empty_space height=&#8221;60px&#8221;][\/vc_column][\/vc_row]<\/p>\n","protected":false},"excerpt":{"rendered":"<p>[vc_row content_width=&#8221;grid&#8221; css=&#8221;.vc_custom_1702468382643{margin-top: 0px !important;margin-bottom: 0px !important;padding-top: 0px !important;padding-bottom: 40px !important;}&#8221;][vc_column css=&#8221;.vc_custom_1702460265286{margin-top: 0px !important;margin-bottom: 0px !important;padding-top: 0px !important;padding-bottom: 0px !important;}&#8221;][vc_column_text css=&#8221;.vc_custom_1702460275688{margin-top: 0px !important;margin-bottom: 0px !important;padding-top: 0px !important;padding-bottom: 0px !important;}&#8221;][\/vc_column_text][\/vc_column][\/vc_row][vc_row content_width=&#8221;grid&#8221;][vc_column][vc_row_inner][vc_column_inner width=&#8221;1\/6&#8243;][\/vc_column_inner][vc_column_inner width=&#8221;2\/3&#8243;][vc_column_text] A SALWO \u00e9 uma funda\u00e7\u00e3o educativa mundial, sem fins lucrativos, com o patroc\u00ednio de Aplicaciones Tecnol\u00f3gicas. [\/vc_column_text][\/vc_column_inner][vc_column_inner width=&#8221;1\/6&#8243;][\/vc_column_inner][\/vc_row_inner][\/vc_column][\/vc_row][vc_row content_width=&#8221;grid&#8221;][vc_column width=&#8221;1\/6&#8243;][\/vc_column][vc_column width=&#8221;2\/3&#8243;][vc_column_text] Formul\u00e1rio [\/vc_column_text][vc_column_text]Pode&#8230;<\/p>\n","protected":false},"author":2,"featured_media":0,"parent":0,"menu_order":0,"comment_status":"closed","ping_status":"closed","template":"full-width.php","meta":{"inline_featured_image":false,"footnotes":""},"class_list":["post-21350","page","type-page","status-publish","hentry"],"yoast_head":"<!-- This site is optimized with the Yoast SEO Premium plugin v26.2 (Yoast SEO v26.2) - https:\/\/yoast.com\/wordpress\/plugins\/seo\/ -->\n<title>Contactos - SALWO<\/title>\n<meta name=\"robots\" content=\"index, follow, max-snippet:-1, max-image-preview:large, max-video-preview:-1\" \/>\n<link rel=\"canonical\" href=\"https:\/\/salwo.org\/pt-pt\/contactos\/\" \/>\n<meta property=\"og:locale\" content=\"pt_PT\" \/>\n<meta property=\"og:type\" content=\"article\" \/>\n<meta property=\"og:title\" content=\"Contactos\" \/>\n<meta property=\"og:description\" content=\"[vc_row content_width=&#8221;grid&#8221; css=&#8221;.vc_custom_1702468382643{margin-top: 0px !important;margin-bottom: 0px !important;padding-top: 0px !important;padding-bottom: 40px !important;}&#8221;][vc_column css=&#8221;.vc_custom_1702460265286{margin-top: 0px !important;margin-bottom: 0px !important;padding-top: 0px !important;padding-bottom: 0px !important;}&#8221;][vc_column_text css=&#8221;.vc_custom_1702460275688{margin-top: 0px !important;margin-bottom: 0px !important;padding-top: 0px !important;padding-bottom: 0px !important;}&#8221;][\/vc_column_text][\/vc_column][\/vc_row][vc_row content_width=&#8221;grid&#8221;][vc_column][vc_row_inner][vc_column_inner width=&#8221;1\/6&#8243;][\/vc_column_inner][vc_column_inner width=&#8221;2\/3&#8243;][vc_column_text] A SALWO \u00e9 uma funda\u00e7\u00e3o educativa mundial, sem fins lucrativos, com o patroc\u00ednio de Aplicaciones Tecnol\u00f3gicas. [\/vc_column_text][\/vc_column_inner][vc_column_inner width=&#8221;1\/6&#8243;][\/vc_column_inner][\/vc_row_inner][\/vc_column][\/vc_row][vc_row content_width=&#8221;grid&#8221;][vc_column width=&#8221;1\/6&#8243;][\/vc_column][vc_column width=&#8221;2\/3&#8243;][vc_column_text] Formul\u00e1rio [\/vc_column_text][vc_column_text]Pode...\" \/>\n<meta property=\"og:url\" content=\"https:\/\/salwo.org\/pt-pt\/contactos\/\" \/>\n<meta property=\"og:site_name\" content=\"SALWO\" \/>\n<meta property=\"article:modified_time\" content=\"2024-04-09T15:13:15+00:00\" \/>\n<meta name=\"twitter:card\" content=\"summary_large_image\" \/>\n<meta name=\"twitter:label1\" content=\"Tempo estimado de leitura\" \/>\n\t<meta name=\"twitter:data1\" content=\"1 minuto\" \/>\n<script type=\"application\/ld+json\" class=\"yoast-schema-graph\">{\"@context\":\"https:\/\/schema.org\",\"@graph\":[{\"@type\":\"WebPage\",\"@id\":\"https:\/\/salwo.org\/pt-pt\/contactos\/\",\"url\":\"https:\/\/salwo.org\/pt-pt\/contactos\/\",\"name\":\"Contactos - SALWO\",\"isPartOf\":{\"@id\":\"https:\/\/salwo.org\/pt-pt\/#website\"},\"datePublished\":\"2017-03-30T07:27:32+00:00\",\"dateModified\":\"2024-04-09T15:13:15+00:00\",\"breadcrumb\":{\"@id\":\"https:\/\/salwo.org\/pt-pt\/contactos\/#breadcrumb\"},\"inLanguage\":\"pt-PT\",\"potentialAction\":[{\"@type\":\"ReadAction\",\"target\":[\"https:\/\/salwo.org\/pt-pt\/contactos\/\"]}]},{\"@type\":\"BreadcrumbList\",\"@id\":\"https:\/\/salwo.org\/pt-pt\/contactos\/#breadcrumb\",\"itemListElement\":[{\"@type\":\"ListItem\",\"position\":1,\"name\":\"Portada\",\"item\":\"https:\/\/salwo.org\/pt-pt\/\"},{\"@type\":\"ListItem\",\"position\":2,\"name\":\"Contactos\"}]},{\"@type\":\"WebSite\",\"@id\":\"https:\/\/salwo.org\/pt-pt\/#website\",\"url\":\"https:\/\/salwo.org\/pt-pt\/\",\"name\":\"SALWO\",\"description\":\"Safe Against Lightning Worldwide Organization\",\"potentialAction\":[{\"@type\":\"SearchAction\",\"target\":{\"@type\":\"EntryPoint\",\"urlTemplate\":\"https:\/\/salwo.org\/pt-pt\/?s={search_term_string}\"},\"query-input\":{\"@type\":\"PropertyValueSpecification\",\"valueRequired\":true,\"valueName\":\"search_term_string\"}}],\"inLanguage\":\"pt-PT\"}]}<\/script>\n<!-- \/ Yoast SEO Premium plugin. -->","yoast_head_json":{"title":"Contactos - SALWO","robots":{"index":"index","follow":"follow","max-snippet":"max-snippet:-1","max-image-preview":"max-image-preview:large","max-video-preview":"max-video-preview:-1"},"canonical":"https:\/\/salwo.org\/pt-pt\/contactos\/","og_locale":"pt_PT","og_type":"article","og_title":"Contactos","og_description":"[vc_row content_width=&#8221;grid&#8221; css=&#8221;.vc_custom_1702468382643{margin-top: 0px !important;margin-bottom: 0px !important;padding-top: 0px !important;padding-bottom: 40px !important;}&#8221;][vc_column css=&#8221;.vc_custom_1702460265286{margin-top: 0px !important;margin-bottom: 0px !important;padding-top: 0px !important;padding-bottom: 0px !important;}&#8221;][vc_column_text css=&#8221;.vc_custom_1702460275688{margin-top: 0px !important;margin-bottom: 0px !important;padding-top: 0px !important;padding-bottom: 0px !important;}&#8221;][\/vc_column_text][\/vc_column][\/vc_row][vc_row content_width=&#8221;grid&#8221;][vc_column][vc_row_inner][vc_column_inner width=&#8221;1\/6&#8243;][\/vc_column_inner][vc_column_inner width=&#8221;2\/3&#8243;][vc_column_text] A SALWO \u00e9 uma funda\u00e7\u00e3o educativa mundial, sem fins lucrativos, com o patroc\u00ednio de Aplicaciones Tecnol\u00f3gicas. [\/vc_column_text][\/vc_column_inner][vc_column_inner width=&#8221;1\/6&#8243;][\/vc_column_inner][\/vc_row_inner][\/vc_column][\/vc_row][vc_row content_width=&#8221;grid&#8221;][vc_column width=&#8221;1\/6&#8243;][\/vc_column][vc_column width=&#8221;2\/3&#8243;][vc_column_text] Formul\u00e1rio [\/vc_column_text][vc_column_text]Pode...","og_url":"https:\/\/salwo.org\/pt-pt\/contactos\/","og_site_name":"SALWO","article_modified_time":"2024-04-09T15:13:15+00:00","twitter_card":"summary_large_image","twitter_misc":{"Tempo estimado de leitura":"1 minuto"},"schema":{"@context":"https:\/\/schema.org","@graph":[{"@type":"WebPage","@id":"https:\/\/salwo.org\/pt-pt\/contactos\/","url":"https:\/\/salwo.org\/pt-pt\/contactos\/","name":"Contactos - SALWO","isPartOf":{"@id":"https:\/\/salwo.org\/pt-pt\/#website"},"datePublished":"2017-03-30T07:27:32+00:00","dateModified":"2024-04-09T15:13:15+00:00","breadcrumb":{"@id":"https:\/\/salwo.org\/pt-pt\/contactos\/#breadcrumb"},"inLanguage":"pt-PT","potentialAction":[{"@type":"ReadAction","target":["https:\/\/salwo.org\/pt-pt\/contactos\/"]}]},{"@type":"BreadcrumbList","@id":"https:\/\/salwo.org\/pt-pt\/contactos\/#breadcrumb","itemListElement":[{"@type":"ListItem","position":1,"name":"Portada","item":"https:\/\/salwo.org\/pt-pt\/"},{"@type":"ListItem","position":2,"name":"Contactos"}]},{"@type":"WebSite","@id":"https:\/\/salwo.org\/pt-pt\/#website","url":"https:\/\/salwo.org\/pt-pt\/","name":"SALWO","description":"Safe Against Lightning Worldwide Organization","potentialAction":[{"@type":"SearchAction","target":{"@type":"EntryPoint","urlTemplate":"https:\/\/salwo.org\/pt-pt\/?s={search_term_string}"},"query-input":{"@type":"PropertyValueSpecification","valueRequired":true,"valueName":"search_term_string"}}],"inLanguage":"pt-PT"}]}},"_links":{"self":[{"href":"https:\/\/salwo.org\/pt-pt\/wp-json\/wp\/v2\/pages\/21350","targetHints":{"allow":["GET"]}}],"collection":[{"href":"https:\/\/salwo.org\/pt-pt\/wp-json\/wp\/v2\/pages"}],"about":[{"href":"https:\/\/salwo.org\/pt-pt\/wp-json\/wp\/v2\/types\/page"}],"author":[{"embeddable":true,"href":"https:\/\/salwo.org\/pt-pt\/wp-json\/wp\/v2\/users\/2"}],"replies":[{"embeddable":true,"href":"https:\/\/salwo.org\/pt-pt\/wp-json\/wp\/v2\/comments?post=21350"}],"version-history":[{"count":7,"href":"https:\/\/salwo.org\/pt-pt\/wp-json\/wp\/v2\/pages\/21350\/revisions"}],"predecessor-version":[{"id":21363,"href":"https:\/\/salwo.org\/pt-pt\/wp-json\/wp\/v2\/pages\/21350\/revisions\/21363"}],"wp:attachment":[{"href":"https:\/\/salwo.org\/pt-pt\/wp-json\/wp\/v2\/media?parent=21350"}],"curies":[{"name":"wp","href":"https:\/\/api.w.org\/{rel}","templated":true}]}}