
{"id":21405,"date":"2024-01-22T17:36:22","date_gmt":"2024-01-22T16:36:22","guid":{"rendered":"https:\/\/salwo.org\/politica-de-privacidad\/"},"modified":"2024-04-15T16:31:28","modified_gmt":"2024-04-15T14:31:28","slug":"politica-de-privacidade","status":"publish","type":"page","link":"https:\/\/salwo.org\/pt-pt\/politica-de-privacidade\/","title":{"rendered":"Pol\u00edtica de privacidade"},"content":{"rendered":"<p>[vc_row row_type=&#8221;parallax&#8221; full_screen_section_height=&#8221;no&#8221; section_height=&#8221;400&#8243; parallax_background_image=&#8221;19025&#8243; css=&#8221;.vc_custom_1705940443809{margin-top: 0px !important;padding-top: 0px !important;background-position: 0 0 !important;background-repeat: no-repeat !important;}&#8221;][vc_column][\/vc_column][\/vc_row][vc_row content_width=&#8221;grid&#8221;][vc_column][vc_row_inner][vc_column_inner][vc_empty_space height=&#8221;40px&#8221;][vc_column_text]<\/p>\n<h3>Pol\u00edtica de privacidade<\/h3>\n<p>[\/vc_column_text][vc_empty_space height=&#8221;35px&#8221;][vc_column_text]<strong>PROTE\u00c7\u00c3O DE DADOS PESSOAIS<\/strong><\/p>\n<p>SAVE AT LIGHTNING WORLDWIDE ORGANIZATION\u00a0 <strong>informa os utilizadores<\/strong> do seu site <a href=\"https:\/\/salwo.org\/\">https:\/\/salwo.org<\/a> atrav\u00e9s da presente <strong>Pol\u00edtica de Privacidade<\/strong> sobre o <strong>tratamento e prote\u00e7\u00e3o<\/strong> dos dados pessoais dos utilizadores que possam ser recolhidos atrav\u00e9s da sua navega\u00e7\u00e3o ou contrata\u00e7\u00e3o de servi\u00e7os que realizem neste portal. A utiliza\u00e7\u00e3o deste s\u00edtio Web pelos utilizadores implica a sua aceita\u00e7\u00e3o da presente <strong>Pol\u00edtica<\/strong> de Privacidade.<\/p>\n<p>A SAVE AT LIGHTNING WORLDWIDE ORGANIZATION adota as medidas necess\u00e1rias para garantir a seguran\u00e7a, integridade e confidencialidade dos dados, em conformidade com as disposi\u00e7\u00f5es do <a href=\"http:\/\/app.vlex.com\/#vid\/637528825\" target=\"_blank\" rel=\"noopener\">Regulamento (UE) 2016\/679 do Parlamento Europeu e do Conselho, de 27 de abril de 2016<\/a>, relativo \u00e0 prote\u00e7\u00e3o das pessoas singulares no que diz respeito ao tratamento de dados pessoais e \u00e0 livre circula\u00e7\u00e3o desses dados, e, quando n\u00e3o previsto, pela <a href=\"http:\/\/app.vlex.com\/#vid\/748336069\">Lei Org\u00e2nica 3\/2018<\/a>, de 5 de dezembro, sobre a Prote\u00e7\u00e3o de Dados Pessoais e a garantia dos direitos digitais, pelo <a href=\"http:\/\/app.vlex.com\/#vid\/51764834\" target=\"_blank\" rel=\"noopener\">Real Decreto 1720\/2007, de 21 de dezembro<\/a>, que aprova o <a href=\"http:\/\/app.vlex.com\/#vid\/51764834\" target=\"_blank\" rel=\"noopener\">Regulamento para o desenvolvimento da Lei Org\u00e2nica de Prote\u00e7\u00e3o de Dados<\/a>, e pela <a href=\"http:\/\/app.vlex.com\/#vid\/172670\">Lei 34\/2002<\/a>, de 11 de julho, sobre Servi\u00e7os da Sociedade da Informa\u00e7\u00e3o e Com\u00e9rcio Eletr\u00f3nico.<\/p>\n<p>&nbsp;<\/p>\n<p>Atrav\u00e9s dos formul\u00e1rios de registo neste site ou do envio de e-mails, s\u00e3o recolhidos e tratados os dados pessoais de cada utilizador, necess\u00e1rios para a <strong>gest\u00e3o e manuten\u00e7\u00e3o<\/strong> de alguns dos servi\u00e7os prestados e cujo tratamento \u00e9 regido pela presente <strong>Pol\u00edtica de Privacidade<\/strong>.<\/p>\n<p>[Como <em>resultado da aplica\u00e7\u00e3o do <\/em><a href=\"http:\/\/app.vlex.com\/#vid\/637528825\" target=\"_blank\" rel=\"noopener\"><em>Regulamento Geral de Prote\u00e7\u00e3o de Dados<\/em><\/a><em>, foi eliminada a obriga\u00e7\u00e3o de notificar os ficheiros \u00e0 Ag\u00eancia Espanhola de Prote\u00e7\u00e3o de Dados para a sua inscri\u00e7\u00e3o no Registo Geral de Prote\u00e7\u00e3o de Dados, pelo que os sistemas de notifica\u00e7\u00e3o de ficheiros, tanto atrav\u00e9s do formul\u00e1rio NOTA como atrav\u00e9s do envio de notifica\u00e7\u00f5es em formato XML, deixaram de estar operacionais<\/em>. <em>Esta obriga\u00e7\u00e3o de notifica\u00e7\u00e3o dos ficheiros \u00e9 substitu\u00edda, a partir de 25 de maio de 2018, pela elabora\u00e7\u00e3o de um registo das atividades de tratamento, que deve conter as informa\u00e7\u00f5es indicadas <\/em>no <a href=\"http:\/\/app.vlex.com\/#vid\/637528825\/node\/30\"><em>artigo 30\u00ba<\/em><\/a><em> do referido regulamento<\/em>].<\/p>\n<p>&nbsp;<\/p>\n<p><strong>RESPONS\u00c1VEL PELO TRATAMENTO DOS DADOS PESSOAIS<\/strong><\/p>\n<p>A SAVE AT LIGHTNING WORLDWIDE ORGANIZATION, com o NIF\/CIF G40556011, com sede social em Calle Nicol\u00e1s Cop\u00e9rnico, 4, 46980 Paterna (Valencia), ESPANHA, inscrita no Registo Mercantil de 2285, telefone (+34) 96 131 82 50 e e-mail salwo@salwo.org, \u00e9 a respons\u00e1vel pelo tratamento dos dados pessoais fornecidos pelo utilizador no acesso e utiliza\u00e7\u00e3o do site, na sua qualidade de titular.<\/p>\n<p>SAVE AT LIGHTNING WORLDWIDE ORGANIZATION compromete-se a aplicar as medidas de seguran\u00e7a inform\u00e1tica previstas na normativa anteriormente mencionada, com o objetivo de evitar o acesso ou uso indevido dos dados, a sua manipula\u00e7\u00e3o, deteriora\u00e7\u00e3o ou perda.<\/p>\n<p>&nbsp;<\/p>\n<p><strong>DURA\u00c7\u00c3O DA CONSERVA\u00c7\u00c3O DOS DADOS<\/strong><\/p>\n<p>SAVE AT LIGHTNING WORLDWIDE ORGANIZATION, na qualidade de respons\u00e1vel pelo tratamento dos dados, compromete-se a <strong>conservar e gerir<\/strong> os dados pessoais e as informa\u00e7\u00f5es recolhidas atrav\u00e9s deste s\u00edtio Web com a devida confidencialidade, enquanto se mantiver a rela\u00e7\u00e3o profissional e o interessado n\u00e3o solicitar a sua elimina\u00e7\u00e3o e, se for caso disso, por um per\u00edodo n\u00e3o superior a 5 anos, a contar do termo da rela\u00e7\u00e3o comercial estabelecida entre o utilizador e a SAVE AT LIGHTNING WORLDWIDE ORGANIZATION. No entanto, o respons\u00e1vel pelo tratamento pode conservar os dados, devidamente bloqueados, para responder a eventuais responsabilidades administrativas ou jurisdicionais.<\/p>\n<p><strong>FINALIDADE DO TRATAMENTO DE DADOS<\/strong><\/p>\n<p>As opera\u00e7\u00f5es, a gest\u00e3o e os procedimentos t\u00e9cnicos, automatizados ou n\u00e3o, que permitem a recolha, a conserva\u00e7\u00e3o, a altera\u00e7\u00e3o, a transfer\u00eancia e outras a\u00e7\u00f5es relativas aos dados pessoais, s\u00e3o considerados como tratamento de dados pessoais.<\/p>\n<p>Na SAVE AT LIGHTNING WORLDWIDE ORGANIZATION tratamos os dados pessoais facultados pelo utilizador atrav\u00e9s de <a href=\"https:\/\/salwo.org\/pt-pt\"><em>https:\/\/salwo.org<\/em><\/a> com a <strong>finalidade<\/strong> de o incluir na agenda de contactos, gerir a rela\u00e7\u00e3o comercial solicitada e, assim, utilizar esta informa\u00e7\u00e3o como meio de contacto com a empresa. Al\u00e9m disso, o tratamento destes dados implica tamb\u00e9m a gest\u00e3o do envio da informa\u00e7\u00e3o solicitada e a possibilidade de responder a consultas ou perguntas enviadas pelo utilizador atrav\u00e9s do s\u00edtio Web, proporcionando ofertas de servi\u00e7os que possam ser do seu interesse<em> [indicar outras finalidades,<\/em> caso existam].<\/p>\n<p>Os campos dos registos devem ser <strong>preenchidos<\/strong> para que a SAVE AT LIGHTNING WORLDWIDE ORGANIZATION possa cumprir as finalidades acima mencionadas.<\/p>\n<p>O utilizador pode opor-se ao envio de comunica\u00e7\u00f5es comerciais a qualquer momento, enviando uma mensagem de correio eletr\u00f3nico para o endere\u00e7o acima indicado.<\/p>\n<p><strong>LEGITIMA\u00c7\u00c3O PARA O TRATAMENTO DE DADOS<\/strong><\/p>\n<p>O tratamento dos dados pessoais fornecidos pelo utilizador \u00e9 efetuado com base nas seguintes <strong>bases jur\u00eddicas<\/strong> que o legitimam:<\/p>\n<p>A <strong>contrata\u00e7\u00e3o de servi\u00e7os<\/strong> por parte da SAVE AT LIGHTNING WORLDWIDE ORGANIZATION e a execu\u00e7\u00e3o do trabalho profissional solicitado, cujos termos e condi\u00e7\u00f5es ser\u00e3o colocados \u00e0 disposi\u00e7\u00e3o do utilizador antes de uma eventual contrata\u00e7\u00e3o. Para poder levar a cabo a rela\u00e7\u00e3o profissional solicitada, o interessado \u00e9 obrigado a fornecer os seus dados.<\/p>\n<p><strong>O consentimento \u00e9<\/strong> livre, espec\u00edfico, informado e inequ\u00edvoco, uma vez que, ap\u00f3s a leitura desta <strong>Pol\u00edtica de Privacidade<\/strong>, o utilizador \u00e9 informado e, se estiver de acordo, pode aceit\u00e1-la atrav\u00e9s de uma declara\u00e7\u00e3o ou de uma a\u00e7\u00e3o afirmativa clara, como assinalar uma caixa prevista para o efeito.<\/p>\n<p>No caso de o interessado n\u00e3o fornecer os dados acima mencionados ou se estes forem <strong>err\u00f3neos ou inex<\/strong>atos, n\u00e3o poderemos atender ao seu pedido, tornando imposs\u00edvel fornecer-lhe as informa\u00e7\u00f5es solicitadas ou efetuar a contrata\u00e7\u00e3o dos servi\u00e7os. Por conseguinte, o respons\u00e1vel pelo tratamento dos dados, SAVE AT LIGHTNING WORLDWIDE ORGANIZATION, ficar\u00e1 exonerado de qualquer responsabilidade que possa derivar da n\u00e3o execu\u00e7\u00e3o do trabalho profissional ou das consequ\u00eancias que possam derivar desta informa\u00e7\u00e3o inexata ou errada.<\/p>\n<p><strong>COMUNICA\u00c7\u00c3O DE DADOS<\/strong><\/p>\n<p>De um modo geral, a SAVE AT LIGHTNING WORLDWIDE ORGANIZATION n\u00e3o comunicar\u00e1 estes dados pessoais a terceiros, com a exce\u00e7\u00e3o da presta\u00e7\u00e3o de um servi\u00e7o que implique a necessidade de uma rela\u00e7\u00e3o contratual com um subcontratante e esta seja estritamente necess\u00e1ria para gerir e manter a rela\u00e7\u00e3o entre o utilizador e a referida empresa, com a autoriza\u00e7\u00e3o pr\u00e9via e expressa do utilizador. Este s\u00f3 ser\u00e1 efetuado durante o tempo necess\u00e1rio para permitir a execu\u00e7\u00e3o do contrato de comissionamento, nas mesmas condi\u00e7\u00f5es e com as mesmas responsabilidades que as exigidas ao respons\u00e1vel pelo tratamento dos dados. No termo da cess\u00e3o, o subcontratante devolver\u00e1 os dados pessoais ao respons\u00e1vel pelo tratamento e apagar\u00e1 todas as c\u00f3pias em seu poder.<\/p>\n<p>Por outro lado, apenas os terceiros com quem a SAVE AT LIGHTNING WORLDWIDE ORGANIZATION tenha a obriga\u00e7\u00e3o legal ou contratual de fornecer dados pessoais, incluindo, por exemplo, o Provedor de Justi\u00e7a e os ju\u00edzes e tribunais envolvidos em processos relacionados com queixas apresentadas, t\u00eam o direito de aceder a esses dados pessoais.<\/p>\n<p>&nbsp;<\/p>\n<p><strong>DIREITOS DOS TITULARES DOS DADOS<\/strong><\/p>\n<p>O utilizador pode, a qualquer momento, nos termos estabelecidos na legisla\u00e7\u00e3o em vigor, exercer os direitos de acesso, retifica\u00e7\u00e3o ou elimina\u00e7\u00e3o dos dados, solicitar a limita\u00e7\u00e3o do tratamento, opor-se ao tratamento, solicitar a portabilidade dos seus dados, bem como revogar o consentimento prestado, direitos reconhecidos no referido <a href=\"http:\/\/app.vlex.com\/#vid\/637528825\" target=\"_blank\" rel=\"noopener\">Regulamento (UE)<\/a>. Estes direitos podem ser exercidos pelo utilizador contactando a SAVE AT LIGHTNING WORLDWIDE ORGANIZATION no endere\u00e7o da sua sede social acima indicado; enviando uma mensagem de correio eletr\u00f3nico para o seguinte endere\u00e7o salwo@salwo.org ou para o endere\u00e7o postal Calle Nicol\u00e1s Cop\u00e9rnico, 4, 46980 Paterna (Valencia), ESPANHA.<\/p>\n<p>Para o exerc\u00edcio efetivo destes direitos, o utilizador deve provar a sua identidade, indicando o seu nome e apelido(s), uma fotoc\u00f3pia do seu bilhete de identidade ou documento de identifica\u00e7\u00e3o equivalente que comprove a sua identidade, um pedido que especifique o que pretende, um endere\u00e7o para efeitos de notifica\u00e7\u00e3o e a data e assinatura do requerente.<\/p>\n<p>Da mesma forma, o utilizador poder\u00e1 apresentar uma reclama\u00e7\u00e3o \u00e0 Ag\u00eancia Espanhola de Prote\u00e7\u00e3o de Dados (autoridade de controlo competente nesta mat\u00e9ria), especialmente quando n\u00e3o tenha obtido satisfa\u00e7\u00e3o no exerc\u00edcio dos seus direitos, dirigindo-se por escrito \u00e0 mesma, C\/ Jorge Juan, n\u00ba 6, 28001 &#8211; Madrid, ou atrav\u00e9s da web: <a href=\"https:\/\/www.agpd.es\/\" target=\"_blank\" rel=\"noopener\">https:\/\/www.agpd.es<\/a>[\/vc_column_text][vc_empty_space height=&#8221;50px&#8221;][\/vc_column_inner][\/vc_row_inner][\/vc_column][\/vc_row]<\/p>\n","protected":false},"excerpt":{"rendered":"<p>[vc_row row_type=&#8221;parallax&#8221; full_screen_section_height=&#8221;no&#8221; section_height=&#8221;400&#8243; parallax_background_image=&#8221;19025&#8243; css=&#8221;.vc_custom_1705940443809{margin-top: 0px !important;padding-top: 0px !important;background-position: 0 0 !important;background-repeat: no-repeat !important;}&#8221;][vc_column][\/vc_column][\/vc_row][vc_row content_width=&#8221;grid&#8221;][vc_column][vc_row_inner][vc_column_inner][vc_empty_space height=&#8221;40px&#8221;][vc_column_text] Pol\u00edtica de privacidade [\/vc_column_text][vc_empty_space height=&#8221;35px&#8221;][vc_column_text]PROTE\u00c7\u00c3O DE DADOS PESSOAIS SAVE AT LIGHTNING WORLDWIDE ORGANIZATION\u00a0 informa os utilizadores do seu site https:\/\/salwo.org atrav\u00e9s da presente Pol\u00edtica de Privacidade sobre o tratamento e prote\u00e7\u00e3o dos dados pessoais dos utilizadores que possam&#8230;<\/p>\n","protected":false},"author":2,"featured_media":20812,"parent":0,"menu_order":0,"comment_status":"closed","ping_status":"closed","template":"full-width.php","meta":{"inline_featured_image":false,"footnotes":""},"class_list":["post-21405","page","type-page","status-publish","has-post-thumbnail","hentry"],"yoast_head":"<!-- This site is optimized with the Yoast SEO Premium plugin v26.2 (Yoast SEO v26.2) - https:\/\/yoast.com\/wordpress\/plugins\/seo\/ -->\n<title>Pol\u00edtica de privacidade - SALWO<\/title>\n<meta name=\"robots\" content=\"index, follow, max-snippet:-1, max-image-preview:large, max-video-preview:-1\" \/>\n<link rel=\"canonical\" href=\"https:\/\/salwo.org\/pt-pt\/politica-de-privacidade\/\" \/>\n<meta property=\"og:locale\" content=\"pt_PT\" \/>\n<meta property=\"og:type\" content=\"article\" \/>\n<meta property=\"og:title\" content=\"Pol\u00edtica de privacidade\" \/>\n<meta property=\"og:description\" content=\"[vc_row row_type=&#8221;parallax&#8221; full_screen_section_height=&#8221;no&#8221; section_height=&#8221;400&#8243; parallax_background_image=&#8221;19025&#8243; css=&#8221;.vc_custom_1705940443809{margin-top: 0px !important;padding-top: 0px !important;background-position: 0 0 !important;background-repeat: no-repeat !important;}&#8221;][vc_column][\/vc_column][\/vc_row][vc_row content_width=&#8221;grid&#8221;][vc_column][vc_row_inner][vc_column_inner][vc_empty_space height=&#8221;40px&#8221;][vc_column_text] Pol\u00edtica de privacidade [\/vc_column_text][vc_empty_space height=&#8221;35px&#8221;][vc_column_text]PROTE\u00c7\u00c3O DE DADOS PESSOAIS SAVE AT LIGHTNING WORLDWIDE ORGANIZATION\u00a0 informa os utilizadores do seu site https:\/\/salwo.org atrav\u00e9s da presente Pol\u00edtica de Privacidade sobre o tratamento e prote\u00e7\u00e3o dos dados pessoais dos utilizadores que possam...\" \/>\n<meta property=\"og:url\" content=\"https:\/\/salwo.org\/pt-pt\/politica-de-privacidade\/\" \/>\n<meta property=\"og:site_name\" content=\"SALWO\" \/>\n<meta property=\"article:modified_time\" content=\"2024-04-15T14:31:28+00:00\" \/>\n<meta property=\"og:image\" content=\"https:\/\/salwo.org\/wp-content\/uploads\/fondo-salwo-texos-legales-scaled.jpg\" \/>\n\t<meta property=\"og:image:width\" content=\"2560\" \/>\n\t<meta property=\"og:image:height\" content=\"794\" \/>\n\t<meta property=\"og:image:type\" content=\"image\/jpeg\" \/>\n<meta name=\"twitter:card\" content=\"summary_large_image\" \/>\n<meta name=\"twitter:label1\" content=\"Tempo estimado de leitura\" \/>\n\t<meta name=\"twitter:data1\" content=\"7 minutos\" \/>\n<script type=\"application\/ld+json\" class=\"yoast-schema-graph\">{\"@context\":\"https:\/\/schema.org\",\"@graph\":[{\"@type\":\"WebPage\",\"@id\":\"https:\/\/salwo.org\/pt-pt\/politica-de-privacidade\/\",\"url\":\"https:\/\/salwo.org\/pt-pt\/politica-de-privacidade\/\",\"name\":\"Pol\u00edtica de privacidade - SALWO\",\"isPartOf\":{\"@id\":\"https:\/\/salwo.org\/pt-pt\/#website\"},\"primaryImageOfPage\":{\"@id\":\"https:\/\/salwo.org\/pt-pt\/politica-de-privacidade\/#primaryimage\"},\"image\":{\"@id\":\"https:\/\/salwo.org\/pt-pt\/politica-de-privacidade\/#primaryimage\"},\"thumbnailUrl\":\"https:\/\/salwo.org\/wp-content\/uploads\/fondo-salwo-texos-legales-scaled.jpg\",\"datePublished\":\"2024-01-22T16:36:22+00:00\",\"dateModified\":\"2024-04-15T14:31:28+00:00\",\"breadcrumb\":{\"@id\":\"https:\/\/salwo.org\/pt-pt\/politica-de-privacidade\/#breadcrumb\"},\"inLanguage\":\"pt-PT\",\"potentialAction\":[{\"@type\":\"ReadAction\",\"target\":[\"https:\/\/salwo.org\/pt-pt\/politica-de-privacidade\/\"]}]},{\"@type\":\"ImageObject\",\"inLanguage\":\"pt-PT\",\"@id\":\"https:\/\/salwo.org\/pt-pt\/politica-de-privacidade\/#primaryimage\",\"url\":\"https:\/\/salwo.org\/wp-content\/uploads\/fondo-salwo-texos-legales-scaled.jpg\",\"contentUrl\":\"https:\/\/salwo.org\/wp-content\/uploads\/fondo-salwo-texos-legales-scaled.jpg\",\"width\":2560,\"height\":794},{\"@type\":\"BreadcrumbList\",\"@id\":\"https:\/\/salwo.org\/pt-pt\/politica-de-privacidade\/#breadcrumb\",\"itemListElement\":[{\"@type\":\"ListItem\",\"position\":1,\"name\":\"Portada\",\"item\":\"https:\/\/salwo.org\/pt-pt\/\"},{\"@type\":\"ListItem\",\"position\":2,\"name\":\"Pol\u00edtica de privacidade\"}]},{\"@type\":\"WebSite\",\"@id\":\"https:\/\/salwo.org\/pt-pt\/#website\",\"url\":\"https:\/\/salwo.org\/pt-pt\/\",\"name\":\"SALWO\",\"description\":\"Safe Against Lightning Worldwide Organization\",\"potentialAction\":[{\"@type\":\"SearchAction\",\"target\":{\"@type\":\"EntryPoint\",\"urlTemplate\":\"https:\/\/salwo.org\/pt-pt\/?s={search_term_string}\"},\"query-input\":{\"@type\":\"PropertyValueSpecification\",\"valueRequired\":true,\"valueName\":\"search_term_string\"}}],\"inLanguage\":\"pt-PT\"}]}<\/script>\n<!-- \/ Yoast SEO Premium plugin. -->","yoast_head_json":{"title":"Pol\u00edtica de privacidade - SALWO","robots":{"index":"index","follow":"follow","max-snippet":"max-snippet:-1","max-image-preview":"max-image-preview:large","max-video-preview":"max-video-preview:-1"},"canonical":"https:\/\/salwo.org\/pt-pt\/politica-de-privacidade\/","og_locale":"pt_PT","og_type":"article","og_title":"Pol\u00edtica de privacidade","og_description":"[vc_row row_type=&#8221;parallax&#8221; full_screen_section_height=&#8221;no&#8221; section_height=&#8221;400&#8243; parallax_background_image=&#8221;19025&#8243; css=&#8221;.vc_custom_1705940443809{margin-top: 0px !important;padding-top: 0px !important;background-position: 0 0 !important;background-repeat: no-repeat !important;}&#8221;][vc_column][\/vc_column][\/vc_row][vc_row content_width=&#8221;grid&#8221;][vc_column][vc_row_inner][vc_column_inner][vc_empty_space height=&#8221;40px&#8221;][vc_column_text] Pol\u00edtica de privacidade [\/vc_column_text][vc_empty_space height=&#8221;35px&#8221;][vc_column_text]PROTE\u00c7\u00c3O DE DADOS PESSOAIS SAVE AT LIGHTNING WORLDWIDE ORGANIZATION\u00a0 informa os utilizadores do seu site https:\/\/salwo.org atrav\u00e9s da presente Pol\u00edtica de Privacidade sobre o tratamento e prote\u00e7\u00e3o dos dados pessoais dos utilizadores que possam...","og_url":"https:\/\/salwo.org\/pt-pt\/politica-de-privacidade\/","og_site_name":"SALWO","article_modified_time":"2024-04-15T14:31:28+00:00","og_image":[{"width":2560,"height":794,"url":"https:\/\/salwo.org\/wp-content\/uploads\/fondo-salwo-texos-legales-scaled.jpg","type":"image\/jpeg"}],"twitter_card":"summary_large_image","twitter_misc":{"Tempo estimado de leitura":"7 minutos"},"schema":{"@context":"https:\/\/schema.org","@graph":[{"@type":"WebPage","@id":"https:\/\/salwo.org\/pt-pt\/politica-de-privacidade\/","url":"https:\/\/salwo.org\/pt-pt\/politica-de-privacidade\/","name":"Pol\u00edtica de privacidade - SALWO","isPartOf":{"@id":"https:\/\/salwo.org\/pt-pt\/#website"},"primaryImageOfPage":{"@id":"https:\/\/salwo.org\/pt-pt\/politica-de-privacidade\/#primaryimage"},"image":{"@id":"https:\/\/salwo.org\/pt-pt\/politica-de-privacidade\/#primaryimage"},"thumbnailUrl":"https:\/\/salwo.org\/wp-content\/uploads\/fondo-salwo-texos-legales-scaled.jpg","datePublished":"2024-01-22T16:36:22+00:00","dateModified":"2024-04-15T14:31:28+00:00","breadcrumb":{"@id":"https:\/\/salwo.org\/pt-pt\/politica-de-privacidade\/#breadcrumb"},"inLanguage":"pt-PT","potentialAction":[{"@type":"ReadAction","target":["https:\/\/salwo.org\/pt-pt\/politica-de-privacidade\/"]}]},{"@type":"ImageObject","inLanguage":"pt-PT","@id":"https:\/\/salwo.org\/pt-pt\/politica-de-privacidade\/#primaryimage","url":"https:\/\/salwo.org\/wp-content\/uploads\/fondo-salwo-texos-legales-scaled.jpg","contentUrl":"https:\/\/salwo.org\/wp-content\/uploads\/fondo-salwo-texos-legales-scaled.jpg","width":2560,"height":794},{"@type":"BreadcrumbList","@id":"https:\/\/salwo.org\/pt-pt\/politica-de-privacidade\/#breadcrumb","itemListElement":[{"@type":"ListItem","position":1,"name":"Portada","item":"https:\/\/salwo.org\/pt-pt\/"},{"@type":"ListItem","position":2,"name":"Pol\u00edtica de privacidade"}]},{"@type":"WebSite","@id":"https:\/\/salwo.org\/pt-pt\/#website","url":"https:\/\/salwo.org\/pt-pt\/","name":"SALWO","description":"Safe Against Lightning Worldwide Organization","potentialAction":[{"@type":"SearchAction","target":{"@type":"EntryPoint","urlTemplate":"https:\/\/salwo.org\/pt-pt\/?s={search_term_string}"},"query-input":{"@type":"PropertyValueSpecification","valueRequired":true,"valueName":"search_term_string"}}],"inLanguage":"pt-PT"}]}},"_links":{"self":[{"href":"https:\/\/salwo.org\/pt-pt\/wp-json\/wp\/v2\/pages\/21405","targetHints":{"allow":["GET"]}}],"collection":[{"href":"https:\/\/salwo.org\/pt-pt\/wp-json\/wp\/v2\/pages"}],"about":[{"href":"https:\/\/salwo.org\/pt-pt\/wp-json\/wp\/v2\/types\/page"}],"author":[{"embeddable":true,"href":"https:\/\/salwo.org\/pt-pt\/wp-json\/wp\/v2\/users\/2"}],"replies":[{"embeddable":true,"href":"https:\/\/salwo.org\/pt-pt\/wp-json\/wp\/v2\/comments?post=21405"}],"version-history":[{"count":9,"href":"https:\/\/salwo.org\/pt-pt\/wp-json\/wp\/v2\/pages\/21405\/revisions"}],"predecessor-version":[{"id":21478,"href":"https:\/\/salwo.org\/pt-pt\/wp-json\/wp\/v2\/pages\/21405\/revisions\/21478"}],"wp:featuredmedia":[{"embeddable":true,"href":"https:\/\/salwo.org\/pt-pt\/wp-json\/wp\/v2\/media\/20812"}],"wp:attachment":[{"href":"https:\/\/salwo.org\/pt-pt\/wp-json\/wp\/v2\/media?parent=21405"}],"curies":[{"name":"wp","href":"https:\/\/api.w.org\/{rel}","templated":true}]}}