
{"id":21435,"date":"2024-01-22T18:02:56","date_gmt":"2024-01-22T17:02:56","guid":{"rendered":"https:\/\/salwo.org\/cookie-policy\/"},"modified":"2024-05-02T11:52:12","modified_gmt":"2024-05-02T09:52:12","slug":"politica-de-cookies","status":"publish","type":"page","link":"https:\/\/salwo.org\/pt-pt\/politica-de-cookies\/","title":{"rendered":"Pol\u00edtica de cookies"},"content":{"rendered":"<p>[vc_row row_type=&#8221;parallax&#8221; full_screen_section_height=&#8221;no&#8221; section_height=&#8221;400&#8243; parallax_background_image=&#8221;19025&#8243; css=&#8221;.vc_custom_1705940443809{margin-top: 0px !important;padding-top: 0px !important;background-position: 0 0 !important;background-repeat: no-repeat !important;}&#8221;][vc_column][\/vc_column][\/vc_row][vc_row content_width=&#8221;grid&#8221;][vc_column][vc_row_inner][vc_column_inner][vc_empty_space height=&#8221;40px&#8221;][vc_column_text]<\/p>\n<h3>Pol\u00edtica de cookies<\/h3>\n<p>[\/vc_column_text][vc_empty_space height=&#8221;35px&#8221;][vc_column_text]<strong>NOTA:<\/strong> Este aviso gen\u00e9rico \u00e9 inclu\u00eddo na p\u00e1gina Web antes de <strong>os cookies<\/strong> serem instalados no browser do utilizador do s\u00edtio Web, e trata-se de um formato de texto que aparece na barra de cabe\u00e7alho ou de rodap\u00e9 quando o visitante acede \u00e0 p\u00e1gina Web pela primeira vez.<\/p>\n<p><a href=\"http:\/\/https\/salwo.org\/\">https\/\/salwo.org<\/a> utiliza <strong>cookies pr\u00f3prios e de terceiros<\/strong> para obter dados estat\u00edsticos sobre os h\u00e1bitos de navega\u00e7\u00e3o dos utilizadores, a fim de compilar informa\u00e7\u00f5es que nos permitam otimizar a sua visita ao s\u00edtio Web. <strong>Os cookies<\/strong> n\u00e3o ser\u00e3o utilizados para recolher dados pessoais. Se o utilizador aceitar ou continuar a navegar, entende-se que <strong>aceita a sua utiliza\u00e7\u00e3o<\/strong>. O utilizador pode optar por recusar <strong>os cookies<\/strong> a qualquer momento, alterando as defini\u00e7\u00f5es do seu navegador (se o seu navegador o permitir), deixando de utilizar este s\u00edtio Web ou utilizando as fun\u00e7\u00f5es de exclus\u00e3o relevantes. Para mais informa\u00e7\u00f5es, consultar <a href=\"https:\/\/salwo.org\/politica-de-cookies\/\">https\/\/salwo.org\/cookie-policy\/<\/a>.<\/p>\n<p><strong>POL\u00cdTICA DE COOKIES:<\/strong><\/p>\n<p>O nosso s\u00edtio Web<a href=\"https:\/\/salwo.org\/\"> https:\/\/salwo.org\/<\/a> utiliza uma tecnologia denominada<strong> \u201ccookies<\/strong>&#8221; para poder recolher <strong>informa\u00e7\u00f5es<\/strong> sobre a <strong>utiliza\u00e7\u00e3o<\/strong> que o utilizador faz do s\u00edtio Web, a fim de analisar os seus h\u00e1bitos de navega\u00e7\u00e3o para facilitar a navega\u00e7\u00e3o e distingui-lo de outros utilizadores.<\/p>\n<p>Em cumprimento do disposto no <a href=\"http:\/\/app.vlex.com\/#vid\/172670\/node\/22.2\">artigo 22.2<\/a> da <a href=\"http:\/\/app.vlex.com\/#vid\/172670\">Lei 34\/2002, de 11 de julho, de Servi\u00e7os da Sociedade da Informa\u00e7\u00e3o e Com\u00e9rcio Eletr\u00f3nico<\/a>, a presente <strong>Pol\u00edtica de Cookies<\/strong> tem como objetivo informar o utilizador sobre a <strong>pol\u00edtica<\/strong> de recolha e tratamento de <strong>cookies<\/strong>.<\/p>\n<p><strong>O que s\u00e3o cookies?<\/strong><\/p>\n<p><strong>Os cookies<\/strong> s\u00e3o pequenos ficheiros que cont\u00eam uma sequ\u00eancia de caracteres (texto) que s\u00e3o enviados para o seu browser a partir do servidor de um s\u00edtio Web. O <strong>cookie<\/strong> pode ter um identificador \u00fanico, mas n\u00e3o cont\u00e9m informa\u00e7\u00f5es pessoais identific\u00e1veis, como o seu nome ou endere\u00e7o de correio eletr\u00f3nico. A SAVE AT LIGHTNING WORLDWIDE ORGANIZATION pode utilizar <strong>cookies<\/strong> quando o utilizador visita o seu s\u00edtio Web ou visita outros s\u00edtios Web onde a SAVE AT LIGHTNING WORLDWIDE ORGANIZATION faz publicidade. O <strong>cookie<\/strong> \u00e9 armazenado pelo navegador de Internet do utilizador deste s\u00edtio Web no disco r\u00edgido do seu computador e pode ser acedido pelo s\u00edtio Web na sua pr\u00f3xima visita. Outros s\u00edtios Web podem tamb\u00e9m enviar <strong>cookies<\/strong> para o seu navegador, mas o seu navegador n\u00e3o permitir\u00e1 que esses s\u00edtios Web vejam as informa\u00e7\u00f5es dos <strong>cookies<\/strong> de <a href=\"https:\/\/salwo.org\/\">https:\/\/salwo.org\/.<\/a><\/p>\n<p><strong>Cookies utilizados neste s\u00edtio Web<\/strong><\/p>\n<p>Por um lado, este s\u00edtio Web utiliza <strong>os seus pr\u00f3prios cookies t\u00e9cnicos<\/strong> para os quais n\u00e3o \u00e9 necess\u00e1rio obter o consentimento do utilizador, uma vez que est\u00e3o exclu\u00eddos do \u00e2mbito de aplica\u00e7\u00e3o do <a href=\"http:\/\/app.vlex.com\/#vid\/172670\/node\/22.2\">art. 22.2<\/a> da <a href=\"http:\/\/app.vlex.com\/#vid\/172670\">Lei 34\/2002<\/a>, de 11 de julho, de Servi\u00e7os da Sociedade da Informa\u00e7\u00e3o e do Com\u00e9rcio Eletr\u00f3nico.<\/p>\n<p>No entanto, este site tamb\u00e9m tem <strong>cookies<\/strong> instalados que requerem o consentimento dos utilizadores. A seguir, seguindo as diretrizes da Ag\u00eancia Espanhola de Prote\u00e7\u00e3o de Dados, detalhamos a utiliza\u00e7\u00e3o de <strong>cookies<\/strong>, identificando-os e explicando o seu tipo e fun\u00e7\u00e3o, com o objetivo de o informar com a maior precis\u00e3o poss\u00edvel.<\/p>\n<h5>III. Cookies en <a href=\"https:\/\/salwo.org\/fr\/\" target=\"_blank\" rel=\"noopener\">https:\/\/salwo.org\/<\/a><\/h5>\n<table width=\"752\">\n<tbody>\n<tr>\n<th>\n<table>\n<tbody>\n<tr>\n<td><strong>Nome do fornecedor<\/strong><\/td>\n<\/tr>\n<\/tbody>\n<\/table>\n<\/th>\n<th><b><strong>Nome do cookie<\/strong><\/b><\/th>\n<th>\n<table>\n<tbody>\n<tr>\n<td><strong>Tempo de reten\u00e7\u00e3o<\/strong><\/td>\n<\/tr>\n<\/tbody>\n<\/table>\n<\/th>\n<th><b><strong>Descripci\u00f3n de la finalidad de la cookie<\/strong><\/b><\/th>\n<\/tr>\n<tr>\n<td>Google Inc.<\/td>\n<td>__utma<\/p>\n<p>__utmb<\/p>\n<p>__utmc<\/p>\n<p>__utmt_es<\/p>\n<p>__utmt<\/p>\n<p>__utmz<\/td>\n<td>2 anos<\/p>\n<p>30 minutos<\/p>\n<p>Sess\u00e3o<\/p>\n<p>10 minutos<\/p>\n<p>10 minutos<\/p>\n<p>6 meses<\/td>\n<td>Servicio de Google Analytics. Obtener informaci\u00f3n de la navegaci\u00f3n, medir y analizar la audiencia<\/p>\n<p><a href=\"https:\/\/developers.google.com\/analytics\/devguides\/collection\/analyticsjs\/cookie-usage\">M\u00e1s informaci\u00f3n<\/a><\/td>\n<\/tr>\n<tr>\n<td>DoubleClick<\/td>\n<td>Sin cookies, se trata de un rastreador<\/td>\n<td><\/td>\n<td>Obtener informaci\u00f3n de la navegaci\u00f3n, medir y analizar la audiencia.<\/p>\n<p><a href=\"http:\/\/www.google.com\/intl\/es\/policies\/privacy\/\">M\u00e1s informaci\u00f3n<\/a><\/td>\n<\/tr>\n<tr>\n<td>YouTube<\/td>\n<td>PREF<\/p>\n<p>&nbsp;<\/p>\n<p>VISITOR_INFO1_LIVE<\/p>\n<p>YSC<\/td>\n<td>8 meses<\/p>\n<p>&nbsp;<\/p>\n<p>8 meses<\/p>\n<p>Sess\u00e3o<\/td>\n<td>Mantener las preferencias de sesi\u00f3n para el visualizado de v\u00eddeos.<\/p>\n<p>Estimar el ancho de banda del usuario.<\/p>\n<p><a href=\"https:\/\/www.google.com\/policies\/technologies\/types\/\">M\u00e1s informaci\u00f3n<\/a><\/td>\n<\/tr>\n<\/tbody>\n<\/table>\n<p><strong>Nota<\/strong>: Esta lista ser\u00e1 atualizada logo que poss\u00edvel, em fun\u00e7\u00e3o da evolu\u00e7\u00e3o dos servi\u00e7os oferecidos nos s\u00edtios Web e dos cookies utilizados para esse efeito. No entanto, ocasionalmente, durante esta atualiza\u00e7\u00e3o, a lista pode deixar de incluir um cookie, embora se refira sempre a cookies com finalidades id\u00eanticas \u00e0s registadas nesta lista.<\/p>\n<p>Utilizamos cookies para compilar estat\u00edsticas sobre a utiliza\u00e7\u00e3o deste s\u00edtio Web, a fim de conhecer o n\u00edvel de recorr\u00eancia dos nossos visitantes e os conte\u00fados mais interessantes. Desta forma, podemos concentrar os nossos esfor\u00e7os em melhorar as \u00e1reas mais visitadas e facilitar aos utilizadores a procura. Neste s\u00edtio Web, as informa\u00e7\u00f5es sobre a sua visita podem ser utilizadas para avalia\u00e7\u00f5es estat\u00edsticas e c\u00e1lculos baseados em dados an\u00f3nimos, bem como para assegurar a continuidade do servi\u00e7o ou para introduzir melhorias nos seus s\u00edtios Web. Para mais informa\u00e7\u00f5es, consulte a seguinte hiperliga\u00e7\u00e3o para a pol\u00edtica de privacidade<br \/>\n<a href=\"http:\/\/www.google.com\/intl\/es\/policies\/privacy\/\">http:\/\/www.google.com\/intl\/es\/policies\/privacy\/<\/a><\/p>\n<h5>IV Consentimento informado<\/h5>\n<p>A utiliza\u00e7\u00e3o deste s\u00edtio implica o <strong>consentimento expresso e inequ\u00edvoco do utilizador para a utiliza\u00e7\u00e3o de cookies, nos termos e condi\u00e7\u00f5es previstos na presente Pol\u00edtica de Cookies<\/strong>, sem preju\u00edzo das medidas de desativa\u00e7\u00e3o e elimina\u00e7\u00e3o de cookies que o utilizador possa adotar e que s\u00e3o mencionadas na sec\u00e7\u00e3o seguinte.<\/p>\n<h5>V Revoga\u00e7\u00e3o e elimina\u00e7\u00e3o de cookies<\/h5>\n<p>O utilizador pode permitir, bloquear ou eliminar os cookies instalados no seu computador, configurando as op\u00e7\u00f5es do browser instalado no seu computador. Se n\u00e3o permitir a instala\u00e7\u00e3o de cookies no seu navegador, poder\u00e1 n\u00e3o conseguir aceder a algumas das sec\u00e7\u00f5es dos nossos s\u00edtios Web.<\/p>\n<p>Para mais informa\u00e7\u00f5es sobre como bloquear a utiliza\u00e7\u00e3o de cookies, pode visitar as seguintes liga\u00e7\u00f5es:<\/p>\n<h5>VI Atualiza\u00e7\u00f5es e altera\u00e7\u00f5es \u00e0 Pol\u00edtica de Privacidade \/ Cookies:<\/h5>\n<ul>\n<li><a href=\"https:\/\/support.google.com\/chrome\/bin\/answer.py?hl=es&amp;answer=95647\">Defini\u00e7\u00f5es de cookies para o Google Chrome<\/a><\/li>\n<li><a href=\"https:\/\/support.mozilla.org\/es\/kb\/cookies-informacion-que-los-sitios-web-guardan-en-?redirectlocale=en-US&amp;redirectslug=Cookies\">Defini\u00e7\u00f5es de cookies para o Mozilla Firefox<\/a><\/li>\n<li><a href=\"https:\/\/support.microsoft.com\/kb\/196955\/es\">Defini\u00e7\u00f5es de cookies para o Internet Explorer<\/a><\/li>\n<li><a href=\"https:\/\/support.apple.com\/kb\/HT1677?viewlocale=es_ES\">Defini\u00e7\u00f5es de cookies para o Safari<\/a><\/li>\n<\/ul>\n<p>Se tiver alguma quest\u00e3o sobre a forma como utilizamos os cookies e n\u00e3o estiver respondida na presente Pol\u00edtica de Cookies, envie-nos os seus coment\u00e1rios por correio eletr\u00f3nico para<u> salwo@salwo.org.<\/u><\/p>\n<p>Se necessitar de mais informa\u00e7\u00f5es sobre a utiliza\u00e7\u00e3o de cookies pelos s\u00edtios Web, pode consultar <a href=\"https:\/\/www.boe.es\/buscar\/act.php?id=BOE-A-2002-13758\">a Lei 34\/2002, de 11 de julho, relativa aos servi\u00e7os da sociedade da informa\u00e7\u00e3o e do com\u00e9rcio eletr\u00f3nico<\/a> e o <a href=\"https:\/\/www.agpd.es\/portalwebAGPD\/canaldocumentacion\/publicaciones\/common\/Guias\/Guia_Cookies.pdf\">Guia sobre a Utiliza\u00e7\u00e3o de Cookies publicado pela Ag\u00eancia de Prote\u00e7\u00e3o de Dados<\/a><u>.<\/u><\/p>\n<p><strong>Desativa\u00e7\u00e3o ou elimina\u00e7\u00e3o de cookies<\/strong><\/p>\n<p>N\u00e3o recomendamos que restrinja ou bloqueie os cookies, uma vez que isso pode afetar o desempenho e a qualidade dos nossos servi\u00e7os e s\u00edtios Web e, por conseguinte, a sua experi\u00eancia pode ser menos satisfat\u00f3ria. No entanto, em qualquer momento, o utilizador pode exercer o seu direito de desativar ou eliminar os cookies deste s\u00edtio Web, bloqueando-os ou desativando-os, modificando a configura\u00e7\u00e3o das op\u00e7\u00f5es do navegador instalado no seu computador, o que lhe permitir\u00e1 rejeitar a instala\u00e7\u00e3o de todos ou alguns cookies.<\/p>\n<p>Os navegadores Web s\u00e3o as ferramentas respons\u00e1veis pelo armazenamento dos cookies e \u00e9 a partir daqui que os utilizadores devem exercer o seu direito de os apagar ou desativar. Por conseguinte, <a href=\"https:\/\/salwo.org\/\">https:\/\/salwo.org\/<\/a> n\u00e3o pode garantir o tratamento correto dos cookies por parte dos navegadores acima mencionados.<\/p>\n<p>A seguir, fornecemos informa\u00e7\u00f5es sobre como <strong>gerir<\/strong> a utiliza\u00e7\u00e3o de cookies em fun\u00e7\u00e3o do navegador que utiliza, uma vez que estas a\u00e7\u00f5es s\u00e3o realizadas de forma diferente consoante o navegador que o utilizador usa.<\/p>\n<p>[<em>Crie uma lista dos diferentes navegadores de Internet mais frequentes, como o Google Chrome, o Microsoft Internet Explorer, o Mozilla Firefox, o Safari (Apple), etc.<\/em> <em>Para cada um deles deve ser inserida uma liga\u00e7\u00e3o que permita aceder aos respetivos menus de Ajuda, onde s\u00e3o fornecidas as informa\u00e7\u00f5es e instru\u00e7\u00f5es necess\u00e1rias sobre como ativar, desativar e gerir os cookies instalados no computador<\/em>].<\/p>\n<p><strong>Altera\u00e7\u00f5es \u00e0 pol\u00edtica de cookies<\/strong><\/p>\n<p>\u00c9 poss\u00edvel que esta Pol\u00edtica de Cookies sofra modifica\u00e7\u00f5es no futuro, pelo que \u00e9 aconselh\u00e1vel que, sempre que o utilizador aceda a este s\u00edtio Web, consulte novamente esta pol\u00edtica para ficar devidamente informado sobre as atualiza\u00e7\u00f5es efetuadas.<\/p>\n<p><strong>Contacto<\/strong><\/p>\n<p>Se tiver quaisquer quest\u00f5es, coment\u00e1rios ou sugest\u00f5es sobre a nossa Pol\u00edtica de Cookies, n\u00e3o hesite em contactar-nos atrav\u00e9s do seguinte endere\u00e7o de correio eletr\u00f3nico <a href=\"mailto:salwo@salwo.org\">salwo@salwo.org.<\/a>[\/vc_column_text][vc_empty_space height=&#8221;50px&#8221;][\/vc_column_inner][\/vc_row_inner][\/vc_column][\/vc_row]<\/p>\n","protected":false},"excerpt":{"rendered":"<p>[vc_row row_type=&#8221;parallax&#8221; full_screen_section_height=&#8221;no&#8221; section_height=&#8221;400&#8243; parallax_background_image=&#8221;19025&#8243; css=&#8221;.vc_custom_1705940443809{margin-top: 0px !important;padding-top: 0px !important;background-position: 0 0 !important;background-repeat: no-repeat !important;}&#8221;][vc_column][\/vc_column][\/vc_row][vc_row content_width=&#8221;grid&#8221;][vc_column][vc_row_inner][vc_column_inner][vc_empty_space height=&#8221;40px&#8221;][vc_column_text] Pol\u00edtica de cookies [\/vc_column_text][vc_empty_space height=&#8221;35px&#8221;][vc_column_text]NOTA: Este aviso gen\u00e9rico \u00e9 inclu\u00eddo na p\u00e1gina Web antes de os cookies serem instalados no browser do utilizador do s\u00edtio Web, e trata-se de um formato de texto que aparece na barra de&#8230;<\/p>\n","protected":false},"author":2,"featured_media":20812,"parent":0,"menu_order":0,"comment_status":"closed","ping_status":"closed","template":"full-width.php","meta":{"inline_featured_image":false,"footnotes":""},"class_list":["post-21435","page","type-page","status-publish","has-post-thumbnail","hentry"],"yoast_head":"<!-- This site is optimized with the Yoast SEO Premium plugin v26.2 (Yoast SEO v26.2) - https:\/\/yoast.com\/wordpress\/plugins\/seo\/ -->\n<title>Pol\u00edtica de cookies - SALWO<\/title>\n<meta name=\"robots\" content=\"index, follow, max-snippet:-1, max-image-preview:large, max-video-preview:-1\" \/>\n<link rel=\"canonical\" href=\"https:\/\/salwo.org\/pt-pt\/politica-de-cookies\/\" \/>\n<meta property=\"og:locale\" content=\"pt_PT\" \/>\n<meta property=\"og:type\" content=\"article\" \/>\n<meta property=\"og:title\" content=\"Pol\u00edtica de cookies\" \/>\n<meta property=\"og:description\" content=\"[vc_row row_type=&#8221;parallax&#8221; full_screen_section_height=&#8221;no&#8221; section_height=&#8221;400&#8243; parallax_background_image=&#8221;19025&#8243; css=&#8221;.vc_custom_1705940443809{margin-top: 0px !important;padding-top: 0px !important;background-position: 0 0 !important;background-repeat: no-repeat !important;}&#8221;][vc_column][\/vc_column][\/vc_row][vc_row content_width=&#8221;grid&#8221;][vc_column][vc_row_inner][vc_column_inner][vc_empty_space height=&#8221;40px&#8221;][vc_column_text] Pol\u00edtica de cookies [\/vc_column_text][vc_empty_space height=&#8221;35px&#8221;][vc_column_text]NOTA: Este aviso gen\u00e9rico \u00e9 inclu\u00eddo na p\u00e1gina Web antes de os cookies serem instalados no browser do utilizador do s\u00edtio Web, e trata-se de um formato de texto que aparece na barra de...\" \/>\n<meta property=\"og:url\" content=\"https:\/\/salwo.org\/pt-pt\/politica-de-cookies\/\" \/>\n<meta property=\"og:site_name\" content=\"SALWO\" \/>\n<meta property=\"article:modified_time\" content=\"2024-05-02T09:52:12+00:00\" \/>\n<meta property=\"og:image\" content=\"https:\/\/salwo.org\/wp-content\/uploads\/fondo-salwo-texos-legales-scaled.jpg\" \/>\n\t<meta property=\"og:image:width\" content=\"2560\" \/>\n\t<meta property=\"og:image:height\" content=\"794\" \/>\n\t<meta property=\"og:image:type\" content=\"image\/jpeg\" \/>\n<meta name=\"twitter:card\" content=\"summary_large_image\" \/>\n<meta name=\"twitter:label1\" content=\"Tempo estimado de leitura\" \/>\n\t<meta name=\"twitter:data1\" content=\"7 minutos\" \/>\n<script type=\"application\/ld+json\" class=\"yoast-schema-graph\">{\"@context\":\"https:\/\/schema.org\",\"@graph\":[{\"@type\":\"WebPage\",\"@id\":\"https:\/\/salwo.org\/pt-pt\/politica-de-cookies\/\",\"url\":\"https:\/\/salwo.org\/pt-pt\/politica-de-cookies\/\",\"name\":\"Pol\u00edtica de cookies - SALWO\",\"isPartOf\":{\"@id\":\"https:\/\/salwo.org\/pt-pt\/#website\"},\"primaryImageOfPage\":{\"@id\":\"https:\/\/salwo.org\/pt-pt\/politica-de-cookies\/#primaryimage\"},\"image\":{\"@id\":\"https:\/\/salwo.org\/pt-pt\/politica-de-cookies\/#primaryimage\"},\"thumbnailUrl\":\"https:\/\/salwo.org\/wp-content\/uploads\/fondo-salwo-texos-legales-scaled.jpg\",\"datePublished\":\"2024-01-22T17:02:56+00:00\",\"dateModified\":\"2024-05-02T09:52:12+00:00\",\"breadcrumb\":{\"@id\":\"https:\/\/salwo.org\/pt-pt\/politica-de-cookies\/#breadcrumb\"},\"inLanguage\":\"pt-PT\",\"potentialAction\":[{\"@type\":\"ReadAction\",\"target\":[\"https:\/\/salwo.org\/pt-pt\/politica-de-cookies\/\"]}]},{\"@type\":\"ImageObject\",\"inLanguage\":\"pt-PT\",\"@id\":\"https:\/\/salwo.org\/pt-pt\/politica-de-cookies\/#primaryimage\",\"url\":\"https:\/\/salwo.org\/wp-content\/uploads\/fondo-salwo-texos-legales-scaled.jpg\",\"contentUrl\":\"https:\/\/salwo.org\/wp-content\/uploads\/fondo-salwo-texos-legales-scaled.jpg\",\"width\":2560,\"height\":794},{\"@type\":\"BreadcrumbList\",\"@id\":\"https:\/\/salwo.org\/pt-pt\/politica-de-cookies\/#breadcrumb\",\"itemListElement\":[{\"@type\":\"ListItem\",\"position\":1,\"name\":\"Portada\",\"item\":\"https:\/\/salwo.org\/pt-pt\/\"},{\"@type\":\"ListItem\",\"position\":2,\"name\":\"Pol\u00edtica de cookies\"}]},{\"@type\":\"WebSite\",\"@id\":\"https:\/\/salwo.org\/pt-pt\/#website\",\"url\":\"https:\/\/salwo.org\/pt-pt\/\",\"name\":\"SALWO\",\"description\":\"Safe Against Lightning Worldwide Organization\",\"potentialAction\":[{\"@type\":\"SearchAction\",\"target\":{\"@type\":\"EntryPoint\",\"urlTemplate\":\"https:\/\/salwo.org\/pt-pt\/?s={search_term_string}\"},\"query-input\":{\"@type\":\"PropertyValueSpecification\",\"valueRequired\":true,\"valueName\":\"search_term_string\"}}],\"inLanguage\":\"pt-PT\"}]}<\/script>\n<!-- \/ Yoast SEO Premium plugin. -->","yoast_head_json":{"title":"Pol\u00edtica de cookies - SALWO","robots":{"index":"index","follow":"follow","max-snippet":"max-snippet:-1","max-image-preview":"max-image-preview:large","max-video-preview":"max-video-preview:-1"},"canonical":"https:\/\/salwo.org\/pt-pt\/politica-de-cookies\/","og_locale":"pt_PT","og_type":"article","og_title":"Pol\u00edtica de cookies","og_description":"[vc_row row_type=&#8221;parallax&#8221; full_screen_section_height=&#8221;no&#8221; section_height=&#8221;400&#8243; parallax_background_image=&#8221;19025&#8243; css=&#8221;.vc_custom_1705940443809{margin-top: 0px !important;padding-top: 0px !important;background-position: 0 0 !important;background-repeat: no-repeat !important;}&#8221;][vc_column][\/vc_column][\/vc_row][vc_row content_width=&#8221;grid&#8221;][vc_column][vc_row_inner][vc_column_inner][vc_empty_space height=&#8221;40px&#8221;][vc_column_text] Pol\u00edtica de cookies [\/vc_column_text][vc_empty_space height=&#8221;35px&#8221;][vc_column_text]NOTA: Este aviso gen\u00e9rico \u00e9 inclu\u00eddo na p\u00e1gina Web antes de os cookies serem instalados no browser do utilizador do s\u00edtio Web, e trata-se de um formato de texto que aparece na barra de...","og_url":"https:\/\/salwo.org\/pt-pt\/politica-de-cookies\/","og_site_name":"SALWO","article_modified_time":"2024-05-02T09:52:12+00:00","og_image":[{"width":2560,"height":794,"url":"https:\/\/salwo.org\/wp-content\/uploads\/fondo-salwo-texos-legales-scaled.jpg","type":"image\/jpeg"}],"twitter_card":"summary_large_image","twitter_misc":{"Tempo estimado de leitura":"7 minutos"},"schema":{"@context":"https:\/\/schema.org","@graph":[{"@type":"WebPage","@id":"https:\/\/salwo.org\/pt-pt\/politica-de-cookies\/","url":"https:\/\/salwo.org\/pt-pt\/politica-de-cookies\/","name":"Pol\u00edtica de cookies - SALWO","isPartOf":{"@id":"https:\/\/salwo.org\/pt-pt\/#website"},"primaryImageOfPage":{"@id":"https:\/\/salwo.org\/pt-pt\/politica-de-cookies\/#primaryimage"},"image":{"@id":"https:\/\/salwo.org\/pt-pt\/politica-de-cookies\/#primaryimage"},"thumbnailUrl":"https:\/\/salwo.org\/wp-content\/uploads\/fondo-salwo-texos-legales-scaled.jpg","datePublished":"2024-01-22T17:02:56+00:00","dateModified":"2024-05-02T09:52:12+00:00","breadcrumb":{"@id":"https:\/\/salwo.org\/pt-pt\/politica-de-cookies\/#breadcrumb"},"inLanguage":"pt-PT","potentialAction":[{"@type":"ReadAction","target":["https:\/\/salwo.org\/pt-pt\/politica-de-cookies\/"]}]},{"@type":"ImageObject","inLanguage":"pt-PT","@id":"https:\/\/salwo.org\/pt-pt\/politica-de-cookies\/#primaryimage","url":"https:\/\/salwo.org\/wp-content\/uploads\/fondo-salwo-texos-legales-scaled.jpg","contentUrl":"https:\/\/salwo.org\/wp-content\/uploads\/fondo-salwo-texos-legales-scaled.jpg","width":2560,"height":794},{"@type":"BreadcrumbList","@id":"https:\/\/salwo.org\/pt-pt\/politica-de-cookies\/#breadcrumb","itemListElement":[{"@type":"ListItem","position":1,"name":"Portada","item":"https:\/\/salwo.org\/pt-pt\/"},{"@type":"ListItem","position":2,"name":"Pol\u00edtica de cookies"}]},{"@type":"WebSite","@id":"https:\/\/salwo.org\/pt-pt\/#website","url":"https:\/\/salwo.org\/pt-pt\/","name":"SALWO","description":"Safe Against Lightning Worldwide Organization","potentialAction":[{"@type":"SearchAction","target":{"@type":"EntryPoint","urlTemplate":"https:\/\/salwo.org\/pt-pt\/?s={search_term_string}"},"query-input":{"@type":"PropertyValueSpecification","valueRequired":true,"valueName":"search_term_string"}}],"inLanguage":"pt-PT"}]}},"_links":{"self":[{"href":"https:\/\/salwo.org\/pt-pt\/wp-json\/wp\/v2\/pages\/21435","targetHints":{"allow":["GET"]}}],"collection":[{"href":"https:\/\/salwo.org\/pt-pt\/wp-json\/wp\/v2\/pages"}],"about":[{"href":"https:\/\/salwo.org\/pt-pt\/wp-json\/wp\/v2\/types\/page"}],"author":[{"embeddable":true,"href":"https:\/\/salwo.org\/pt-pt\/wp-json\/wp\/v2\/users\/2"}],"replies":[{"embeddable":true,"href":"https:\/\/salwo.org\/pt-pt\/wp-json\/wp\/v2\/comments?post=21435"}],"version-history":[{"count":7,"href":"https:\/\/salwo.org\/pt-pt\/wp-json\/wp\/v2\/pages\/21435\/revisions"}],"predecessor-version":[{"id":21528,"href":"https:\/\/salwo.org\/pt-pt\/wp-json\/wp\/v2\/pages\/21435\/revisions\/21528"}],"wp:featuredmedia":[{"embeddable":true,"href":"https:\/\/salwo.org\/pt-pt\/wp-json\/wp\/v2\/media\/20812"}],"wp:attachment":[{"href":"https:\/\/salwo.org\/pt-pt\/wp-json\/wp\/v2\/media?parent=21435"}],"curies":[{"name":"wp","href":"https:\/\/api.w.org\/{rel}","templated":true}]}}